{"id":13949,"date":"2022-09-12T16:57:01","date_gmt":"2022-09-12T14:57:01","guid":{"rendered":"https:\/\/www.bdesign-floors.com\/hafdu-samband\/"},"modified":"2022-09-15T17:03:45","modified_gmt":"2022-09-15T15:03:45","slug":"hafdu-samband","status":"publish","type":"page","link":"https:\/\/www.bdesign-floors.com\/is\/um-okkur\/hafdu-samband\/","title":{"rendered":"Haf\u00f0u samband"},"content":{"rendered":"<div id=\"bdesign2022_pageheader_block_62dfd623856fa\" class=\"bdesign2022_block bdesign2022_block--bdesign2022_pageheader\">\n    <div class=\"bdesign2022_block--wrapper\">\n                                    <div class=\"bdesign2022_ph-wrap is-single\">\n                    <div class=\"bdesign2022_ph-slide slidestyle-is-black orig-is-svartur active\">\n                        <div class=\"slide-image\">\n                            <img decoding=\"async\" class=\"img-fluid logo\" src=\"https:\/\/www.bdesign-floors.com\/wp-content\/uploads\/2022\/08\/spc-designboden-b-design.jpg\" srcset=\"https:\/\/www.bdesign-floors.com\/wp-content\/uploads\/2022\/08\/spc-designboden-b-design.jpg 1110w, https:\/\/www.bdesign-floors.com\/wp-content\/uploads\/2022\/08\/spc-designboden-b-design-768x521.jpg 768w, https:\/\/www.bdesign-floors.com\/wp-content\/uploads\/2022\/08\/spc-designboden-b-design-442x300.jpg 442w\">                        <\/div>\n                        <div class=\"slide-area\">\n                            <div class=\"slide-area-wrapper\">\n                                <h1>Haf\u00f0u samband<\/h1>\n                                <h6>Hefur \u00fe\u00fa einhverjar spurningar e\u00f0a till\u00f6gur um b!design?<\/h6>\n                                                                                            <\/div>\n                            <div class=\"slide-image-mobile d-md-none\">\n                                <img decoding=\"async\" class=\"img-fluid logo\" src=\"https:\/\/www.bdesign-floors.com\/wp-content\/uploads\/2022\/08\/spc-designboden-b-design.jpg\" srcset=\"https:\/\/www.bdesign-floors.com\/wp-content\/uploads\/2022\/08\/spc-designboden-b-design.jpg 1110w, https:\/\/www.bdesign-floors.com\/wp-content\/uploads\/2022\/08\/spc-designboden-b-design-768x521.jpg 768w, https:\/\/www.bdesign-floors.com\/wp-content\/uploads\/2022\/08\/spc-designboden-b-design-442x300.jpg 442w\">                            <\/div>\n                        <\/div>\n                    <\/div>\n                <\/div>\n                        <\/div>\n<\/div>\n\n\n<div id=\"bdesign2022_formular_block_63087f5ec04e4\" class=\"bdesign2022_block bdesign2022_block--bdesign2022_forms\">\n    <div class=\"bdesign2022_block--wrapper\">\n        <div class=\"container\">\n            <div class=\"row\">\n                <div class=\"col-12\">\n                    <div class=\"container-centered\">\n                        <form action=\"https:\/\/www.bdesign-floors.com\/is\/wp-json\/ws-form\/v1\/submit\" class=\"wsf-form wsf-form-canvas\" id=\"ws-form-1\" data-id=\"12\"  data-instance-id=\"1\"  method=\"POST\"><\/form>                    <\/div>\n                <\/div>\n            <\/div>\n        <\/div>\n    <\/div>\n<\/div>\n","protected":false},"excerpt":{"rendered":"","protected":false},"author":8,"featured_media":0,"parent":13955,"menu_order":2,"comment_status":"closed","ping_status":"closed","template":"","meta":{"_acf_changed":false,"footnotes":""},"class_list":["post-13949","page","type-page","status-publish","hentry"],"acf":[],"yoast_head":"<!-- This site is optimized with the Yoast SEO plugin v24.2 - https:\/\/yoast.com\/wordpress\/plugins\/seo\/ -->\n<title>Haf\u00f0u samband | b!h\u00f6nnun<\/title>\n<meta name=\"description\" content=\"Ertu me\u00f0 spurningu um b!design g\u00f3lf? Haf\u00f0u samband e\u00f0a sendu okkur skilabo\u00f0.\" \/>\n<meta name=\"robots\" content=\"index, follow, max-snippet:-1, max-image-preview:large, max-video-preview:-1\" \/>\n<link rel=\"canonical\" href=\"https:\/\/www.bdesign-floors.com\/is\/um-okkur\/hafdu-samband\/\" \/>\n<meta property=\"og:locale\" content=\"is_IS\" \/>\n<meta property=\"og:type\" content=\"article\" \/>\n<meta property=\"og:title\" content=\"Haf\u00f0u samband | b!h\u00f6nnun\" \/>\n<meta property=\"og:description\" content=\"Ertu me\u00f0 spurningu um b!design g\u00f3lf? Haf\u00f0u samband e\u00f0a sendu okkur skilabo\u00f0.\" \/>\n<meta property=\"og:url\" content=\"https:\/\/www.bdesign-floors.com\/is\/um-okkur\/hafdu-samband\/\" \/>\n<meta property=\"og:site_name\" content=\"b!design\" \/>\n<meta property=\"article:modified_time\" content=\"2022-09-15T15:03:45+00:00\" \/>\n<meta name=\"twitter:card\" content=\"summary_large_image\" \/>\n<script type=\"application\/ld+json\" class=\"yoast-schema-graph\">{\"@context\":\"https:\/\/schema.org\",\"@graph\":[{\"@type\":\"WebPage\",\"@id\":\"https:\/\/www.bdesign-floors.com\/is\/um-okkur\/hafdu-samband\/\",\"url\":\"https:\/\/www.bdesign-floors.com\/is\/um-okkur\/hafdu-samband\/\",\"name\":\"Haf\u00f0u samband | b!h\u00f6nnun\",\"isPartOf\":{\"@id\":\"https:\/\/bdesign.wp.factory.blim-dev.com\/#website\"},\"datePublished\":\"2022-09-12T14:57:01+00:00\",\"dateModified\":\"2022-09-15T15:03:45+00:00\",\"description\":\"Ertu me\u00f0 spurningu um b!design g\u00f3lf? Haf\u00f0u samband e\u00f0a sendu okkur skilabo\u00f0.\",\"breadcrumb\":{\"@id\":\"https:\/\/www.bdesign-floors.com\/is\/um-okkur\/hafdu-samband\/#breadcrumb\"},\"inLanguage\":\"is\",\"potentialAction\":[{\"@type\":\"ReadAction\",\"target\":[\"https:\/\/www.bdesign-floors.com\/is\/um-okkur\/hafdu-samband\/\"]}]},{\"@type\":\"BreadcrumbList\",\"@id\":\"https:\/\/www.bdesign-floors.com\/is\/um-okkur\/hafdu-samband\/#breadcrumb\",\"itemListElement\":[{\"@type\":\"ListItem\",\"position\":1,\"name\":\"Home\",\"item\":\"https:\/\/www.bdesign-floors.com\/is\/\"},{\"@type\":\"ListItem\",\"position\":2,\"name\":\"um okkur\",\"item\":\"https:\/\/bdesign.wp.factory.blim-dev.com\/um-okkur\/\"},{\"@type\":\"ListItem\",\"position\":3,\"name\":\"Haf\u00f0u samband\"}]},{\"@type\":\"WebSite\",\"@id\":\"https:\/\/bdesign.wp.factory.blim-dev.com\/#website\",\"url\":\"https:\/\/bdesign.wp.factory.blim-dev.com\/\",\"name\":\"b!design\",\"description\":\"Just another WordPress site\",\"potentialAction\":[{\"@type\":\"SearchAction\",\"target\":{\"@type\":\"EntryPoint\",\"urlTemplate\":\"https:\/\/bdesign.wp.factory.blim-dev.com\/?s={search_term_string}\"},\"query-input\":{\"@type\":\"PropertyValueSpecification\",\"valueRequired\":true,\"valueName\":\"search_term_string\"}}],\"inLanguage\":\"is\"}]}<\/script>\n<!-- \/ Yoast SEO plugin. -->","yoast_head_json":{"title":"Haf\u00f0u samband | b!h\u00f6nnun","description":"Ertu me\u00f0 spurningu um b!design g\u00f3lf? Haf\u00f0u samband e\u00f0a sendu okkur skilabo\u00f0.","robots":{"index":"index","follow":"follow","max-snippet":"max-snippet:-1","max-image-preview":"max-image-preview:large","max-video-preview":"max-video-preview:-1"},"canonical":"https:\/\/www.bdesign-floors.com\/is\/um-okkur\/hafdu-samband\/","og_locale":"is_IS","og_type":"article","og_title":"Haf\u00f0u samband | b!h\u00f6nnun","og_description":"Ertu me\u00f0 spurningu um b!design g\u00f3lf? Haf\u00f0u samband e\u00f0a sendu okkur skilabo\u00f0.","og_url":"https:\/\/www.bdesign-floors.com\/is\/um-okkur\/hafdu-samband\/","og_site_name":"b!design","article_modified_time":"2022-09-15T15:03:45+00:00","twitter_card":"summary_large_image","schema":{"@context":"https:\/\/schema.org","@graph":[{"@type":"WebPage","@id":"https:\/\/www.bdesign-floors.com\/is\/um-okkur\/hafdu-samband\/","url":"https:\/\/www.bdesign-floors.com\/is\/um-okkur\/hafdu-samband\/","name":"Haf\u00f0u samband | b!h\u00f6nnun","isPartOf":{"@id":"https:\/\/bdesign.wp.factory.blim-dev.com\/#website"},"datePublished":"2022-09-12T14:57:01+00:00","dateModified":"2022-09-15T15:03:45+00:00","description":"Ertu me\u00f0 spurningu um b!design g\u00f3lf? Haf\u00f0u samband e\u00f0a sendu okkur skilabo\u00f0.","breadcrumb":{"@id":"https:\/\/www.bdesign-floors.com\/is\/um-okkur\/hafdu-samband\/#breadcrumb"},"inLanguage":"is","potentialAction":[{"@type":"ReadAction","target":["https:\/\/www.bdesign-floors.com\/is\/um-okkur\/hafdu-samband\/"]}]},{"@type":"BreadcrumbList","@id":"https:\/\/www.bdesign-floors.com\/is\/um-okkur\/hafdu-samband\/#breadcrumb","itemListElement":[{"@type":"ListItem","position":1,"name":"Home","item":"https:\/\/www.bdesign-floors.com\/is\/"},{"@type":"ListItem","position":2,"name":"um okkur","item":"https:\/\/bdesign.wp.factory.blim-dev.com\/um-okkur\/"},{"@type":"ListItem","position":3,"name":"Haf\u00f0u samband"}]},{"@type":"WebSite","@id":"https:\/\/bdesign.wp.factory.blim-dev.com\/#website","url":"https:\/\/bdesign.wp.factory.blim-dev.com\/","name":"b!design","description":"Just another WordPress site","potentialAction":[{"@type":"SearchAction","target":{"@type":"EntryPoint","urlTemplate":"https:\/\/bdesign.wp.factory.blim-dev.com\/?s={search_term_string}"},"query-input":{"@type":"PropertyValueSpecification","valueRequired":true,"valueName":"search_term_string"}}],"inLanguage":"is"}]}},"_links":{"self":[{"href":"https:\/\/www.bdesign-floors.com\/is\/wp-json\/wp\/v2\/pages\/13949","targetHints":{"allow":["GET"]}}],"collection":[{"href":"https:\/\/www.bdesign-floors.com\/is\/wp-json\/wp\/v2\/pages"}],"about":[{"href":"https:\/\/www.bdesign-floors.com\/is\/wp-json\/wp\/v2\/types\/page"}],"author":[{"embeddable":true,"href":"https:\/\/www.bdesign-floors.com\/is\/wp-json\/wp\/v2\/users\/8"}],"replies":[{"embeddable":true,"href":"https:\/\/www.bdesign-floors.com\/is\/wp-json\/wp\/v2\/comments?post=13949"}],"version-history":[{"count":3,"href":"https:\/\/www.bdesign-floors.com\/is\/wp-json\/wp\/v2\/pages\/13949\/revisions"}],"predecessor-version":[{"id":16175,"href":"https:\/\/www.bdesign-floors.com\/is\/wp-json\/wp\/v2\/pages\/13949\/revisions\/16175"}],"up":[{"embeddable":true,"href":"https:\/\/www.bdesign-floors.com\/is\/wp-json\/wp\/v2\/pages\/13955"}],"wp:attachment":[{"href":"https:\/\/www.bdesign-floors.com\/is\/wp-json\/wp\/v2\/media?parent=13949"}],"curies":[{"name":"wp","href":"https:\/\/api.w.org\/{rel}","templated":true}]}}