{"id":14033,"date":"2022-09-12T17:20:30","date_gmt":"2022-09-12T15:20:30","guid":{"rendered":"https:\/\/www.bdesign-floors.com\/gagnlegar-upplysingar\/heilbrigdur-lifstill\/"},"modified":"2022-09-12T17:20:31","modified_gmt":"2022-09-12T15:20:31","slug":"heilbrigdur-lifstill","status":"publish","type":"page","link":"https:\/\/www.bdesign-floors.com\/is\/gagnlegar-upplysingar\/heilbrigdur-lifstill\/","title":{"rendered":"Heilbrig\u00f0ur l\u00edfst\u00edll"},"content":{"rendered":"<div id=\"bdesign2022_pageheader_block_62dfd623856fa\" class=\"bdesign2022_block bdesign2022_block--bdesign2022_pageheader\">\n    <div class=\"bdesign2022_block--wrapper\">\n                                    <div class=\"bdesign2022_ph-wrap is-single\">\n                    <div class=\"bdesign2022_ph-slide slidestyle-is-black orig-is-svartur active\">\n                        <div class=\"slide-image\">\n                            <img decoding=\"async\" class=\"img-fluid logo\" src=\"https:\/\/www.bdesign-floors.com\/wp-content\/uploads\/2022\/08\/sentinel-haus-zertifikat-gesund-wohnen-b-design.jpg\" srcset=\"https:\/\/www.bdesign-floors.com\/wp-content\/uploads\/2022\/08\/sentinel-haus-zertifikat-gesund-wohnen-b-design.jpg 1110w, https:\/\/www.bdesign-floors.com\/wp-content\/uploads\/2022\/08\/sentinel-haus-zertifikat-gesund-wohnen-b-design-768x521.jpg 768w, https:\/\/www.bdesign-floors.com\/wp-content\/uploads\/2022\/08\/sentinel-haus-zertifikat-gesund-wohnen-b-design-442x300.jpg 442w\">                        <\/div>\n                        <div class=\"slide-area\">\n                            <div class=\"slide-area-wrapper\">\n                                <h1>Heilbrigt l\u00edf \u2013 votta\u00f0 l\u00edti\u00f0 af mengunarefnum<\/h1>\n                                <h6>b!design byggir \u00e1 sj\u00e1lfb\u00e6rri n\u00fdtingu hr\u00e1efna fyrir langt\u00edma heilbrigt umhverfi, sem einnig er sta\u00f0fest af Sentinel House Institute.<\/h6>\n                                                                                            <\/div>\n                            <div class=\"slide-image-mobile d-md-none\">\n                                <img decoding=\"async\" class=\"img-fluid logo\" src=\"https:\/\/www.bdesign-floors.com\/wp-content\/uploads\/2022\/08\/sentinel-haus-zertifikat-gesund-wohnen-b-design.jpg\" srcset=\"https:\/\/www.bdesign-floors.com\/wp-content\/uploads\/2022\/08\/sentinel-haus-zertifikat-gesund-wohnen-b-design.jpg 1110w, https:\/\/www.bdesign-floors.com\/wp-content\/uploads\/2022\/08\/sentinel-haus-zertifikat-gesund-wohnen-b-design-768x521.jpg 768w, https:\/\/www.bdesign-floors.com\/wp-content\/uploads\/2022\/08\/sentinel-haus-zertifikat-gesund-wohnen-b-design-442x300.jpg 442w\">                            <\/div>\n                        <\/div>\n                    <\/div>\n                <\/div>\n                        <\/div>\n<\/div>\n<div id=\"bdesign2022_headline_block_62ea833e526c0\" class=\"bdesign2022_block bdesign2022_block--bdesign2022_headline\">\n    <div class=\"bdesign2022_block--wrapper\">\n        <div class=\"container my-4\">\n            \n                                    <h5 class=\"h5 texta-byrjun mt-5 mb-3\">M\u00e6lt me\u00f0 af Sentinel House Institute<\/h5>\n                                                    <h2 class=\"h2 texta-byrjun mt-2 mb-4\">Sentinel House: <br>Athuga\u00f0. Meti\u00f0. Sam\u00feykkt.<\/h2>\n                                \n                        <\/div>\n    <\/div>\n<\/div>\n<div id=\"bdesign2022_2columntext_block_62ea8358526c1\" class=\"bdesign2022_block bdesign2022_block--bdesign2022_2columntext\">\n    <div class=\"bdesign2022_block--wrapper\">\n        <div class=\"container my-4\">\n            <div class=\"row align-items-start\">\n                <div class=\"col-12 col-xxl-4 offset-0 offset-xxl-2 my-3\">\n                    <p>Vi\u00f0 skulum vi\u00f0urkenna \u00fea\u00f0 &#8211; vi\u00f0 viljum \u00f6ll vera heilbrig\u00f0 og lifa. Mikilv\u00e6gi pers\u00f3nulegrar velfer\u00f0ar og eigin fj\u00f6lskyldu er \u00f3umdeilt og hefur aukist st\u00f6\u00f0ugt um \u00e1rabil. Fyrst og fremst erum vi\u00f0 \u00fe\u00f3 a\u00f0 hugsa um n\u00e6ringu, l\u00edkamsr\u00e6kt og vell\u00ed\u00f0an. Af hverju ekki \u00e1 g\u00f3lfum? \u00deetta er einmitt \u00fear sem b!design kemur vi\u00f0 s\u00f6gu: f\u00e1\u00f0u heilsusamlegt l\u00edf <a href=\"https:\/\/www.bdesign-floors.com\/is\/?page_id=13366\">Hanna\u00f0u g\u00f3lf<\/a> \u00ed fj\u00f3rum veggjum \u00fe\u00ednum &#8211; og anda\u00f0u dj\u00fapt! B!design g\u00f3lfin eru fr\u00e1 samstarfsa\u00f0ila okkar \u2013<\/p>\n                <\/div>\n                <div class=\"c0l-12 col-xxl-4 xxl-3 my-3\">\n                    <p><a href=\"https:\/\/www.sentinel-haus.de\/de\/suche?term=b!design+&amp;manufacturer%5B%5D=10819\" target=\"_blank\" rel=\"noopener\">Sentinel Haus Institut<\/a> \u2013 pr\u00f3fa\u00f0, meti\u00f0 og sam\u00feykkt. Stofnunin er marka\u00f0s- og \u00feekkingarlei\u00f0togi \u00e1 svi\u00f0i byggingarheilsu. Og \u00fer\u00f3ar v\u00edsindalegar ni\u00f0urst\u00f6\u00f0ur um heilsu innanh\u00fass \u00ed alhli\u00f0a neti. \u00deau eru s\u00ed\u00f0an marka\u00f0ssett me\u00f0 verklegri \u00fatf\u00e6rslu \u00ed alls kyns byggingum. Svo \u00fe\u00fa getur veri\u00f0 viss: g\u00f3lfefni, pr\u00f3fa\u00f0 af Sentinel Haus Institut, er l\u00edti\u00f0 af mengunarefnum og hollt a\u00f0 b\u00faa \u00ed.<\/p>\n                <\/div>\n            <\/div>\n        <\/div>\n    <\/div>\n<\/div>\n<div id=\"bdesign2022_customcontent_block_63049aa17eb90\" class=\"bdesign2022_block bdesign2022_block--bdesign2022_customcontent\">\n    <div class=\"bdesign2022_block--wrapper\">\n        <div class=\"container\">\n            <div class=\"row\">\n                \n                <div class=\"col-12 col-sm-10\" style=\"margin:0 auto;text-align: center;\">\n                    <div class=\"container-centered\">\n                        <p><img loading=\"lazy\" decoding=\"async\" class=\"size-medium wp-image-3449 aligncenter\" src=\"https:\/\/www.bdesign-floors.com\/wp-content\/uploads\/2022\/09\/sentinel-haus-logo-444x300.png\" alt=\"\" width=\"444\" height=\"300\" srcset=\"https:\/\/www.bdesign-floors.com\/wp-content\/uploads\/2022\/09\/sentinel-haus-logo-444x300.png 444w, https:\/\/www.bdesign-floors.com\/wp-content\/uploads\/2022\/09\/sentinel-haus-logo-768x519.png 768w, https:\/\/www.bdesign-floors.com\/wp-content\/uploads\/2022\/09\/sentinel-haus-logo.png 1000w\" sizes=\"auto, (max-width: 444px) 100vw, 444px\" \/><\/p>\n                    <\/div>\n                <\/div>\n\n                            <\/div>\n        <\/div>\n    <\/div>\n<\/div>\n<div id=\"bdesign2022_switchstyle_block_630db52453892\" class=\"bdesign2022_style bdesign2022_style--bdesign2022_switchstyle\" data-switchstyle=\"black\">\n<div id=\"bdesign2022_customcontent_block_630ce0eb71a71\" class=\"bdesign2022_block bdesign2022_block--bdesign2022_customcontent\">\n    <div class=\"bdesign2022_block--wrapper\">\n        <div class=\"container\">\n            <div class=\"row\">\n                \n                <div class=\"col-12 col-sm-10\" style=\"margin:0 auto;text-align: center;\">\n                    <div class=\"container-centered\">\n                        <a class=\"btn btn-bdesign2022 btn-linkcta\" href=\"https:\/\/www.sentinel-haus.de\/de\/suche?term=b%21design\" target=\"_blank\">Zum Sentinel Haus Institut<\/a>                    <\/div>\n                <\/div>\n\n                            <\/div>\n        <\/div>\n    <\/div>\n<\/div>\n<\/div>\n","protected":false},"excerpt":{"rendered":"","protected":false},"author":8,"featured_media":0,"parent":13727,"menu_order":5,"comment_status":"closed","ping_status":"closed","template":"","meta":{"_acf_changed":false,"footnotes":""},"class_list":["post-14033","page","type-page","status-publish","hentry"],"acf":[],"yoast_head":"<!-- This site is optimized with the Yoast SEO plugin v24.2 - https:\/\/yoast.com\/wordpress\/plugins\/seo\/ -->\n<title>Heilbrigt l\u00edferni | b!h\u00f6nnun<\/title>\n<meta name=\"description\" content=\"Sentinel House er marka\u00f0s- og \u00feekkingarlei\u00f0togi fyrir heilsu \u00ed byggingum og gefur eing\u00f6ngu \u00fat v\u00f6rur sem hafa veri\u00f0 pr\u00f3fa\u00f0ar fyrir ska\u00f0legum efnum.\" \/>\n<meta name=\"robots\" content=\"index, follow, max-snippet:-1, max-image-preview:large, max-video-preview:-1\" \/>\n<link rel=\"canonical\" href=\"https:\/\/www.bdesign-floors.com\/is\/gagnlegar-upplysingar\/heilbrigdur-lifstill\/\" \/>\n<meta property=\"og:locale\" content=\"is_IS\" \/>\n<meta property=\"og:type\" content=\"article\" \/>\n<meta property=\"og:title\" content=\"Heilbrigt l\u00edferni | b!h\u00f6nnun\" \/>\n<meta property=\"og:description\" content=\"Sentinel House er marka\u00f0s- og \u00feekkingarlei\u00f0togi fyrir heilsu \u00ed byggingum og gefur eing\u00f6ngu \u00fat v\u00f6rur sem hafa veri\u00f0 pr\u00f3fa\u00f0ar fyrir ska\u00f0legum efnum.\" \/>\n<meta property=\"og:url\" content=\"https:\/\/www.bdesign-floors.com\/is\/gagnlegar-upplysingar\/heilbrigdur-lifstill\/\" \/>\n<meta property=\"og:site_name\" content=\"b!design\" \/>\n<meta property=\"article:modified_time\" content=\"2022-09-12T15:20:31+00:00\" \/>\n<meta name=\"twitter:card\" content=\"summary_large_image\" \/>\n<script type=\"application\/ld+json\" class=\"yoast-schema-graph\">{\"@context\":\"https:\/\/schema.org\",\"@graph\":[{\"@type\":\"WebPage\",\"@id\":\"https:\/\/www.bdesign-floors.com\/is\/gagnlegar-upplysingar\/heilbrigdur-lifstill\/\",\"url\":\"https:\/\/www.bdesign-floors.com\/is\/gagnlegar-upplysingar\/heilbrigdur-lifstill\/\",\"name\":\"Heilbrigt l\u00edferni | b!h\u00f6nnun\",\"isPartOf\":{\"@id\":\"https:\/\/bdesign.wp.factory.blim-dev.com\/#website\"},\"datePublished\":\"2022-09-12T15:20:30+00:00\",\"dateModified\":\"2022-09-12T15:20:31+00:00\",\"description\":\"Sentinel House er marka\u00f0s- og \u00feekkingarlei\u00f0togi fyrir heilsu \u00ed byggingum og gefur eing\u00f6ngu \u00fat v\u00f6rur sem hafa veri\u00f0 pr\u00f3fa\u00f0ar fyrir ska\u00f0legum efnum.\",\"breadcrumb\":{\"@id\":\"https:\/\/www.bdesign-floors.com\/is\/gagnlegar-upplysingar\/heilbrigdur-lifstill\/#breadcrumb\"},\"inLanguage\":\"is\",\"potentialAction\":[{\"@type\":\"ReadAction\",\"target\":[\"https:\/\/www.bdesign-floors.com\/is\/gagnlegar-upplysingar\/heilbrigdur-lifstill\/\"]}]},{\"@type\":\"BreadcrumbList\",\"@id\":\"https:\/\/www.bdesign-floors.com\/is\/gagnlegar-upplysingar\/heilbrigdur-lifstill\/#breadcrumb\",\"itemListElement\":[{\"@type\":\"ListItem\",\"position\":1,\"name\":\"Home\",\"item\":\"https:\/\/www.bdesign-floors.com\/is\/\"},{\"@type\":\"ListItem\",\"position\":2,\"name\":\"gagnlegar uppl\u00fdsingar\",\"item\":\"https:\/\/bdesign.wp.factory.blim-dev.com\/is\/gagnlegar-upplysingar\/\"},{\"@type\":\"ListItem\",\"position\":3,\"name\":\"Heilbrig\u00f0ur l\u00edfst\u00edll\"}]},{\"@type\":\"WebSite\",\"@id\":\"https:\/\/bdesign.wp.factory.blim-dev.com\/#website\",\"url\":\"https:\/\/bdesign.wp.factory.blim-dev.com\/\",\"name\":\"b!design\",\"description\":\"Just another WordPress site\",\"potentialAction\":[{\"@type\":\"SearchAction\",\"target\":{\"@type\":\"EntryPoint\",\"urlTemplate\":\"https:\/\/bdesign.wp.factory.blim-dev.com\/?s={search_term_string}\"},\"query-input\":{\"@type\":\"PropertyValueSpecification\",\"valueRequired\":true,\"valueName\":\"search_term_string\"}}],\"inLanguage\":\"is\"}]}<\/script>\n<!-- \/ Yoast SEO plugin. -->","yoast_head_json":{"title":"Heilbrigt l\u00edferni | b!h\u00f6nnun","description":"Sentinel House er marka\u00f0s- og \u00feekkingarlei\u00f0togi fyrir heilsu \u00ed byggingum og gefur eing\u00f6ngu \u00fat v\u00f6rur sem hafa veri\u00f0 pr\u00f3fa\u00f0ar fyrir ska\u00f0legum efnum.","robots":{"index":"index","follow":"follow","max-snippet":"max-snippet:-1","max-image-preview":"max-image-preview:large","max-video-preview":"max-video-preview:-1"},"canonical":"https:\/\/www.bdesign-floors.com\/is\/gagnlegar-upplysingar\/heilbrigdur-lifstill\/","og_locale":"is_IS","og_type":"article","og_title":"Heilbrigt l\u00edferni | b!h\u00f6nnun","og_description":"Sentinel House er marka\u00f0s- og \u00feekkingarlei\u00f0togi fyrir heilsu \u00ed byggingum og gefur eing\u00f6ngu \u00fat v\u00f6rur sem hafa veri\u00f0 pr\u00f3fa\u00f0ar fyrir ska\u00f0legum efnum.","og_url":"https:\/\/www.bdesign-floors.com\/is\/gagnlegar-upplysingar\/heilbrigdur-lifstill\/","og_site_name":"b!design","article_modified_time":"2022-09-12T15:20:31+00:00","twitter_card":"summary_large_image","schema":{"@context":"https:\/\/schema.org","@graph":[{"@type":"WebPage","@id":"https:\/\/www.bdesign-floors.com\/is\/gagnlegar-upplysingar\/heilbrigdur-lifstill\/","url":"https:\/\/www.bdesign-floors.com\/is\/gagnlegar-upplysingar\/heilbrigdur-lifstill\/","name":"Heilbrigt l\u00edferni | b!h\u00f6nnun","isPartOf":{"@id":"https:\/\/bdesign.wp.factory.blim-dev.com\/#website"},"datePublished":"2022-09-12T15:20:30+00:00","dateModified":"2022-09-12T15:20:31+00:00","description":"Sentinel House er marka\u00f0s- og \u00feekkingarlei\u00f0togi fyrir heilsu \u00ed byggingum og gefur eing\u00f6ngu \u00fat v\u00f6rur sem hafa veri\u00f0 pr\u00f3fa\u00f0ar fyrir ska\u00f0legum efnum.","breadcrumb":{"@id":"https:\/\/www.bdesign-floors.com\/is\/gagnlegar-upplysingar\/heilbrigdur-lifstill\/#breadcrumb"},"inLanguage":"is","potentialAction":[{"@type":"ReadAction","target":["https:\/\/www.bdesign-floors.com\/is\/gagnlegar-upplysingar\/heilbrigdur-lifstill\/"]}]},{"@type":"BreadcrumbList","@id":"https:\/\/www.bdesign-floors.com\/is\/gagnlegar-upplysingar\/heilbrigdur-lifstill\/#breadcrumb","itemListElement":[{"@type":"ListItem","position":1,"name":"Home","item":"https:\/\/www.bdesign-floors.com\/is\/"},{"@type":"ListItem","position":2,"name":"gagnlegar uppl\u00fdsingar","item":"https:\/\/bdesign.wp.factory.blim-dev.com\/is\/gagnlegar-upplysingar\/"},{"@type":"ListItem","position":3,"name":"Heilbrig\u00f0ur l\u00edfst\u00edll"}]},{"@type":"WebSite","@id":"https:\/\/bdesign.wp.factory.blim-dev.com\/#website","url":"https:\/\/bdesign.wp.factory.blim-dev.com\/","name":"b!design","description":"Just another WordPress site","potentialAction":[{"@type":"SearchAction","target":{"@type":"EntryPoint","urlTemplate":"https:\/\/bdesign.wp.factory.blim-dev.com\/?s={search_term_string}"},"query-input":{"@type":"PropertyValueSpecification","valueRequired":true,"valueName":"search_term_string"}}],"inLanguage":"is"}]}},"_links":{"self":[{"href":"https:\/\/www.bdesign-floors.com\/is\/wp-json\/wp\/v2\/pages\/14033","targetHints":{"allow":["GET"]}}],"collection":[{"href":"https:\/\/www.bdesign-floors.com\/is\/wp-json\/wp\/v2\/pages"}],"about":[{"href":"https:\/\/www.bdesign-floors.com\/is\/wp-json\/wp\/v2\/types\/page"}],"author":[{"embeddable":true,"href":"https:\/\/www.bdesign-floors.com\/is\/wp-json\/wp\/v2\/users\/8"}],"replies":[{"embeddable":true,"href":"https:\/\/www.bdesign-floors.com\/is\/wp-json\/wp\/v2\/comments?post=14033"}],"version-history":[{"count":1,"href":"https:\/\/www.bdesign-floors.com\/is\/wp-json\/wp\/v2\/pages\/14033\/revisions"}],"predecessor-version":[{"id":14034,"href":"https:\/\/www.bdesign-floors.com\/is\/wp-json\/wp\/v2\/pages\/14033\/revisions\/14034"}],"up":[{"embeddable":true,"href":"https:\/\/www.bdesign-floors.com\/is\/wp-json\/wp\/v2\/pages\/13727"}],"wp:attachment":[{"href":"https:\/\/www.bdesign-floors.com\/is\/wp-json\/wp\/v2\/media?parent=14033"}],"curies":[{"name":"wp","href":"https:\/\/api.w.org\/{rel}","templated":true}]}}