{"id":14051,"date":"2022-09-12T17:22:01","date_gmt":"2022-09-12T15:22:01","guid":{"rendered":"https:\/\/www.bdesign-floors.com\/hvar-kaupa\/"},"modified":"2022-09-21T13:13:34","modified_gmt":"2022-09-21T11:13:34","slug":"hvar-kaupa","status":"publish","type":"page","link":"https:\/\/www.bdesign-floors.com\/is\/hvar-kaupa\/","title":{"rendered":"Hvar kaupa"},"content":{"rendered":"<div id=\"bdesign2022_pageheader_block_62eb97d8ed6a9\" class=\"bdesign2022_block bdesign2022_block--bdesign2022_pageheader\">\n    <div class=\"bdesign2022_block--wrapper\">\n                                    <div class=\"bdesign2022_ph-wrap is-single\">\n                    <div class=\"bdesign2022_ph-slide slidestyle-is-black orig-is-svartur active\">\n                        <div class=\"slide-image\">\n                            <img decoding=\"async\" class=\"img-fluid logo\" src=\"https:\/\/www.bdesign-floors.com\/wp-content\/uploads\/2022\/08\/wo-kaufen-designboden-b-design.jpg\" srcset=\"https:\/\/www.bdesign-floors.com\/wp-content\/uploads\/2022\/08\/wo-kaufen-designboden-b-design.jpg 1110w, https:\/\/www.bdesign-floors.com\/wp-content\/uploads\/2022\/08\/wo-kaufen-designboden-b-design-768x521.jpg 768w, https:\/\/www.bdesign-floors.com\/wp-content\/uploads\/2022\/08\/wo-kaufen-designboden-b-design-442x300.jpg 442w\">                        <\/div>\n                        <div class=\"slide-area\">\n                            <div class=\"slide-area-wrapper\">\n                                <h1>b!design<br>hvar \u00e1 a\u00f0 kaupa<\/h1>\n                                <h6>Leita\u00f0u a\u00f0 BAUHAUS s\u00e9rfr\u00e6\u00f0imi\u00f0st\u00f6\u00f0 \u00e1 \u00fe\u00ednu sv\u00e6\u00f0i e\u00f0a panta\u00f0u g\u00f3lfefni sem \u00fe\u00fa vilt beint \u00ed BAUHAUS vefverslun.<\/h6>\n                                                                                            <\/div>\n                            <div class=\"slide-image-mobile d-md-none\">\n                                <img decoding=\"async\" class=\"img-fluid logo\" src=\"https:\/\/www.bdesign-floors.com\/wp-content\/uploads\/2022\/08\/wo-kaufen-designboden-b-design.jpg\" srcset=\"https:\/\/www.bdesign-floors.com\/wp-content\/uploads\/2022\/08\/wo-kaufen-designboden-b-design.jpg 1110w, https:\/\/www.bdesign-floors.com\/wp-content\/uploads\/2022\/08\/wo-kaufen-designboden-b-design-768x521.jpg 768w, https:\/\/www.bdesign-floors.com\/wp-content\/uploads\/2022\/08\/wo-kaufen-designboden-b-design-442x300.jpg 442w\">                            <\/div>\n                        <\/div>\n                    <\/div>\n                <\/div>\n                        <\/div>\n<\/div>\n<div id=\"bdesign2022_headline_block_62eb9882ed6aa\" class=\"bdesign2022_block bdesign2022_block--bdesign2022_headline\">\n    <div class=\"bdesign2022_block--wrapper\">\n        <div class=\"container my-4\">\n            \n                                    <h5 class=\"h5 texta-byrjun mt-5 mb-3\">Hvar kaupa<\/h5>\n                                                    <h2 class=\"h1 texta-byrjun mt-2 mb-4\">b!design design vinylg\u00f3lf<br>f\u00e1st eing\u00f6ngu fr\u00e1 BAUHAUS.<\/h2>\n                                \n                        <\/div>\n    <\/div>\n<\/div>\n<div id=\"bdesign2022_2columntext_block_62eb98a2ed6ab\" class=\"bdesign2022_block bdesign2022_block--bdesign2022_2columntext\">\n    <div class=\"bdesign2022_block--wrapper\">\n        <div class=\"container my-4\">\n            <div class=\"row align-items-start\">\n                <div class=\"col-12 col-xxl-4 offset-0 offset-xxl-2 my-3\">\n                    <p>Hefur \u00fe\u00fa or\u00f0i\u00f0 \u00e1stfanginn af einu af h\u00f6nnunarg\u00f3lfunum okkar og viltu n\u00fa vita hvernig best er a\u00f0 koma \u00feessu g\u00f3lfi inn \u00e1 heimili\u00f0 \u00feitt? \u00de\u00fa ert h\u00e9rna! B!design v\u00f6rumerki\u00f0 er eing\u00f6ngu \u00ed bo\u00f0i fyrir \u00feig hj\u00e1 BAUHAUS. Fyrir \u00feig \u00fe\u00fd\u00f0ir \u00feetta: Finndu BAUHAUS s\u00e9rfr\u00e6\u00f0imi\u00f0st\u00f6\u00f0 \u00e1 \u00fe\u00ednu sv\u00e6\u00f0i og trygg\u00f0u \u00fe\u00e9r draumag\u00f3lfi\u00f0.<\/p>\n                <\/div>\n                <div class=\"c0l-12 col-xxl-4 xxl-3 my-3\">\n                    <p>E\u00f0a: Far\u00f0u \u00ed BAUHAUS vefverslunina, finndu draumag\u00f3lfi\u00f0 \u00feitt og f\u00e1\u00f0u \u00fea\u00f0 sent heim \u00e1 \u00fe\u00e6gilegan h\u00e1tt. \u00dea\u00f0 skiptir ekki m\u00e1li hvort \u00fe\u00fa k\u00fdst a\u00f0 kaupa \u00e1 sta\u00f0num e\u00f0a ert frekar netkaupandi &#8211; n\u00fdja b!design h\u00f6nnun v\u00ednylg\u00f3lfi\u00f0 \u00feitt b\u00ed\u00f0ur n\u00fa \u00feegar eftir \u00fe\u00e9r!<\/p>\n                <\/div>\n            <\/div>\n        <\/div>\n    <\/div>\n<\/div>\n<div id=\"bdesign2022_imagetext_block_62eb98bded6ac\" class=\"bdesign2022_block bdesign2022_block--bdesign2022_imagetext\">\n    <div class=\"bdesign2022_block--wrapper\">\n        <div class=\"container\">\n            <div class=\"row align-items-center align-items-xxl-start align-items-xxxl-center\">\n                <div class=\"d-block d-md-block col-md-7 col-xl-4 col-xxl-5 col-xxxl-7 col-type-is-image col-count-is-1\"><img decoding=\"async\" class=\"img-fluid col-img\" src=\"https:\/\/www.bdesign-floors.com\/wp-content\/uploads\/2022\/08\/wo-kaufen-fachzentrum-b-design.jpg\" srcset=\"https:\/\/www.bdesign-floors.com\/wp-content\/uploads\/2022\/08\/wo-kaufen-fachzentrum-b-design.jpg 1110w, https:\/\/www.bdesign-floors.com\/wp-content\/uploads\/2022\/08\/wo-kaufen-fachzentrum-b-design-768x510.jpg 768w, https:\/\/www.bdesign-floors.com\/wp-content\/uploads\/2022\/08\/wo-kaufen-fachzentrum-b-design-452x300.jpg 452w\"><\/div><div class=\"col-12 col-xl-7 col-xxl-6 col-xxxl-4 col-type-is-imagetext col-count-is-2\"><h3>Beint \u00ed BAUHAUS s\u00e9rfr\u00e6\u00f0imi\u00f0st\u00f6\u00f0inni<\/h3><p>Me\u00f0 yfir 150 BAUHAUS s\u00e9rfr\u00e6\u00f0imi\u00f0st\u00f6\u00f0var um allt \u00de\u00fdskaland, ertu viss um a\u00f0 finna eina n\u00e1l\u00e6gt \u00fe\u00e9r. Upplif\u00f0u n\u00fdja g\u00f3lfi\u00f0 \u00feitt \u00e1 sta\u00f0num, nj\u00f3ttu \u00feess kosts a\u00f0 vita hvernig \u00fea\u00f0 er n\u00fana og f\u00e1\u00f0u pers\u00f3nulega r\u00e1\u00f0gj\u00f6f.<\/p>\n<a class=\"btn btn-bdesign2022 btn-pagelink\" href=\"https:\/\/www.bauhaus.info\/fachcentren\/fachcentrensuche\" target=\"_autt\">Leit \u00ed s\u00e9rfr\u00e6\u00f0imi\u00f0st\u00f6\u00f0<\/a><\/div>            <\/div>\n        <\/div>\n    <\/div>\n<\/div>\n<div id=\"bdesign2022_imagetext_block_62eb98eaed6af\" class=\"bdesign2022_block bdesign2022_block--bdesign2022_imagetext\">\n    <div class=\"bdesign2022_block--wrapper\">\n        <div class=\"container\">\n            <div class=\"row align-items-center align-items-xxl-start align-items-xxxl-center\">\n                <div class=\"col-12 col-xl-7 col-xxl-6 col-xxxl-4 col-type-is-imagetext col-count-is-1\"><h3>b!design \u00ed BAUHAUS vefverslun<\/h3><p>Viltu frekar versla \u00e1 netinu? Einnig ekkert m\u00e1l! G\u00f3lfin okkar f\u00e1st \u00ed vefverslun Bauhaus. Veldu einfaldlega upp\u00e1haldi\u00f0 \u00feitt og panta\u00f0u allt \u00e1 \u00fe\u00e6gilegan h\u00e1tt heima. \u00c1bending: Me\u00f0 herbergisskipulaginu okkar getur\u00f0u s\u00e9\u00f0 fyrirfram hvernig n\u00fdja g\u00f3lfi\u00f0 \u00feitt mun l\u00edta \u00fat heima hj\u00e1 \u00fe\u00e9r.<\/p>\n<a class=\"btn btn-bdesign2022 btn-pagelink\" href=\"https:\/\/www.bauhaus.info\/vinylboden\/c\/10000479?q=%3Arelevance%3Abrands%3Ab!design\" target=\"_autt\">Til netverslunar<\/a><\/div><div class=\"d-block d-md-block col-md-7 col-xl-4 col-xxl-5 col-xxxl-7 col-type-is-image col-count-is-2\"><img decoding=\"async\" class=\"img-fluid col-img\" src=\"https:\/\/www.bdesign-floors.com\/wp-content\/uploads\/2022\/08\/wo-kaufen-online-shop-b-design.jpg\" srcset=\"https:\/\/www.bdesign-floors.com\/wp-content\/uploads\/2022\/08\/wo-kaufen-online-shop-b-design.jpg 1110w, https:\/\/www.bdesign-floors.com\/wp-content\/uploads\/2022\/08\/wo-kaufen-online-shop-b-design-768x510.jpg 768w, https:\/\/www.bdesign-floors.com\/wp-content\/uploads\/2022\/08\/wo-kaufen-online-shop-b-design-452x300.jpg 452w\"><\/div>            <\/div>\n        <\/div>\n    <\/div>\n<\/div>\n<div id=\"bdesign2022_spacer_block_62eb9a2fb9748\" class=\"bdesign2022_block bdesign2022_block--bdesign2022_spacer\">\n    <div class=\"bdesign2022_block--wrapper\">\n        <div class=\"spacer\" style=\"height: 50px\"><\/div>\n    <\/div>\n<\/div>\n","protected":false},"excerpt":{"rendered":"","protected":false},"author":8,"featured_media":0,"parent":0,"menu_order":5,"comment_status":"closed","ping_status":"closed","template":"","meta":{"_acf_changed":false,"footnotes":""},"class_list":["post-14051","page","type-page","status-publish","hentry"],"acf":[],"yoast_head":"<!-- This site is optimized with the Yoast SEO plugin v24.2 - https:\/\/yoast.com\/wordpress\/plugins\/seo\/ -->\n<title>Hvar \u00e1 a\u00f0 kaupa | b!h\u00f6nnun<\/title>\n<meta name=\"description\" content=\"Langar \u00feig a\u00f0 vita hvar \u00fe\u00fa getur keypt b!design design v\u00ednylg\u00f3lf? H\u00e9r finnur \u00fe\u00fa allar uppl\u00fdsingar \u2013 b\u00e6\u00f0i fyrir kyrrst\u00f6\u00f0u og netkaup.\" \/>\n<meta name=\"robots\" content=\"index, follow, max-snippet:-1, max-image-preview:large, max-video-preview:-1\" \/>\n<link rel=\"canonical\" href=\"https:\/\/www.bdesign-floors.com\/is\/hvar-kaupa\/\" \/>\n<meta property=\"og:locale\" content=\"is_IS\" \/>\n<meta property=\"og:type\" content=\"article\" \/>\n<meta property=\"og:title\" content=\"Hvar \u00e1 a\u00f0 kaupa | b!h\u00f6nnun\" \/>\n<meta property=\"og:description\" content=\"Langar \u00feig a\u00f0 vita hvar \u00fe\u00fa getur keypt b!design design v\u00ednylg\u00f3lf? H\u00e9r finnur \u00fe\u00fa allar uppl\u00fdsingar \u2013 b\u00e6\u00f0i fyrir kyrrst\u00f6\u00f0u og netkaup.\" \/>\n<meta property=\"og:url\" content=\"https:\/\/www.bdesign-floors.com\/is\/hvar-kaupa\/\" \/>\n<meta property=\"og:site_name\" content=\"b!design\" \/>\n<meta property=\"article:modified_time\" content=\"2022-09-21T11:13:34+00:00\" \/>\n<meta name=\"twitter:card\" content=\"summary_large_image\" \/>\n<script type=\"application\/ld+json\" class=\"yoast-schema-graph\">{\"@context\":\"https:\/\/schema.org\",\"@graph\":[{\"@type\":\"WebPage\",\"@id\":\"https:\/\/www.bdesign-floors.com\/is\/hvar-kaupa\/\",\"url\":\"https:\/\/www.bdesign-floors.com\/is\/hvar-kaupa\/\",\"name\":\"Hvar \u00e1 a\u00f0 kaupa | b!h\u00f6nnun\",\"isPartOf\":{\"@id\":\"https:\/\/bdesign.wp.factory.blim-dev.com\/#website\"},\"datePublished\":\"2022-09-12T15:22:01+00:00\",\"dateModified\":\"2022-09-21T11:13:34+00:00\",\"description\":\"Langar \u00feig a\u00f0 vita hvar \u00fe\u00fa getur keypt b!design design v\u00ednylg\u00f3lf? H\u00e9r finnur \u00fe\u00fa allar uppl\u00fdsingar \u2013 b\u00e6\u00f0i fyrir kyrrst\u00f6\u00f0u og netkaup.\",\"breadcrumb\":{\"@id\":\"https:\/\/www.bdesign-floors.com\/is\/hvar-kaupa\/#breadcrumb\"},\"inLanguage\":\"is\",\"potentialAction\":[{\"@type\":\"ReadAction\",\"target\":[\"https:\/\/www.bdesign-floors.com\/is\/hvar-kaupa\/\"]}]},{\"@type\":\"BreadcrumbList\",\"@id\":\"https:\/\/www.bdesign-floors.com\/is\/hvar-kaupa\/#breadcrumb\",\"itemListElement\":[{\"@type\":\"ListItem\",\"position\":1,\"name\":\"Home\",\"item\":\"https:\/\/www.bdesign-floors.com\/is\/\"},{\"@type\":\"ListItem\",\"position\":2,\"name\":\"Hvar kaupa\"}]},{\"@type\":\"WebSite\",\"@id\":\"https:\/\/bdesign.wp.factory.blim-dev.com\/#website\",\"url\":\"https:\/\/bdesign.wp.factory.blim-dev.com\/\",\"name\":\"b!design\",\"description\":\"Just another WordPress site\",\"potentialAction\":[{\"@type\":\"SearchAction\",\"target\":{\"@type\":\"EntryPoint\",\"urlTemplate\":\"https:\/\/bdesign.wp.factory.blim-dev.com\/?s={search_term_string}\"},\"query-input\":{\"@type\":\"PropertyValueSpecification\",\"valueRequired\":true,\"valueName\":\"search_term_string\"}}],\"inLanguage\":\"is\"}]}<\/script>\n<!-- \/ Yoast SEO plugin. -->","yoast_head_json":{"title":"Hvar \u00e1 a\u00f0 kaupa | b!h\u00f6nnun","description":"Langar \u00feig a\u00f0 vita hvar \u00fe\u00fa getur keypt b!design design v\u00ednylg\u00f3lf? H\u00e9r finnur \u00fe\u00fa allar uppl\u00fdsingar \u2013 b\u00e6\u00f0i fyrir kyrrst\u00f6\u00f0u og netkaup.","robots":{"index":"index","follow":"follow","max-snippet":"max-snippet:-1","max-image-preview":"max-image-preview:large","max-video-preview":"max-video-preview:-1"},"canonical":"https:\/\/www.bdesign-floors.com\/is\/hvar-kaupa\/","og_locale":"is_IS","og_type":"article","og_title":"Hvar \u00e1 a\u00f0 kaupa | b!h\u00f6nnun","og_description":"Langar \u00feig a\u00f0 vita hvar \u00fe\u00fa getur keypt b!design design v\u00ednylg\u00f3lf? H\u00e9r finnur \u00fe\u00fa allar uppl\u00fdsingar \u2013 b\u00e6\u00f0i fyrir kyrrst\u00f6\u00f0u og netkaup.","og_url":"https:\/\/www.bdesign-floors.com\/is\/hvar-kaupa\/","og_site_name":"b!design","article_modified_time":"2022-09-21T11:13:34+00:00","twitter_card":"summary_large_image","schema":{"@context":"https:\/\/schema.org","@graph":[{"@type":"WebPage","@id":"https:\/\/www.bdesign-floors.com\/is\/hvar-kaupa\/","url":"https:\/\/www.bdesign-floors.com\/is\/hvar-kaupa\/","name":"Hvar \u00e1 a\u00f0 kaupa | b!h\u00f6nnun","isPartOf":{"@id":"https:\/\/bdesign.wp.factory.blim-dev.com\/#website"},"datePublished":"2022-09-12T15:22:01+00:00","dateModified":"2022-09-21T11:13:34+00:00","description":"Langar \u00feig a\u00f0 vita hvar \u00fe\u00fa getur keypt b!design design v\u00ednylg\u00f3lf? H\u00e9r finnur \u00fe\u00fa allar uppl\u00fdsingar \u2013 b\u00e6\u00f0i fyrir kyrrst\u00f6\u00f0u og netkaup.","breadcrumb":{"@id":"https:\/\/www.bdesign-floors.com\/is\/hvar-kaupa\/#breadcrumb"},"inLanguage":"is","potentialAction":[{"@type":"ReadAction","target":["https:\/\/www.bdesign-floors.com\/is\/hvar-kaupa\/"]}]},{"@type":"BreadcrumbList","@id":"https:\/\/www.bdesign-floors.com\/is\/hvar-kaupa\/#breadcrumb","itemListElement":[{"@type":"ListItem","position":1,"name":"Home","item":"https:\/\/www.bdesign-floors.com\/is\/"},{"@type":"ListItem","position":2,"name":"Hvar kaupa"}]},{"@type":"WebSite","@id":"https:\/\/bdesign.wp.factory.blim-dev.com\/#website","url":"https:\/\/bdesign.wp.factory.blim-dev.com\/","name":"b!design","description":"Just another WordPress site","potentialAction":[{"@type":"SearchAction","target":{"@type":"EntryPoint","urlTemplate":"https:\/\/bdesign.wp.factory.blim-dev.com\/?s={search_term_string}"},"query-input":{"@type":"PropertyValueSpecification","valueRequired":true,"valueName":"search_term_string"}}],"inLanguage":"is"}]}},"_links":{"self":[{"href":"https:\/\/www.bdesign-floors.com\/is\/wp-json\/wp\/v2\/pages\/14051","targetHints":{"allow":["GET"]}}],"collection":[{"href":"https:\/\/www.bdesign-floors.com\/is\/wp-json\/wp\/v2\/pages"}],"about":[{"href":"https:\/\/www.bdesign-floors.com\/is\/wp-json\/wp\/v2\/types\/page"}],"author":[{"embeddable":true,"href":"https:\/\/www.bdesign-floors.com\/is\/wp-json\/wp\/v2\/users\/8"}],"replies":[{"embeddable":true,"href":"https:\/\/www.bdesign-floors.com\/is\/wp-json\/wp\/v2\/comments?post=14051"}],"version-history":[{"count":3,"href":"https:\/\/www.bdesign-floors.com\/is\/wp-json\/wp\/v2\/pages\/14051\/revisions"}],"predecessor-version":[{"id":16471,"href":"https:\/\/www.bdesign-floors.com\/is\/wp-json\/wp\/v2\/pages\/14051\/revisions\/16471"}],"wp:attachment":[{"href":"https:\/\/www.bdesign-floors.com\/is\/wp-json\/wp\/v2\/media?parent=14051"}],"curies":[{"name":"wp","href":"https:\/\/api.w.org\/{rel}","templated":true}]}}