{"id":13683,"date":"2022-09-12T16:37:09","date_gmt":"2022-09-12T14:37:09","guid":{"rendered":"https:\/\/www.bdesign-floors.com\/accessori-e-cura\/"},"modified":"2022-09-13T16:55:48","modified_gmt":"2022-09-13T14:55:48","slug":"accessori-e-cura","status":"publish","type":"page","link":"https:\/\/www.bdesign-floors.com\/it\/accessori-e-cura\/","title":{"rendered":"Accessori e cura"},"content":{"rendered":"<div id=\"bdesign2022_pageheader_block_62dfd623856fa\" class=\"bdesign2022_block bdesign2022_block--bdesign2022_pageheader\">\n    <div class=\"bdesign2022_block--wrapper\">\n                                    <div class=\"bdesign2022_ph-wrap is-single\">\n                    <div class=\"bdesign2022_ph-slide slidestyle-is-black orig-is-nero active\">\n                        <div class=\"slide-image\">\n                            <img decoding=\"async\" class=\"img-fluid logo\" src=\"https:\/\/www.bdesign-floors.com\/wp-content\/uploads\/2022\/09\/zubehoer-pflege-boden-b-design.jpg\" srcset=\"https:\/\/www.bdesign-floors.com\/wp-content\/uploads\/2022\/09\/zubehoer-pflege-boden-b-design.jpg 1110w, https:\/\/www.bdesign-floors.com\/wp-content\/uploads\/2022\/09\/zubehoer-pflege-boden-b-design-768x521.jpg 768w, https:\/\/www.bdesign-floors.com\/wp-content\/uploads\/2022\/09\/zubehoer-pflege-boden-b-design-442x300.jpg 442w\">                        <\/div>\n                        <div class=\"slide-area\">\n                            <div class=\"slide-area-wrapper\">\n                                <h1>Protezione e cura per il vostro pavimento da sogno<\/h1>\n                                <h6>Qui troverete accessori di alta qualit\u00e0 e la giusta cura per pulire e proteggere efficacemente i vostri pavimenti.<\/h6>\n                                                                                            <\/div>\n                            <div class=\"slide-image-mobile d-md-none\">\n                                <img decoding=\"async\" class=\"img-fluid logo\" src=\"https:\/\/www.bdesign-floors.com\/wp-content\/uploads\/2022\/09\/zubehoer-pflege-boden-b-design.jpg\" srcset=\"https:\/\/www.bdesign-floors.com\/wp-content\/uploads\/2022\/09\/zubehoer-pflege-boden-b-design.jpg 1110w, https:\/\/www.bdesign-floors.com\/wp-content\/uploads\/2022\/09\/zubehoer-pflege-boden-b-design-768x521.jpg 768w, https:\/\/www.bdesign-floors.com\/wp-content\/uploads\/2022\/09\/zubehoer-pflege-boden-b-design-442x300.jpg 442w\">                            <\/div>\n                        <\/div>\n                    <\/div>\n                <\/div>\n                        <\/div>\n<\/div>\n\n\n<div id=\"bdesign2022_headline_block_62ea833e526c0\" class=\"bdesign2022_block bdesign2022_block--bdesign2022_headline\">\n    <div class=\"bdesign2022_block--wrapper\">\n        <div class=\"container my-4\">\n            \n                                    <h5 class=\"h5 testo-inizio mt-5 mb-3\">Accessori e cura<\/h5>\n                                                    <h2 class=\"h2 testo-inizio mt-2 mb-4\">Cura e accessori per l&#8217;installazione<\/h2>\n                                \n                        <\/div>\n    <\/div>\n<\/div>\n\n\n<div id=\"bdesign2022_2columntext_block_62ea8358526c1\" class=\"bdesign2022_block bdesign2022_block--bdesign2022_2columntext\">\n    <div class=\"bdesign2022_block--wrapper\">\n        <div class=\"container my-4\">\n            <div class=\"row align-items-start\">\n                <div class=\"col-12 col-xxl-4 offset-0 offset-xxl-2 my-3\">\n                    <p>Che si tratti di sottotappeti, battiscopa o detergenti, qui troverete ci\u00f2 che \u00e8 utile per il vostro pavimento di design. In questo modo, non solo si ottiene un aspetto pi\u00f9 gradevole, ma si pu\u00f2 anche mantenere il valore del pavimento a lungo termine. A seconda delle vostre esigenze individuali, potete scegliere tra un prodotto di alta qualit\u00e0 e uno di qualit\u00e0 superiore.<\/p>\n                <\/div>\n                <div class=\"c0l-12 col-xxl-4 xxl-3 my-3\">\n                    <p>scegliere tra una gamma di sottofondi e detergenti speciali. \u00c8 possibile scegliere tra un detergente di base per la manutenzione di base, un detergente per la pulizia per la conservazione naturale del pavimento e il nostro rinfrescante per proteggere i pavimenti. Scoprite subito gli accessori e i prodotti per la cura di b!design.<\/p>\n                <\/div>\n            <\/div>\n        <\/div>\n    <\/div>\n<\/div>\n\n\n<div id=\"bdesign2022_imagetext_block_62e799efe8da2\" class=\"bdesign2022_block bdesign2022_block--bdesign2022_imagetext\">\n    <div class=\"bdesign2022_block--wrapper\">\n        <div class=\"container\">\n            <div class=\"row align-items-center align-items-xxl-start align-items-xxxl-center\">\n                <div class=\"d-block d-md-block col-md-7 col-xl-4 col-xxl-5 col-xxxl-7 col-type-is-image col-count-is-1\"><img decoding=\"async\" class=\"img-fluid col-img\" src=\"https:\/\/www.bdesign-floors.com\/wp-content\/uploads\/2022\/09\/unterlagsmatte-zubehoer-pflege-boden-b-design.jpg\" srcset=\"https:\/\/www.bdesign-floors.com\/wp-content\/uploads\/2022\/09\/unterlagsmatte-zubehoer-pflege-boden-b-design.jpg 1110w, https:\/\/www.bdesign-floors.com\/wp-content\/uploads\/2022\/09\/unterlagsmatte-zubehoer-pflege-boden-b-design-768x510.jpg 768w, https:\/\/www.bdesign-floors.com\/wp-content\/uploads\/2022\/09\/unterlagsmatte-zubehoer-pflege-boden-b-design-452x300.jpg 452w\"><\/div><div class=\"col-12 col-xl-7 col-xxl-6 col-xxxl-4 col-type-is-imagetext col-count-is-2\"><h3>Perch\u00e9 il tappetino sottotappeto b!design?<\/h3><p>Il materassino di sottofondo b!design ha un&#8217;eccellente stabilit\u00e0 a lungo termine e un&#8217;elevata resistenza alla compressione. Questo protegge la connessione a scatto da danni o formazione di giunti in presenza di carichi elevati. Pavimento flottante? Funziona anche! Il materassino di sottofondo compensa senza problemi le variazioni di temperatura. Riduce il suono in modo da ridurre il rumore dei vicini sotto di voi e il rumore di calpestio nelle vostre stanze.<\/p>\n<p>Nessuno vuole un pavimento freddo. Per questo motivo il tappetino impedisce all&#8217;energia termica di defluire dal pavimento. E non dovrete nemmeno preoccuparvi della muffa, grazie al nostro materassino di sottofondo, che permette all&#8217;aria di circolare direttamente sopra la barriera antiumidit\u00e0.<\/p>\n<\/div>            <\/div>\n        <\/div>\n    <\/div>\n<\/div>\n\n\n<div id=\"bdesign2022_imagetext_block_62e79a3be8da5\" class=\"bdesign2022_block bdesign2022_block--bdesign2022_imagetext\">\n    <div class=\"bdesign2022_block--wrapper\">\n        <div class=\"container\">\n            <div class=\"row align-items-center align-items-xxl-start align-items-xxxl-center\">\n                <div class=\"col-12 col-xl-7 col-xxl-6 col-xxxl-4 col-type-is-imagetext col-count-is-1\"><h3>Blocco d&#8217;impatto per pavimenti vinilici con connessione clic<\/h3><p>Questo blocco di maschiatura \u00e8 stato sviluppato appositamente per i pavimenti di design b!design con connessione Clic. Pu\u00f2 essere utilizzato universalmente, protegge il bordo durante l&#8217;installazione e favorisce una posa perfetta. Il blocco in plastica bianca \u00e8 facile da maneggiare e consente di ottenere un&#8217;installazione impeccabile e duratura.<\/p>\n<\/div><div class=\"d-block d-md-block col-md-7 col-xl-4 col-xxl-5 col-xxxl-7 col-type-is-image col-count-is-2\"><img decoding=\"async\" class=\"img-fluid col-img\" src=\"https:\/\/www.bdesign-floors.com\/wp-content\/uploads\/2022\/09\/schlagklotz-zubehoer-pflege-boden-b-design.jpg\" srcset=\"https:\/\/www.bdesign-floors.com\/wp-content\/uploads\/2022\/09\/schlagklotz-zubehoer-pflege-boden-b-design.jpg 1110w, https:\/\/www.bdesign-floors.com\/wp-content\/uploads\/2022\/09\/schlagklotz-zubehoer-pflege-boden-b-design-768x510.jpg 768w, https:\/\/www.bdesign-floors.com\/wp-content\/uploads\/2022\/09\/schlagklotz-zubehoer-pflege-boden-b-design-452x300.jpg 452w\"><\/div>            <\/div>\n        <\/div>\n    <\/div>\n<\/div>\n\n\n<div id=\"bdesign2022_imagetext_block_63186497b5d1a\" class=\"bdesign2022_block bdesign2022_block--bdesign2022_imagetext\">\n    <div class=\"bdesign2022_block--wrapper\">\n        <div class=\"container\">\n            <div class=\"row align-items-center align-items-xxl-start align-items-xxxl-center\">\n                <div class=\"d-block d-md-block col-md-7 col-xl-4 col-xxl-5 col-xxxl-7 col-type-is-image col-count-is-1\"><img decoding=\"async\" class=\"img-fluid col-img\" src=\"https:\/\/www.bdesign-floors.com\/wp-content\/uploads\/2022\/09\/scratchfix-zubehoer-pflege-boden-b-design.jpg\" srcset=\"https:\/\/www.bdesign-floors.com\/wp-content\/uploads\/2022\/09\/scratchfix-zubehoer-pflege-boden-b-design.jpg 1110w, https:\/\/www.bdesign-floors.com\/wp-content\/uploads\/2022\/09\/scratchfix-zubehoer-pflege-boden-b-design-768x510.jpg 768w, https:\/\/www.bdesign-floors.com\/wp-content\/uploads\/2022\/09\/scratchfix-zubehoer-pflege-boden-b-design-452x300.jpg 452w\"><\/div><div class=\"col-12 col-xl-7 col-xxl-6 col-xxxl-4 col-type-is-imagetext col-count-is-2\"><h3>Set di riparazione Dr.Schutz: ScratchFix<\/h3><p>Il vostro pavimento presenta qualche segno di utilizzo? Nessun problema: il set di riparazione per pavimenti Scratchfix del Dr. Schutz \u00e8 la soluzione ideale per il ripristino parziale di graffi e fratture bianche su pavimenti di design e altri rivestimenti resilienti. Include lo Spray di riparazione PU per riparare i graffi superficiali pi\u00f9 fini e la Penna di riparazione PU per riparare i graffi pi\u00f9 profondi. Include anche un pacchetto completo di accessori con istruzioni per la lavorazione. Il tutto abbinato in modo ottimale al livello di lucentezza dei moderni pavimenti di design.<\/p>\n<\/div>            <\/div>\n        <\/div>\n    <\/div>\n<\/div>\n\n\n<div id=\"bdesign2022_imagetext_block_631985a118e97\" class=\"bdesign2022_block bdesign2022_block--bdesign2022_imagetext\">\n    <div class=\"bdesign2022_block--wrapper\">\n        <div class=\"container\">\n            <div class=\"row align-items-center align-items-xxl-start align-items-xxxl-center\">\n                <div class=\"col-12 col-xl-7 col-xxl-6 col-xxxl-4 col-type-is-imagetext col-count-is-1\"><h3>Cura: dal detergente di base al rinfrescante<\/h3><p>Con i nostri tre prodotti per la cura, il vostro pavimento torner\u00e0 ad avere un aspetto fresco e radioso in pochissimo tempo: Scoprite il nostro rinfrescante, la cura dei mop e il detergente di base.<\/p>\n<\/div><div class=\"d-block d-md-block col-md-7 col-xl-4 col-xxl-5 col-xxxl-7 col-type-is-image col-count-is-2\"><img decoding=\"async\" class=\"img-fluid col-img\" src=\"https:\/\/www.bdesign-floors.com\/wp-content\/uploads\/2022\/09\/pflegemittel-zubehoer-pflege-boden-b-design.jpg\" srcset=\"https:\/\/www.bdesign-floors.com\/wp-content\/uploads\/2022\/09\/pflegemittel-zubehoer-pflege-boden-b-design.jpg 1110w, https:\/\/www.bdesign-floors.com\/wp-content\/uploads\/2022\/09\/pflegemittel-zubehoer-pflege-boden-b-design-768x510.jpg 768w, https:\/\/www.bdesign-floors.com\/wp-content\/uploads\/2022\/09\/pflegemittel-zubehoer-pflege-boden-b-design-452x300.jpg 452w\"><\/div>            <\/div>\n        <\/div>\n    <\/div>\n<\/div>\n","protected":false},"excerpt":{"rendered":"","protected":false},"author":8,"featured_media":0,"parent":0,"menu_order":3,"comment_status":"closed","ping_status":"closed","template":"","meta":{"_acf_changed":false,"footnotes":""},"class_list":["post-13683","page","type-page","status-publish","hentry"],"acf":[],"yoast_head":"<!-- This site is optimized with the Yoast SEO plugin v24.2 - https:\/\/yoast.com\/wordpress\/plugins\/seo\/ -->\n<title>Accessori e cura | b!design<\/title>\n<meta name=\"description\" content=\"Da b!design troverete anche i prodotti per la pulizia e la cura del vostro nuovo pavimento. Scoprite subito la nostra selezione di accessori di alta qualit\u00e0!\" \/>\n<meta name=\"robots\" content=\"index, follow, max-snippet:-1, max-image-preview:large, max-video-preview:-1\" \/>\n<link rel=\"canonical\" href=\"https:\/\/www.bdesign-floors.com\/it\/accessori-e-cura\/\" \/>\n<meta property=\"og:locale\" content=\"it_IT\" \/>\n<meta property=\"og:type\" content=\"article\" \/>\n<meta property=\"og:title\" content=\"Accessori e cura | b!design\" \/>\n<meta property=\"og:description\" content=\"Da b!design troverete anche i prodotti per la pulizia e la cura del vostro nuovo pavimento. Scoprite subito la nostra selezione di accessori di alta qualit\u00e0!\" \/>\n<meta property=\"og:url\" content=\"https:\/\/www.bdesign-floors.com\/it\/accessori-e-cura\/\" \/>\n<meta property=\"og:site_name\" content=\"b!design\" \/>\n<meta property=\"article:modified_time\" content=\"2022-09-13T14:55:48+00:00\" \/>\n<meta name=\"twitter:card\" content=\"summary_large_image\" \/>\n<script type=\"application\/ld+json\" class=\"yoast-schema-graph\">{\"@context\":\"https:\/\/schema.org\",\"@graph\":[{\"@type\":\"WebPage\",\"@id\":\"https:\/\/www.bdesign-floors.com\/it\/accessori-e-cura\/\",\"url\":\"https:\/\/www.bdesign-floors.com\/it\/accessori-e-cura\/\",\"name\":\"Accessori e cura | b!design\",\"isPartOf\":{\"@id\":\"https:\/\/bdesign.wp.factory.blim-dev.com\/#website\"},\"datePublished\":\"2022-09-12T14:37:09+00:00\",\"dateModified\":\"2022-09-13T14:55:48+00:00\",\"description\":\"Da b!design troverete anche i prodotti per la pulizia e la cura del vostro nuovo pavimento. Scoprite subito la nostra selezione di accessori di alta qualit\u00e0!\",\"breadcrumb\":{\"@id\":\"https:\/\/www.bdesign-floors.com\/it\/accessori-e-cura\/#breadcrumb\"},\"inLanguage\":\"it-IT\",\"potentialAction\":[{\"@type\":\"ReadAction\",\"target\":[\"https:\/\/www.bdesign-floors.com\/it\/accessori-e-cura\/\"]}]},{\"@type\":\"BreadcrumbList\",\"@id\":\"https:\/\/www.bdesign-floors.com\/it\/accessori-e-cura\/#breadcrumb\",\"itemListElement\":[{\"@type\":\"ListItem\",\"position\":1,\"name\":\"Home\",\"item\":\"https:\/\/www.bdesign-floors.com\/it\/\"},{\"@type\":\"ListItem\",\"position\":2,\"name\":\"Accessori e cura\"}]},{\"@type\":\"WebSite\",\"@id\":\"https:\/\/bdesign.wp.factory.blim-dev.com\/#website\",\"url\":\"https:\/\/bdesign.wp.factory.blim-dev.com\/\",\"name\":\"b!design\",\"description\":\"Just another WordPress site\",\"potentialAction\":[{\"@type\":\"SearchAction\",\"target\":{\"@type\":\"EntryPoint\",\"urlTemplate\":\"https:\/\/bdesign.wp.factory.blim-dev.com\/?s={search_term_string}\"},\"query-input\":{\"@type\":\"PropertyValueSpecification\",\"valueRequired\":true,\"valueName\":\"search_term_string\"}}],\"inLanguage\":\"it-IT\"}]}<\/script>\n<!-- \/ Yoast SEO plugin. -->","yoast_head_json":{"title":"Accessori e cura | b!design","description":"Da b!design troverete anche i prodotti per la pulizia e la cura del vostro nuovo pavimento. Scoprite subito la nostra selezione di accessori di alta qualit\u00e0!","robots":{"index":"index","follow":"follow","max-snippet":"max-snippet:-1","max-image-preview":"max-image-preview:large","max-video-preview":"max-video-preview:-1"},"canonical":"https:\/\/www.bdesign-floors.com\/it\/accessori-e-cura\/","og_locale":"it_IT","og_type":"article","og_title":"Accessori e cura | b!design","og_description":"Da b!design troverete anche i prodotti per la pulizia e la cura del vostro nuovo pavimento. Scoprite subito la nostra selezione di accessori di alta qualit\u00e0!","og_url":"https:\/\/www.bdesign-floors.com\/it\/accessori-e-cura\/","og_site_name":"b!design","article_modified_time":"2022-09-13T14:55:48+00:00","twitter_card":"summary_large_image","schema":{"@context":"https:\/\/schema.org","@graph":[{"@type":"WebPage","@id":"https:\/\/www.bdesign-floors.com\/it\/accessori-e-cura\/","url":"https:\/\/www.bdesign-floors.com\/it\/accessori-e-cura\/","name":"Accessori e cura | b!design","isPartOf":{"@id":"https:\/\/bdesign.wp.factory.blim-dev.com\/#website"},"datePublished":"2022-09-12T14:37:09+00:00","dateModified":"2022-09-13T14:55:48+00:00","description":"Da b!design troverete anche i prodotti per la pulizia e la cura del vostro nuovo pavimento. Scoprite subito la nostra selezione di accessori di alta qualit\u00e0!","breadcrumb":{"@id":"https:\/\/www.bdesign-floors.com\/it\/accessori-e-cura\/#breadcrumb"},"inLanguage":"it-IT","potentialAction":[{"@type":"ReadAction","target":["https:\/\/www.bdesign-floors.com\/it\/accessori-e-cura\/"]}]},{"@type":"BreadcrumbList","@id":"https:\/\/www.bdesign-floors.com\/it\/accessori-e-cura\/#breadcrumb","itemListElement":[{"@type":"ListItem","position":1,"name":"Home","item":"https:\/\/www.bdesign-floors.com\/it\/"},{"@type":"ListItem","position":2,"name":"Accessori e cura"}]},{"@type":"WebSite","@id":"https:\/\/bdesign.wp.factory.blim-dev.com\/#website","url":"https:\/\/bdesign.wp.factory.blim-dev.com\/","name":"b!design","description":"Just another WordPress site","potentialAction":[{"@type":"SearchAction","target":{"@type":"EntryPoint","urlTemplate":"https:\/\/bdesign.wp.factory.blim-dev.com\/?s={search_term_string}"},"query-input":{"@type":"PropertyValueSpecification","valueRequired":true,"valueName":"search_term_string"}}],"inLanguage":"it-IT"}]}},"_links":{"self":[{"href":"https:\/\/www.bdesign-floors.com\/it\/wp-json\/wp\/v2\/pages\/13683","targetHints":{"allow":["GET"]}}],"collection":[{"href":"https:\/\/www.bdesign-floors.com\/it\/wp-json\/wp\/v2\/pages"}],"about":[{"href":"https:\/\/www.bdesign-floors.com\/it\/wp-json\/wp\/v2\/types\/page"}],"author":[{"embeddable":true,"href":"https:\/\/www.bdesign-floors.com\/it\/wp-json\/wp\/v2\/users\/8"}],"replies":[{"embeddable":true,"href":"https:\/\/www.bdesign-floors.com\/it\/wp-json\/wp\/v2\/comments?post=13683"}],"version-history":[{"count":3,"href":"https:\/\/www.bdesign-floors.com\/it\/wp-json\/wp\/v2\/pages\/13683\/revisions"}],"predecessor-version":[{"id":15625,"href":"https:\/\/www.bdesign-floors.com\/it\/wp-json\/wp\/v2\/pages\/13683\/revisions\/15625"}],"wp:attachment":[{"href":"https:\/\/www.bdesign-floors.com\/it\/wp-json\/wp\/v2\/media?parent=13683"}],"curies":[{"name":"wp","href":"https:\/\/api.w.org\/{rel}","templated":true}]}}