{"id":14037,"date":"2022-09-12T17:20:37","date_gmt":"2022-09-12T15:20:37","guid":{"rendered":"https:\/\/www.bdesign-floors.com\/cose-da-sapere\/vita-sana\/"},"modified":"2022-09-12T17:20:38","modified_gmt":"2022-09-12T15:20:38","slug":"vita-sana","status":"publish","type":"page","link":"https:\/\/www.bdesign-floors.com\/it\/cose-da-sapere\/vita-sana\/","title":{"rendered":"Vita sana"},"content":{"rendered":"<div id=\"bdesign2022_pageheader_block_62dfd623856fa\" class=\"bdesign2022_block bdesign2022_block--bdesign2022_pageheader\">\n    <div class=\"bdesign2022_block--wrapper\">\n                                    <div class=\"bdesign2022_ph-wrap is-single\">\n                    <div class=\"bdesign2022_ph-slide slidestyle-is-black orig-is-nero active\">\n                        <div class=\"slide-image\">\n                            <img decoding=\"async\" class=\"img-fluid logo\" src=\"https:\/\/www.bdesign-floors.com\/wp-content\/uploads\/2022\/08\/sentinel-haus-zertifikat-gesund-wohnen-b-design.jpg\" srcset=\"https:\/\/www.bdesign-floors.com\/wp-content\/uploads\/2022\/08\/sentinel-haus-zertifikat-gesund-wohnen-b-design.jpg 1110w, https:\/\/www.bdesign-floors.com\/wp-content\/uploads\/2022\/08\/sentinel-haus-zertifikat-gesund-wohnen-b-design-768x521.jpg 768w, https:\/\/www.bdesign-floors.com\/wp-content\/uploads\/2022\/08\/sentinel-haus-zertifikat-gesund-wohnen-b-design-442x300.jpg 442w\">                        <\/div>\n                        <div class=\"slide-area\">\n                            <div class=\"slide-area-wrapper\">\n                                <h1>Vita sana &#8211; certificato a basso inquinamento<\/h1>\n                                <h6>b!design si concentra sull&#8217;uso sostenibile delle materie prime per un ambiente sano a lungo termine, come confermato dall&#8217;Istituto Sentinel Haus.<\/h6>\n                                                                                            <\/div>\n                            <div class=\"slide-image-mobile d-md-none\">\n                                <img decoding=\"async\" class=\"img-fluid logo\" src=\"https:\/\/www.bdesign-floors.com\/wp-content\/uploads\/2022\/08\/sentinel-haus-zertifikat-gesund-wohnen-b-design.jpg\" srcset=\"https:\/\/www.bdesign-floors.com\/wp-content\/uploads\/2022\/08\/sentinel-haus-zertifikat-gesund-wohnen-b-design.jpg 1110w, https:\/\/www.bdesign-floors.com\/wp-content\/uploads\/2022\/08\/sentinel-haus-zertifikat-gesund-wohnen-b-design-768x521.jpg 768w, https:\/\/www.bdesign-floors.com\/wp-content\/uploads\/2022\/08\/sentinel-haus-zertifikat-gesund-wohnen-b-design-442x300.jpg 442w\">                            <\/div>\n                        <\/div>\n                    <\/div>\n                <\/div>\n                        <\/div>\n<\/div>\n<div id=\"bdesign2022_headline_block_62ea833e526c0\" class=\"bdesign2022_block bdesign2022_block--bdesign2022_headline\">\n    <div class=\"bdesign2022_block--wrapper\">\n        <div class=\"container my-4\">\n            \n                                    <h5 class=\"h5 testo-inizio mt-5 mb-3\">Raccomandato dall&#8217;Istituto Sentinel Haus<\/h5>\n                                                    <h2 class=\"h2 testo-inizio mt-2 mb-4\">The Sentinel House: <br>Audited. Valutati. Rilasciato.<\/h2>\n                                \n                        <\/div>\n    <\/div>\n<\/div>\n<div id=\"bdesign2022_2columntext_block_62ea8358526c1\" class=\"bdesign2022_block bdesign2022_block--bdesign2022_2columntext\">\n    <div class=\"bdesign2022_block--wrapper\">\n        <div class=\"container my-4\">\n            <div class=\"row align-items-start\">\n                <div class=\"col-12 col-xxl-4 offset-0 offset-xxl-2 my-3\">\n                    <p>Ammettiamolo: tutti vogliamo essere e vivere in salute. L&#8217;alto valore del benessere personale e della propria famiglia \u00e8 indiscusso e da anni \u00e8 in continuo aumento. Tuttavia, pensiamo soprattutto alle aree della nutrizione, del fitness e del benessere. Perch\u00e9 non i pavimenti? \u00c8 proprio qui che entra in gioco il b!design: Vivere in modo sano  progettare i <a href=\"https:\/\/www.bdesign-floors.com\/it\/?page_id=13345\">pavimenti<\/a> nelle vostre quattro pareti &#8211; e respirare con calma! I pavimenti di b!design sono del nostro partner.<\/p>\n                <\/div>\n                <div class=\"c0l-12 col-xxl-4 xxl-3 my-3\">\n                    <p>il <a href=\"https:\/\/www.sentinel-haus.de\/de\/suche?term=b!design+&amp;manufacturer%5B%5D=10819\" target=\"_blank\" rel=\"noopener\">Sentinel Haus Institut<\/a> &#8211; testato, valutato e approvato. L&#8217;Istituto \u00e8 leader di mercato e di conoscenza nel campo della salute degli edifici. E raccoglie le scoperte scientifiche sulla salute negli ambienti interni in una rete completa. Questi vengono poi commercializzati attraverso l&#8217;implementazione pratica in edifici di ogni tipo. Cos\u00ec si pu\u00f2 essere sicuri: I pavimenti testati dal Sentinel Haus Institut sono a basso contenuto di sostanze inquinanti e sani da vivere.<\/p>\n                <\/div>\n            <\/div>\n        <\/div>\n    <\/div>\n<\/div>\n<div id=\"bdesign2022_customcontent_block_63049aa17eb90\" class=\"bdesign2022_block bdesign2022_block--bdesign2022_customcontent\">\n    <div class=\"bdesign2022_block--wrapper\">\n        <div class=\"container\">\n            <div class=\"row\">\n                \n                <div class=\"col-12 col-sm-10\" style=\"margin:0 auto;text-align: center;\">\n                    <div class=\"container-centered\">\n                        <p><img loading=\"lazy\" decoding=\"async\" class=\"size-medium wp-image-3449 aligncenter\" src=\"https:\/\/www.bdesign-floors.com\/wp-content\/uploads\/2022\/09\/sentinel-haus-logo-444x300.png\" alt=\"\" width=\"444\" height=\"300\" srcset=\"https:\/\/www.bdesign-floors.com\/wp-content\/uploads\/2022\/09\/sentinel-haus-logo-444x300.png 444w, https:\/\/www.bdesign-floors.com\/wp-content\/uploads\/2022\/09\/sentinel-haus-logo-768x519.png 768w, https:\/\/www.bdesign-floors.com\/wp-content\/uploads\/2022\/09\/sentinel-haus-logo.png 1000w\" sizes=\"auto, (max-width: 444px) 100vw, 444px\" \/><\/p>\n                    <\/div>\n                <\/div>\n\n                            <\/div>\n        <\/div>\n    <\/div>\n<\/div>\n<div id=\"bdesign2022_switchstyle_block_630db52453892\" class=\"bdesign2022_style bdesign2022_style--bdesign2022_switchstyle\" data-switchstyle=\"black\">\n<div id=\"bdesign2022_customcontent_block_630ce0eb71a71\" class=\"bdesign2022_block bdesign2022_block--bdesign2022_customcontent\">\n    <div class=\"bdesign2022_block--wrapper\">\n        <div class=\"container\">\n            <div class=\"row\">\n                \n                <div class=\"col-12 col-sm-10\" style=\"margin:0 auto;text-align: center;\">\n                    <div class=\"container-centered\">\n                        <a class=\"btn btn-bdesign2022 btn-linkcta\" href=\"https:\/\/www.sentinel-haus.de\/de\/suche?term=b%21design\" target=\"_blank\">Zum Sentinel Haus Institut<\/a>                    <\/div>\n                <\/div>\n\n                            <\/div>\n        <\/div>\n    <\/div>\n<\/div>\n<\/div>\n","protected":false},"excerpt":{"rendered":"","protected":false},"author":8,"featured_media":0,"parent":13715,"menu_order":5,"comment_status":"closed","ping_status":"closed","template":"","meta":{"_acf_changed":false,"footnotes":""},"class_list":["post-14037","page","type-page","status-publish","hentry"],"acf":[],"yoast_head":"<!-- This site is optimized with the Yoast SEO plugin v24.2 - https:\/\/yoast.com\/wordpress\/plugins\/seo\/ -->\n<title>Vita sana | b!design<\/title>\n<meta name=\"description\" content=\"Sentinel Haus \u00e8 leader di mercato e di conoscenza per la salute negli ambienti interni e pubblica solo prodotti testati per le sostanze nocive.\" \/>\n<meta name=\"robots\" content=\"index, follow, max-snippet:-1, max-image-preview:large, max-video-preview:-1\" \/>\n<link rel=\"canonical\" href=\"https:\/\/www.bdesign-floors.com\/it\/cose-da-sapere\/vita-sana\/\" \/>\n<meta property=\"og:locale\" content=\"it_IT\" \/>\n<meta property=\"og:type\" content=\"article\" \/>\n<meta property=\"og:title\" content=\"Vita sana | b!design\" \/>\n<meta property=\"og:description\" content=\"Sentinel Haus \u00e8 leader di mercato e di conoscenza per la salute negli ambienti interni e pubblica solo prodotti testati per le sostanze nocive.\" \/>\n<meta property=\"og:url\" content=\"https:\/\/www.bdesign-floors.com\/it\/cose-da-sapere\/vita-sana\/\" \/>\n<meta property=\"og:site_name\" content=\"b!design\" \/>\n<meta property=\"article:modified_time\" content=\"2022-09-12T15:20:38+00:00\" \/>\n<meta name=\"twitter:card\" content=\"summary_large_image\" \/>\n<script type=\"application\/ld+json\" class=\"yoast-schema-graph\">{\"@context\":\"https:\/\/schema.org\",\"@graph\":[{\"@type\":\"WebPage\",\"@id\":\"https:\/\/www.bdesign-floors.com\/it\/cose-da-sapere\/vita-sana\/\",\"url\":\"https:\/\/www.bdesign-floors.com\/it\/cose-da-sapere\/vita-sana\/\",\"name\":\"Vita sana | b!design\",\"isPartOf\":{\"@id\":\"https:\/\/bdesign.wp.factory.blim-dev.com\/#website\"},\"datePublished\":\"2022-09-12T15:20:37+00:00\",\"dateModified\":\"2022-09-12T15:20:38+00:00\",\"description\":\"Sentinel Haus \u00e8 leader di mercato e di conoscenza per la salute negli ambienti interni e pubblica solo prodotti testati per le sostanze nocive.\",\"breadcrumb\":{\"@id\":\"https:\/\/www.bdesign-floors.com\/it\/cose-da-sapere\/vita-sana\/#breadcrumb\"},\"inLanguage\":\"it-IT\",\"potentialAction\":[{\"@type\":\"ReadAction\",\"target\":[\"https:\/\/www.bdesign-floors.com\/it\/cose-da-sapere\/vita-sana\/\"]}]},{\"@type\":\"BreadcrumbList\",\"@id\":\"https:\/\/www.bdesign-floors.com\/it\/cose-da-sapere\/vita-sana\/#breadcrumb\",\"itemListElement\":[{\"@type\":\"ListItem\",\"position\":1,\"name\":\"Home\",\"item\":\"https:\/\/www.bdesign-floors.com\/it\/\"},{\"@type\":\"ListItem\",\"position\":2,\"name\":\"Cose da sapere\",\"item\":\"https:\/\/bdesign.wp.factory.blim-dev.com\/it\/cose-da-sapere\/\"},{\"@type\":\"ListItem\",\"position\":3,\"name\":\"Vita sana\"}]},{\"@type\":\"WebSite\",\"@id\":\"https:\/\/bdesign.wp.factory.blim-dev.com\/#website\",\"url\":\"https:\/\/bdesign.wp.factory.blim-dev.com\/\",\"name\":\"b!design\",\"description\":\"Just another WordPress site\",\"potentialAction\":[{\"@type\":\"SearchAction\",\"target\":{\"@type\":\"EntryPoint\",\"urlTemplate\":\"https:\/\/bdesign.wp.factory.blim-dev.com\/?s={search_term_string}\"},\"query-input\":{\"@type\":\"PropertyValueSpecification\",\"valueRequired\":true,\"valueName\":\"search_term_string\"}}],\"inLanguage\":\"it-IT\"}]}<\/script>\n<!-- \/ Yoast SEO plugin. -->","yoast_head_json":{"title":"Vita sana | b!design","description":"Sentinel Haus \u00e8 leader di mercato e di conoscenza per la salute negli ambienti interni e pubblica solo prodotti testati per le sostanze nocive.","robots":{"index":"index","follow":"follow","max-snippet":"max-snippet:-1","max-image-preview":"max-image-preview:large","max-video-preview":"max-video-preview:-1"},"canonical":"https:\/\/www.bdesign-floors.com\/it\/cose-da-sapere\/vita-sana\/","og_locale":"it_IT","og_type":"article","og_title":"Vita sana | b!design","og_description":"Sentinel Haus \u00e8 leader di mercato e di conoscenza per la salute negli ambienti interni e pubblica solo prodotti testati per le sostanze nocive.","og_url":"https:\/\/www.bdesign-floors.com\/it\/cose-da-sapere\/vita-sana\/","og_site_name":"b!design","article_modified_time":"2022-09-12T15:20:38+00:00","twitter_card":"summary_large_image","schema":{"@context":"https:\/\/schema.org","@graph":[{"@type":"WebPage","@id":"https:\/\/www.bdesign-floors.com\/it\/cose-da-sapere\/vita-sana\/","url":"https:\/\/www.bdesign-floors.com\/it\/cose-da-sapere\/vita-sana\/","name":"Vita sana | b!design","isPartOf":{"@id":"https:\/\/bdesign.wp.factory.blim-dev.com\/#website"},"datePublished":"2022-09-12T15:20:37+00:00","dateModified":"2022-09-12T15:20:38+00:00","description":"Sentinel Haus \u00e8 leader di mercato e di conoscenza per la salute negli ambienti interni e pubblica solo prodotti testati per le sostanze nocive.","breadcrumb":{"@id":"https:\/\/www.bdesign-floors.com\/it\/cose-da-sapere\/vita-sana\/#breadcrumb"},"inLanguage":"it-IT","potentialAction":[{"@type":"ReadAction","target":["https:\/\/www.bdesign-floors.com\/it\/cose-da-sapere\/vita-sana\/"]}]},{"@type":"BreadcrumbList","@id":"https:\/\/www.bdesign-floors.com\/it\/cose-da-sapere\/vita-sana\/#breadcrumb","itemListElement":[{"@type":"ListItem","position":1,"name":"Home","item":"https:\/\/www.bdesign-floors.com\/it\/"},{"@type":"ListItem","position":2,"name":"Cose da sapere","item":"https:\/\/bdesign.wp.factory.blim-dev.com\/it\/cose-da-sapere\/"},{"@type":"ListItem","position":3,"name":"Vita sana"}]},{"@type":"WebSite","@id":"https:\/\/bdesign.wp.factory.blim-dev.com\/#website","url":"https:\/\/bdesign.wp.factory.blim-dev.com\/","name":"b!design","description":"Just another WordPress site","potentialAction":[{"@type":"SearchAction","target":{"@type":"EntryPoint","urlTemplate":"https:\/\/bdesign.wp.factory.blim-dev.com\/?s={search_term_string}"},"query-input":{"@type":"PropertyValueSpecification","valueRequired":true,"valueName":"search_term_string"}}],"inLanguage":"it-IT"}]}},"_links":{"self":[{"href":"https:\/\/www.bdesign-floors.com\/it\/wp-json\/wp\/v2\/pages\/14037","targetHints":{"allow":["GET"]}}],"collection":[{"href":"https:\/\/www.bdesign-floors.com\/it\/wp-json\/wp\/v2\/pages"}],"about":[{"href":"https:\/\/www.bdesign-floors.com\/it\/wp-json\/wp\/v2\/types\/page"}],"author":[{"embeddable":true,"href":"https:\/\/www.bdesign-floors.com\/it\/wp-json\/wp\/v2\/users\/8"}],"replies":[{"embeddable":true,"href":"https:\/\/www.bdesign-floors.com\/it\/wp-json\/wp\/v2\/comments?post=14037"}],"version-history":[{"count":1,"href":"https:\/\/www.bdesign-floors.com\/it\/wp-json\/wp\/v2\/pages\/14037\/revisions"}],"predecessor-version":[{"id":14038,"href":"https:\/\/www.bdesign-floors.com\/it\/wp-json\/wp\/v2\/pages\/14037\/revisions\/14038"}],"up":[{"embeddable":true,"href":"https:\/\/www.bdesign-floors.com\/it\/wp-json\/wp\/v2\/pages\/13715"}],"wp:attachment":[{"href":"https:\/\/www.bdesign-floors.com\/it\/wp-json\/wp\/v2\/media?parent=14037"}],"curies":[{"name":"wp","href":"https:\/\/api.w.org\/{rel}","templated":true}]}}