{"id":13687,"date":"2022-09-12T16:37:10","date_gmt":"2022-09-12T14:37:10","guid":{"rendered":"https:\/\/www.bdesign-floors.com\/tilbehoer-og-pleie\/"},"modified":"2022-09-13T16:55:52","modified_gmt":"2022-09-13T14:55:52","slug":"tilbehoer-og-pleie","status":"publish","type":"page","link":"https:\/\/www.bdesign-floors.com\/no\/tilbehoer-og-pleie\/","title":{"rendered":"Tilbeh\u00f8r og pleie"},"content":{"rendered":"<div id=\"bdesign2022_pageheader_block_62dfd623856fa\" class=\"bdesign2022_block bdesign2022_block--bdesign2022_pageheader\">\n    <div class=\"bdesign2022_block--wrapper\">\n                                    <div class=\"bdesign2022_ph-wrap is-single\">\n                    <div class=\"bdesign2022_ph-slide slidestyle-is-black orig-is-svart active\">\n                        <div class=\"slide-image\">\n                            <img decoding=\"async\" class=\"img-fluid logo\" src=\"https:\/\/www.bdesign-floors.com\/wp-content\/uploads\/2022\/09\/zubehoer-pflege-boden-b-design.jpg\" srcset=\"https:\/\/www.bdesign-floors.com\/wp-content\/uploads\/2022\/09\/zubehoer-pflege-boden-b-design.jpg 1110w, https:\/\/www.bdesign-floors.com\/wp-content\/uploads\/2022\/09\/zubehoer-pflege-boden-b-design-768x521.jpg 768w, https:\/\/www.bdesign-floors.com\/wp-content\/uploads\/2022\/09\/zubehoer-pflege-boden-b-design-442x300.jpg 442w\">                        <\/div>\n                        <div class=\"slide-area\">\n                            <div class=\"slide-area-wrapper\">\n                                <h1>Beskyttelse og omsorg for ditt dr\u00f8mmegulv<\/h1>\n                                <h6>Her finner du tilbeh\u00f8r av h\u00f8y kvalitet og de riktige pleieproduktene som du effektivt kan rengj\u00f8re og beskytte gulvene dine med.<\/h6>\n                                                                                            <\/div>\n                            <div class=\"slide-image-mobile d-md-none\">\n                                <img decoding=\"async\" class=\"img-fluid logo\" src=\"https:\/\/www.bdesign-floors.com\/wp-content\/uploads\/2022\/09\/zubehoer-pflege-boden-b-design.jpg\" srcset=\"https:\/\/www.bdesign-floors.com\/wp-content\/uploads\/2022\/09\/zubehoer-pflege-boden-b-design.jpg 1110w, https:\/\/www.bdesign-floors.com\/wp-content\/uploads\/2022\/09\/zubehoer-pflege-boden-b-design-768x521.jpg 768w, https:\/\/www.bdesign-floors.com\/wp-content\/uploads\/2022\/09\/zubehoer-pflege-boden-b-design-442x300.jpg 442w\">                            <\/div>\n                        <\/div>\n                    <\/div>\n                <\/div>\n                        <\/div>\n<\/div>\n\n\n<div id=\"bdesign2022_headline_block_62ea833e526c0\" class=\"bdesign2022_block bdesign2022_block--bdesign2022_headline\">\n    <div class=\"bdesign2022_block--wrapper\">\n        <div class=\"container my-4\">\n            \n                                    <h5 class=\"h5 tekst-start mt-5 mb-3\">Tilbeh\u00f8r og pleie<\/h5>\n                                                    <h2 class=\"h2 tekst-start mt-2 mb-4\">Pleie og tilbeh\u00f8r for legging<\/h2>\n                                \n                        <\/div>\n    <\/div>\n<\/div>\n\n\n<div id=\"bdesign2022_2columntext_block_62ea8358526c1\" class=\"bdesign2022_block bdesign2022_block--bdesign2022_2columntext\">\n    <div class=\"bdesign2022_block--wrapper\">\n        <div class=\"container my-4\">\n            <div class=\"row align-items-start\">\n                <div class=\"col-12 col-xxl-4 offset-0 offset-xxl-2 my-3\">\n                    <p>Enten det er underlagsmatte, gulvlister eller rengj\u00f8ringsmidler \u2013 her finner du det som er bra for ditt designgulv. P\u00e5 denne m\u00e5ten oppn\u00e5r du ikke bare et mer attraktivt utseende, men kan ogs\u00e5 opprettholde verdien av gulvet ditt p\u00e5 lang sikt. Avhengig av dine individuelle behov kan du velge mellom h\u00f8y kvalitet<\/p>\n                <\/div>\n                <div class=\"c0l-12 col-xxl-4 xxl-3 my-3\">\n                    <p>Velg pads og spesialrengj\u00f8ringsmidler. Du kan velge mellom et grunnleggende rengj\u00f8ringsmiddel som grunnpleie, t\u00f8rkepleie for naturlig bevaring av gulvet ditt og v\u00e5r oppfriskning for \u00e5 beskytte gulvene dine. Oppdag tilbeh\u00f8r og pleieprodukter fra b!design n\u00e5.<\/p>\n                <\/div>\n            <\/div>\n        <\/div>\n    <\/div>\n<\/div>\n\n\n<div id=\"bdesign2022_imagetext_block_62e799efe8da2\" class=\"bdesign2022_block bdesign2022_block--bdesign2022_imagetext\">\n    <div class=\"bdesign2022_block--wrapper\">\n        <div class=\"container\">\n            <div class=\"row align-items-center align-items-xxl-start align-items-xxxl-center\">\n                <div class=\"d-block d-md-block col-md-7 col-xl-4 col-xxl-5 col-xxxl-7 col-type-is-image col-count-is-1\"><img decoding=\"async\" class=\"img-fluid col-img\" src=\"https:\/\/www.bdesign-floors.com\/wp-content\/uploads\/2022\/09\/unterlagsmatte-zubehoer-pflege-boden-b-design.jpg\" srcset=\"https:\/\/www.bdesign-floors.com\/wp-content\/uploads\/2022\/09\/unterlagsmatte-zubehoer-pflege-boden-b-design.jpg 1110w, https:\/\/www.bdesign-floors.com\/wp-content\/uploads\/2022\/09\/unterlagsmatte-zubehoer-pflege-boden-b-design-768x510.jpg 768w, https:\/\/www.bdesign-floors.com\/wp-content\/uploads\/2022\/09\/unterlagsmatte-zubehoer-pflege-boden-b-design-452x300.jpg 452w\"><\/div><div class=\"col-12 col-xl-7 col-xxl-6 col-xxxl-4 col-type-is-imagetext col-count-is-2\"><h3>Hvorfor b!design-underlaget?<\/h3><p>b!design-underlaget har utmerket langtidsstabilitet og h\u00f8y trykkfasthet. Dette beskytter klikkforbindelsen mot skade eller spaltedannelse under h\u00f8y belastning. Legge gulvbord flytende? Fungerer ogs\u00e5! Underlaget kompenserer uhindret for temperaturendringer. Den reduserer lyden for \u00e5 redusere st\u00f8y for naboer under deg og redusere gangst\u00f8y i rommene.<\/p>\n<p>Ingen vil ha et kaldt gulv. Derfor hindrer matten ogs\u00e5 varmeenergi fra \u00e5 spre seg gjennom gulvet. Og du trenger ikke bekymre deg for mugg heller takket v\u00e6re v\u00e5r underlagsmatte, som lar luften sirkulere rett over fuktsperren.<\/p>\n<\/div>            <\/div>\n        <\/div>\n    <\/div>\n<\/div>\n\n\n<div id=\"bdesign2022_imagetext_block_62e79a3be8da5\" class=\"bdesign2022_block bdesign2022_block--bdesign2022_imagetext\">\n    <div class=\"bdesign2022_block--wrapper\">\n        <div class=\"container\">\n            <div class=\"row align-items-center align-items-xxl-start align-items-xxxl-center\">\n                <div class=\"col-12 col-xl-7 col-xxl-6 col-xxxl-4 col-type-is-imagetext col-count-is-1\"><h3>Tappeblokk for vinylgulv med klikkkobling<\/h3><p>Denne tappeblokken er spesielt utviklet for b!design designgulvbelegg med klikkforbindelse. Den kan brukes universelt, beskytter kanten ved legging og st\u00f8tter perfekt montering. Den hvite plastblokken er lett \u00e5 h\u00e5ndtere og vil hjelpe deg \u00e5 oppn\u00e5 en feilfri og langvarig montering.<\/p>\n<\/div><div class=\"d-block d-md-block col-md-7 col-xl-4 col-xxl-5 col-xxxl-7 col-type-is-image col-count-is-2\"><img decoding=\"async\" class=\"img-fluid col-img\" src=\"https:\/\/www.bdesign-floors.com\/wp-content\/uploads\/2022\/09\/schlagklotz-zubehoer-pflege-boden-b-design.jpg\" srcset=\"https:\/\/www.bdesign-floors.com\/wp-content\/uploads\/2022\/09\/schlagklotz-zubehoer-pflege-boden-b-design.jpg 1110w, https:\/\/www.bdesign-floors.com\/wp-content\/uploads\/2022\/09\/schlagklotz-zubehoer-pflege-boden-b-design-768x510.jpg 768w, https:\/\/www.bdesign-floors.com\/wp-content\/uploads\/2022\/09\/schlagklotz-zubehoer-pflege-boden-b-design-452x300.jpg 452w\"><\/div>            <\/div>\n        <\/div>\n    <\/div>\n<\/div>\n\n\n<div id=\"bdesign2022_imagetext_block_63186497b5d1a\" class=\"bdesign2022_block bdesign2022_block--bdesign2022_imagetext\">\n    <div class=\"bdesign2022_block--wrapper\">\n        <div class=\"container\">\n            <div class=\"row align-items-center align-items-xxl-start align-items-xxxl-center\">\n                <div class=\"d-block d-md-block col-md-7 col-xl-4 col-xxl-5 col-xxxl-7 col-type-is-image col-count-is-1\"><img decoding=\"async\" class=\"img-fluid col-img\" src=\"https:\/\/www.bdesign-floors.com\/wp-content\/uploads\/2022\/09\/scratchfix-zubehoer-pflege-boden-b-design.jpg\" srcset=\"https:\/\/www.bdesign-floors.com\/wp-content\/uploads\/2022\/09\/scratchfix-zubehoer-pflege-boden-b-design.jpg 1110w, https:\/\/www.bdesign-floors.com\/wp-content\/uploads\/2022\/09\/scratchfix-zubehoer-pflege-boden-b-design-768x510.jpg 768w, https:\/\/www.bdesign-floors.com\/wp-content\/uploads\/2022\/09\/scratchfix-zubehoer-pflege-boden-b-design-452x300.jpg 452w\"><\/div><div class=\"col-12 col-xl-7 col-xxl-6 col-xxxl-4 col-type-is-imagetext col-count-is-2\"><h3>Dr.Schutz reparasjonssett: ScratchFix<\/h3><p>Har gulvet noen tegn p\u00e5 slitasje? Ikke noe problem: Scratchfix-gulvreparasjonssettet fra Dr. Schutz er den ideelle l\u00f8sningen for delvis reparasjon av riper og stressbleking p\u00e5 designgulv og andre elastiske gulvbelegg. Den inkluderer PU Repair Spray for reparasjon av finere overflateriper og PU Repair Stick for reparasjon av dypere riper. Den inkluderer ogs\u00e5 en komplett tilbeh\u00f8rspakke med behandlingsinstruksjoner. Alt matchet glansmessig optimalt til moderne designgulv.<\/p>\n<\/div>            <\/div>\n        <\/div>\n    <\/div>\n<\/div>\n\n\n<div id=\"bdesign2022_imagetext_block_631985a118e97\" class=\"bdesign2022_block bdesign2022_block--bdesign2022_imagetext\">\n    <div class=\"bdesign2022_block--wrapper\">\n        <div class=\"container\">\n            <div class=\"row align-items-center align-items-xxl-start align-items-xxxl-center\">\n                <div class=\"col-12 col-xl-7 col-xxl-6 col-xxxl-4 col-type-is-imagetext col-count-is-1\"><h3>Pleie: Fra det grunnleggende rengj\u00f8ringsmiddelet til oppfriskningen<\/h3><p>Med v\u00e5re tre pleieprodukter vil gulvet ditt se friskt og str\u00e5lende ut igjen p\u00e5 et blunk: oppdag v\u00e5r oppfriskning, t\u00f8rkepleie og grunnleggende rengj\u00f8ringsmiddel.<\/p>\n<\/div><div class=\"d-block d-md-block col-md-7 col-xl-4 col-xxl-5 col-xxxl-7 col-type-is-image col-count-is-2\"><img decoding=\"async\" class=\"img-fluid col-img\" src=\"https:\/\/www.bdesign-floors.com\/wp-content\/uploads\/2022\/09\/pflegemittel-zubehoer-pflege-boden-b-design.jpg\" srcset=\"https:\/\/www.bdesign-floors.com\/wp-content\/uploads\/2022\/09\/pflegemittel-zubehoer-pflege-boden-b-design.jpg 1110w, https:\/\/www.bdesign-floors.com\/wp-content\/uploads\/2022\/09\/pflegemittel-zubehoer-pflege-boden-b-design-768x510.jpg 768w, https:\/\/www.bdesign-floors.com\/wp-content\/uploads\/2022\/09\/pflegemittel-zubehoer-pflege-boden-b-design-452x300.jpg 452w\"><\/div>            <\/div>\n        <\/div>\n    <\/div>\n<\/div>\n","protected":false},"excerpt":{"rendered":"","protected":false},"author":8,"featured_media":0,"parent":0,"menu_order":3,"comment_status":"closed","ping_status":"closed","template":"","meta":{"_acf_changed":false,"footnotes":""},"class_list":["post-13687","page","type-page","status-publish","hentry"],"acf":[],"yoast_head":"<!-- This site is optimized with the Yoast SEO plugin v24.2 - https:\/\/yoast.com\/wordpress\/plugins\/seo\/ -->\n<title>Tilbeh\u00f8r og pleie | b!design<\/title>\n<meta name=\"description\" content=\"Du kan ogs\u00e5 finne riktige rengj\u00f8rings- og pleieprodukter til ditt nye gulv hos b!design. Oppdag v\u00e5rt utvalg av h\u00f8ykvalitets tilbeh\u00f8r n\u00e5!\" \/>\n<meta name=\"robots\" content=\"index, follow, max-snippet:-1, max-image-preview:large, max-video-preview:-1\" \/>\n<link rel=\"canonical\" href=\"https:\/\/www.bdesign-floors.com\/no\/tilbehoer-og-pleie\/\" \/>\n<meta property=\"og:locale\" content=\"nb_NO\" \/>\n<meta property=\"og:type\" content=\"article\" \/>\n<meta property=\"og:title\" content=\"Tilbeh\u00f8r og pleie | b!design\" \/>\n<meta property=\"og:description\" content=\"Du kan ogs\u00e5 finne riktige rengj\u00f8rings- og pleieprodukter til ditt nye gulv hos b!design. Oppdag v\u00e5rt utvalg av h\u00f8ykvalitets tilbeh\u00f8r n\u00e5!\" \/>\n<meta property=\"og:url\" content=\"https:\/\/www.bdesign-floors.com\/no\/tilbehoer-og-pleie\/\" \/>\n<meta property=\"og:site_name\" content=\"b!design\" \/>\n<meta property=\"article:modified_time\" content=\"2022-09-13T14:55:52+00:00\" \/>\n<meta name=\"twitter:card\" content=\"summary_large_image\" \/>\n<script type=\"application\/ld+json\" class=\"yoast-schema-graph\">{\"@context\":\"https:\/\/schema.org\",\"@graph\":[{\"@type\":\"WebPage\",\"@id\":\"https:\/\/www.bdesign-floors.com\/no\/tilbehoer-og-pleie\/\",\"url\":\"https:\/\/www.bdesign-floors.com\/no\/tilbehoer-og-pleie\/\",\"name\":\"Tilbeh\u00f8r og pleie | b!design\",\"isPartOf\":{\"@id\":\"https:\/\/bdesign.wp.factory.blim-dev.com\/#website\"},\"datePublished\":\"2022-09-12T14:37:10+00:00\",\"dateModified\":\"2022-09-13T14:55:52+00:00\",\"description\":\"Du kan ogs\u00e5 finne riktige rengj\u00f8rings- og pleieprodukter til ditt nye gulv hos b!design. Oppdag v\u00e5rt utvalg av h\u00f8ykvalitets tilbeh\u00f8r n\u00e5!\",\"breadcrumb\":{\"@id\":\"https:\/\/www.bdesign-floors.com\/no\/tilbehoer-og-pleie\/#breadcrumb\"},\"inLanguage\":\"nb-NO\",\"potentialAction\":[{\"@type\":\"ReadAction\",\"target\":[\"https:\/\/www.bdesign-floors.com\/no\/tilbehoer-og-pleie\/\"]}]},{\"@type\":\"BreadcrumbList\",\"@id\":\"https:\/\/www.bdesign-floors.com\/no\/tilbehoer-og-pleie\/#breadcrumb\",\"itemListElement\":[{\"@type\":\"ListItem\",\"position\":1,\"name\":\"Home\",\"item\":\"https:\/\/www.bdesign-floors.com\/no\/\"},{\"@type\":\"ListItem\",\"position\":2,\"name\":\"Tilbeh\u00f8r og pleie\"}]},{\"@type\":\"WebSite\",\"@id\":\"https:\/\/bdesign.wp.factory.blim-dev.com\/#website\",\"url\":\"https:\/\/bdesign.wp.factory.blim-dev.com\/\",\"name\":\"b!design\",\"description\":\"Just another WordPress site\",\"potentialAction\":[{\"@type\":\"SearchAction\",\"target\":{\"@type\":\"EntryPoint\",\"urlTemplate\":\"https:\/\/bdesign.wp.factory.blim-dev.com\/?s={search_term_string}\"},\"query-input\":{\"@type\":\"PropertyValueSpecification\",\"valueRequired\":true,\"valueName\":\"search_term_string\"}}],\"inLanguage\":\"nb-NO\"}]}<\/script>\n<!-- \/ Yoast SEO plugin. -->","yoast_head_json":{"title":"Tilbeh\u00f8r og pleie | b!design","description":"Du kan ogs\u00e5 finne riktige rengj\u00f8rings- og pleieprodukter til ditt nye gulv hos b!design. Oppdag v\u00e5rt utvalg av h\u00f8ykvalitets tilbeh\u00f8r n\u00e5!","robots":{"index":"index","follow":"follow","max-snippet":"max-snippet:-1","max-image-preview":"max-image-preview:large","max-video-preview":"max-video-preview:-1"},"canonical":"https:\/\/www.bdesign-floors.com\/no\/tilbehoer-og-pleie\/","og_locale":"nb_NO","og_type":"article","og_title":"Tilbeh\u00f8r og pleie | b!design","og_description":"Du kan ogs\u00e5 finne riktige rengj\u00f8rings- og pleieprodukter til ditt nye gulv hos b!design. Oppdag v\u00e5rt utvalg av h\u00f8ykvalitets tilbeh\u00f8r n\u00e5!","og_url":"https:\/\/www.bdesign-floors.com\/no\/tilbehoer-og-pleie\/","og_site_name":"b!design","article_modified_time":"2022-09-13T14:55:52+00:00","twitter_card":"summary_large_image","schema":{"@context":"https:\/\/schema.org","@graph":[{"@type":"WebPage","@id":"https:\/\/www.bdesign-floors.com\/no\/tilbehoer-og-pleie\/","url":"https:\/\/www.bdesign-floors.com\/no\/tilbehoer-og-pleie\/","name":"Tilbeh\u00f8r og pleie | b!design","isPartOf":{"@id":"https:\/\/bdesign.wp.factory.blim-dev.com\/#website"},"datePublished":"2022-09-12T14:37:10+00:00","dateModified":"2022-09-13T14:55:52+00:00","description":"Du kan ogs\u00e5 finne riktige rengj\u00f8rings- og pleieprodukter til ditt nye gulv hos b!design. Oppdag v\u00e5rt utvalg av h\u00f8ykvalitets tilbeh\u00f8r n\u00e5!","breadcrumb":{"@id":"https:\/\/www.bdesign-floors.com\/no\/tilbehoer-og-pleie\/#breadcrumb"},"inLanguage":"nb-NO","potentialAction":[{"@type":"ReadAction","target":["https:\/\/www.bdesign-floors.com\/no\/tilbehoer-og-pleie\/"]}]},{"@type":"BreadcrumbList","@id":"https:\/\/www.bdesign-floors.com\/no\/tilbehoer-og-pleie\/#breadcrumb","itemListElement":[{"@type":"ListItem","position":1,"name":"Home","item":"https:\/\/www.bdesign-floors.com\/no\/"},{"@type":"ListItem","position":2,"name":"Tilbeh\u00f8r og pleie"}]},{"@type":"WebSite","@id":"https:\/\/bdesign.wp.factory.blim-dev.com\/#website","url":"https:\/\/bdesign.wp.factory.blim-dev.com\/","name":"b!design","description":"Just another WordPress site","potentialAction":[{"@type":"SearchAction","target":{"@type":"EntryPoint","urlTemplate":"https:\/\/bdesign.wp.factory.blim-dev.com\/?s={search_term_string}"},"query-input":{"@type":"PropertyValueSpecification","valueRequired":true,"valueName":"search_term_string"}}],"inLanguage":"nb-NO"}]}},"_links":{"self":[{"href":"https:\/\/www.bdesign-floors.com\/no\/wp-json\/wp\/v2\/pages\/13687","targetHints":{"allow":["GET"]}}],"collection":[{"href":"https:\/\/www.bdesign-floors.com\/no\/wp-json\/wp\/v2\/pages"}],"about":[{"href":"https:\/\/www.bdesign-floors.com\/no\/wp-json\/wp\/v2\/types\/page"}],"author":[{"embeddable":true,"href":"https:\/\/www.bdesign-floors.com\/no\/wp-json\/wp\/v2\/users\/8"}],"replies":[{"embeddable":true,"href":"https:\/\/www.bdesign-floors.com\/no\/wp-json\/wp\/v2\/comments?post=13687"}],"version-history":[{"count":3,"href":"https:\/\/www.bdesign-floors.com\/no\/wp-json\/wp\/v2\/pages\/13687\/revisions"}],"predecessor-version":[{"id":15627,"href":"https:\/\/www.bdesign-floors.com\/no\/wp-json\/wp\/v2\/pages\/13687\/revisions\/15627"}],"wp:attachment":[{"href":"https:\/\/www.bdesign-floors.com\/no\/wp-json\/wp\/v2\/media?parent=13687"}],"curies":[{"name":"wp","href":"https:\/\/api.w.org\/{rel}","templated":true}]}}