{"id":13762,"date":"2022-09-12T16:42:44","date_gmt":"2022-09-12T14:42:44","guid":{"rendered":"https:\/\/www.bdesign-floors.com\/nyttig-informasjon\/ofte-stilte-spoersmaal\/"},"modified":"2022-09-21T10:59:58","modified_gmt":"2022-09-21T08:59:58","slug":"ofte-stilte-spoersmaal","status":"publish","type":"page","link":"https:\/\/www.bdesign-floors.com\/no\/nyttig-informasjon\/ofte-stilte-spoersmaal\/","title":{"rendered":"ofte stilte sp\u00f8rsm\u00e5l"},"content":{"rendered":"<div id=\"bdesign2022_pageheader_block_62dfd623856fa\" class=\"bdesign2022_block bdesign2022_block--bdesign2022_pageheader\">\n    <div class=\"bdesign2022_block--wrapper\">\n                                    <div class=\"bdesign2022_ph-wrap is-single\">\n                    <div class=\"bdesign2022_ph-slide slidestyle-is-black orig-is-svart active\">\n                        <div class=\"slide-image\">\n                            <img decoding=\"async\" class=\"img-fluid logo\" src=\"https:\/\/www.bdesign-floors.com\/wp-content\/uploads\/2022\/08\/faq-designboden-b-design.jpg\" srcset=\"https:\/\/www.bdesign-floors.com\/wp-content\/uploads\/2022\/08\/faq-designboden-b-design.jpg 1110w, https:\/\/www.bdesign-floors.com\/wp-content\/uploads\/2022\/08\/faq-designboden-b-design-768x521.jpg 768w, https:\/\/www.bdesign-floors.com\/wp-content\/uploads\/2022\/08\/faq-designboden-b-design-442x300.jpg 442w\">                        <\/div>\n                        <div class=\"slide-area\">\n                            <div class=\"slide-area-wrapper\">\n                                <h1>ofte stilte sp\u00f8rsm\u00e5l<\/h1>\n                                <h6>Har du sp\u00f8rsm\u00e5l om de ulike b!design-produktene? Her finner du svar p\u00e5 de oftest stilte sp\u00f8rsm\u00e5lene.<\/h6>\n                                                                                            <\/div>\n                            <div class=\"slide-image-mobile d-md-none\">\n                                <img decoding=\"async\" class=\"img-fluid logo\" src=\"https:\/\/www.bdesign-floors.com\/wp-content\/uploads\/2022\/08\/faq-designboden-b-design.jpg\" srcset=\"https:\/\/www.bdesign-floors.com\/wp-content\/uploads\/2022\/08\/faq-designboden-b-design.jpg 1110w, https:\/\/www.bdesign-floors.com\/wp-content\/uploads\/2022\/08\/faq-designboden-b-design-768x521.jpg 768w, https:\/\/www.bdesign-floors.com\/wp-content\/uploads\/2022\/08\/faq-designboden-b-design-442x300.jpg 442w\">                            <\/div>\n                        <\/div>\n                    <\/div>\n                <\/div>\n                        <\/div>\n<\/div>\n<div id=\"bdesign2022_imagetext_block_62eb9d29cd1df\" class=\"bdesign2022_block bdesign2022_block--bdesign2022_imagetext\">\n    <div class=\"bdesign2022_block--wrapper\">\n        <div class=\"container\">\n            <div class=\"row align-items-center align-items-xxl-start align-items-xxxl-center\">\n                <div class=\"d-block d-md-block col-md-7 col-xl-4 col-xxl-5 col-xxxl-7 col-type-is-image col-count-is-1\"><img decoding=\"async\" class=\"img-fluid col-img\" src=\"https:\/\/www.bdesign-floors.com\/wp-content\/uploads\/2022\/09\/lvt-designboden-faq-b-design.jpg\" srcset=\"https:\/\/www.bdesign-floors.com\/wp-content\/uploads\/2022\/09\/lvt-designboden-faq-b-design.jpg 1110w, https:\/\/www.bdesign-floors.com\/wp-content\/uploads\/2022\/09\/lvt-designboden-faq-b-design-768x510.jpg 768w, https:\/\/www.bdesign-floors.com\/wp-content\/uploads\/2022\/09\/lvt-designboden-faq-b-design-452x300.jpg 452w\"><\/div><a href=\"https:\/\/www.bdesign-floors.com\/faq-category\/allgemeine-fragen-antworten\/\" class=\"col-12 col-md-5 col-type-is-faq faq-cat-is- col-count-is-2\"><h3>Generelle sp\u00f8rsm\u00e5l om b!design-produktene<\/h3><\/a>            <\/div>\n        <\/div>\n    <\/div>\n<\/div>\n<div id=\"bdesign2022_spacer_block_62eb9b93930b4\" class=\"bdesign2022_block bdesign2022_block--bdesign2022_spacer\">\n    <div class=\"bdesign2022_block--wrapper\">\n        <div class=\"spacer\" style=\"height: 100px\"><\/div>\n    <\/div>\n<\/div>\n","protected":false},"excerpt":{"rendered":"","protected":false},"author":8,"featured_media":0,"parent":13723,"menu_order":4,"comment_status":"closed","ping_status":"closed","template":"","meta":{"_acf_changed":false,"footnotes":""},"class_list":["post-13762","page","type-page","status-publish","hentry"],"acf":[],"yoast_head":"<!-- This site is optimized with the Yoast SEO plugin v24.2 - https:\/\/yoast.com\/wordpress\/plugins\/seo\/ -->\n<title>Ofte stilte sp\u00f8rsm\u00e5l | b!design<\/title>\n<meta name=\"description\" content=\"Har du sp\u00f8rsm\u00e5l om de ulike b!design-produktene? Her finner du svar p\u00e5 de oftest stilte sp\u00f8rsm\u00e5lene.\" \/>\n<meta name=\"robots\" content=\"index, follow, max-snippet:-1, max-image-preview:large, max-video-preview:-1\" \/>\n<link rel=\"canonical\" href=\"https:\/\/www.bdesign-floors.com\/no\/nyttig-informasjon\/ofte-stilte-spoersmaal\/\" \/>\n<meta property=\"og:locale\" content=\"nb_NO\" \/>\n<meta property=\"og:type\" content=\"article\" \/>\n<meta property=\"og:title\" content=\"Ofte stilte sp\u00f8rsm\u00e5l | b!design\" \/>\n<meta property=\"og:description\" content=\"Har du sp\u00f8rsm\u00e5l om de ulike b!design-produktene? Her finner du svar p\u00e5 de oftest stilte sp\u00f8rsm\u00e5lene.\" \/>\n<meta property=\"og:url\" content=\"https:\/\/www.bdesign-floors.com\/no\/nyttig-informasjon\/ofte-stilte-spoersmaal\/\" \/>\n<meta property=\"og:site_name\" content=\"b!design\" \/>\n<meta property=\"article:modified_time\" content=\"2022-09-21T08:59:58+00:00\" \/>\n<meta name=\"twitter:card\" content=\"summary_large_image\" \/>\n<script type=\"application\/ld+json\" class=\"yoast-schema-graph\">{\"@context\":\"https:\/\/schema.org\",\"@graph\":[{\"@type\":\"WebPage\",\"@id\":\"https:\/\/www.bdesign-floors.com\/no\/nyttig-informasjon\/ofte-stilte-spoersmaal\/\",\"url\":\"https:\/\/www.bdesign-floors.com\/no\/nyttig-informasjon\/ofte-stilte-spoersmaal\/\",\"name\":\"Ofte stilte sp\u00f8rsm\u00e5l | b!design\",\"isPartOf\":{\"@id\":\"https:\/\/bdesign.wp.factory.blim-dev.com\/#website\"},\"datePublished\":\"2022-09-12T14:42:44+00:00\",\"dateModified\":\"2022-09-21T08:59:58+00:00\",\"description\":\"Har du sp\u00f8rsm\u00e5l om de ulike b!design-produktene? Her finner du svar p\u00e5 de oftest stilte sp\u00f8rsm\u00e5lene.\",\"breadcrumb\":{\"@id\":\"https:\/\/www.bdesign-floors.com\/no\/nyttig-informasjon\/ofte-stilte-spoersmaal\/#breadcrumb\"},\"inLanguage\":\"nb-NO\",\"potentialAction\":[{\"@type\":\"ReadAction\",\"target\":[\"https:\/\/www.bdesign-floors.com\/no\/nyttig-informasjon\/ofte-stilte-spoersmaal\/\"]}]},{\"@type\":\"BreadcrumbList\",\"@id\":\"https:\/\/www.bdesign-floors.com\/no\/nyttig-informasjon\/ofte-stilte-spoersmaal\/#breadcrumb\",\"itemListElement\":[{\"@type\":\"ListItem\",\"position\":1,\"name\":\"Home\",\"item\":\"https:\/\/www.bdesign-floors.com\/no\/\"},{\"@type\":\"ListItem\",\"position\":2,\"name\":\"nyttig informasjon\",\"item\":\"https:\/\/bdesign.wp.factory.blim-dev.com\/no\/nyttig-informasjon\/\"},{\"@type\":\"ListItem\",\"position\":3,\"name\":\"ofte stilte sp\u00f8rsm\u00e5l\"}]},{\"@type\":\"WebSite\",\"@id\":\"https:\/\/bdesign.wp.factory.blim-dev.com\/#website\",\"url\":\"https:\/\/bdesign.wp.factory.blim-dev.com\/\",\"name\":\"b!design\",\"description\":\"Just another WordPress site\",\"potentialAction\":[{\"@type\":\"SearchAction\",\"target\":{\"@type\":\"EntryPoint\",\"urlTemplate\":\"https:\/\/bdesign.wp.factory.blim-dev.com\/?s={search_term_string}\"},\"query-input\":{\"@type\":\"PropertyValueSpecification\",\"valueRequired\":true,\"valueName\":\"search_term_string\"}}],\"inLanguage\":\"nb-NO\"}]}<\/script>\n<!-- \/ Yoast SEO plugin. -->","yoast_head_json":{"title":"Ofte stilte sp\u00f8rsm\u00e5l | b!design","description":"Har du sp\u00f8rsm\u00e5l om de ulike b!design-produktene? Her finner du svar p\u00e5 de oftest stilte sp\u00f8rsm\u00e5lene.","robots":{"index":"index","follow":"follow","max-snippet":"max-snippet:-1","max-image-preview":"max-image-preview:large","max-video-preview":"max-video-preview:-1"},"canonical":"https:\/\/www.bdesign-floors.com\/no\/nyttig-informasjon\/ofte-stilte-spoersmaal\/","og_locale":"nb_NO","og_type":"article","og_title":"Ofte stilte sp\u00f8rsm\u00e5l | b!design","og_description":"Har du sp\u00f8rsm\u00e5l om de ulike b!design-produktene? Her finner du svar p\u00e5 de oftest stilte sp\u00f8rsm\u00e5lene.","og_url":"https:\/\/www.bdesign-floors.com\/no\/nyttig-informasjon\/ofte-stilte-spoersmaal\/","og_site_name":"b!design","article_modified_time":"2022-09-21T08:59:58+00:00","twitter_card":"summary_large_image","schema":{"@context":"https:\/\/schema.org","@graph":[{"@type":"WebPage","@id":"https:\/\/www.bdesign-floors.com\/no\/nyttig-informasjon\/ofte-stilte-spoersmaal\/","url":"https:\/\/www.bdesign-floors.com\/no\/nyttig-informasjon\/ofte-stilte-spoersmaal\/","name":"Ofte stilte sp\u00f8rsm\u00e5l | b!design","isPartOf":{"@id":"https:\/\/bdesign.wp.factory.blim-dev.com\/#website"},"datePublished":"2022-09-12T14:42:44+00:00","dateModified":"2022-09-21T08:59:58+00:00","description":"Har du sp\u00f8rsm\u00e5l om de ulike b!design-produktene? Her finner du svar p\u00e5 de oftest stilte sp\u00f8rsm\u00e5lene.","breadcrumb":{"@id":"https:\/\/www.bdesign-floors.com\/no\/nyttig-informasjon\/ofte-stilte-spoersmaal\/#breadcrumb"},"inLanguage":"nb-NO","potentialAction":[{"@type":"ReadAction","target":["https:\/\/www.bdesign-floors.com\/no\/nyttig-informasjon\/ofte-stilte-spoersmaal\/"]}]},{"@type":"BreadcrumbList","@id":"https:\/\/www.bdesign-floors.com\/no\/nyttig-informasjon\/ofte-stilte-spoersmaal\/#breadcrumb","itemListElement":[{"@type":"ListItem","position":1,"name":"Home","item":"https:\/\/www.bdesign-floors.com\/no\/"},{"@type":"ListItem","position":2,"name":"nyttig informasjon","item":"https:\/\/bdesign.wp.factory.blim-dev.com\/no\/nyttig-informasjon\/"},{"@type":"ListItem","position":3,"name":"ofte stilte sp\u00f8rsm\u00e5l"}]},{"@type":"WebSite","@id":"https:\/\/bdesign.wp.factory.blim-dev.com\/#website","url":"https:\/\/bdesign.wp.factory.blim-dev.com\/","name":"b!design","description":"Just another WordPress site","potentialAction":[{"@type":"SearchAction","target":{"@type":"EntryPoint","urlTemplate":"https:\/\/bdesign.wp.factory.blim-dev.com\/?s={search_term_string}"},"query-input":{"@type":"PropertyValueSpecification","valueRequired":true,"valueName":"search_term_string"}}],"inLanguage":"nb-NO"}]}},"_links":{"self":[{"href":"https:\/\/www.bdesign-floors.com\/no\/wp-json\/wp\/v2\/pages\/13762","targetHints":{"allow":["GET"]}}],"collection":[{"href":"https:\/\/www.bdesign-floors.com\/no\/wp-json\/wp\/v2\/pages"}],"about":[{"href":"https:\/\/www.bdesign-floors.com\/no\/wp-json\/wp\/v2\/types\/page"}],"author":[{"embeddable":true,"href":"https:\/\/www.bdesign-floors.com\/no\/wp-json\/wp\/v2\/users\/8"}],"replies":[{"embeddable":true,"href":"https:\/\/www.bdesign-floors.com\/no\/wp-json\/wp\/v2\/comments?post=13762"}],"version-history":[{"count":2,"href":"https:\/\/www.bdesign-floors.com\/no\/wp-json\/wp\/v2\/pages\/13762\/revisions"}],"predecessor-version":[{"id":16255,"href":"https:\/\/www.bdesign-floors.com\/no\/wp-json\/wp\/v2\/pages\/13762\/revisions\/16255"}],"up":[{"embeddable":true,"href":"https:\/\/www.bdesign-floors.com\/no\/wp-json\/wp\/v2\/pages\/13723"}],"wp:attachment":[{"href":"https:\/\/www.bdesign-floors.com\/no\/wp-json\/wp\/v2\/media?parent=13762"}],"curies":[{"name":"wp","href":"https:\/\/api.w.org\/{rel}","templated":true}]}}