{"id":13992,"date":"2022-09-12T17:00:51","date_gmt":"2022-09-12T15:00:51","guid":{"rendered":"https:\/\/www.bdesign-floors.com\/nyttig-informasjon\/sunn-livsstil\/"},"modified":"2022-09-12T17:00:51","modified_gmt":"2022-09-12T15:00:51","slug":"sunn-livsstil","status":"publish","type":"page","link":"https:\/\/www.bdesign-floors.com\/no\/nyttig-informasjon\/sunn-livsstil\/","title":{"rendered":"Sunn livsstil"},"content":{"rendered":"<div id=\"bdesign2022_pageheader_block_62dfd623856fa\" class=\"bdesign2022_block bdesign2022_block--bdesign2022_pageheader\">\n    <div class=\"bdesign2022_block--wrapper\">\n                                    <div class=\"bdesign2022_ph-wrap is-single\">\n                    <div class=\"bdesign2022_ph-slide slidestyle-is-black orig-is-svart active\">\n                        <div class=\"slide-image\">\n                            <img decoding=\"async\" class=\"img-fluid logo\" src=\"https:\/\/www.bdesign-floors.com\/wp-content\/uploads\/2022\/08\/sentinel-haus-zertifikat-gesund-wohnen-b-design.jpg\" srcset=\"https:\/\/www.bdesign-floors.com\/wp-content\/uploads\/2022\/08\/sentinel-haus-zertifikat-gesund-wohnen-b-design.jpg 1110w, https:\/\/www.bdesign-floors.com\/wp-content\/uploads\/2022\/08\/sentinel-haus-zertifikat-gesund-wohnen-b-design-768x521.jpg 768w, https:\/\/www.bdesign-floors.com\/wp-content\/uploads\/2022\/08\/sentinel-haus-zertifikat-gesund-wohnen-b-design-442x300.jpg 442w\">                        <\/div>\n                        <div class=\"slide-area\">\n                            <div class=\"slide-area-wrapper\">\n                                <h1>Sunn livsstil \u2013 sertifisert lavt innhold av forurensninger<\/h1>\n                                <h6>b!design er avhengig av b\u00e6rekraftig bruk av r\u00e5varer for et langsiktig sunt milj\u00f8, noe som ogs\u00e5 bekreftes av Sentinel House Institute.<\/h6>\n                                                                                            <\/div>\n                            <div class=\"slide-image-mobile d-md-none\">\n                                <img decoding=\"async\" class=\"img-fluid logo\" src=\"https:\/\/www.bdesign-floors.com\/wp-content\/uploads\/2022\/08\/sentinel-haus-zertifikat-gesund-wohnen-b-design.jpg\" srcset=\"https:\/\/www.bdesign-floors.com\/wp-content\/uploads\/2022\/08\/sentinel-haus-zertifikat-gesund-wohnen-b-design.jpg 1110w, https:\/\/www.bdesign-floors.com\/wp-content\/uploads\/2022\/08\/sentinel-haus-zertifikat-gesund-wohnen-b-design-768x521.jpg 768w, https:\/\/www.bdesign-floors.com\/wp-content\/uploads\/2022\/08\/sentinel-haus-zertifikat-gesund-wohnen-b-design-442x300.jpg 442w\">                            <\/div>\n                        <\/div>\n                    <\/div>\n                <\/div>\n                        <\/div>\n<\/div>\n<div id=\"bdesign2022_headline_block_62ea833e526c0\" class=\"bdesign2022_block bdesign2022_block--bdesign2022_headline\">\n    <div class=\"bdesign2022_block--wrapper\">\n        <div class=\"container my-4\">\n            \n                                    <h5 class=\"h5 tekst-start mt-5 mb-3\">Anbefalt av Sentinel House Institute<\/h5>\n                                                    <h2 class=\"h2 tekst-start mt-2 mb-4\">Sentinel House: <br>Sjekket. Vurdert. Godkjent.<\/h2>\n                                \n                        <\/div>\n    <\/div>\n<\/div>\n<div id=\"bdesign2022_2columntext_block_62ea8358526c1\" class=\"bdesign2022_block bdesign2022_block--bdesign2022_2columntext\">\n    <div class=\"bdesign2022_block--wrapper\">\n        <div class=\"container my-4\">\n            <div class=\"row align-items-start\">\n                <div class=\"col-12 col-xxl-4 offset-0 offset-xxl-2 my-3\">\n                    <p>La oss innr\u00f8mme det &#8211; vi \u00f8nsker alle \u00e5 v\u00e6re sunne og leve. Betydningen av personlig og egen families velv\u00e6re er ubestridt og har \u00f8kt kontinuerlig i \u00e5revis. F\u00f8rst og fremst tenker vi imidlertid p\u00e5 omr\u00e5dene ern\u00e6ring, fitness og velv\u00e6re. Hvorfor ikke p\u00e5 gulv? Det er akkurat her b!design kommer inn i bildet: f\u00e5 en sunn livsstil <a href=\"https:\/\/www.bdesign-floors.com\/no\/?page_id=13337\">Design gulv<\/a> i dine fire vegger \u2013 og ta pusten dypt! b!design-gulvene er fra v\u00e5r partner \u2013<\/p>\n                <\/div>\n                <div class=\"c0l-12 col-xxl-4 xxl-3 my-3\">\n                    <p><a href=\"https:\/\/www.sentinel-haus.de\/de\/suche?term=b!design+&amp;manufacturer%5B%5D=10819\" target=\"_blank\" rel=\"noopener\">Sentinel Haus Institut<\/a> \u2013 testet, evaluert og godkjent. Instituttet er markeds- og kunnskapsledende innen byggehelse. Og utvikler de vitenskapelige funnene om innend\u00f8rs helse i et omfattende nettverk. Disse markedsf\u00f8res s\u00e5 gjennom praktisk implementering i bygninger av alle slag. S\u00e5 du kan v\u00e6re sikker: Gulvbelegg, testet av Sentinel Haus Institut, er lite forurensende og sunt \u00e5 leve i.<\/p>\n                <\/div>\n            <\/div>\n        <\/div>\n    <\/div>\n<\/div>\n<div id=\"bdesign2022_customcontent_block_63049aa17eb90\" class=\"bdesign2022_block bdesign2022_block--bdesign2022_customcontent\">\n    <div class=\"bdesign2022_block--wrapper\">\n        <div class=\"container\">\n            <div class=\"row\">\n                \n                <div class=\"col-12 col-sm-10\" style=\"margin:0 auto;text-align: center;\">\n                    <div class=\"container-centered\">\n                        <p><img loading=\"lazy\" decoding=\"async\" class=\"size-medium wp-image-3449 aligncenter\" src=\"https:\/\/www.bdesign-floors.com\/wp-content\/uploads\/2022\/09\/sentinel-haus-logo-444x300.png\" alt=\"\" width=\"444\" height=\"300\" srcset=\"https:\/\/www.bdesign-floors.com\/wp-content\/uploads\/2022\/09\/sentinel-haus-logo-444x300.png 444w, https:\/\/www.bdesign-floors.com\/wp-content\/uploads\/2022\/09\/sentinel-haus-logo-768x519.png 768w, https:\/\/www.bdesign-floors.com\/wp-content\/uploads\/2022\/09\/sentinel-haus-logo.png 1000w\" sizes=\"auto, (max-width: 444px) 100vw, 444px\" \/><\/p>\n                    <\/div>\n                <\/div>\n\n                            <\/div>\n        <\/div>\n    <\/div>\n<\/div>\n<div id=\"bdesign2022_switchstyle_block_630db52453892\" class=\"bdesign2022_style bdesign2022_style--bdesign2022_switchstyle\" data-switchstyle=\"black\">\n<div id=\"bdesign2022_customcontent_block_630ce0eb71a71\" class=\"bdesign2022_block bdesign2022_block--bdesign2022_customcontent\">\n    <div class=\"bdesign2022_block--wrapper\">\n        <div class=\"container\">\n            <div class=\"row\">\n                \n                <div class=\"col-12 col-sm-10\" style=\"margin:0 auto;text-align: center;\">\n                    <div class=\"container-centered\">\n                        <a class=\"btn btn-bdesign2022 btn-linkcta\" href=\"https:\/\/www.sentinel-haus.de\/de\/suche?term=b%21design\" target=\"_blank\">Zum Sentinel Haus Institut<\/a>                    <\/div>\n                <\/div>\n\n                            <\/div>\n        <\/div>\n    <\/div>\n<\/div>\n<\/div>\n","protected":false},"excerpt":{"rendered":"","protected":false},"author":8,"featured_media":0,"parent":13723,"menu_order":5,"comment_status":"closed","ping_status":"closed","template":"","meta":{"_acf_changed":false,"footnotes":""},"class_list":["post-13992","page","type-page","status-publish","hentry"],"acf":[],"yoast_head":"<!-- This site is optimized with the Yoast SEO plugin v24.2 - https:\/\/yoast.com\/wordpress\/plugins\/seo\/ -->\n<title>Sunn livsstil | b!design<\/title>\n<meta name=\"description\" content=\"Sentinelhuset er markeds- og kunnskapsleder for helse i bygg og publiserer kun produkter som er testet for skadelige stoffer.\" \/>\n<meta name=\"robots\" content=\"index, follow, max-snippet:-1, max-image-preview:large, max-video-preview:-1\" \/>\n<link rel=\"canonical\" href=\"https:\/\/www.bdesign-floors.com\/no\/nyttig-informasjon\/sunn-livsstil\/\" \/>\n<meta property=\"og:locale\" content=\"nb_NO\" \/>\n<meta property=\"og:type\" content=\"article\" \/>\n<meta property=\"og:title\" content=\"Sunn livsstil | b!design\" \/>\n<meta property=\"og:description\" content=\"Sentinelhuset er markeds- og kunnskapsleder for helse i bygg og publiserer kun produkter som er testet for skadelige stoffer.\" \/>\n<meta property=\"og:url\" content=\"https:\/\/www.bdesign-floors.com\/no\/nyttig-informasjon\/sunn-livsstil\/\" \/>\n<meta property=\"og:site_name\" content=\"b!design\" \/>\n<meta name=\"twitter:card\" content=\"summary_large_image\" \/>\n<script type=\"application\/ld+json\" class=\"yoast-schema-graph\">{\"@context\":\"https:\/\/schema.org\",\"@graph\":[{\"@type\":\"WebPage\",\"@id\":\"https:\/\/www.bdesign-floors.com\/no\/nyttig-informasjon\/sunn-livsstil\/\",\"url\":\"https:\/\/www.bdesign-floors.com\/no\/nyttig-informasjon\/sunn-livsstil\/\",\"name\":\"Sunn livsstil | b!design\",\"isPartOf\":{\"@id\":\"https:\/\/bdesign.wp.factory.blim-dev.com\/#website\"},\"datePublished\":\"2022-09-12T15:00:51+00:00\",\"dateModified\":\"2022-09-12T15:00:51+00:00\",\"description\":\"Sentinelhuset er markeds- og kunnskapsleder for helse i bygg og publiserer kun produkter som er testet for skadelige stoffer.\",\"breadcrumb\":{\"@id\":\"https:\/\/www.bdesign-floors.com\/no\/nyttig-informasjon\/sunn-livsstil\/#breadcrumb\"},\"inLanguage\":\"nb-NO\",\"potentialAction\":[{\"@type\":\"ReadAction\",\"target\":[\"https:\/\/www.bdesign-floors.com\/no\/nyttig-informasjon\/sunn-livsstil\/\"]}]},{\"@type\":\"BreadcrumbList\",\"@id\":\"https:\/\/www.bdesign-floors.com\/no\/nyttig-informasjon\/sunn-livsstil\/#breadcrumb\",\"itemListElement\":[{\"@type\":\"ListItem\",\"position\":1,\"name\":\"Home\",\"item\":\"https:\/\/www.bdesign-floors.com\/no\/\"},{\"@type\":\"ListItem\",\"position\":2,\"name\":\"nyttig informasjon\",\"item\":\"https:\/\/bdesign.wp.factory.blim-dev.com\/no\/nyttig-informasjon\/\"},{\"@type\":\"ListItem\",\"position\":3,\"name\":\"Sunn livsstil\"}]},{\"@type\":\"WebSite\",\"@id\":\"https:\/\/bdesign.wp.factory.blim-dev.com\/#website\",\"url\":\"https:\/\/bdesign.wp.factory.blim-dev.com\/\",\"name\":\"b!design\",\"description\":\"Just another WordPress site\",\"potentialAction\":[{\"@type\":\"SearchAction\",\"target\":{\"@type\":\"EntryPoint\",\"urlTemplate\":\"https:\/\/bdesign.wp.factory.blim-dev.com\/?s={search_term_string}\"},\"query-input\":{\"@type\":\"PropertyValueSpecification\",\"valueRequired\":true,\"valueName\":\"search_term_string\"}}],\"inLanguage\":\"nb-NO\"}]}<\/script>\n<!-- \/ Yoast SEO plugin. -->","yoast_head_json":{"title":"Sunn livsstil | b!design","description":"Sentinelhuset er markeds- og kunnskapsleder for helse i bygg og publiserer kun produkter som er testet for skadelige stoffer.","robots":{"index":"index","follow":"follow","max-snippet":"max-snippet:-1","max-image-preview":"max-image-preview:large","max-video-preview":"max-video-preview:-1"},"canonical":"https:\/\/www.bdesign-floors.com\/no\/nyttig-informasjon\/sunn-livsstil\/","og_locale":"nb_NO","og_type":"article","og_title":"Sunn livsstil | b!design","og_description":"Sentinelhuset er markeds- og kunnskapsleder for helse i bygg og publiserer kun produkter som er testet for skadelige stoffer.","og_url":"https:\/\/www.bdesign-floors.com\/no\/nyttig-informasjon\/sunn-livsstil\/","og_site_name":"b!design","twitter_card":"summary_large_image","schema":{"@context":"https:\/\/schema.org","@graph":[{"@type":"WebPage","@id":"https:\/\/www.bdesign-floors.com\/no\/nyttig-informasjon\/sunn-livsstil\/","url":"https:\/\/www.bdesign-floors.com\/no\/nyttig-informasjon\/sunn-livsstil\/","name":"Sunn livsstil | b!design","isPartOf":{"@id":"https:\/\/bdesign.wp.factory.blim-dev.com\/#website"},"datePublished":"2022-09-12T15:00:51+00:00","dateModified":"2022-09-12T15:00:51+00:00","description":"Sentinelhuset er markeds- og kunnskapsleder for helse i bygg og publiserer kun produkter som er testet for skadelige stoffer.","breadcrumb":{"@id":"https:\/\/www.bdesign-floors.com\/no\/nyttig-informasjon\/sunn-livsstil\/#breadcrumb"},"inLanguage":"nb-NO","potentialAction":[{"@type":"ReadAction","target":["https:\/\/www.bdesign-floors.com\/no\/nyttig-informasjon\/sunn-livsstil\/"]}]},{"@type":"BreadcrumbList","@id":"https:\/\/www.bdesign-floors.com\/no\/nyttig-informasjon\/sunn-livsstil\/#breadcrumb","itemListElement":[{"@type":"ListItem","position":1,"name":"Home","item":"https:\/\/www.bdesign-floors.com\/no\/"},{"@type":"ListItem","position":2,"name":"nyttig informasjon","item":"https:\/\/bdesign.wp.factory.blim-dev.com\/no\/nyttig-informasjon\/"},{"@type":"ListItem","position":3,"name":"Sunn livsstil"}]},{"@type":"WebSite","@id":"https:\/\/bdesign.wp.factory.blim-dev.com\/#website","url":"https:\/\/bdesign.wp.factory.blim-dev.com\/","name":"b!design","description":"Just another WordPress site","potentialAction":[{"@type":"SearchAction","target":{"@type":"EntryPoint","urlTemplate":"https:\/\/bdesign.wp.factory.blim-dev.com\/?s={search_term_string}"},"query-input":{"@type":"PropertyValueSpecification","valueRequired":true,"valueName":"search_term_string"}}],"inLanguage":"nb-NO"}]}},"_links":{"self":[{"href":"https:\/\/www.bdesign-floors.com\/no\/wp-json\/wp\/v2\/pages\/13992","targetHints":{"allow":["GET"]}}],"collection":[{"href":"https:\/\/www.bdesign-floors.com\/no\/wp-json\/wp\/v2\/pages"}],"about":[{"href":"https:\/\/www.bdesign-floors.com\/no\/wp-json\/wp\/v2\/types\/page"}],"author":[{"embeddable":true,"href":"https:\/\/www.bdesign-floors.com\/no\/wp-json\/wp\/v2\/users\/8"}],"replies":[{"embeddable":true,"href":"https:\/\/www.bdesign-floors.com\/no\/wp-json\/wp\/v2\/comments?post=13992"}],"version-history":[{"count":1,"href":"https:\/\/www.bdesign-floors.com\/no\/wp-json\/wp\/v2\/pages\/13992\/revisions"}],"predecessor-version":[{"id":13993,"href":"https:\/\/www.bdesign-floors.com\/no\/wp-json\/wp\/v2\/pages\/13992\/revisions\/13993"}],"up":[{"embeddable":true,"href":"https:\/\/www.bdesign-floors.com\/no\/wp-json\/wp\/v2\/pages\/13723"}],"wp:attachment":[{"href":"https:\/\/www.bdesign-floors.com\/no\/wp-json\/wp\/v2\/media?parent=13992"}],"curies":[{"name":"wp","href":"https:\/\/api.w.org\/{rel}","templated":true}]}}