{"id":14007,"date":"2022-09-12T17:18:36","date_gmt":"2022-09-12T15:18:36","guid":{"rendered":"https:\/\/www.bdesign-floors.com\/om-oss\/personvern\/"},"modified":"2022-10-17T10:49:33","modified_gmt":"2022-10-17T08:49:33","slug":"personvern","status":"publish","type":"page","link":"https:\/\/www.bdesign-floors.com\/no\/om-oss\/personvern\/","title":{"rendered":"personvern"},"content":{"rendered":"<div id=\"bdesign2022_spacer_block_63061d222b814\" class=\"bdesign2022_block bdesign2022_block--bdesign2022_spacer\">\n    <div class=\"bdesign2022_block--wrapper\">\n        <div class=\"spacer\" style=\"height: 100px\"><\/div>\n    <\/div>\n<\/div>\n<div id=\"bdesign2022_customcontent_block_63061cc72b813\" class=\"bdesign2022_block bdesign2022_block--bdesign2022_customcontent\">\n    <div class=\"bdesign2022_block--wrapper\">\n        <div class=\"container\">\n            <div class=\"row\">\n                \n                    <div class=\"col-0 col-sm-2\"><\/div>\n                    <div class=\"col-12 col-sm-10 my-4\">\n                        <h1>Data beskyttelse<\/h1>\n<p>Personvernet ditt er viktig for oss. Du skal f\u00f8le deg trygg hos oss. Derfor sikrer vi og v\u00e5r databeskyttelsesansvarlige overholdelse av databeskyttelsesbestemmelser, spesielt den europeiske generelle databeskyttelsesforordningen (GDPR) og den f\u00f8derale databeskyttelsesloven (BDSG). Nedenfor \u00f8nsker vi \u00e5 informere deg om form\u00e5lene som dataene dine behandles for og hvordan du kan ut\u00f8ve dine rettigheter. Du kan n\u00e5r som helst hente frem databeskyttelseserkl\u00e6ringen via fanen &laquo;Databeskyttelse&raquo; nederst p\u00e5 hver side.<\/p>\n<h4>Navn og kontaktinformasjon til den ansvarlige<\/h4>\n<p>B! Design er et tilbud fra BAUHAUS. Kundest\u00f8tte ytes av BAUHAUS-selskapene ( <a href=\"https:\/\/www.bauhaus.info\/gesellschaften\" target=\"_blank\" rel=\"noopener noreferrer\">https:\/\/www.bauhaus.info\/gesellschaft<\/a> ) p\u00e5 grunnlag av en avtale om felles ansvar i. s.d. Art 26 para. 1 setning 1 GDPR. Det sentrale kontaktpunktet for henvendelser om databeskyttelse fra kunder eller registrerte er<\/p>\n<p><strong>BAUHAUS AG<\/strong><br \/>\nFilial i Mannheim<br \/>\nGutenbergstrasse 21<br \/>\n68167 Mannheim<br \/>\nTyskland<br \/>\nTelefon: 0800 3905 000<br \/>\nE-post: <a href=\"mailto:datenschutz@bauhaus.info\">datenschutz@bauhaus.info<\/a> .<\/p>\n<p>BAUHAUS AG p\u00e5tar seg oppfyllelsen av rettighetene til den registrerte i samsvar med GDPR (se nedenfor: rettighetene til den registrerte).<br \/>\nBAUHAUS-selskapene videresender alle henvendelser fra kunder og tredjeparter om databeskyttelse til BAUHAUS AG. Direkte henvendelser til personvernombudet forblir up\u00e5virket. Det vesentlige innholdet i avtalen mellom felleskontroll\u00f8rer i. s.d. Art 26 para. 1 S. 1 GDPR finner du p\u00e5: <a href=\"https:\/\/www.bauhaus.info\/gemeinsam_verantwortliche\" target=\"_blank\" rel=\"noopener noreferrer\">www.bauhaus.info\/gemeinsam_behinderte<\/a> .<\/p>\n<h4>Kontaktinformasjon til personvernombudet<\/h4>\n<p>Hvis du som datasubjekt har sp\u00f8rsm\u00e5l om hvordan dataene dine h\u00e5ndteres i henhold til databeskyttelsesloven, har du to m\u00e5ter \u00e5 stille sp\u00f8rsm\u00e5l eller sende inn foresp\u00f8rselen din p\u00e5:<\/p>\n<ul>\n<li>For generelle henvendelser om databeskyttelse og hevdelse av registrerte rettigheter, som f.eks B. en foresp\u00f8rsel om informasjon, vennligst kontakt BAUHAUS databeskyttelse p\u00e5: datenschutz@bauhaus.info, spesifiser din foresp\u00f8rsel og din kontaktadresse; og<\/li>\n<li>For spesielle henvendelser er du ogs\u00e5 velkommen til \u00e5 kontakte den utnevnte personvernombudet direkte n\u00e5r som helst p\u00e5: <a href=\"mailto:datenschutzbeauftragter@bauhaus.info.\">datenschutzbeauftragter@bauhaus.info.<\/a><\/li>\n<\/ul>\n<h4>Form\u00e5l og rettslig grunnlag for databehandling<\/h4>\n<h6>serverloggfiler<\/h6>\n<p>N\u00e5r du bes\u00f8ker nettsiden www.bdesign-vinyl.de, registrerer webserveren dette automatisk i s\u00e5kalte serverloggfiler. Disse dataene inkluderer nettleseren som brukes, operativsystemet og tilgangstid. Disse dataene brukes kun for statistisk evaluering og av sikkerhetsmessige \u00e5rsaker (f.eks. for \u00e5 avklare misbruk eller svindel) og for \u00e5 drive nettstedet. Det rettslige grunnlaget for databehandling er art 6 para. 1 s. 1 lit. f) GDPR. V\u00e5r legitime interesse ligger i drift, presentasjon og forbedring av stabiliteten og funksjonaliteten til nettstedet v\u00e5rt.<\/p>\n<p>Utlevering av de nevnte personopplysningene fra deg er verken juridisk eller kontraktsmessig p\u00e5krevd. Uten \u00e5 behandle serverloggfilene kan tjenesten og funksjonaliteten til nettstedet v\u00e5rt imidlertid ikke garanteres. I tillegg kan det hende at individuelle tjenester ikke er tilgjengelige eller kan v\u00e6re begrenset.<\/p>\n<h6>Bruk av informasjonskapsler<\/h6>\n<p>N\u00e5r du bruker nettstedet v\u00e5rt, lagres informasjonskapsler p\u00e5 datamaskinen din. Informasjonskapsler er sm\u00e5 tekstfiler som lagres p\u00e5 harddisken din, tilordnes nettleseren du bruker, og gjennom hvilke viss informasjon flyter til stedet som setter informasjonskapselen.<\/p>\n<p>Informasjonskapsler kan ikke kj\u00f8re programmer eller overf\u00f8re virus til datamaskinen din. De tjener til \u00e5 gj\u00f8re Internett-tilbudet mer brukervennlig og effektivt totalt sett. Informasjonskapsler brukes p\u00e5 denne nettsiden, for eksempel for \u00e5 kunne evaluere bes\u00f8ksatferd p\u00e5 nettsiden. Du kan konfigurere nettleserinnstillingene dine etter dine \u00f8nsker og f.eks. B. nekte \u00e5 akseptere tredjeparts informasjonskapsler eller alle informasjonskapsler. Vi vil p\u00e5peke at du da kanskje ikke kan bruke alle funksjonene p\u00e5 denne nettsiden.<\/p>\n<h6>Google Analytics<\/h6>\n<p>Vi bruker Google Analytics, en nettanalysetjeneste levert av Google Ireland Limited, Gordon House, Barrow Street, Dublin 4, Irland (&laquo;Google&raquo;). Google bruker informasjonskapsler. Informasjonen som genereres av informasjonskapselen om bruken av netttilbudet av brukeren, overf\u00f8res vanligvis til en Google-server i USA og lagres der.<\/p>\n<p>Google er sertifisert under Privacy Shield og tilbyr dermed en garanti for \u00e5 overholde europeisk databeskyttelseslovgivning ( <a href=\"https:\/\/www.privacyshield.gov\/participant?id=a2zt000000001L5AAI&amp;status=Active\" target=\"_blank\" rel=\"noopener noreferrer\">https:\/\/www.privacyshield.gov\/participant?id=a2zt000000001L5AAI&amp;status=Active<\/a> ).<\/p>\n<p>Google vil bruke denne informasjonen p\u00e5 v\u00e5re vegne for \u00e5 evaluere bruken av v\u00e5rt netttilbud av bes\u00f8kende, for \u00e5 sammenstille rapporter om aktivitetene innenfor dette netttilbudet og for \u00e5 gi oss andre tjenester relatert til bruken av dette netttilbudet og internettbruken. Pseudonyme brukerprofiler kan opprettes fra de behandlede dataene. Databehandlingen skjer p\u00e5 grunnlag av ditt samtykke i henhold til art. 6 para. 1 s. 1 lit. a) GDPR. Du kan tilbakekalle ditt samtykke til dette n\u00e5r som helst med virkning for fremtiden. Nedenfor er en beskrivelse av kanselleringsalternativene som er tilgjengelige for deg.<\/p>\n<p>Vi bruker kun Google Analytics med aktivert IP-anonymisering. Dette betyr at IP-adressen til brukeren forkortes av Google i EU-medlemsstater eller i andre kontraherende stater i avtalen om det europeiske \u00f8konomiske samarbeidsomr\u00e5det. Bare i unntakstilfeller vil hele IP-adressen bli sendt til en Google-server i USA og forkortet der.<\/p>\n<p>IP-adressen som overf\u00f8res av brukerens nettleser, er ikke sl\u00e5tt sammen med andre Google-data. Brukere kan forhindre lagring av informasjonskapsler ved \u00e5 stille inn nettleserprogramvaren tilsvarende; I tillegg kan brukere forhindre at dataene som genereres av informasjonskapselen og relatert til deres bruk av netttilbudet samles inn av Google og behandlingen av disse dataene av Google ved \u00e5 laste ned og installere nettleserplugin-modulen som er tilgjengelig under f\u00f8lgende lenke: <a href=\"http:\/\/tools.google.com\/dlpage\/gaoptout?hl=de\" target=\"_blank\" rel=\"noopener noreferrer\">http:\/\/tools.google.com\/dlpage\/gaoptout?hl=de<\/a> .<\/p>\n<p>Du finner mer informasjon om databruk fra Google, innstillings- og innsigelsesalternativer i Googles databeskyttelseserkl\u00e6ring ( <a href=\"https:\/\/policies.google.com\/technologies\/ads\" target=\"_blank\" rel=\"noopener noreferrer\">https:\/\/policies.google.com\/technologies\/ads<\/a> ) og i innstillingene for visning av annonser fra Google ( <a href=\"https:\/\/adssettings.google.com\/authenticated\" target=\"_blank\" rel=\"noopener noreferrer\">https:\/ \/ adssettings.google.com\/authenticated<\/a> ).<\/p>\n<p>Som et alternativ til nettlesertillegget eller i nettlesere p\u00e5 mobile enheter, vennligst klikk p\u00e5 denne koblingen for \u00e5 forhindre fremtidig gjenkjenning av Google Analytics p\u00e5 dette nettstedet:<\/p>\n<h6>Velg bort Analytics<\/h6>\n<p>En opt-out informasjonskapsel lagres p\u00e5 enheten din. Hvis du sletter informasjonskapslene dine, m\u00e5 du klikke p\u00e5 denne lenken igjen.<br \/>\nUtlevering av de nevnte personopplysningene er verken p\u00e5lagt ved lov eller kontrakt. Uten disse dataene er imidlertid ikke analyse, optimalisering og \u00f8konomisk drift av v\u00e5rt netttilbud mulig.<\/p>\n<h6>Cookie-samtykke med Borlabs Cookie<\/h6>\n<p>Nettstedet v\u00e5rt bruker Borlabs Cookies samtykketeknologi for informasjonskapsler for \u00e5 innhente ditt samtykke til lagring av visse informasjonskapsler i nettleseren din og for \u00e5 dokumentere dette i samsvar med databeskyttelsesbestemmelsene. Leverand\u00f8ren av denne teknologien er Borlabs &#8211; Benjamin A. Bornschein, Georg-Wilhelm-Str. 17, 21107 Hamburg (heretter Borlabs).<br \/>\nN\u00e5r du g\u00e5r inn p\u00e5 nettstedet v\u00e5rt, lagres en Borlabs-informasjonskapsel i nettleseren din, som lagrer samtykket du har gitt eller tilbakekalling av dette samtykket. Disse dataene videreformidles ikke til leverand\u00f8ren av Borlabs Cookie.<br \/>\nDe innsamlede dataene lagres til du ber oss om \u00e5 slette dem eller sletter Borlabs-informasjonskapselen selv eller form\u00e5let med \u00e5 lagre dataene ikke lenger gjelder. Obligatoriske lovp\u00e5lagte oppbevaringsperioder forblir up\u00e5virket. Detaljer om databehandling av Borlabs Cookie finner du p\u00e5 <a href=\"https:\/\/de.borlabs.io\/kb\/welche-daten-speichert-borlabs-cookie\/\">https:\/\/de.borlabs.io\/kb\/which-data-stores-borlabs-cookie\/<\/a><br \/>\nBorlabs samtykketeknologi for informasjonskapsler brukes for \u00e5 innhente det lovp\u00e5lagte samtykket for bruk av informasjonskapsler. Det rettslige grunnlaget for dette er art 6 stk. 1 s. 1 lit. c GDPR.<br \/>\n<span class=\"borlabs-cookie-open-dialog-preferences brlbs-cmpnt-container\" data-borlabs-cookie-title=\"Endre informasjonskapselinnstillinger\" data-borlabs-cookie-type=\"button\" ><\/span><\/p>\n<h6>YouTube<\/h6>\n<p>Nettstedet v\u00e5rt bruker leverand\u00f8ren YouTube LLC, 901 Cherry Avenue, San Bruno, CA 94066, USA, representert av Google Inc., 1600 Amphitheatre Parkway, Mountain View, CA 94043, USA for integrering av videoer. Vanligvis, n\u00e5r du ringer opp en side med innebygde videoer, sendes IP-adressen din til YouTube og informasjonskapsler installeres p\u00e5 datamaskinen din.<\/p>\n<p>Vi har imidlertid integrert YouTube-videoene v\u00e5re med den utvidede databeskyttelsesmodusen (i dette tilfellet kontakter YouTube fortsatt Googles DoubleClick-tjeneste, men i henhold til Googles databeskyttelseserkl\u00e6ring blir ikke personopplysninger evaluert). Som et resultat lagrer ikke YouTube lenger informasjon om de bes\u00f8kende med mindre de ser videoen. Hvis du klikker p\u00e5 videoen, vil IP-adressen din bli overf\u00f8rt til YouTube og YouTube vil vite at du har sett videoen. Hvis du er logget p\u00e5 YouTube, vil denne informasjonen ogs\u00e5 bli tildelt brukerkontoen din (du kan forhindre dette ved \u00e5 logge ut av YouTube f\u00f8r du ser videoen).<\/p>\n<p>Ytterligere informasjon om form\u00e5let med og omfanget av datainnsamlingen og dens behandling av YouTube finner du i deres databeskyttelseserkl\u00e6ring. Der finner du ogs\u00e5 mer informasjon om dine rettigheter og innstillingsmuligheter for \u00e5 beskytte personvernet ditt: <a href=\"https:\/\/www.google.de\/intl\/de\/policies\/privacy\" target=\"_blank\" rel=\"noopener noreferrer\">https:\/\/www.google.de\/intl\/de\/policies\/privacy<\/a> . Google behandler ogs\u00e5 personopplysningene dine i USA og har sendt til EU-US Privacy Shield, <a href=\"https:\/\/www.privacyshield.gov\/EU-US-Framework\" target=\"_blank\" rel=\"noopener noreferrer\">https:\/\/www.privacyshield.gov\/EU-US-Framework<\/a> .<\/p>\n<h6>Mottakere av personopplysningene<\/h6>\n<p>Dine personopplysninger vil bli utlevert til f\u00f8lgende selskaper innenfor EU innenfor rammen av lovfestede fullmakter:<br \/>\nAndre BAUHAUS-selskaper ( <a href=\"https:\/\/www.bauhaus.info\/gesellschaften\" target=\"_blank\" rel=\"noopener noreferrer\">https:\/\/www.bauhaus.info\/gesellschaft<\/a> ) og deres prosessorer, om n\u00f8dvendig, for ytterligere r\u00e5d, for \u00e5 inng\u00e5 \u00f8nskede kontrakter eller for \u00e5 tilby andre tjenester og prosessorer fra BAUHAUS AG for IT-tjenester og for administrasjon av bakenden av nettstedet.<\/p>\n<h6>Varighet av datalagring<\/h6>\n<p>Vi lagrer dataene dine s\u00e5 lenge det respektive form\u00e5let krever:<\/p>\n<ul>\n<li>Serverloggfiler: 30 dager<\/li>\n<li>Google Analytics-informasjonskapsel: 2. \u00e5r<\/li>\n<\/ul>\n<h4>registrerte rettigheter<\/h4>\n<p>Dine rettigheter som registrert er fullstendig garantert av BAUHAUS-selskapene.<\/p>\n<h6>tilbakekall av samtykke<\/h6>\n<p>Hvis du har gitt ditt samtykke til behandling av personopplysninger ved bruk av denne nettsiden, kan du tilbakekalle dette samtykket i henhold til Art 7 Para. 3 GDPR opphevet n\u00e5r som helst. Tilbakekallingen kan sendes p\u00e5 e-post til <a href=\"mailto:datenschutz@bauhaus.info\" target=\"_blank\" rel=\"noopener noreferrer\">datenschutz@bauhaus.info<\/a> eller skriftlig til adressen ovenfor. Virkningene av tilbakekallingen er begrenset til at de aktuelle personopplysningene ikke lenger vil bli behandlet i fremtiden. En slik tilbakekall p\u00e5virker derfor tillateligheten av behandlingen av dine personopplysninger etter at du har gitt dem til oss. V\u00e6r oppmerksom p\u00e5 at det i dette tilfellet kanskje ikke lenger vil v\u00e6re mulig \u00e5 behandle de aktuelle dataene i fremtiden.<\/p>\n<h6>Rett til \u00e5 motsette seg behandling etter art 6 para. 1 s. 1 lit. f) GDPR<\/h6>\n<p>I henhold til art. 21 stk. 1 setning 1 GDPR, har du rett til \u00e5 motsette deg behandlingen av dine personopplysninger n\u00e5r som helst av \u00e5rsaker som oppst\u00e5r fra din spesielle situasjon p\u00e5 grunnlag av Art. 6 para. 1 s. 1 lit. f) GDPR.<\/p>\n<p>Hvis du sender inn en innsigelse, vil vi ikke lenger behandle dine personopplysninger med mindre vi kan demonstrere overbevisende legitime behandlingsgrunnlag som oppveier dine interesser, rettigheter og friheter, eller behandlingen tjener til \u00e5 hevde, ut\u00f8ve eller forsvare juridiske krav.<\/p>\n<h6>Andre rettigheter<\/h6>\n<p>Du har f\u00f8lgende tilleggsrettigheter med hensyn til dine behandlede personopplysninger dersom de respektive spesifikke kravene oppfylles av den ansvarlige:<\/p>\n<ul>\n<li>Rett til innsyn for den registrerte, Art. 15 GDPR;<\/li>\n<li>Rett til retting, Art. 16 GDPR;<\/li>\n<li>Rett til sletting, Art. 17 GDPR;<\/li>\n<li>Rett til begrensning av behandling, Art. 18 GDPR; og<\/li>\n<li>Rett til dataportabilitet i henhold til Art. 20 GDPR.<\/li>\n<li>Du har ogs\u00e5 rett til \u00e5 sende inn en klage til en tilsynsmyndighet dersom du mener at behandlingen av dine personopplysninger bryter med GDPR.<\/li>\n<\/ul>\n<h6>oppdatere og endre<\/h6>\n<p>Databeskyttelseserkl\u00e6ringen m\u00e5 tilpasses de faktiske forhold og rettstilstanden fra tid til annen. Vennligst sjekk databeskyttelseserkl\u00e6ringen i hvert enkelt tilfelle f\u00f8r du bruker v\u00e5rt tilbud for \u00e5 v\u00e6re oppdatert med mulige endringer eller oppdateringer.<\/p>\n<p>Status: 15.08.2019<\/p>\n                    <\/div>\n\n                                <\/div>\n        <\/div>\n    <\/div>\n<\/div>\n<div id=\"bdesign2022_spacer_block_630ccf3392a76\" class=\"bdesign2022_block bdesign2022_block--bdesign2022_spacer\">\n    <div class=\"bdesign2022_block--wrapper\">\n        <div class=\"spacer\" style=\"height: 100px\"><\/div>\n    <\/div>\n<\/div>\n","protected":false},"excerpt":{"rendered":"","protected":false},"author":8,"featured_media":0,"parent":13964,"menu_order":3,"comment_status":"closed","ping_status":"closed","template":"","meta":{"_acf_changed":false,"footnotes":""},"class_list":["post-14007","page","type-page","status-publish","hentry"],"acf":[],"yoast_head":"<!-- This site is optimized with the Yoast SEO plugin v24.2 - https:\/\/yoast.com\/wordpress\/plugins\/seo\/ -->\n<title>Personvernerkl\u00e6ring | b!design<\/title>\n<meta name=\"description\" content=\"Databeskyttelse - i det f\u00f8lgende informerer vi deg om innsamling av personopplysninger ved bruk av nettstedet v\u00e5rt.\" \/>\n<meta name=\"robots\" content=\"index, follow, max-snippet:-1, max-image-preview:large, max-video-preview:-1\" \/>\n<link rel=\"canonical\" href=\"https:\/\/www.bdesign-floors.com\/no\/om-oss\/personvern\/\" \/>\n<meta property=\"og:locale\" content=\"nb_NO\" \/>\n<meta property=\"og:type\" content=\"article\" \/>\n<meta property=\"og:title\" content=\"Personvernerkl\u00e6ring | b!design\" \/>\n<meta property=\"og:description\" content=\"Databeskyttelse - i det f\u00f8lgende informerer vi deg om innsamling av personopplysninger ved bruk av nettstedet v\u00e5rt.\" \/>\n<meta property=\"og:url\" content=\"https:\/\/www.bdesign-floors.com\/no\/om-oss\/personvern\/\" \/>\n<meta property=\"og:site_name\" content=\"b!design\" \/>\n<meta property=\"article:modified_time\" content=\"2022-10-17T08:49:33+00:00\" \/>\n<meta name=\"twitter:card\" content=\"summary_large_image\" \/>\n<script type=\"application\/ld+json\" class=\"yoast-schema-graph\">{\"@context\":\"https:\/\/schema.org\",\"@graph\":[{\"@type\":\"WebPage\",\"@id\":\"https:\/\/www.bdesign-floors.com\/no\/om-oss\/personvern\/\",\"url\":\"https:\/\/www.bdesign-floors.com\/no\/om-oss\/personvern\/\",\"name\":\"Personvernerkl\u00e6ring | b!design\",\"isPartOf\":{\"@id\":\"https:\/\/bdesign.wp.factory.blim-dev.com\/#website\"},\"datePublished\":\"2022-09-12T15:18:36+00:00\",\"dateModified\":\"2022-10-17T08:49:33+00:00\",\"description\":\"Databeskyttelse - i det f\u00f8lgende informerer vi deg om innsamling av personopplysninger ved bruk av nettstedet v\u00e5rt.\",\"breadcrumb\":{\"@id\":\"https:\/\/www.bdesign-floors.com\/no\/om-oss\/personvern\/#breadcrumb\"},\"inLanguage\":\"nb-NO\",\"potentialAction\":[{\"@type\":\"ReadAction\",\"target\":[\"https:\/\/www.bdesign-floors.com\/no\/om-oss\/personvern\/\"]}]},{\"@type\":\"BreadcrumbList\",\"@id\":\"https:\/\/www.bdesign-floors.com\/no\/om-oss\/personvern\/#breadcrumb\",\"itemListElement\":[{\"@type\":\"ListItem\",\"position\":1,\"name\":\"Home\",\"item\":\"https:\/\/www.bdesign-floors.com\/no\/\"},{\"@type\":\"ListItem\",\"position\":2,\"name\":\"om oss\",\"item\":\"https:\/\/bdesign.wp.factory.blim-dev.com\/om-oss\/\"},{\"@type\":\"ListItem\",\"position\":3,\"name\":\"personvern\"}]},{\"@type\":\"WebSite\",\"@id\":\"https:\/\/bdesign.wp.factory.blim-dev.com\/#website\",\"url\":\"https:\/\/bdesign.wp.factory.blim-dev.com\/\",\"name\":\"b!design\",\"description\":\"Just another WordPress site\",\"potentialAction\":[{\"@type\":\"SearchAction\",\"target\":{\"@type\":\"EntryPoint\",\"urlTemplate\":\"https:\/\/bdesign.wp.factory.blim-dev.com\/?s={search_term_string}\"},\"query-input\":{\"@type\":\"PropertyValueSpecification\",\"valueRequired\":true,\"valueName\":\"search_term_string\"}}],\"inLanguage\":\"nb-NO\"}]}<\/script>\n<!-- \/ Yoast SEO plugin. -->","yoast_head_json":{"title":"Personvernerkl\u00e6ring | b!design","description":"Databeskyttelse - i det f\u00f8lgende informerer vi deg om innsamling av personopplysninger ved bruk av nettstedet v\u00e5rt.","robots":{"index":"index","follow":"follow","max-snippet":"max-snippet:-1","max-image-preview":"max-image-preview:large","max-video-preview":"max-video-preview:-1"},"canonical":"https:\/\/www.bdesign-floors.com\/no\/om-oss\/personvern\/","og_locale":"nb_NO","og_type":"article","og_title":"Personvernerkl\u00e6ring | b!design","og_description":"Databeskyttelse - i det f\u00f8lgende informerer vi deg om innsamling av personopplysninger ved bruk av nettstedet v\u00e5rt.","og_url":"https:\/\/www.bdesign-floors.com\/no\/om-oss\/personvern\/","og_site_name":"b!design","article_modified_time":"2022-10-17T08:49:33+00:00","twitter_card":"summary_large_image","schema":{"@context":"https:\/\/schema.org","@graph":[{"@type":"WebPage","@id":"https:\/\/www.bdesign-floors.com\/no\/om-oss\/personvern\/","url":"https:\/\/www.bdesign-floors.com\/no\/om-oss\/personvern\/","name":"Personvernerkl\u00e6ring | b!design","isPartOf":{"@id":"https:\/\/bdesign.wp.factory.blim-dev.com\/#website"},"datePublished":"2022-09-12T15:18:36+00:00","dateModified":"2022-10-17T08:49:33+00:00","description":"Databeskyttelse - i det f\u00f8lgende informerer vi deg om innsamling av personopplysninger ved bruk av nettstedet v\u00e5rt.","breadcrumb":{"@id":"https:\/\/www.bdesign-floors.com\/no\/om-oss\/personvern\/#breadcrumb"},"inLanguage":"nb-NO","potentialAction":[{"@type":"ReadAction","target":["https:\/\/www.bdesign-floors.com\/no\/om-oss\/personvern\/"]}]},{"@type":"BreadcrumbList","@id":"https:\/\/www.bdesign-floors.com\/no\/om-oss\/personvern\/#breadcrumb","itemListElement":[{"@type":"ListItem","position":1,"name":"Home","item":"https:\/\/www.bdesign-floors.com\/no\/"},{"@type":"ListItem","position":2,"name":"om oss","item":"https:\/\/bdesign.wp.factory.blim-dev.com\/om-oss\/"},{"@type":"ListItem","position":3,"name":"personvern"}]},{"@type":"WebSite","@id":"https:\/\/bdesign.wp.factory.blim-dev.com\/#website","url":"https:\/\/bdesign.wp.factory.blim-dev.com\/","name":"b!design","description":"Just another WordPress site","potentialAction":[{"@type":"SearchAction","target":{"@type":"EntryPoint","urlTemplate":"https:\/\/bdesign.wp.factory.blim-dev.com\/?s={search_term_string}"},"query-input":{"@type":"PropertyValueSpecification","valueRequired":true,"valueName":"search_term_string"}}],"inLanguage":"nb-NO"}]}},"_links":{"self":[{"href":"https:\/\/www.bdesign-floors.com\/no\/wp-json\/wp\/v2\/pages\/14007","targetHints":{"allow":["GET"]}}],"collection":[{"href":"https:\/\/www.bdesign-floors.com\/no\/wp-json\/wp\/v2\/pages"}],"about":[{"href":"https:\/\/www.bdesign-floors.com\/no\/wp-json\/wp\/v2\/types\/page"}],"author":[{"embeddable":true,"href":"https:\/\/www.bdesign-floors.com\/no\/wp-json\/wp\/v2\/users\/8"}],"replies":[{"embeddable":true,"href":"https:\/\/www.bdesign-floors.com\/no\/wp-json\/wp\/v2\/comments?post=14007"}],"version-history":[{"count":1,"href":"https:\/\/www.bdesign-floors.com\/no\/wp-json\/wp\/v2\/pages\/14007\/revisions"}],"predecessor-version":[{"id":14008,"href":"https:\/\/www.bdesign-floors.com\/no\/wp-json\/wp\/v2\/pages\/14007\/revisions\/14008"}],"up":[{"embeddable":true,"href":"https:\/\/www.bdesign-floors.com\/no\/wp-json\/wp\/v2\/pages\/13964"}],"wp:attachment":[{"href":"https:\/\/www.bdesign-floors.com\/no\/wp-json\/wp\/v2\/media?parent=14007"}],"curies":[{"name":"wp","href":"https:\/\/api.w.org\/{rel}","templated":true}]}}