{"id":13691,"date":"2022-09-12T16:37:11","date_gmt":"2022-09-12T14:37:11","guid":{"rendered":"https:\/\/www.bdesign-floors.com\/prislusenstvo-a-starostlivost\/"},"modified":"2022-09-21T13:25:02","modified_gmt":"2022-09-21T11:25:02","slug":"prislusenstvo-a-starostlivost","status":"publish","type":"page","link":"https:\/\/www.bdesign-floors.com\/sk\/prislusenstvo-a-starostlivost\/","title":{"rendered":"Pr\u00edslu\u0161enstvo a starostlivos\u0165"},"content":{"rendered":"<div id=\"bdesign2022_pageheader_block_62dfd623856fa\" class=\"bdesign2022_block bdesign2022_block--bdesign2022_pageheader\">\n    <div class=\"bdesign2022_block--wrapper\">\n                                    <div class=\"bdesign2022_ph-wrap is-single\">\n                    <div class=\"bdesign2022_ph-slide slidestyle-is-black orig-is-\u010dierna active\">\n                        <div class=\"slide-image\">\n                            <img decoding=\"async\" class=\"img-fluid logo\" src=\"https:\/\/www.bdesign-floors.com\/wp-content\/uploads\/2022\/09\/zubehoer-pflege-boden-b-design.jpg\" srcset=\"https:\/\/www.bdesign-floors.com\/wp-content\/uploads\/2022\/09\/zubehoer-pflege-boden-b-design.jpg 1110w, https:\/\/www.bdesign-floors.com\/wp-content\/uploads\/2022\/09\/zubehoer-pflege-boden-b-design-768x521.jpg 768w, https:\/\/www.bdesign-floors.com\/wp-content\/uploads\/2022\/09\/zubehoer-pflege-boden-b-design-442x300.jpg 442w\">                        <\/div>\n                        <div class=\"slide-area\">\n                            <div class=\"slide-area-wrapper\">\n                                <h1>Ochrana a starostlivos\u0165 o va\u0161u vysn\u00edvan\u00fa podlahu<\/h1>\n                                <h6>N\u00e1jdete tu vysokokvalitn\u00e9 pr\u00edslu\u0161enstvo a spr\u00e1vnu starostlivos\u0165, s ktorou m\u00f4\u017eete efekt\u00edvne \u010disti\u0165 a chr\u00e1ni\u0165 svoje podlahy.<\/h6>\n                                                                    <a class=\"cta_first btn btn-bdesign2022 btn-primary\" href=\"https:\/\/www.bdesign-floors.com\/wo-kaufen\/\">Kde k\u00fapi\u0165<\/a>\n                                                                                            <\/div>\n                            <div class=\"slide-image-mobile d-md-none\">\n                                <img decoding=\"async\" class=\"img-fluid logo\" src=\"https:\/\/www.bdesign-floors.com\/wp-content\/uploads\/2022\/09\/zubehoer-pflege-boden-b-design.jpg\" srcset=\"https:\/\/www.bdesign-floors.com\/wp-content\/uploads\/2022\/09\/zubehoer-pflege-boden-b-design.jpg 1110w, https:\/\/www.bdesign-floors.com\/wp-content\/uploads\/2022\/09\/zubehoer-pflege-boden-b-design-768x521.jpg 768w, https:\/\/www.bdesign-floors.com\/wp-content\/uploads\/2022\/09\/zubehoer-pflege-boden-b-design-442x300.jpg 442w\">                            <\/div>\n                        <\/div>\n                    <\/div>\n                <\/div>\n                        <\/div>\n<\/div>\n<div id=\"bdesign2022_headline_block_62ea833e526c0\" class=\"bdesign2022_block bdesign2022_block--bdesign2022_headline\">\n    <div class=\"bdesign2022_block--wrapper\">\n        <div class=\"container my-4\">\n            \n                                    <h5 class=\"h5 text-start mt-5 mb-3\">Pr\u00edslu\u0161enstvo a starostlivos\u0165<\/h5>\n                                                    <h2 class=\"h2 text-start mt-2 mb-4\">Starostlivos\u0165 a pr\u00edslu\u0161enstvo na in\u0161tal\u00e1ciu<\/h2>\n                                \n                        <\/div>\n    <\/div>\n<\/div>\n<div id=\"bdesign2022_2columntext_block_62ea8358526c1\" class=\"bdesign2022_block bdesign2022_block--bdesign2022_2columntext\">\n    <div class=\"bdesign2022_block--wrapper\">\n        <div class=\"container my-4\">\n            <div class=\"row align-items-start\">\n                <div class=\"col-12 col-xxl-4 offset-0 offset-xxl-2 my-3\">\n                    <p>\u010ci u\u017e ide o podlo\u017eky, soklov\u00e9 li\u0161ty alebo \u010distiace prostriedky &#8211; tu n\u00e1jdete to, \u010do je vhodn\u00e9 pre va\u0161u dizajnov\u00fa podlahu. T\u00fdmto sp\u00f4sobom dosiahnete nielen atrakt\u00edvnej\u0161\u00ed vzh\u013ead, ale m\u00f4\u017eete tie\u017e dlhodobo udr\u017ea\u0165 hodnotu podlahy. V z\u00e1vislosti od va\u0161ich individu\u00e1lnych potrieb si m\u00f4\u017eete vybra\u0165 medzi vysokokvalitn\u00fdmi<\/p>\n                <\/div>\n                <div class=\"c0l-12 col-xxl-4 xxl-3 my-3\">\n                    <p>podlo\u017eky a \u0161peci\u00e1lne \u010distiace prostriedky. M\u00f4\u017eete si vybra\u0165 z\u00e1kladn\u00fd \u010distiaci prostriedok na z\u00e1kladn\u00fa starostlivos\u0165, mopovac\u00ed prostriedok na prirodzen\u00fa ochranu podlahy a n\u00e1\u0161 osvie\u017eova\u010d na ochranu podlahy. Objavte teraz pr\u00edslu\u0161enstvo a v\u00fdrobky na starostlivos\u0165 od spolo\u010dnosti b!design.<\/p>\n                <\/div>\n            <\/div>\n        <\/div>\n    <\/div>\n<\/div>\n<div id=\"bdesign2022_imagetext_block_62e799efe8da2\" class=\"bdesign2022_block bdesign2022_block--bdesign2022_imagetext\">\n    <div class=\"bdesign2022_block--wrapper\">\n        <div class=\"container\">\n            <div class=\"row align-items-center align-items-xxl-start align-items-xxxl-center\">\n                <div class=\"d-block d-md-block col-md-7 col-xl-4 col-xxl-5 col-xxxl-7 col-type-is-image col-count-is-1\"><img decoding=\"async\" class=\"img-fluid col-img\" src=\"https:\/\/www.bdesign-floors.com\/wp-content\/uploads\/2022\/09\/unterlagsmatte-zubehoer-pflege-boden-b-design.jpg\" srcset=\"https:\/\/www.bdesign-floors.com\/wp-content\/uploads\/2022\/09\/unterlagsmatte-zubehoer-pflege-boden-b-design.jpg 1110w, https:\/\/www.bdesign-floors.com\/wp-content\/uploads\/2022\/09\/unterlagsmatte-zubehoer-pflege-boden-b-design-768x510.jpg 768w, https:\/\/www.bdesign-floors.com\/wp-content\/uploads\/2022\/09\/unterlagsmatte-zubehoer-pflege-boden-b-design-452x300.jpg 452w\"><\/div><div class=\"col-12 col-xl-7 col-xxl-6 col-xxxl-4 col-type-is-imagetext col-count-is-2\"><h3>Pre\u010do pr\u00e1ve podlo\u017eka b!design?<\/h3><p>Podlo\u017eka b!design m\u00e1 vynikaj\u00facu dlhodob\u00fa stabilitu a vysok\u00fa pevnos\u0165 v tlaku. To chr\u00e1ni klik spoj pred po\u0161koden\u00edm alebo vytvoren\u00edm \u0161k\u00e1ry pri vysokom za\u0165a\u017een\u00ed. Pl\u00e1vaj\u00face podlahov\u00e9 dosky? Funguje tie\u017e! Podkladov\u00e1 roho\u017e bez prek\u00e1\u017eok kompenzuje zmeny teploty. Zni\u017euje hluk, tak\u017ee sa zni\u017euje hluk susedov pod vami a zni\u017euje sa hluk pri ch\u00f4dzi vo va\u0161ich izb\u00e1ch.<\/p>\n<p>Nikto nechce ma\u0165 studen\u00fa podlahu. Preto roho\u017e zabra\u0148uje aj \u00faniku tepelnej energie z podlahy. V\u010faka na\u0161ej podlo\u017eke sa nemus\u00edte ob\u00e1va\u0165 ani plesn\u00ed, preto\u017ee umo\u017e\u0148uje cirkul\u00e1ciu vzduchu priamo nad bari\u00e9rou proti vlhkosti.<\/p>\n<a class=\"btn btn-bdesign2022 btn-pagelink\" href=\"https:\/\/www.bauhaus.info\/trittschalldaemmung-unterlagsware\/bdesign-unterlagsmatte-db1510\/p\/22648264\" target=\"_blank\">Do obchodu<\/a><\/div>            <\/div>\n        <\/div>\n    <\/div>\n<\/div>\n<div id=\"bdesign2022_imagetext_block_62e79a3be8da5\" class=\"bdesign2022_block bdesign2022_block--bdesign2022_imagetext\">\n    <div class=\"bdesign2022_block--wrapper\">\n        <div class=\"container\">\n            <div class=\"row align-items-center align-items-xxl-start align-items-xxxl-center\">\n                <div class=\"col-12 col-xl-7 col-xxl-6 col-xxxl-4 col-type-is-imagetext col-count-is-1\"><h3>N\u00e1razov\u00fd blok pre vinylov\u00e9 podlahy s klikov\u00fdm pripojen\u00edm<\/h3><p>Tento z\u00e1vitov\u00fd blok je \u0161peci\u00e1lne vyvinut\u00fd pre podlahov\u00e9 krytiny b!design s pripojen\u00edm Clic. D\u00e1 sa pou\u017ei\u0165 univerz\u00e1lne, chr\u00e1ni hranu po\u010das in\u0161tal\u00e1cie a podporuje dokonal\u00fa in\u0161tal\u00e1ciu. S blokom z bieleho plastu sa \u013eahko manipuluje a pom\u00e1ha v\u00e1m dosiahnu\u0165 bezchybn\u00fa a dlhotrvaj\u00facu in\u0161tal\u00e1ciu.<\/p>\n<a class=\"btn btn-bdesign2022 btn-pagelink\" href=\"https:\/\/www.bauhaus.info\/bodenverlegewerkzeuge\/schlagklotz\/p\/22716693\" target=\"_blank\">Do obchodu<\/a><\/div><div class=\"d-block d-md-block col-md-7 col-xl-4 col-xxl-5 col-xxxl-7 col-type-is-image col-count-is-2\"><img decoding=\"async\" class=\"img-fluid col-img\" src=\"https:\/\/www.bdesign-floors.com\/wp-content\/uploads\/2022\/09\/schlagklotz-zubehoer-pflege-boden-b-design.jpg\" srcset=\"https:\/\/www.bdesign-floors.com\/wp-content\/uploads\/2022\/09\/schlagklotz-zubehoer-pflege-boden-b-design.jpg 1110w, https:\/\/www.bdesign-floors.com\/wp-content\/uploads\/2022\/09\/schlagklotz-zubehoer-pflege-boden-b-design-768x510.jpg 768w, https:\/\/www.bdesign-floors.com\/wp-content\/uploads\/2022\/09\/schlagklotz-zubehoer-pflege-boden-b-design-452x300.jpg 452w\"><\/div>            <\/div>\n        <\/div>\n    <\/div>\n<\/div>\n<div id=\"bdesign2022_imagetext_block_63186497b5d1a\" class=\"bdesign2022_block bdesign2022_block--bdesign2022_imagetext\">\n    <div class=\"bdesign2022_block--wrapper\">\n        <div class=\"container\">\n            <div class=\"row align-items-center align-items-xxl-start align-items-xxxl-center\">\n                <div class=\"d-block d-md-block col-md-7 col-xl-4 col-xxl-5 col-xxxl-7 col-type-is-image col-count-is-1\"><img decoding=\"async\" class=\"img-fluid col-img\" src=\"https:\/\/www.bdesign-floors.com\/wp-content\/uploads\/2022\/09\/scratchfix-zubehoer-pflege-boden-b-design.jpg\" srcset=\"https:\/\/www.bdesign-floors.com\/wp-content\/uploads\/2022\/09\/scratchfix-zubehoer-pflege-boden-b-design.jpg 1110w, https:\/\/www.bdesign-floors.com\/wp-content\/uploads\/2022\/09\/scratchfix-zubehoer-pflege-boden-b-design-768x510.jpg 768w, https:\/\/www.bdesign-floors.com\/wp-content\/uploads\/2022\/09\/scratchfix-zubehoer-pflege-boden-b-design-452x300.jpg 452w\"><\/div><div class=\"col-12 col-xl-7 col-xxl-6 col-xxxl-4 col-type-is-imagetext col-count-is-2\"><h3>Dr.Schutz Opravn\u00e1 sada: ScratchFix<\/h3><p>M\u00e1 va\u0161a podlaha nieko\u013eko zn\u00e1mok pou\u017e\u00edvania? \u017diadny probl\u00e9m: sada na opravu \u0161kr\u00e1bancov Scratchfix-Floor-Repair-Set od spolo\u010dnosti Dr. Schutz je ide\u00e1lnym rie\u0161en\u00edm na \u010diasto\u010dn\u00fa obnovu \u0161krabancov a bielych praskl\u00edn na dizajnov\u00fdch podlah\u00e1ch a in\u00fdch pru\u017en\u00fdch podlahov\u00fdch krytin\u00e1ch. Obsahuje PU Repair Spray na opravu jemnej\u0161\u00edch povrchov\u00fdch \u0161krabancov a PU Repair Pen na opravu hlb\u0161\u00edch \u0161krabancov. Obsahuje aj kompletn\u00fd bal\u00edk pr\u00edslu\u0161enstva s pokynmi na spracovanie. V\u0161etky s\u00fa optim\u00e1lne prisp\u00f4soben\u00e9 \u00farovni lesku modern\u00fdch dizajnov\u00fdch podl\u00e1h.<\/p>\n<a class=\"btn btn-bdesign2022 btn-pagelink\" href=\"https:\/\/www.bauhaus.info\/suche\/produkte?text=ScratchFix\" target=\"_blank\">Do obchodu<\/a><\/div>            <\/div>\n        <\/div>\n    <\/div>\n<\/div>\n<div id=\"bdesign2022_imagetext_block_631985a118e97\" class=\"bdesign2022_block bdesign2022_block--bdesign2022_imagetext\">\n    <div class=\"bdesign2022_block--wrapper\">\n        <div class=\"container\">\n            <div class=\"row align-items-center align-items-xxl-start align-items-xxxl-center\">\n                <div class=\"col-12 col-xl-7 col-xxl-6 col-xxxl-4 col-type-is-imagetext col-count-is-1\"><h3>Starostlivos\u0165: Od z\u00e1kladn\u00e9ho \u010distiaceho prostriedku po osvie\u017euj\u00faci prostriedok<\/h3><p>S na\u0161imi tromi produktmi na starostlivos\u0165 bude va\u0161a podlaha v kr\u00e1tkom \u010dase op\u00e4\u0165 vyzera\u0165 svie\u017eo a \u017eiarivo: Objavte n\u00e1\u0161 osvie\u017eova\u010d, starostlivos\u0165 o mop a z\u00e1kladn\u00fd \u010distiaci prostriedok.<\/p>\n<a class=\"btn btn-bdesign2022 btn-pagelink\" href=\"https:\/\/www.bauhaus.info\/bodenreiniger\/c\/10000742?q=%3Abrands%3Ab%5C%21design\" target=\"_blank\">Do obchodu<\/a><\/div><div class=\"d-block d-md-block col-md-7 col-xl-4 col-xxl-5 col-xxxl-7 col-type-is-image col-count-is-2\"><img decoding=\"async\" class=\"img-fluid col-img\" src=\"https:\/\/www.bdesign-floors.com\/wp-content\/uploads\/2022\/09\/pflegemittel-zubehoer-pflege-boden-b-design.jpg\" srcset=\"https:\/\/www.bdesign-floors.com\/wp-content\/uploads\/2022\/09\/pflegemittel-zubehoer-pflege-boden-b-design.jpg 1110w, https:\/\/www.bdesign-floors.com\/wp-content\/uploads\/2022\/09\/pflegemittel-zubehoer-pflege-boden-b-design-768x510.jpg 768w, https:\/\/www.bdesign-floors.com\/wp-content\/uploads\/2022\/09\/pflegemittel-zubehoer-pflege-boden-b-design-452x300.jpg 452w\"><\/div>            <\/div>\n        <\/div>\n    <\/div>\n<\/div>\n","protected":false},"excerpt":{"rendered":"","protected":false},"author":8,"featured_media":0,"parent":0,"menu_order":3,"comment_status":"closed","ping_status":"closed","template":"","meta":{"_acf_changed":false,"footnotes":""},"class_list":["post-13691","page","type-page","status-publish","hentry"],"acf":[],"yoast_head":"<!-- This site is optimized with the Yoast SEO plugin v24.2 - https:\/\/yoast.com\/wordpress\/plugins\/seo\/ -->\n<title>Pr\u00edslu\u0161enstvo a starostlivos\u0165 | b!design<\/title>\n<meta name=\"description\" content=\"V b!design n\u00e1jdete aj spr\u00e1vne \u010distiace a o\u0161etrovacie prostriedky pre va\u0161u nov\u00fa podlahu. Objavte na\u0161u ponuku vysokokvalitn\u00e9ho pr\u00edslu\u0161enstva!\" \/>\n<meta name=\"robots\" content=\"index, follow, max-snippet:-1, max-image-preview:large, max-video-preview:-1\" \/>\n<link rel=\"canonical\" href=\"https:\/\/www.bdesign-floors.com\/sk\/prislusenstvo-a-starostlivost\/\" \/>\n<meta property=\"og:locale\" content=\"sk_SK\" \/>\n<meta property=\"og:type\" content=\"article\" \/>\n<meta property=\"og:title\" content=\"Pr\u00edslu\u0161enstvo a starostlivos\u0165 | b!design\" \/>\n<meta property=\"og:description\" content=\"V b!design n\u00e1jdete aj spr\u00e1vne \u010distiace a o\u0161etrovacie prostriedky pre va\u0161u nov\u00fa podlahu. Objavte na\u0161u ponuku vysokokvalitn\u00e9ho pr\u00edslu\u0161enstva!\" \/>\n<meta property=\"og:url\" content=\"https:\/\/www.bdesign-floors.com\/sk\/prislusenstvo-a-starostlivost\/\" \/>\n<meta property=\"og:site_name\" content=\"b!design\" \/>\n<meta property=\"article:modified_time\" content=\"2022-09-21T11:25:02+00:00\" \/>\n<meta name=\"twitter:card\" content=\"summary_large_image\" \/>\n<script type=\"application\/ld+json\" class=\"yoast-schema-graph\">{\"@context\":\"https:\/\/schema.org\",\"@graph\":[{\"@type\":\"WebPage\",\"@id\":\"https:\/\/www.bdesign-floors.com\/sk\/prislusenstvo-a-starostlivost\/\",\"url\":\"https:\/\/www.bdesign-floors.com\/sk\/prislusenstvo-a-starostlivost\/\",\"name\":\"Pr\u00edslu\u0161enstvo a starostlivos\u0165 | b!design\",\"isPartOf\":{\"@id\":\"https:\/\/bdesign.wp.factory.blim-dev.com\/#website\"},\"datePublished\":\"2022-09-12T14:37:11+00:00\",\"dateModified\":\"2022-09-21T11:25:02+00:00\",\"description\":\"V b!design n\u00e1jdete aj spr\u00e1vne \u010distiace a o\u0161etrovacie prostriedky pre va\u0161u nov\u00fa podlahu. Objavte na\u0161u ponuku vysokokvalitn\u00e9ho pr\u00edslu\u0161enstva!\",\"breadcrumb\":{\"@id\":\"https:\/\/www.bdesign-floors.com\/sk\/prislusenstvo-a-starostlivost\/#breadcrumb\"},\"inLanguage\":\"sk-SK\",\"potentialAction\":[{\"@type\":\"ReadAction\",\"target\":[\"https:\/\/www.bdesign-floors.com\/sk\/prislusenstvo-a-starostlivost\/\"]}]},{\"@type\":\"BreadcrumbList\",\"@id\":\"https:\/\/www.bdesign-floors.com\/sk\/prislusenstvo-a-starostlivost\/#breadcrumb\",\"itemListElement\":[{\"@type\":\"ListItem\",\"position\":1,\"name\":\"Home\",\"item\":\"https:\/\/www.bdesign-floors.com\/sk\/\"},{\"@type\":\"ListItem\",\"position\":2,\"name\":\"Pr\u00edslu\u0161enstvo a starostlivos\u0165\"}]},{\"@type\":\"WebSite\",\"@id\":\"https:\/\/bdesign.wp.factory.blim-dev.com\/#website\",\"url\":\"https:\/\/bdesign.wp.factory.blim-dev.com\/\",\"name\":\"b!design\",\"description\":\"Just another WordPress site\",\"potentialAction\":[{\"@type\":\"SearchAction\",\"target\":{\"@type\":\"EntryPoint\",\"urlTemplate\":\"https:\/\/bdesign.wp.factory.blim-dev.com\/?s={search_term_string}\"},\"query-input\":{\"@type\":\"PropertyValueSpecification\",\"valueRequired\":true,\"valueName\":\"search_term_string\"}}],\"inLanguage\":\"sk-SK\"}]}<\/script>\n<!-- \/ Yoast SEO plugin. -->","yoast_head_json":{"title":"Pr\u00edslu\u0161enstvo a starostlivos\u0165 | b!design","description":"V b!design n\u00e1jdete aj spr\u00e1vne \u010distiace a o\u0161etrovacie prostriedky pre va\u0161u nov\u00fa podlahu. Objavte na\u0161u ponuku vysokokvalitn\u00e9ho pr\u00edslu\u0161enstva!","robots":{"index":"index","follow":"follow","max-snippet":"max-snippet:-1","max-image-preview":"max-image-preview:large","max-video-preview":"max-video-preview:-1"},"canonical":"https:\/\/www.bdesign-floors.com\/sk\/prislusenstvo-a-starostlivost\/","og_locale":"sk_SK","og_type":"article","og_title":"Pr\u00edslu\u0161enstvo a starostlivos\u0165 | b!design","og_description":"V b!design n\u00e1jdete aj spr\u00e1vne \u010distiace a o\u0161etrovacie prostriedky pre va\u0161u nov\u00fa podlahu. Objavte na\u0161u ponuku vysokokvalitn\u00e9ho pr\u00edslu\u0161enstva!","og_url":"https:\/\/www.bdesign-floors.com\/sk\/prislusenstvo-a-starostlivost\/","og_site_name":"b!design","article_modified_time":"2022-09-21T11:25:02+00:00","twitter_card":"summary_large_image","schema":{"@context":"https:\/\/schema.org","@graph":[{"@type":"WebPage","@id":"https:\/\/www.bdesign-floors.com\/sk\/prislusenstvo-a-starostlivost\/","url":"https:\/\/www.bdesign-floors.com\/sk\/prislusenstvo-a-starostlivost\/","name":"Pr\u00edslu\u0161enstvo a starostlivos\u0165 | b!design","isPartOf":{"@id":"https:\/\/bdesign.wp.factory.blim-dev.com\/#website"},"datePublished":"2022-09-12T14:37:11+00:00","dateModified":"2022-09-21T11:25:02+00:00","description":"V b!design n\u00e1jdete aj spr\u00e1vne \u010distiace a o\u0161etrovacie prostriedky pre va\u0161u nov\u00fa podlahu. Objavte na\u0161u ponuku vysokokvalitn\u00e9ho pr\u00edslu\u0161enstva!","breadcrumb":{"@id":"https:\/\/www.bdesign-floors.com\/sk\/prislusenstvo-a-starostlivost\/#breadcrumb"},"inLanguage":"sk-SK","potentialAction":[{"@type":"ReadAction","target":["https:\/\/www.bdesign-floors.com\/sk\/prislusenstvo-a-starostlivost\/"]}]},{"@type":"BreadcrumbList","@id":"https:\/\/www.bdesign-floors.com\/sk\/prislusenstvo-a-starostlivost\/#breadcrumb","itemListElement":[{"@type":"ListItem","position":1,"name":"Home","item":"https:\/\/www.bdesign-floors.com\/sk\/"},{"@type":"ListItem","position":2,"name":"Pr\u00edslu\u0161enstvo a starostlivos\u0165"}]},{"@type":"WebSite","@id":"https:\/\/bdesign.wp.factory.blim-dev.com\/#website","url":"https:\/\/bdesign.wp.factory.blim-dev.com\/","name":"b!design","description":"Just another WordPress site","potentialAction":[{"@type":"SearchAction","target":{"@type":"EntryPoint","urlTemplate":"https:\/\/bdesign.wp.factory.blim-dev.com\/?s={search_term_string}"},"query-input":{"@type":"PropertyValueSpecification","valueRequired":true,"valueName":"search_term_string"}}],"inLanguage":"sk-SK"}]}},"_links":{"self":[{"href":"https:\/\/www.bdesign-floors.com\/sk\/wp-json\/wp\/v2\/pages\/13691","targetHints":{"allow":["GET"]}}],"collection":[{"href":"https:\/\/www.bdesign-floors.com\/sk\/wp-json\/wp\/v2\/pages"}],"about":[{"href":"https:\/\/www.bdesign-floors.com\/sk\/wp-json\/wp\/v2\/types\/page"}],"author":[{"embeddable":true,"href":"https:\/\/www.bdesign-floors.com\/sk\/wp-json\/wp\/v2\/users\/8"}],"replies":[{"embeddable":true,"href":"https:\/\/www.bdesign-floors.com\/sk\/wp-json\/wp\/v2\/comments?post=13691"}],"version-history":[{"count":2,"href":"https:\/\/www.bdesign-floors.com\/sk\/wp-json\/wp\/v2\/pages\/13691\/revisions"}],"predecessor-version":[{"id":16533,"href":"https:\/\/www.bdesign-floors.com\/sk\/wp-json\/wp\/v2\/pages\/13691\/revisions\/16533"}],"wp:attachment":[{"href":"https:\/\/www.bdesign-floors.com\/sk\/wp-json\/wp\/v2\/media?parent=13691"}],"curies":[{"name":"wp","href":"https:\/\/api.w.org\/{rel}","templated":true}]}}