{"id":13944,"date":"2022-09-12T16:54:25","date_gmt":"2022-09-12T14:54:25","guid":{"rendered":"https:\/\/www.bdesign-floors.com\/odtlacok\/"},"modified":"2022-09-12T16:54:26","modified_gmt":"2022-09-12T14:54:26","slug":"odtlacok","status":"publish","type":"page","link":"https:\/\/www.bdesign-floors.com\/sk\/o-nas\/odtlacok\/","title":{"rendered":"Odtla\u010dok"},"content":{"rendered":"<div id=\"bdesign2022_spacer_block_63061d222b814\" class=\"bdesign2022_block bdesign2022_block--bdesign2022_spacer\">\n    <div class=\"bdesign2022_block--wrapper\">\n        <div class=\"spacer\" style=\"height: 100px\"><\/div>\n    <\/div>\n<\/div>\n<div id=\"bdesign2022_customcontent_block_63061cc72b813\" class=\"bdesign2022_block bdesign2022_block--bdesign2022_customcontent\">\n    <div class=\"bdesign2022_block--wrapper\">\n        <div class=\"container\">\n            <div class=\"row\">\n                \n                    <div class=\"col-0 col-sm-2\"><\/div>\n                    <div class=\"col-12 col-sm-10 my-4\">\n                        <h1>Odtla\u010dok<\/h1>\n<p><strong>Prev\u00e1dzkovate\u013eom t\u00fdchto internetov\u00fdch str\u00e1nok je<\/strong><\/p>\n<p>BAUHAUS E-Business GmbH &amp; Co KG<br \/>\nGutenbergstra\u00dfe 21<br \/>\nD-68167 Mannheim<\/p>\n<p>I\u010c DPH: DE 156673152<br \/>\nMiestny s\u00fad Mannheim: HRA 3983<\/p>\n<p>Telef\u00f3n: <a href=\"tel:8003905000\">+49 800 3905 000<\/a><br \/>\nE-mail: <a href=\"mailto:service@bauhaus.info\">service@bauhaus.info<\/a><\/p>\n<h2>Osobne zodpovedn\u00fd partner<\/h2>\n<p>Werkhaus GmbH<br \/>\nS\u00eddlo: Mannheim<br \/>\nMiestny s\u00fad Mannheim HRB 6426<br \/>\nKonatelia: Bernd Baus, Lutz Fiedler<\/p>\n<h2>Ozn\u00e1menie o zodpovednosti<\/h2>\n<p>Napriek d\u00f4kladnej kontrole obsahu nenesieme \u017eiadnu zodpovednos\u0165 za obsah extern\u00fdch odkazov. Za obsah odkazovan\u00fdch str\u00e1nok s\u00fa zodpovedn\u00ed v\u00fdlu\u010dne ich prev\u00e1dzkovatelia.<\/p>\n<h2>Zrieknutie sa zodpovednosti<\/h2>\n<p>Nezaru\u010dujeme presnos\u0165 obsahu. Pr\u00edspevky vych\u00e1dzaj\u00fa zo zdrojov, ktor\u00e9 pova\u017eujeme za d\u00f4veryhodn\u00e9. Preto nemo\u017eno prevzia\u0165 \u017eiadnu zodpovednos\u0165 ani z\u00e1ruku za aktu\u00e1lnos\u0165, spr\u00e1vnos\u0165 a \u00faplnos\u0165 poskytnut\u00fdch inform\u00e1ci\u00ed.<br \/>\nKomer\u010dn\u00e9 pou\u017eitie a\/alebo \u010fal\u0161ie \u0161\u00edrenie obsahu t\u00fdchto internetov\u00fdch str\u00e1nok si vy\u017eaduje p\u00edsomn\u00fd s\u00fahlas.<br \/>\nInform\u00e1cie na na\u0161ej webovej str\u00e1nke boli zostaven\u00e9 starostlivo a v s\u00falade so s\u00fa\u010dasn\u00fdm stavom vedy a techniky. \u00darove\u0148 vedomost\u00ed a sk\u00fasenost\u00ed sa neust\u00e1le vyv\u00edja. Preto sa pred vykonan\u00edm akejko\u013evek pr\u00e1ce v\u017edy uistite, \u017ee ste skontrolovali aktu\u00e1lny stav webovej str\u00e1nky. Berte pros\u00edm na vedomie, \u017ee na\u0161u zodpovednos\u0165 za inform\u00e1cie na t\u00fdchto str\u00e1nkach mus\u00edme obmedzi\u0165 na \u00famysel, hrub\u00fa nedbanlivos\u0165 a poru\u0161enie z\u00e1kladn\u00fdch povinnost\u00ed. Op\u00edsan\u00e9 aplik\u00e1cie v\u00fdrobkov nem\u00f4\u017eu zoh\u013ead\u0148ova\u0165 osobitn\u00e9 okolnosti jednotliv\u00fdch pr\u00edpadov. Preto skontrolujte, \u010di s\u00fa pou\u017eit\u00e9 v\u00fdrobky vhodn\u00e9 na konkr\u00e9tnu aplik\u00e1ciu, a v\u017edy zoh\u013eadnite n\u00e1vod na pou\u017eitie a inform\u00e1cie v\u00fdrobcu.<\/p>\n<h2>Obr\u00e1zkov\u00e9 kredity<\/h2>\n<p>\u00a9 Shutterstock<a href=\"https:\/\/www.shutterstock.com\/de\/\" target=\"_blank\" rel=\"noopener\">(shutterstock.com<\/a>)<\/p>\n                    <\/div>\n\n                                <\/div>\n        <\/div>\n    <\/div>\n<\/div>\n<div id=\"bdesign2022_spacer_block_63061d3a2b815\" class=\"bdesign2022_block bdesign2022_block--bdesign2022_spacer\">\n    <div class=\"bdesign2022_block--wrapper\">\n        <div class=\"spacer\" style=\"height: 100px\"><\/div>\n    <\/div>\n<\/div>\n","protected":false},"excerpt":{"rendered":"","protected":false},"author":8,"featured_media":0,"parent":13968,"menu_order":4,"comment_status":"closed","ping_status":"closed","template":"","meta":{"_acf_changed":false,"footnotes":""},"class_list":["post-13944","page","type-page","status-publish","hentry"],"acf":[],"yoast_head":"<!-- This site is optimized with the Yoast SEO plugin v24.2 - https:\/\/yoast.com\/wordpress\/plugins\/seo\/ -->\n<title>Odtla\u010dok - b!design<\/title>\n<meta name=\"robots\" content=\"index, follow, max-snippet:-1, max-image-preview:large, max-video-preview:-1\" \/>\n<link rel=\"canonical\" href=\"https:\/\/www.bdesign-floors.com\/sk\/o-nas\/odtlacok\/\" \/>\n<meta property=\"og:locale\" content=\"sk_SK\" \/>\n<meta property=\"og:type\" content=\"article\" \/>\n<meta property=\"og:title\" content=\"Odtla\u010dok - b!design\" \/>\n<meta property=\"og:url\" content=\"https:\/\/www.bdesign-floors.com\/sk\/o-nas\/odtlacok\/\" \/>\n<meta property=\"og:site_name\" content=\"b!design\" \/>\n<meta property=\"article:modified_time\" content=\"2022-09-12T14:54:26+00:00\" \/>\n<meta name=\"twitter:card\" content=\"summary_large_image\" \/>\n<script type=\"application\/ld+json\" class=\"yoast-schema-graph\">{\"@context\":\"https:\/\/schema.org\",\"@graph\":[{\"@type\":\"WebPage\",\"@id\":\"https:\/\/www.bdesign-floors.com\/sk\/o-nas\/odtlacok\/\",\"url\":\"https:\/\/www.bdesign-floors.com\/sk\/o-nas\/odtlacok\/\",\"name\":\"Odtla\u010dok - b!design\",\"isPartOf\":{\"@id\":\"https:\/\/bdesign.wp.factory.blim-dev.com\/#website\"},\"datePublished\":\"2022-09-12T14:54:25+00:00\",\"dateModified\":\"2022-09-12T14:54:26+00:00\",\"breadcrumb\":{\"@id\":\"https:\/\/www.bdesign-floors.com\/sk\/o-nas\/odtlacok\/#breadcrumb\"},\"inLanguage\":\"sk-SK\",\"potentialAction\":[{\"@type\":\"ReadAction\",\"target\":[\"https:\/\/www.bdesign-floors.com\/sk\/o-nas\/odtlacok\/\"]}]},{\"@type\":\"BreadcrumbList\",\"@id\":\"https:\/\/www.bdesign-floors.com\/sk\/o-nas\/odtlacok\/#breadcrumb\",\"itemListElement\":[{\"@type\":\"ListItem\",\"position\":1,\"name\":\"Home\",\"item\":\"https:\/\/www.bdesign-floors.com\/sk\/\"},{\"@type\":\"ListItem\",\"position\":2,\"name\":\"Odtla\u010dok\"}]},{\"@type\":\"WebSite\",\"@id\":\"https:\/\/bdesign.wp.factory.blim-dev.com\/#website\",\"url\":\"https:\/\/bdesign.wp.factory.blim-dev.com\/\",\"name\":\"b!design\",\"description\":\"Just another WordPress site\",\"potentialAction\":[{\"@type\":\"SearchAction\",\"target\":{\"@type\":\"EntryPoint\",\"urlTemplate\":\"https:\/\/bdesign.wp.factory.blim-dev.com\/?s={search_term_string}\"},\"query-input\":{\"@type\":\"PropertyValueSpecification\",\"valueRequired\":true,\"valueName\":\"search_term_string\"}}],\"inLanguage\":\"sk-SK\"}]}<\/script>\n<!-- \/ Yoast SEO plugin. -->","yoast_head_json":{"title":"Odtla\u010dok - b!design","robots":{"index":"index","follow":"follow","max-snippet":"max-snippet:-1","max-image-preview":"max-image-preview:large","max-video-preview":"max-video-preview:-1"},"canonical":"https:\/\/www.bdesign-floors.com\/sk\/o-nas\/odtlacok\/","og_locale":"sk_SK","og_type":"article","og_title":"Odtla\u010dok - b!design","og_url":"https:\/\/www.bdesign-floors.com\/sk\/o-nas\/odtlacok\/","og_site_name":"b!design","article_modified_time":"2022-09-12T14:54:26+00:00","twitter_card":"summary_large_image","schema":{"@context":"https:\/\/schema.org","@graph":[{"@type":"WebPage","@id":"https:\/\/www.bdesign-floors.com\/sk\/o-nas\/odtlacok\/","url":"https:\/\/www.bdesign-floors.com\/sk\/o-nas\/odtlacok\/","name":"Odtla\u010dok - b!design","isPartOf":{"@id":"https:\/\/bdesign.wp.factory.blim-dev.com\/#website"},"datePublished":"2022-09-12T14:54:25+00:00","dateModified":"2022-09-12T14:54:26+00:00","breadcrumb":{"@id":"https:\/\/www.bdesign-floors.com\/sk\/o-nas\/odtlacok\/#breadcrumb"},"inLanguage":"sk-SK","potentialAction":[{"@type":"ReadAction","target":["https:\/\/www.bdesign-floors.com\/sk\/o-nas\/odtlacok\/"]}]},{"@type":"BreadcrumbList","@id":"https:\/\/www.bdesign-floors.com\/sk\/o-nas\/odtlacok\/#breadcrumb","itemListElement":[{"@type":"ListItem","position":1,"name":"Home","item":"https:\/\/www.bdesign-floors.com\/sk\/"},{"@type":"ListItem","position":2,"name":"Odtla\u010dok"}]},{"@type":"WebSite","@id":"https:\/\/bdesign.wp.factory.blim-dev.com\/#website","url":"https:\/\/bdesign.wp.factory.blim-dev.com\/","name":"b!design","description":"Just another WordPress site","potentialAction":[{"@type":"SearchAction","target":{"@type":"EntryPoint","urlTemplate":"https:\/\/bdesign.wp.factory.blim-dev.com\/?s={search_term_string}"},"query-input":{"@type":"PropertyValueSpecification","valueRequired":true,"valueName":"search_term_string"}}],"inLanguage":"sk-SK"}]}},"_links":{"self":[{"href":"https:\/\/www.bdesign-floors.com\/sk\/wp-json\/wp\/v2\/pages\/13944","targetHints":{"allow":["GET"]}}],"collection":[{"href":"https:\/\/www.bdesign-floors.com\/sk\/wp-json\/wp\/v2\/pages"}],"about":[{"href":"https:\/\/www.bdesign-floors.com\/sk\/wp-json\/wp\/v2\/types\/page"}],"author":[{"embeddable":true,"href":"https:\/\/www.bdesign-floors.com\/sk\/wp-json\/wp\/v2\/users\/8"}],"replies":[{"embeddable":true,"href":"https:\/\/www.bdesign-floors.com\/sk\/wp-json\/wp\/v2\/comments?post=13944"}],"version-history":[{"count":1,"href":"https:\/\/www.bdesign-floors.com\/sk\/wp-json\/wp\/v2\/pages\/13944\/revisions"}],"predecessor-version":[{"id":13945,"href":"https:\/\/www.bdesign-floors.com\/sk\/wp-json\/wp\/v2\/pages\/13944\/revisions\/13945"}],"up":[{"embeddable":true,"href":"https:\/\/www.bdesign-floors.com\/sk\/wp-json\/wp\/v2\/pages\/13968"}],"wp:attachment":[{"href":"https:\/\/www.bdesign-floors.com\/sk\/wp-json\/wp\/v2\/media?parent=13944"}],"curies":[{"name":"wp","href":"https:\/\/api.w.org\/{rel}","templated":true}]}}