{"id":14003,"date":"2022-09-12T17:02:19","date_gmt":"2022-09-12T15:02:19","guid":{"rendered":"https:\/\/www.bdesign-floors.com\/inspiracia\/priestorovy-planovac\/"},"modified":"2022-09-12T17:02:19","modified_gmt":"2022-09-12T15:02:19","slug":"priestorovy-planovac","status":"publish","type":"page","link":"https:\/\/www.bdesign-floors.com\/sk\/inspiracia\/priestorovy-planovac\/","title":{"rendered":"Priestorov\u00fd pl\u00e1nova\u010d"},"content":{"rendered":"<div id=\"bdesign2022_pageheader_block_62dfd623856fa\" class=\"bdesign2022_block bdesign2022_block--bdesign2022_pageheader\">\n    <div class=\"bdesign2022_block--wrapper\">\n                                    <div class=\"bdesign2022_ph-wrap is-single\">\n                    <div class=\"bdesign2022_ph-slide slidestyle-is-black orig-is-\u010dierna active\">\n                        <div class=\"slide-image\">\n                            <img decoding=\"async\" class=\"img-fluid logo\" src=\"https:\/\/www.bdesign-floors.com\/wp-content\/uploads\/2022\/08\/LVT-designboden-b-design.jpg\" srcset=\"https:\/\/www.bdesign-floors.com\/wp-content\/uploads\/2022\/08\/LVT-designboden-b-design.jpg 1110w, https:\/\/www.bdesign-floors.com\/wp-content\/uploads\/2022\/08\/LVT-designboden-b-design-768x521.jpg 768w, https:\/\/www.bdesign-floors.com\/wp-content\/uploads\/2022\/08\/LVT-designboden-b-design-442x300.jpg 442w\">                        <\/div>\n                        <div class=\"slide-area\">\n                            <div class=\"slide-area-wrapper\">\n                                <h1>Praktick\u00fd pl\u00e1nova\u010d izieb b!design<\/h1>\n                                <h6>Pomocou n\u00e1\u0161ho pl\u00e1nova\u010da izieb si m\u00f4\u017eete \u013eahko pozrie\u0165, ako bude va\u0161a vysn\u00edvan\u00e1 podlaha vyzera\u0165 vo va\u0161om dome &#8211; e\u0161te pred k\u00fapou.<\/h6>\n                                                                                            <\/div>\n                            <div class=\"slide-image-mobile d-md-none\">\n                                <img decoding=\"async\" class=\"img-fluid logo\" src=\"https:\/\/www.bdesign-floors.com\/wp-content\/uploads\/2022\/08\/LVT-designboden-b-design.jpg\" srcset=\"https:\/\/www.bdesign-floors.com\/wp-content\/uploads\/2022\/08\/LVT-designboden-b-design.jpg 1110w, https:\/\/www.bdesign-floors.com\/wp-content\/uploads\/2022\/08\/LVT-designboden-b-design-768x521.jpg 768w, https:\/\/www.bdesign-floors.com\/wp-content\/uploads\/2022\/08\/LVT-designboden-b-design-442x300.jpg 442w\">                            <\/div>\n                        <\/div>\n                    <\/div>\n                <\/div>\n                        <\/div>\n<\/div>\n","protected":false},"excerpt":{"rendered":"","protected":false},"author":8,"featured_media":0,"parent":14002,"menu_order":1,"comment_status":"closed","ping_status":"closed","template":"","meta":{"_acf_changed":false,"footnotes":""},"class_list":["post-14003","page","type-page","status-publish","hentry"],"acf":[],"yoast_head":"<!-- This site is optimized with the Yoast SEO plugin v24.2 - https:\/\/yoast.com\/wordpress\/plugins\/seo\/ -->\n<title>Pl\u00e1nova\u010d izieb | b!design<\/title>\n<meta name=\"description\" content=\"Navrhnite si miestnos\u0165 pomocou online pl\u00e1nova\u010da izieb b!design pre podlahov\u00e9 krytiny a vysk\u00fa\u0161ajte r\u00f4zne podlahy z h\u013eadiska ich priestorov\u00e9ho p\u00f4sobenia.\" \/>\n<meta name=\"robots\" content=\"index, follow, max-snippet:-1, max-image-preview:large, max-video-preview:-1\" \/>\n<link rel=\"canonical\" href=\"https:\/\/www.bdesign-floors.com\/sk\/inspiracia\/priestorovy-planovac\/\" \/>\n<meta property=\"og:locale\" content=\"sk_SK\" \/>\n<meta property=\"og:type\" content=\"article\" \/>\n<meta property=\"og:title\" content=\"Pl\u00e1nova\u010d izieb | b!design\" \/>\n<meta property=\"og:description\" content=\"Navrhnite si miestnos\u0165 pomocou online pl\u00e1nova\u010da izieb b!design pre podlahov\u00e9 krytiny a vysk\u00fa\u0161ajte r\u00f4zne podlahy z h\u013eadiska ich priestorov\u00e9ho p\u00f4sobenia.\" \/>\n<meta property=\"og:url\" content=\"https:\/\/www.bdesign-floors.com\/sk\/inspiracia\/priestorovy-planovac\/\" \/>\n<meta property=\"og:site_name\" content=\"b!design\" \/>\n<meta name=\"twitter:card\" content=\"summary_large_image\" \/>\n<script type=\"application\/ld+json\" class=\"yoast-schema-graph\">{\"@context\":\"https:\/\/schema.org\",\"@graph\":[{\"@type\":\"WebPage\",\"@id\":\"https:\/\/www.bdesign-floors.com\/sk\/inspiracia\/priestorovy-planovac\/\",\"url\":\"https:\/\/www.bdesign-floors.com\/sk\/inspiracia\/priestorovy-planovac\/\",\"name\":\"Pl\u00e1nova\u010d izieb | b!design\",\"isPartOf\":{\"@id\":\"https:\/\/bdesign.wp.factory.blim-dev.com\/#website\"},\"datePublished\":\"2022-09-12T15:02:19+00:00\",\"dateModified\":\"2022-09-12T15:02:19+00:00\",\"description\":\"Navrhnite si miestnos\u0165 pomocou online pl\u00e1nova\u010da izieb b!design pre podlahov\u00e9 krytiny a vysk\u00fa\u0161ajte r\u00f4zne podlahy z h\u013eadiska ich priestorov\u00e9ho p\u00f4sobenia.\",\"breadcrumb\":{\"@id\":\"https:\/\/www.bdesign-floors.com\/sk\/inspiracia\/priestorovy-planovac\/#breadcrumb\"},\"inLanguage\":\"sk-SK\",\"potentialAction\":[{\"@type\":\"ReadAction\",\"target\":[\"https:\/\/www.bdesign-floors.com\/sk\/inspiracia\/priestorovy-planovac\/\"]}]},{\"@type\":\"BreadcrumbList\",\"@id\":\"https:\/\/www.bdesign-floors.com\/sk\/inspiracia\/priestorovy-planovac\/#breadcrumb\",\"itemListElement\":[{\"@type\":\"ListItem\",\"position\":1,\"name\":\"Home\",\"item\":\"https:\/\/www.bdesign-floors.com\/sk\/\"},{\"@type\":\"ListItem\",\"position\":2,\"name\":\"In\u0161pir\u00e1cia\",\"item\":\"https:\/\/bdesign.wp.factory.blim-dev.com\/inspiracia\/\"},{\"@type\":\"ListItem\",\"position\":3,\"name\":\"Priestorov\u00fd pl\u00e1nova\u010d\"}]},{\"@type\":\"WebSite\",\"@id\":\"https:\/\/bdesign.wp.factory.blim-dev.com\/#website\",\"url\":\"https:\/\/bdesign.wp.factory.blim-dev.com\/\",\"name\":\"b!design\",\"description\":\"Just another WordPress site\",\"potentialAction\":[{\"@type\":\"SearchAction\",\"target\":{\"@type\":\"EntryPoint\",\"urlTemplate\":\"https:\/\/bdesign.wp.factory.blim-dev.com\/?s={search_term_string}\"},\"query-input\":{\"@type\":\"PropertyValueSpecification\",\"valueRequired\":true,\"valueName\":\"search_term_string\"}}],\"inLanguage\":\"sk-SK\"}]}<\/script>\n<!-- \/ Yoast SEO plugin. -->","yoast_head_json":{"title":"Pl\u00e1nova\u010d izieb | b!design","description":"Navrhnite si miestnos\u0165 pomocou online pl\u00e1nova\u010da izieb b!design pre podlahov\u00e9 krytiny a vysk\u00fa\u0161ajte r\u00f4zne podlahy z h\u013eadiska ich priestorov\u00e9ho p\u00f4sobenia.","robots":{"index":"index","follow":"follow","max-snippet":"max-snippet:-1","max-image-preview":"max-image-preview:large","max-video-preview":"max-video-preview:-1"},"canonical":"https:\/\/www.bdesign-floors.com\/sk\/inspiracia\/priestorovy-planovac\/","og_locale":"sk_SK","og_type":"article","og_title":"Pl\u00e1nova\u010d izieb | b!design","og_description":"Navrhnite si miestnos\u0165 pomocou online pl\u00e1nova\u010da izieb b!design pre podlahov\u00e9 krytiny a vysk\u00fa\u0161ajte r\u00f4zne podlahy z h\u013eadiska ich priestorov\u00e9ho p\u00f4sobenia.","og_url":"https:\/\/www.bdesign-floors.com\/sk\/inspiracia\/priestorovy-planovac\/","og_site_name":"b!design","twitter_card":"summary_large_image","schema":{"@context":"https:\/\/schema.org","@graph":[{"@type":"WebPage","@id":"https:\/\/www.bdesign-floors.com\/sk\/inspiracia\/priestorovy-planovac\/","url":"https:\/\/www.bdesign-floors.com\/sk\/inspiracia\/priestorovy-planovac\/","name":"Pl\u00e1nova\u010d izieb | b!design","isPartOf":{"@id":"https:\/\/bdesign.wp.factory.blim-dev.com\/#website"},"datePublished":"2022-09-12T15:02:19+00:00","dateModified":"2022-09-12T15:02:19+00:00","description":"Navrhnite si miestnos\u0165 pomocou online pl\u00e1nova\u010da izieb b!design pre podlahov\u00e9 krytiny a vysk\u00fa\u0161ajte r\u00f4zne podlahy z h\u013eadiska ich priestorov\u00e9ho p\u00f4sobenia.","breadcrumb":{"@id":"https:\/\/www.bdesign-floors.com\/sk\/inspiracia\/priestorovy-planovac\/#breadcrumb"},"inLanguage":"sk-SK","potentialAction":[{"@type":"ReadAction","target":["https:\/\/www.bdesign-floors.com\/sk\/inspiracia\/priestorovy-planovac\/"]}]},{"@type":"BreadcrumbList","@id":"https:\/\/www.bdesign-floors.com\/sk\/inspiracia\/priestorovy-planovac\/#breadcrumb","itemListElement":[{"@type":"ListItem","position":1,"name":"Home","item":"https:\/\/www.bdesign-floors.com\/sk\/"},{"@type":"ListItem","position":2,"name":"In\u0161pir\u00e1cia","item":"https:\/\/bdesign.wp.factory.blim-dev.com\/inspiracia\/"},{"@type":"ListItem","position":3,"name":"Priestorov\u00fd pl\u00e1nova\u010d"}]},{"@type":"WebSite","@id":"https:\/\/bdesign.wp.factory.blim-dev.com\/#website","url":"https:\/\/bdesign.wp.factory.blim-dev.com\/","name":"b!design","description":"Just another WordPress site","potentialAction":[{"@type":"SearchAction","target":{"@type":"EntryPoint","urlTemplate":"https:\/\/bdesign.wp.factory.blim-dev.com\/?s={search_term_string}"},"query-input":{"@type":"PropertyValueSpecification","valueRequired":true,"valueName":"search_term_string"}}],"inLanguage":"sk-SK"}]}},"_links":{"self":[{"href":"https:\/\/www.bdesign-floors.com\/sk\/wp-json\/wp\/v2\/pages\/14003","targetHints":{"allow":["GET"]}}],"collection":[{"href":"https:\/\/www.bdesign-floors.com\/sk\/wp-json\/wp\/v2\/pages"}],"about":[{"href":"https:\/\/www.bdesign-floors.com\/sk\/wp-json\/wp\/v2\/types\/page"}],"author":[{"embeddable":true,"href":"https:\/\/www.bdesign-floors.com\/sk\/wp-json\/wp\/v2\/users\/8"}],"replies":[{"embeddable":true,"href":"https:\/\/www.bdesign-floors.com\/sk\/wp-json\/wp\/v2\/comments?post=14003"}],"version-history":[{"count":1,"href":"https:\/\/www.bdesign-floors.com\/sk\/wp-json\/wp\/v2\/pages\/14003\/revisions"}],"predecessor-version":[{"id":14004,"href":"https:\/\/www.bdesign-floors.com\/sk\/wp-json\/wp\/v2\/pages\/14003\/revisions\/14004"}],"up":[{"embeddable":true,"href":"https:\/\/www.bdesign-floors.com\/sk\/wp-json\/wp\/v2\/pages\/14002"}],"wp:attachment":[{"href":"https:\/\/www.bdesign-floors.com\/sk\/wp-json\/wp\/v2\/media?parent=14003"}],"curies":[{"name":"wp","href":"https:\/\/api.w.org\/{rel}","templated":true}]}}