{"id":14039,"date":"2022-09-12T17:20:41","date_gmt":"2022-09-12T15:20:41","guid":{"rendered":"https:\/\/www.bdesign-floors.com\/co-treba-vediet\/zdravy-zivot\/"},"modified":"2022-09-12T17:20:42","modified_gmt":"2022-09-12T15:20:42","slug":"zdravy-zivot","status":"publish","type":"page","link":"https:\/\/www.bdesign-floors.com\/sk\/co-treba-vediet\/zdravy-zivot\/","title":{"rendered":"Zdrav\u00fd \u017eivot"},"content":{"rendered":"<div id=\"bdesign2022_pageheader_block_62dfd623856fa\" class=\"bdesign2022_block bdesign2022_block--bdesign2022_pageheader\">\n    <div class=\"bdesign2022_block--wrapper\">\n                                    <div class=\"bdesign2022_ph-wrap is-single\">\n                    <div class=\"bdesign2022_ph-slide slidestyle-is-black orig-is-\u010dierna active\">\n                        <div class=\"slide-image\">\n                            <img decoding=\"async\" class=\"img-fluid logo\" src=\"https:\/\/www.bdesign-floors.com\/wp-content\/uploads\/2022\/08\/sentinel-haus-zertifikat-gesund-wohnen-b-design.jpg\" srcset=\"https:\/\/www.bdesign-floors.com\/wp-content\/uploads\/2022\/08\/sentinel-haus-zertifikat-gesund-wohnen-b-design.jpg 1110w, https:\/\/www.bdesign-floors.com\/wp-content\/uploads\/2022\/08\/sentinel-haus-zertifikat-gesund-wohnen-b-design-768x521.jpg 768w, https:\/\/www.bdesign-floors.com\/wp-content\/uploads\/2022\/08\/sentinel-haus-zertifikat-gesund-wohnen-b-design-442x300.jpg 442w\">                        <\/div>\n                        <div class=\"slide-area\">\n                            <div class=\"slide-area-wrapper\">\n                                <h1>Zdrav\u00e9 b\u00fdvanie &#8211; certifik\u00e1t s n\u00edzkym obsahom zne\u010dis\u0165uj\u00facich l\u00e1tok<\/h1>\n                                <h6>b!design sa zameriava na udr\u017eate\u013en\u00e9 vyu\u017e\u00edvanie surov\u00edn pre zdrav\u00e9 \u017eivotn\u00e9 prostredie z dlhodob\u00e9ho h\u013eadiska, \u010do potvrdil aj in\u0161tit\u00fat Sentinel Haus.<\/h6>\n                                                                                            <\/div>\n                            <div class=\"slide-image-mobile d-md-none\">\n                                <img decoding=\"async\" class=\"img-fluid logo\" src=\"https:\/\/www.bdesign-floors.com\/wp-content\/uploads\/2022\/08\/sentinel-haus-zertifikat-gesund-wohnen-b-design.jpg\" srcset=\"https:\/\/www.bdesign-floors.com\/wp-content\/uploads\/2022\/08\/sentinel-haus-zertifikat-gesund-wohnen-b-design.jpg 1110w, https:\/\/www.bdesign-floors.com\/wp-content\/uploads\/2022\/08\/sentinel-haus-zertifikat-gesund-wohnen-b-design-768x521.jpg 768w, https:\/\/www.bdesign-floors.com\/wp-content\/uploads\/2022\/08\/sentinel-haus-zertifikat-gesund-wohnen-b-design-442x300.jpg 442w\">                            <\/div>\n                        <\/div>\n                    <\/div>\n                <\/div>\n                        <\/div>\n<\/div>\n<div id=\"bdesign2022_headline_block_62ea833e526c0\" class=\"bdesign2022_block bdesign2022_block--bdesign2022_headline\">\n    <div class=\"bdesign2022_block--wrapper\">\n        <div class=\"container my-4\">\n            \n                                    <h5 class=\"h5 text-start mt-5 mb-3\">Odpor\u00fa\u010danie in\u0161tit\u00fatu Sentinel Haus<\/h5>\n                                                    <h2 class=\"h2 text-start mt-2 mb-4\">Dom Sentinel: <br>Audit. Hodnotenie. Vydan\u00e9.<\/h2>\n                                \n                        <\/div>\n    <\/div>\n<\/div>\n<div id=\"bdesign2022_2columntext_block_62ea8358526c1\" class=\"bdesign2022_block bdesign2022_block--bdesign2022_2columntext\">\n    <div class=\"bdesign2022_block--wrapper\">\n        <div class=\"container my-4\">\n            <div class=\"row align-items-start\">\n                <div class=\"col-12 col-xxl-4 offset-0 offset-xxl-2 my-3\">\n                    <p>Priznajme si, \u017ee v\u0161etci chceme by\u0165 zdrav\u00ed a \u017ei\u0165 zdravo. Vysok\u00e1 hodnota osobn\u00e9ho blaha a blaha vlastnej rodiny je nesporn\u00e1 a u\u017e roky sa neust\u00e1le zvy\u0161uje. Mysl\u00edme v\u0161ak predov\u0161etk\u00fdm na oblasti v\u00fd\u017eivy, fitnes a wellness. Pre\u010do nie podlahy? Pr\u00e1ve tu prich\u00e1dza na rad b!design: Z\u00edskajte zdrav\u00fd \u017eivot  navrhnite <a href=\"https:\/\/www.bdesign-floors.com\/sk\/?page_id=13365\">podlahy<\/a> do svojich \u0161tyroch stien &#8211; a d\u00fdchajte pokojne! Podlahy b!design s\u00fa od n\u00e1\u0161ho partnera &#8211;<\/p>\n                <\/div>\n                <div class=\"c0l-12 col-xxl-4 xxl-3 my-3\">\n                    <p> <a href=\"https:\/\/www.sentinel-haus.de\/de\/suche?term=b!design+&amp;manufacturer%5B%5D=10819\" target=\"_blank\" rel=\"noopener\">Sentinel Haus Institut<\/a> &#8211; testovan\u00e9, hodnoten\u00e9 a schv\u00e1len\u00e9. In\u0161tit\u00fat je l\u00eddrom na trhu a v oblasti poznatkov o zdrav\u00ed budov. A zhroma\u017e\u010fuje vedeck\u00e9 poznatky o zdrav\u00ed v interi\u00e9ri v komplexnej sieti. Tie sa potom uv\u00e1dzaj\u00fa na trh prostredn\u00edctvom praktickej realiz\u00e1cie v budov\u00e1ch v\u0161etk\u00fdch druhov. Tak\u017ee si m\u00f4\u017eete by\u0165 ist\u00ed: Podlahov\u00e9 krytiny testovan\u00e9 in\u0161tit\u00fatom Sentinel Haus maj\u00fa n\u00edzky obsah \u0161kodliv\u00edn a s\u00fa zdrav\u00e9 na \u017eivot.<\/p>\n                <\/div>\n            <\/div>\n        <\/div>\n    <\/div>\n<\/div>\n<div id=\"bdesign2022_customcontent_block_63049aa17eb90\" class=\"bdesign2022_block bdesign2022_block--bdesign2022_customcontent\">\n    <div class=\"bdesign2022_block--wrapper\">\n        <div class=\"container\">\n            <div class=\"row\">\n                \n                <div class=\"col-12 col-sm-10\" style=\"margin:0 auto;text-align: center;\">\n                    <div class=\"container-centered\">\n                        <p><img loading=\"lazy\" decoding=\"async\" class=\"size-medium wp-image-3449 aligncenter\" src=\"https:\/\/www.bdesign-floors.com\/wp-content\/uploads\/2022\/09\/sentinel-haus-logo-444x300.png\" alt=\"\" width=\"444\" height=\"300\" srcset=\"https:\/\/www.bdesign-floors.com\/wp-content\/uploads\/2022\/09\/sentinel-haus-logo-444x300.png 444w, https:\/\/www.bdesign-floors.com\/wp-content\/uploads\/2022\/09\/sentinel-haus-logo-768x519.png 768w, https:\/\/www.bdesign-floors.com\/wp-content\/uploads\/2022\/09\/sentinel-haus-logo.png 1000w\" sizes=\"auto, (max-width: 444px) 100vw, 444px\" \/><\/p>\n                    <\/div>\n                <\/div>\n\n                            <\/div>\n        <\/div>\n    <\/div>\n<\/div>\n<div id=\"bdesign2022_switchstyle_block_630db52453892\" class=\"bdesign2022_style bdesign2022_style--bdesign2022_switchstyle\" data-switchstyle=\"black\">\n<div id=\"bdesign2022_customcontent_block_630ce0eb71a71\" class=\"bdesign2022_block bdesign2022_block--bdesign2022_customcontent\">\n    <div class=\"bdesign2022_block--wrapper\">\n        <div class=\"container\">\n            <div class=\"row\">\n                \n                <div class=\"col-12 col-sm-10\" style=\"margin:0 auto;text-align: center;\">\n                    <div class=\"container-centered\">\n                        <a class=\"btn btn-bdesign2022 btn-linkcta\" href=\"https:\/\/www.sentinel-haus.de\/de\/suche?term=b%21design\" target=\"_blank\">Zum Sentinel Haus Institut<\/a>                    <\/div>\n                <\/div>\n\n                            <\/div>\n        <\/div>\n    <\/div>\n<\/div>\n<\/div>\n","protected":false},"excerpt":{"rendered":"","protected":false},"author":8,"featured_media":0,"parent":13703,"menu_order":5,"comment_status":"closed","ping_status":"closed","template":"","meta":{"_acf_changed":false,"footnotes":""},"class_list":["post-14039","page","type-page","status-publish","hentry"],"acf":[],"yoast_head":"<!-- This site is optimized with the Yoast SEO plugin v24.2 - https:\/\/yoast.com\/wordpress\/plugins\/seo\/ -->\n<title>Zdrav\u00fd \u017eivot | b!design<\/title>\n<meta name=\"description\" content=\"Spolo\u010dnos\u0165 Sentinel Haus je l\u00eddrom na trhu a v oblasti poznatkov o zdrav\u00ed v interi\u00e9ri a uverej\u0148uje len v\u00fdrobky testovan\u00e9 na pr\u00edtomnos\u0165 \u0161kodliv\u00fdch l\u00e1tok.\" \/>\n<meta name=\"robots\" content=\"index, follow, max-snippet:-1, max-image-preview:large, max-video-preview:-1\" \/>\n<link rel=\"canonical\" href=\"https:\/\/www.bdesign-floors.com\/sk\/co-treba-vediet\/zdravy-zivot\/\" \/>\n<meta property=\"og:locale\" content=\"sk_SK\" \/>\n<meta property=\"og:type\" content=\"article\" \/>\n<meta property=\"og:title\" content=\"Zdrav\u00fd \u017eivot | b!design\" \/>\n<meta property=\"og:description\" content=\"Spolo\u010dnos\u0165 Sentinel Haus je l\u00eddrom na trhu a v oblasti poznatkov o zdrav\u00ed v interi\u00e9ri a uverej\u0148uje len v\u00fdrobky testovan\u00e9 na pr\u00edtomnos\u0165 \u0161kodliv\u00fdch l\u00e1tok.\" \/>\n<meta property=\"og:url\" content=\"https:\/\/www.bdesign-floors.com\/sk\/co-treba-vediet\/zdravy-zivot\/\" \/>\n<meta property=\"og:site_name\" content=\"b!design\" \/>\n<meta property=\"article:modified_time\" content=\"2022-09-12T15:20:42+00:00\" \/>\n<meta name=\"twitter:card\" content=\"summary_large_image\" \/>\n<script type=\"application\/ld+json\" class=\"yoast-schema-graph\">{\"@context\":\"https:\/\/schema.org\",\"@graph\":[{\"@type\":\"WebPage\",\"@id\":\"https:\/\/www.bdesign-floors.com\/sk\/co-treba-vediet\/zdravy-zivot\/\",\"url\":\"https:\/\/www.bdesign-floors.com\/sk\/co-treba-vediet\/zdravy-zivot\/\",\"name\":\"Zdrav\u00fd \u017eivot | b!design\",\"isPartOf\":{\"@id\":\"https:\/\/bdesign.wp.factory.blim-dev.com\/#website\"},\"datePublished\":\"2022-09-12T15:20:41+00:00\",\"dateModified\":\"2022-09-12T15:20:42+00:00\",\"description\":\"Spolo\u010dnos\u0165 Sentinel Haus je l\u00eddrom na trhu a v oblasti poznatkov o zdrav\u00ed v interi\u00e9ri a uverej\u0148uje len v\u00fdrobky testovan\u00e9 na pr\u00edtomnos\u0165 \u0161kodliv\u00fdch l\u00e1tok.\",\"breadcrumb\":{\"@id\":\"https:\/\/www.bdesign-floors.com\/sk\/co-treba-vediet\/zdravy-zivot\/#breadcrumb\"},\"inLanguage\":\"sk-SK\",\"potentialAction\":[{\"@type\":\"ReadAction\",\"target\":[\"https:\/\/www.bdesign-floors.com\/sk\/co-treba-vediet\/zdravy-zivot\/\"]}]},{\"@type\":\"BreadcrumbList\",\"@id\":\"https:\/\/www.bdesign-floors.com\/sk\/co-treba-vediet\/zdravy-zivot\/#breadcrumb\",\"itemListElement\":[{\"@type\":\"ListItem\",\"position\":1,\"name\":\"Home\",\"item\":\"https:\/\/www.bdesign-floors.com\/sk\/\"},{\"@type\":\"ListItem\",\"position\":2,\"name\":\"\u010co treba vedie\u0165\",\"item\":\"https:\/\/bdesign.wp.factory.blim-dev.com\/sk\/co-treba-vediet\/\"},{\"@type\":\"ListItem\",\"position\":3,\"name\":\"Zdrav\u00fd \u017eivot\"}]},{\"@type\":\"WebSite\",\"@id\":\"https:\/\/bdesign.wp.factory.blim-dev.com\/#website\",\"url\":\"https:\/\/bdesign.wp.factory.blim-dev.com\/\",\"name\":\"b!design\",\"description\":\"Just another WordPress site\",\"potentialAction\":[{\"@type\":\"SearchAction\",\"target\":{\"@type\":\"EntryPoint\",\"urlTemplate\":\"https:\/\/bdesign.wp.factory.blim-dev.com\/?s={search_term_string}\"},\"query-input\":{\"@type\":\"PropertyValueSpecification\",\"valueRequired\":true,\"valueName\":\"search_term_string\"}}],\"inLanguage\":\"sk-SK\"}]}<\/script>\n<!-- \/ Yoast SEO plugin. -->","yoast_head_json":{"title":"Zdrav\u00fd \u017eivot | b!design","description":"Spolo\u010dnos\u0165 Sentinel Haus je l\u00eddrom na trhu a v oblasti poznatkov o zdrav\u00ed v interi\u00e9ri a uverej\u0148uje len v\u00fdrobky testovan\u00e9 na pr\u00edtomnos\u0165 \u0161kodliv\u00fdch l\u00e1tok.","robots":{"index":"index","follow":"follow","max-snippet":"max-snippet:-1","max-image-preview":"max-image-preview:large","max-video-preview":"max-video-preview:-1"},"canonical":"https:\/\/www.bdesign-floors.com\/sk\/co-treba-vediet\/zdravy-zivot\/","og_locale":"sk_SK","og_type":"article","og_title":"Zdrav\u00fd \u017eivot | b!design","og_description":"Spolo\u010dnos\u0165 Sentinel Haus je l\u00eddrom na trhu a v oblasti poznatkov o zdrav\u00ed v interi\u00e9ri a uverej\u0148uje len v\u00fdrobky testovan\u00e9 na pr\u00edtomnos\u0165 \u0161kodliv\u00fdch l\u00e1tok.","og_url":"https:\/\/www.bdesign-floors.com\/sk\/co-treba-vediet\/zdravy-zivot\/","og_site_name":"b!design","article_modified_time":"2022-09-12T15:20:42+00:00","twitter_card":"summary_large_image","schema":{"@context":"https:\/\/schema.org","@graph":[{"@type":"WebPage","@id":"https:\/\/www.bdesign-floors.com\/sk\/co-treba-vediet\/zdravy-zivot\/","url":"https:\/\/www.bdesign-floors.com\/sk\/co-treba-vediet\/zdravy-zivot\/","name":"Zdrav\u00fd \u017eivot | b!design","isPartOf":{"@id":"https:\/\/bdesign.wp.factory.blim-dev.com\/#website"},"datePublished":"2022-09-12T15:20:41+00:00","dateModified":"2022-09-12T15:20:42+00:00","description":"Spolo\u010dnos\u0165 Sentinel Haus je l\u00eddrom na trhu a v oblasti poznatkov o zdrav\u00ed v interi\u00e9ri a uverej\u0148uje len v\u00fdrobky testovan\u00e9 na pr\u00edtomnos\u0165 \u0161kodliv\u00fdch l\u00e1tok.","breadcrumb":{"@id":"https:\/\/www.bdesign-floors.com\/sk\/co-treba-vediet\/zdravy-zivot\/#breadcrumb"},"inLanguage":"sk-SK","potentialAction":[{"@type":"ReadAction","target":["https:\/\/www.bdesign-floors.com\/sk\/co-treba-vediet\/zdravy-zivot\/"]}]},{"@type":"BreadcrumbList","@id":"https:\/\/www.bdesign-floors.com\/sk\/co-treba-vediet\/zdravy-zivot\/#breadcrumb","itemListElement":[{"@type":"ListItem","position":1,"name":"Home","item":"https:\/\/www.bdesign-floors.com\/sk\/"},{"@type":"ListItem","position":2,"name":"\u010co treba vedie\u0165","item":"https:\/\/bdesign.wp.factory.blim-dev.com\/sk\/co-treba-vediet\/"},{"@type":"ListItem","position":3,"name":"Zdrav\u00fd \u017eivot"}]},{"@type":"WebSite","@id":"https:\/\/bdesign.wp.factory.blim-dev.com\/#website","url":"https:\/\/bdesign.wp.factory.blim-dev.com\/","name":"b!design","description":"Just another WordPress site","potentialAction":[{"@type":"SearchAction","target":{"@type":"EntryPoint","urlTemplate":"https:\/\/bdesign.wp.factory.blim-dev.com\/?s={search_term_string}"},"query-input":{"@type":"PropertyValueSpecification","valueRequired":true,"valueName":"search_term_string"}}],"inLanguage":"sk-SK"}]}},"_links":{"self":[{"href":"https:\/\/www.bdesign-floors.com\/sk\/wp-json\/wp\/v2\/pages\/14039","targetHints":{"allow":["GET"]}}],"collection":[{"href":"https:\/\/www.bdesign-floors.com\/sk\/wp-json\/wp\/v2\/pages"}],"about":[{"href":"https:\/\/www.bdesign-floors.com\/sk\/wp-json\/wp\/v2\/types\/page"}],"author":[{"embeddable":true,"href":"https:\/\/www.bdesign-floors.com\/sk\/wp-json\/wp\/v2\/users\/8"}],"replies":[{"embeddable":true,"href":"https:\/\/www.bdesign-floors.com\/sk\/wp-json\/wp\/v2\/comments?post=14039"}],"version-history":[{"count":1,"href":"https:\/\/www.bdesign-floors.com\/sk\/wp-json\/wp\/v2\/pages\/14039\/revisions"}],"predecessor-version":[{"id":14040,"href":"https:\/\/www.bdesign-floors.com\/sk\/wp-json\/wp\/v2\/pages\/14039\/revisions\/14040"}],"up":[{"embeddable":true,"href":"https:\/\/www.bdesign-floors.com\/sk\/wp-json\/wp\/v2\/pages\/13703"}],"wp:attachment":[{"href":"https:\/\/www.bdesign-floors.com\/sk\/wp-json\/wp\/v2\/media?parent=14039"}],"curies":[{"name":"wp","href":"https:\/\/api.w.org\/{rel}","templated":true}]}}