{"id":14047,"date":"2022-09-12T17:21:23","date_gmt":"2022-09-12T15:21:23","guid":{"rendered":"https:\/\/www.bdesign-floors.com\/kde-kupit\/"},"modified":"2022-09-21T13:13:34","modified_gmt":"2022-09-21T11:13:34","slug":"kde-kupit","status":"publish","type":"page","link":"https:\/\/www.bdesign-floors.com\/sk\/kde-kupit\/","title":{"rendered":"Kde k\u00fapi\u0165"},"content":{"rendered":"<div id=\"bdesign2022_pageheader_block_62eb97d8ed6a9\" class=\"bdesign2022_block bdesign2022_block--bdesign2022_pageheader\">\n    <div class=\"bdesign2022_block--wrapper\">\n                                    <div class=\"bdesign2022_ph-wrap is-single\">\n                    <div class=\"bdesign2022_ph-slide slidestyle-is-black orig-is-\u010dierna active\">\n                        <div class=\"slide-image\">\n                            <img decoding=\"async\" class=\"img-fluid logo\" src=\"https:\/\/www.bdesign-floors.com\/wp-content\/uploads\/2022\/08\/wo-kaufen-designboden-b-design.jpg\" srcset=\"https:\/\/www.bdesign-floors.com\/wp-content\/uploads\/2022\/08\/wo-kaufen-designboden-b-design.jpg 1110w, https:\/\/www.bdesign-floors.com\/wp-content\/uploads\/2022\/08\/wo-kaufen-designboden-b-design-768x521.jpg 768w, https:\/\/www.bdesign-floors.com\/wp-content\/uploads\/2022\/08\/wo-kaufen-designboden-b-design-442x300.jpg 442w\">                        <\/div>\n                        <div class=\"slide-area\">\n                            <div class=\"slide-area-wrapper\">\n                                <h1>k\u00fapi\u0165 b!design<br>wo<\/h1>\n                                <h6>Vyh\u013eadajte \u0161pecializovan\u00e9 centrum BAUHAUS vo va\u0161om okol\u00ed alebo si objednajte po\u017eadovan\u00fa podlahu priamo v internetovom obchode BAUHAUS.<\/h6>\n                                                                                            <\/div>\n                            <div class=\"slide-image-mobile d-md-none\">\n                                <img decoding=\"async\" class=\"img-fluid logo\" src=\"https:\/\/www.bdesign-floors.com\/wp-content\/uploads\/2022\/08\/wo-kaufen-designboden-b-design.jpg\" srcset=\"https:\/\/www.bdesign-floors.com\/wp-content\/uploads\/2022\/08\/wo-kaufen-designboden-b-design.jpg 1110w, https:\/\/www.bdesign-floors.com\/wp-content\/uploads\/2022\/08\/wo-kaufen-designboden-b-design-768x521.jpg 768w, https:\/\/www.bdesign-floors.com\/wp-content\/uploads\/2022\/08\/wo-kaufen-designboden-b-design-442x300.jpg 442w\">                            <\/div>\n                        <\/div>\n                    <\/div>\n                <\/div>\n                        <\/div>\n<\/div>\n<div id=\"bdesign2022_headline_block_62eb9882ed6aa\" class=\"bdesign2022_block bdesign2022_block--bdesign2022_headline\">\n    <div class=\"bdesign2022_block--wrapper\">\n        <div class=\"container my-4\">\n            \n                                    <h5 class=\"h5 text-start mt-5 mb-3\">Kde k\u00fapi\u0165<\/h5>\n                                                    <h2 class=\"h1 text-start mt-2 mb-4\">b!design designov\u00e1 vinylov\u00e1 podlaha<br>je k dispoz\u00edcii exkluz\u00edvne v spolo\u010dnosti BAUHAUS.<\/h2>\n                                \n                        <\/div>\n    <\/div>\n<\/div>\n<div id=\"bdesign2022_2columntext_block_62eb98a2ed6ab\" class=\"bdesign2022_block bdesign2022_block--bdesign2022_2columntext\">\n    <div class=\"bdesign2022_block--wrapper\">\n        <div class=\"container my-4\">\n            <div class=\"row align-items-start\">\n                <div class=\"col-12 col-xxl-4 offset-0 offset-xxl-2 my-3\">\n                    <p>Zamilovali ste sa do jednej z na\u0161ich dizajnov\u00fdch podl\u00e1h a teraz by ste radi vedeli, ako ju najlep\u0161ie dosta\u0165 do svojho domova? Ste na spr\u00e1vnom mieste! Zna\u010dka b!design je k dispoz\u00edcii exkluz\u00edvne v spolo\u010dnosti BAUHAUS. Pre v\u00e1s to znamen\u00e1: N\u00e1jdite si \u0161pecializovan\u00e9 centrum BAUHAUS vo va\u0161om okol\u00ed a zabezpe\u010dte si svoju vysn\u00edvan\u00fa podlahu.<\/p>\n                <\/div>\n                <div class=\"c0l-12 col-xxl-4 xxl-3 my-3\">\n                    <p>Alebo: Zavolajte do internetov\u00e9ho obchodu BAUHAUS, n\u00e1jdite si svoju vysn\u00edvan\u00fa podlahu a nechajte si ju pohodlne doru\u010di\u0165 a\u017e domov. \u010ci u\u017e uprednost\u0148ujete n\u00e1kup na mieste, alebo nakupujete sk\u00f4r online &#8211; va\u0161a nov\u00e1 dizajnov\u00e1 vinylov\u00e1 podlaha b!design u\u017e na v\u00e1s \u010dak\u00e1!<\/p>\n                <\/div>\n            <\/div>\n        <\/div>\n    <\/div>\n<\/div>\n<div id=\"bdesign2022_imagetext_block_62eb98bded6ac\" class=\"bdesign2022_block bdesign2022_block--bdesign2022_imagetext\">\n    <div class=\"bdesign2022_block--wrapper\">\n        <div class=\"container\">\n            <div class=\"row align-items-center align-items-xxl-start align-items-xxxl-center\">\n                <div class=\"d-block d-md-block col-md-7 col-xl-4 col-xxl-5 col-xxxl-7 col-type-is-image col-count-is-1\"><img decoding=\"async\" class=\"img-fluid col-img\" src=\"https:\/\/www.bdesign-floors.com\/wp-content\/uploads\/2022\/08\/wo-kaufen-fachzentrum-b-design.jpg\" srcset=\"https:\/\/www.bdesign-floors.com\/wp-content\/uploads\/2022\/08\/wo-kaufen-fachzentrum-b-design.jpg 1110w, https:\/\/www.bdesign-floors.com\/wp-content\/uploads\/2022\/08\/wo-kaufen-fachzentrum-b-design-768x510.jpg 768w, https:\/\/www.bdesign-floors.com\/wp-content\/uploads\/2022\/08\/wo-kaufen-fachzentrum-b-design-452x300.jpg 452w\"><\/div><div class=\"col-12 col-xl-7 col-xxl-6 col-xxxl-4 col-type-is-imagetext col-count-is-2\"><h3>Priamo v \u0161pecializovanom centre BAUHAUS<\/h3><p>S viac ako 150 \u0161pecializovan\u00fdmi centrami BAUHAUS v celom Nemecku ur\u010dite n\u00e1jdete jedno vo va\u0161om okol\u00ed. Vysk\u00fa\u0161ajte si svoju nov\u00fa podlahu priamo na mieste, vyu\u017eite v\u00fdhodu toho, \u017ee u\u017e viete, ako sa c\u00edti, a z\u00edskajte osobn\u00e9 poradenstvo.<\/p>\n<a class=\"btn btn-bdesign2022 btn-pagelink\" href=\"https:\/\/www.bauhaus.info\/fachcentren\/fachcentrensuche\" target=\"_blank\">Vyh\u013ead\u00e1vanie \u0161pecializovan\u00fdch centier<\/a><\/div>            <\/div>\n        <\/div>\n    <\/div>\n<\/div>\n<div id=\"bdesign2022_imagetext_block_62eb98eaed6af\" class=\"bdesign2022_block bdesign2022_block--bdesign2022_imagetext\">\n    <div class=\"bdesign2022_block--wrapper\">\n        <div class=\"container\">\n            <div class=\"row align-items-center align-items-xxl-start align-items-xxxl-center\">\n                <div class=\"col-12 col-xl-7 col-xxl-6 col-xxxl-4 col-type-is-imagetext col-count-is-1\"><h3>b!design v internetovom obchode BAUHAUS<\/h3><p>Nakupujete rad\u0161ej online? Ani to nie je probl\u00e9m! Na\u0161e podlahy s\u00fa k dispoz\u00edcii v online obchode Bauhaus. Jednoducho si vyberte svoju ob\u013e\u00faben\u00fa a objednajte si v\u0161etko pohodlne domov. Tip: Pomocou n\u00e1\u0161ho pl\u00e1nova\u010da izieb si m\u00f4\u017eete vopred pozrie\u0165, ako bude va\u0161a nov\u00e1 podlaha vyzera\u0165 vo va\u0161om dome.<\/p>\n<a class=\"btn btn-bdesign2022 btn-pagelink\" href=\"https:\/\/www.bauhaus.info\/vinylboden\/c\/10000479?q=%3Arelevance%3Abrands%3Ab!design\" target=\"_blank\">Do online obchodu<\/a><\/div><div class=\"d-block d-md-block col-md-7 col-xl-4 col-xxl-5 col-xxxl-7 col-type-is-image col-count-is-2\"><img decoding=\"async\" class=\"img-fluid col-img\" src=\"https:\/\/www.bdesign-floors.com\/wp-content\/uploads\/2022\/08\/wo-kaufen-online-shop-b-design.jpg\" srcset=\"https:\/\/www.bdesign-floors.com\/wp-content\/uploads\/2022\/08\/wo-kaufen-online-shop-b-design.jpg 1110w, https:\/\/www.bdesign-floors.com\/wp-content\/uploads\/2022\/08\/wo-kaufen-online-shop-b-design-768x510.jpg 768w, https:\/\/www.bdesign-floors.com\/wp-content\/uploads\/2022\/08\/wo-kaufen-online-shop-b-design-452x300.jpg 452w\"><\/div>            <\/div>\n        <\/div>\n    <\/div>\n<\/div>\n<div id=\"bdesign2022_spacer_block_62eb9a2fb9748\" class=\"bdesign2022_block bdesign2022_block--bdesign2022_spacer\">\n    <div class=\"bdesign2022_block--wrapper\">\n        <div class=\"spacer\" style=\"height: 50px\"><\/div>\n    <\/div>\n<\/div>\n","protected":false},"excerpt":{"rendered":"","protected":false},"author":8,"featured_media":0,"parent":0,"menu_order":5,"comment_status":"closed","ping_status":"closed","template":"","meta":{"_acf_changed":false,"footnotes":""},"class_list":["post-14047","page","type-page","status-publish","hentry"],"acf":[],"yoast_head":"<!-- This site is optimized with the Yoast SEO plugin v24.2 - https:\/\/yoast.com\/wordpress\/plugins\/seo\/ -->\n<title>Kde k\u00fapi\u0165 | b!design<\/title>\n<meta name=\"description\" content=\"Chcete sa dozvedie\u0165, kde si m\u00f4\u017eete k\u00fapi\u0165 vinylov\u00e9 podlahy b!design? Tu n\u00e1jdete v\u0161etky inform\u00e1cie - pre stacion\u00e1rne aj online n\u00e1kupy.\" \/>\n<meta name=\"robots\" content=\"index, follow, max-snippet:-1, max-image-preview:large, max-video-preview:-1\" \/>\n<link rel=\"canonical\" href=\"https:\/\/www.bdesign-floors.com\/sk\/kde-kupit\/\" \/>\n<meta property=\"og:locale\" content=\"sk_SK\" \/>\n<meta property=\"og:type\" content=\"article\" \/>\n<meta property=\"og:title\" content=\"Kde k\u00fapi\u0165 | b!design\" \/>\n<meta property=\"og:description\" content=\"Chcete sa dozvedie\u0165, kde si m\u00f4\u017eete k\u00fapi\u0165 vinylov\u00e9 podlahy b!design? Tu n\u00e1jdete v\u0161etky inform\u00e1cie - pre stacion\u00e1rne aj online n\u00e1kupy.\" \/>\n<meta property=\"og:url\" content=\"https:\/\/www.bdesign-floors.com\/sk\/kde-kupit\/\" \/>\n<meta property=\"og:site_name\" content=\"b!design\" \/>\n<meta property=\"article:modified_time\" content=\"2022-09-21T11:13:34+00:00\" \/>\n<meta name=\"twitter:card\" content=\"summary_large_image\" \/>\n<script type=\"application\/ld+json\" class=\"yoast-schema-graph\">{\"@context\":\"https:\/\/schema.org\",\"@graph\":[{\"@type\":\"WebPage\",\"@id\":\"https:\/\/www.bdesign-floors.com\/sk\/kde-kupit\/\",\"url\":\"https:\/\/www.bdesign-floors.com\/sk\/kde-kupit\/\",\"name\":\"Kde k\u00fapi\u0165 | b!design\",\"isPartOf\":{\"@id\":\"https:\/\/bdesign.wp.factory.blim-dev.com\/#website\"},\"datePublished\":\"2022-09-12T15:21:23+00:00\",\"dateModified\":\"2022-09-21T11:13:34+00:00\",\"description\":\"Chcete sa dozvedie\u0165, kde si m\u00f4\u017eete k\u00fapi\u0165 vinylov\u00e9 podlahy b!design? Tu n\u00e1jdete v\u0161etky inform\u00e1cie - pre stacion\u00e1rne aj online n\u00e1kupy.\",\"breadcrumb\":{\"@id\":\"https:\/\/www.bdesign-floors.com\/sk\/kde-kupit\/#breadcrumb\"},\"inLanguage\":\"sk-SK\",\"potentialAction\":[{\"@type\":\"ReadAction\",\"target\":[\"https:\/\/www.bdesign-floors.com\/sk\/kde-kupit\/\"]}]},{\"@type\":\"BreadcrumbList\",\"@id\":\"https:\/\/www.bdesign-floors.com\/sk\/kde-kupit\/#breadcrumb\",\"itemListElement\":[{\"@type\":\"ListItem\",\"position\":1,\"name\":\"Home\",\"item\":\"https:\/\/www.bdesign-floors.com\/sk\/\"},{\"@type\":\"ListItem\",\"position\":2,\"name\":\"Kde k\u00fapi\u0165\"}]},{\"@type\":\"WebSite\",\"@id\":\"https:\/\/bdesign.wp.factory.blim-dev.com\/#website\",\"url\":\"https:\/\/bdesign.wp.factory.blim-dev.com\/\",\"name\":\"b!design\",\"description\":\"Just another WordPress site\",\"potentialAction\":[{\"@type\":\"SearchAction\",\"target\":{\"@type\":\"EntryPoint\",\"urlTemplate\":\"https:\/\/bdesign.wp.factory.blim-dev.com\/?s={search_term_string}\"},\"query-input\":{\"@type\":\"PropertyValueSpecification\",\"valueRequired\":true,\"valueName\":\"search_term_string\"}}],\"inLanguage\":\"sk-SK\"}]}<\/script>\n<!-- \/ Yoast SEO plugin. -->","yoast_head_json":{"title":"Kde k\u00fapi\u0165 | b!design","description":"Chcete sa dozvedie\u0165, kde si m\u00f4\u017eete k\u00fapi\u0165 vinylov\u00e9 podlahy b!design? Tu n\u00e1jdete v\u0161etky inform\u00e1cie - pre stacion\u00e1rne aj online n\u00e1kupy.","robots":{"index":"index","follow":"follow","max-snippet":"max-snippet:-1","max-image-preview":"max-image-preview:large","max-video-preview":"max-video-preview:-1"},"canonical":"https:\/\/www.bdesign-floors.com\/sk\/kde-kupit\/","og_locale":"sk_SK","og_type":"article","og_title":"Kde k\u00fapi\u0165 | b!design","og_description":"Chcete sa dozvedie\u0165, kde si m\u00f4\u017eete k\u00fapi\u0165 vinylov\u00e9 podlahy b!design? Tu n\u00e1jdete v\u0161etky inform\u00e1cie - pre stacion\u00e1rne aj online n\u00e1kupy.","og_url":"https:\/\/www.bdesign-floors.com\/sk\/kde-kupit\/","og_site_name":"b!design","article_modified_time":"2022-09-21T11:13:34+00:00","twitter_card":"summary_large_image","schema":{"@context":"https:\/\/schema.org","@graph":[{"@type":"WebPage","@id":"https:\/\/www.bdesign-floors.com\/sk\/kde-kupit\/","url":"https:\/\/www.bdesign-floors.com\/sk\/kde-kupit\/","name":"Kde k\u00fapi\u0165 | b!design","isPartOf":{"@id":"https:\/\/bdesign.wp.factory.blim-dev.com\/#website"},"datePublished":"2022-09-12T15:21:23+00:00","dateModified":"2022-09-21T11:13:34+00:00","description":"Chcete sa dozvedie\u0165, kde si m\u00f4\u017eete k\u00fapi\u0165 vinylov\u00e9 podlahy b!design? Tu n\u00e1jdete v\u0161etky inform\u00e1cie - pre stacion\u00e1rne aj online n\u00e1kupy.","breadcrumb":{"@id":"https:\/\/www.bdesign-floors.com\/sk\/kde-kupit\/#breadcrumb"},"inLanguage":"sk-SK","potentialAction":[{"@type":"ReadAction","target":["https:\/\/www.bdesign-floors.com\/sk\/kde-kupit\/"]}]},{"@type":"BreadcrumbList","@id":"https:\/\/www.bdesign-floors.com\/sk\/kde-kupit\/#breadcrumb","itemListElement":[{"@type":"ListItem","position":1,"name":"Home","item":"https:\/\/www.bdesign-floors.com\/sk\/"},{"@type":"ListItem","position":2,"name":"Kde k\u00fapi\u0165"}]},{"@type":"WebSite","@id":"https:\/\/bdesign.wp.factory.blim-dev.com\/#website","url":"https:\/\/bdesign.wp.factory.blim-dev.com\/","name":"b!design","description":"Just another WordPress site","potentialAction":[{"@type":"SearchAction","target":{"@type":"EntryPoint","urlTemplate":"https:\/\/bdesign.wp.factory.blim-dev.com\/?s={search_term_string}"},"query-input":{"@type":"PropertyValueSpecification","valueRequired":true,"valueName":"search_term_string"}}],"inLanguage":"sk-SK"}]}},"_links":{"self":[{"href":"https:\/\/www.bdesign-floors.com\/sk\/wp-json\/wp\/v2\/pages\/14047","targetHints":{"allow":["GET"]}}],"collection":[{"href":"https:\/\/www.bdesign-floors.com\/sk\/wp-json\/wp\/v2\/pages"}],"about":[{"href":"https:\/\/www.bdesign-floors.com\/sk\/wp-json\/wp\/v2\/types\/page"}],"author":[{"embeddable":true,"href":"https:\/\/www.bdesign-floors.com\/sk\/wp-json\/wp\/v2\/users\/8"}],"replies":[{"embeddable":true,"href":"https:\/\/www.bdesign-floors.com\/sk\/wp-json\/wp\/v2\/comments?post=14047"}],"version-history":[{"count":3,"href":"https:\/\/www.bdesign-floors.com\/sk\/wp-json\/wp\/v2\/pages\/14047\/revisions"}],"predecessor-version":[{"id":16465,"href":"https:\/\/www.bdesign-floors.com\/sk\/wp-json\/wp\/v2\/pages\/14047\/revisions\/16465"}],"wp:attachment":[{"href":"https:\/\/www.bdesign-floors.com\/sk\/wp-json\/wp\/v2\/media?parent=14047"}],"curies":[{"name":"wp","href":"https:\/\/api.w.org\/{rel}","templated":true}]}}