{"id":13677,"date":"2022-09-12T16:37:08","date_gmt":"2022-09-12T14:37:08","guid":{"rendered":"https:\/\/www.bdesign-floors.com\/dodatki-in-nega\/"},"modified":"2022-09-13T16:56:56","modified_gmt":"2022-09-13T14:56:56","slug":"dodatki-in-nega","status":"publish","type":"page","link":"https:\/\/www.bdesign-floors.com\/sl\/dodatki-in-nega\/","title":{"rendered":"Dodatki in nega"},"content":{"rendered":"<div id=\"bdesign2022_pageheader_block_62dfd623856fa\" class=\"bdesign2022_block bdesign2022_block--bdesign2022_pageheader\">\n    <div class=\"bdesign2022_block--wrapper\">\n                                    <div class=\"bdesign2022_ph-wrap is-single\">\n                    <div class=\"bdesign2022_ph-slide slidestyle-is-black orig-is-\u010drna active\">\n                        <div class=\"slide-image\">\n                            <img decoding=\"async\" class=\"img-fluid logo\" src=\"https:\/\/www.bdesign-floors.com\/wp-content\/uploads\/2022\/09\/zubehoer-pflege-boden-b-design.jpg\" srcset=\"https:\/\/www.bdesign-floors.com\/wp-content\/uploads\/2022\/09\/zubehoer-pflege-boden-b-design.jpg 1110w, https:\/\/www.bdesign-floors.com\/wp-content\/uploads\/2022\/09\/zubehoer-pflege-boden-b-design-768x521.jpg 768w, https:\/\/www.bdesign-floors.com\/wp-content\/uploads\/2022\/09\/zubehoer-pflege-boden-b-design-442x300.jpg 442w\">                        <\/div>\n                        <div class=\"slide-area\">\n                            <div class=\"slide-area-wrapper\">\n                                <h1>Za\u0161\u010dita in nega va\u0161ega sanjskega poda<\/h1>\n                                <h6>Pri nas boste na\u0161li visokokakovostne pripomo\u010dke in ustrezno nego, s katero lahko u\u010dinkovito o\u010distite in za\u0161\u010ditite svoja tla.<\/h6>\n                                                                                            <\/div>\n                            <div class=\"slide-image-mobile d-md-none\">\n                                <img decoding=\"async\" class=\"img-fluid logo\" src=\"https:\/\/www.bdesign-floors.com\/wp-content\/uploads\/2022\/09\/zubehoer-pflege-boden-b-design.jpg\" srcset=\"https:\/\/www.bdesign-floors.com\/wp-content\/uploads\/2022\/09\/zubehoer-pflege-boden-b-design.jpg 1110w, https:\/\/www.bdesign-floors.com\/wp-content\/uploads\/2022\/09\/zubehoer-pflege-boden-b-design-768x521.jpg 768w, https:\/\/www.bdesign-floors.com\/wp-content\/uploads\/2022\/09\/zubehoer-pflege-boden-b-design-442x300.jpg 442w\">                            <\/div>\n                        <\/div>\n                    <\/div>\n                <\/div>\n                        <\/div>\n<\/div>\n\n\n<div id=\"bdesign2022_headline_block_62ea833e526c0\" class=\"bdesign2022_block bdesign2022_block--bdesign2022_headline\">\n    <div class=\"bdesign2022_block--wrapper\">\n        <div class=\"container my-4\">\n            \n                                    <h5 class=\"h5 text-start mt-5 mb-3\">Dodatki in nega<\/h5>\n                                                    <h2 class=\"h2 text-start mt-2 mb-4\">Nega in pribor za namestitev<\/h2>\n                                \n                        <\/div>\n    <\/div>\n<\/div>\n\n\n<div id=\"bdesign2022_2columntext_block_62ea8358526c1\" class=\"bdesign2022_block bdesign2022_block--bdesign2022_2columntext\">\n    <div class=\"bdesign2022_block--wrapper\">\n        <div class=\"container my-4\">\n            <div class=\"row align-items-start\">\n                <div class=\"col-12 col-xxl-4 offset-0 offset-xxl-2 my-3\">\n                    <p>Naj gre za podloge, letve ali \u010distila &#8211; tukaj boste na\u0161li, kaj je dobro za va\u0161 oblikovalski pod. Na ta na\u010din ne dose\u017eete le privla\u010dnej\u0161ega videza, temve\u010d lahko tudi dolgoro\u010dno ohranite vrednost svojih tal. Glede na svoje individualne potrebe lahko izbirate med visokokakovostnimi<\/p>\n                <\/div>\n                <div class=\"c0l-12 col-xxl-4 xxl-3 my-3\">\n                    <p>podloge in posebna \u010distila. Izbirate lahko med osnovnim \u010distilom za osnovno nego, \u010distilom za \u010di\u0161\u010denje z mopom za naravno ohranjanje tal in na\u0161im osve\u017eilcem za za\u0161\u010dito tal. Odkrijte dodatke in izdelke za nego b!design.<\/p>\n                <\/div>\n            <\/div>\n        <\/div>\n    <\/div>\n<\/div>\n\n\n<div id=\"bdesign2022_imagetext_block_62e799efe8da2\" class=\"bdesign2022_block bdesign2022_block--bdesign2022_imagetext\">\n    <div class=\"bdesign2022_block--wrapper\">\n        <div class=\"container\">\n            <div class=\"row align-items-center align-items-xxl-start align-items-xxxl-center\">\n                <div class=\"d-block d-md-block col-md-7 col-xl-4 col-xxl-5 col-xxxl-7 col-type-is-image col-count-is-1\"><img decoding=\"async\" class=\"img-fluid col-img\" src=\"https:\/\/www.bdesign-floors.com\/wp-content\/uploads\/2022\/09\/unterlagsmatte-zubehoer-pflege-boden-b-design.jpg\" srcset=\"https:\/\/www.bdesign-floors.com\/wp-content\/uploads\/2022\/09\/unterlagsmatte-zubehoer-pflege-boden-b-design.jpg 1110w, https:\/\/www.bdesign-floors.com\/wp-content\/uploads\/2022\/09\/unterlagsmatte-zubehoer-pflege-boden-b-design-768x510.jpg 768w, https:\/\/www.bdesign-floors.com\/wp-content\/uploads\/2022\/09\/unterlagsmatte-zubehoer-pflege-boden-b-design-452x300.jpg 452w\"><\/div><div class=\"col-12 col-xl-7 col-xxl-6 col-xxxl-4 col-type-is-imagetext col-count-is-2\"><h3>Zakaj podloga b!design?<\/h3><p>Podloga b!design ima odli\u010dno dolgoro\u010dno stabilnost in visoko tla\u010dno trdnost. To \u0161\u010diti klik povezavo pred po\u0161kodbami ali nastankom spojev pri velikih obremenitvah. Plavajo\u010de talne plo\u0161\u010de? Deluje tudi! Podloga za podlogo se nemoteno odziva na temperaturne spremembe. Zmanj\u0161a zvok, tako da se zmanj\u0161a hrup sosedov pod vami in hrup pri hoji v va\u0161ih sobah.<\/p>\n<p>Nih\u010de si ne \u017eeli hladnih tal. Zato preproga prepre\u010duje tudi odtekanje toplotne energije s tal. Prav tako vam ni treba skrbeti zaradi plesni, saj na\u0161a podloga omogo\u010da kro\u017eenje zraka neposredno nad pregrado proti vlagi.<\/p>\n<\/div>            <\/div>\n        <\/div>\n    <\/div>\n<\/div>\n\n\n<div id=\"bdesign2022_imagetext_block_62e79a3be8da5\" class=\"bdesign2022_block bdesign2022_block--bdesign2022_imagetext\">\n    <div class=\"bdesign2022_block--wrapper\">\n        <div class=\"container\">\n            <div class=\"row align-items-center align-items-xxl-start align-items-xxxl-center\">\n                <div class=\"col-12 col-xl-7 col-xxl-6 col-xxxl-4 col-type-is-imagetext col-count-is-1\"><h3>Udarni blok za vinilna tla s priklju\u010dkom clic<\/h3><p>Ta blok za zatikanje je razvit posebej za talne obloge b!design design s priklju\u010dkom Clic. Uporablja se lahko univerzalno, \u0161\u010diti rob med namestitvijo in podpira popolno namestitev. Blok iz bele plastike je enostaven za uporabo in omogo\u010da brezhibno in dolgotrajno namestitev.<\/p>\n<\/div><div class=\"d-block d-md-block col-md-7 col-xl-4 col-xxl-5 col-xxxl-7 col-type-is-image col-count-is-2\"><img decoding=\"async\" class=\"img-fluid col-img\" src=\"https:\/\/www.bdesign-floors.com\/wp-content\/uploads\/2022\/09\/schlagklotz-zubehoer-pflege-boden-b-design.jpg\" srcset=\"https:\/\/www.bdesign-floors.com\/wp-content\/uploads\/2022\/09\/schlagklotz-zubehoer-pflege-boden-b-design.jpg 1110w, https:\/\/www.bdesign-floors.com\/wp-content\/uploads\/2022\/09\/schlagklotz-zubehoer-pflege-boden-b-design-768x510.jpg 768w, https:\/\/www.bdesign-floors.com\/wp-content\/uploads\/2022\/09\/schlagklotz-zubehoer-pflege-boden-b-design-452x300.jpg 452w\"><\/div>            <\/div>\n        <\/div>\n    <\/div>\n<\/div>\n\n\n<div id=\"bdesign2022_imagetext_block_63186497b5d1a\" class=\"bdesign2022_block bdesign2022_block--bdesign2022_imagetext\">\n    <div class=\"bdesign2022_block--wrapper\">\n        <div class=\"container\">\n            <div class=\"row align-items-center align-items-xxl-start align-items-xxxl-center\">\n                <div class=\"d-block d-md-block col-md-7 col-xl-4 col-xxl-5 col-xxxl-7 col-type-is-image col-count-is-1\"><img decoding=\"async\" class=\"img-fluid col-img\" src=\"https:\/\/www.bdesign-floors.com\/wp-content\/uploads\/2022\/09\/scratchfix-zubehoer-pflege-boden-b-design.jpg\" srcset=\"https:\/\/www.bdesign-floors.com\/wp-content\/uploads\/2022\/09\/scratchfix-zubehoer-pflege-boden-b-design.jpg 1110w, https:\/\/www.bdesign-floors.com\/wp-content\/uploads\/2022\/09\/scratchfix-zubehoer-pflege-boden-b-design-768x510.jpg 768w, https:\/\/www.bdesign-floors.com\/wp-content\/uploads\/2022\/09\/scratchfix-zubehoer-pflege-boden-b-design-452x300.jpg 452w\"><\/div><div class=\"col-12 col-xl-7 col-xxl-6 col-xxxl-4 col-type-is-imagetext col-count-is-2\"><h3>Dr.Schutz Set za popravilo: ScratchFix<\/h3><p>Ali imajo va\u0161a tla nekaj znakov uporabe? Ni te\u017eav: komplet za popravilo tal Scratchfix podjetja Dr. Schutz je idealna re\u0161itev za delno obnovo prask in belih lomov na oblikovanih tleh in drugih pro\u017enih talnih oblogah. Vklju\u010duje sprej za popravilo PU za popravilo drobnih povr\u0161inskih prask in pero za popravilo PU za popravilo globljih prask. Vklju\u010duje tudi celoten paket dodatne opreme z navodili za obdelavo. Vse so optimalno usklajene s stopnjo sijaja za sodobno oblikovana tla.<\/p>\n<\/div>            <\/div>\n        <\/div>\n    <\/div>\n<\/div>\n\n\n<div id=\"bdesign2022_imagetext_block_631985a118e97\" class=\"bdesign2022_block bdesign2022_block--bdesign2022_imagetext\">\n    <div class=\"bdesign2022_block--wrapper\">\n        <div class=\"container\">\n            <div class=\"row align-items-center align-items-xxl-start align-items-xxxl-center\">\n                <div class=\"col-12 col-xl-7 col-xxl-6 col-xxxl-4 col-type-is-imagetext col-count-is-1\"><h3>Nega: Od osnovnega \u010distila do osve\u017eilca<\/h3><p>Z na\u0161imi tremi izdelki za nego bodo va\u0161a tla v hipu spet videti sve\u017ea in sijo\u010da: Odkrijte na\u0161e osve\u017eilno sredstvo, sredstvo za nego mopov in osnovno \u010distilo.<\/p>\n<\/div><div class=\"d-block d-md-block col-md-7 col-xl-4 col-xxl-5 col-xxxl-7 col-type-is-image col-count-is-2\"><img decoding=\"async\" class=\"img-fluid col-img\" src=\"https:\/\/www.bdesign-floors.com\/wp-content\/uploads\/2022\/09\/pflegemittel-zubehoer-pflege-boden-b-design.jpg\" srcset=\"https:\/\/www.bdesign-floors.com\/wp-content\/uploads\/2022\/09\/pflegemittel-zubehoer-pflege-boden-b-design.jpg 1110w, https:\/\/www.bdesign-floors.com\/wp-content\/uploads\/2022\/09\/pflegemittel-zubehoer-pflege-boden-b-design-768x510.jpg 768w, https:\/\/www.bdesign-floors.com\/wp-content\/uploads\/2022\/09\/pflegemittel-zubehoer-pflege-boden-b-design-452x300.jpg 452w\"><\/div>            <\/div>\n        <\/div>\n    <\/div>\n<\/div>\n","protected":false},"excerpt":{"rendered":"","protected":false},"author":8,"featured_media":0,"parent":0,"menu_order":3,"comment_status":"closed","ping_status":"closed","template":"","meta":{"_acf_changed":false,"footnotes":""},"class_list":["post-13677","page","type-page","status-publish","hentry"],"acf":[],"yoast_head":"<!-- This site is optimized with the Yoast SEO plugin v24.2 - https:\/\/yoast.com\/wordpress\/plugins\/seo\/ -->\n<title>Dodatki in nega | b!design<\/title>\n<meta name=\"description\" content=\"Pri podjetju b!design lahko najdete tudi prave izdelke za \u010di\u0161\u010denje in nego novih tal. Odkrijte na\u0161o ponudbo visokokakovostnih dodatkov!\" \/>\n<meta name=\"robots\" content=\"index, follow, max-snippet:-1, max-image-preview:large, max-video-preview:-1\" \/>\n<link rel=\"canonical\" href=\"https:\/\/www.bdesign-floors.com\/sl\/dodatki-in-nega\/\" \/>\n<meta property=\"og:locale\" content=\"sl_SI\" \/>\n<meta property=\"og:type\" content=\"article\" \/>\n<meta property=\"og:title\" content=\"Dodatki in nega | b!design\" \/>\n<meta property=\"og:description\" content=\"Pri podjetju b!design lahko najdete tudi prave izdelke za \u010di\u0161\u010denje in nego novih tal. Odkrijte na\u0161o ponudbo visokokakovostnih dodatkov!\" \/>\n<meta property=\"og:url\" content=\"https:\/\/www.bdesign-floors.com\/sl\/dodatki-in-nega\/\" \/>\n<meta property=\"og:site_name\" content=\"b!design\" \/>\n<meta property=\"article:modified_time\" content=\"2022-09-13T14:56:56+00:00\" \/>\n<meta name=\"twitter:card\" content=\"summary_large_image\" \/>\n<script type=\"application\/ld+json\" class=\"yoast-schema-graph\">{\"@context\":\"https:\/\/schema.org\",\"@graph\":[{\"@type\":\"WebPage\",\"@id\":\"https:\/\/www.bdesign-floors.com\/sl\/dodatki-in-nega\/\",\"url\":\"https:\/\/www.bdesign-floors.com\/sl\/dodatki-in-nega\/\",\"name\":\"Dodatki in nega | b!design\",\"isPartOf\":{\"@id\":\"https:\/\/bdesign.wp.factory.blim-dev.com\/#website\"},\"datePublished\":\"2022-09-12T14:37:08+00:00\",\"dateModified\":\"2022-09-13T14:56:56+00:00\",\"description\":\"Pri podjetju b!design lahko najdete tudi prave izdelke za \u010di\u0161\u010denje in nego novih tal. Odkrijte na\u0161o ponudbo visokokakovostnih dodatkov!\",\"breadcrumb\":{\"@id\":\"https:\/\/www.bdesign-floors.com\/sl\/dodatki-in-nega\/#breadcrumb\"},\"inLanguage\":\"sl-SI\",\"potentialAction\":[{\"@type\":\"ReadAction\",\"target\":[\"https:\/\/www.bdesign-floors.com\/sl\/dodatki-in-nega\/\"]}]},{\"@type\":\"BreadcrumbList\",\"@id\":\"https:\/\/www.bdesign-floors.com\/sl\/dodatki-in-nega\/#breadcrumb\",\"itemListElement\":[{\"@type\":\"ListItem\",\"position\":1,\"name\":\"Home\",\"item\":\"https:\/\/www.bdesign-floors.com\/sl\/\"},{\"@type\":\"ListItem\",\"position\":2,\"name\":\"Dodatki in nega\"}]},{\"@type\":\"WebSite\",\"@id\":\"https:\/\/bdesign.wp.factory.blim-dev.com\/#website\",\"url\":\"https:\/\/bdesign.wp.factory.blim-dev.com\/\",\"name\":\"b!design\",\"description\":\"Just another WordPress site\",\"potentialAction\":[{\"@type\":\"SearchAction\",\"target\":{\"@type\":\"EntryPoint\",\"urlTemplate\":\"https:\/\/bdesign.wp.factory.blim-dev.com\/?s={search_term_string}\"},\"query-input\":{\"@type\":\"PropertyValueSpecification\",\"valueRequired\":true,\"valueName\":\"search_term_string\"}}],\"inLanguage\":\"sl-SI\"}]}<\/script>\n<!-- \/ Yoast SEO plugin. -->","yoast_head_json":{"title":"Dodatki in nega | b!design","description":"Pri podjetju b!design lahko najdete tudi prave izdelke za \u010di\u0161\u010denje in nego novih tal. Odkrijte na\u0161o ponudbo visokokakovostnih dodatkov!","robots":{"index":"index","follow":"follow","max-snippet":"max-snippet:-1","max-image-preview":"max-image-preview:large","max-video-preview":"max-video-preview:-1"},"canonical":"https:\/\/www.bdesign-floors.com\/sl\/dodatki-in-nega\/","og_locale":"sl_SI","og_type":"article","og_title":"Dodatki in nega | b!design","og_description":"Pri podjetju b!design lahko najdete tudi prave izdelke za \u010di\u0161\u010denje in nego novih tal. Odkrijte na\u0161o ponudbo visokokakovostnih dodatkov!","og_url":"https:\/\/www.bdesign-floors.com\/sl\/dodatki-in-nega\/","og_site_name":"b!design","article_modified_time":"2022-09-13T14:56:56+00:00","twitter_card":"summary_large_image","schema":{"@context":"https:\/\/schema.org","@graph":[{"@type":"WebPage","@id":"https:\/\/www.bdesign-floors.com\/sl\/dodatki-in-nega\/","url":"https:\/\/www.bdesign-floors.com\/sl\/dodatki-in-nega\/","name":"Dodatki in nega | b!design","isPartOf":{"@id":"https:\/\/bdesign.wp.factory.blim-dev.com\/#website"},"datePublished":"2022-09-12T14:37:08+00:00","dateModified":"2022-09-13T14:56:56+00:00","description":"Pri podjetju b!design lahko najdete tudi prave izdelke za \u010di\u0161\u010denje in nego novih tal. Odkrijte na\u0161o ponudbo visokokakovostnih dodatkov!","breadcrumb":{"@id":"https:\/\/www.bdesign-floors.com\/sl\/dodatki-in-nega\/#breadcrumb"},"inLanguage":"sl-SI","potentialAction":[{"@type":"ReadAction","target":["https:\/\/www.bdesign-floors.com\/sl\/dodatki-in-nega\/"]}]},{"@type":"BreadcrumbList","@id":"https:\/\/www.bdesign-floors.com\/sl\/dodatki-in-nega\/#breadcrumb","itemListElement":[{"@type":"ListItem","position":1,"name":"Home","item":"https:\/\/www.bdesign-floors.com\/sl\/"},{"@type":"ListItem","position":2,"name":"Dodatki in nega"}]},{"@type":"WebSite","@id":"https:\/\/bdesign.wp.factory.blim-dev.com\/#website","url":"https:\/\/bdesign.wp.factory.blim-dev.com\/","name":"b!design","description":"Just another WordPress site","potentialAction":[{"@type":"SearchAction","target":{"@type":"EntryPoint","urlTemplate":"https:\/\/bdesign.wp.factory.blim-dev.com\/?s={search_term_string}"},"query-input":{"@type":"PropertyValueSpecification","valueRequired":true,"valueName":"search_term_string"}}],"inLanguage":"sl-SI"}]}},"_links":{"self":[{"href":"https:\/\/www.bdesign-floors.com\/sl\/wp-json\/wp\/v2\/pages\/13677","targetHints":{"allow":["GET"]}}],"collection":[{"href":"https:\/\/www.bdesign-floors.com\/sl\/wp-json\/wp\/v2\/pages"}],"about":[{"href":"https:\/\/www.bdesign-floors.com\/sl\/wp-json\/wp\/v2\/types\/page"}],"author":[{"embeddable":true,"href":"https:\/\/www.bdesign-floors.com\/sl\/wp-json\/wp\/v2\/users\/8"}],"replies":[{"embeddable":true,"href":"https:\/\/www.bdesign-floors.com\/sl\/wp-json\/wp\/v2\/comments?post=13677"}],"version-history":[{"count":3,"href":"https:\/\/www.bdesign-floors.com\/sl\/wp-json\/wp\/v2\/pages\/13677\/revisions"}],"predecessor-version":[{"id":15633,"href":"https:\/\/www.bdesign-floors.com\/sl\/wp-json\/wp\/v2\/pages\/13677\/revisions\/15633"}],"wp:attachment":[{"href":"https:\/\/www.bdesign-floors.com\/sl\/wp-json\/wp\/v2\/media?parent=13677"}],"curies":[{"name":"wp","href":"https:\/\/api.w.org\/{rel}","templated":true}]}}