{"id":13714,"date":"2022-09-12T16:40:07","date_gmt":"2022-09-12T14:40:07","guid":{"rendered":"https:\/\/www.bdesign-floors.com\/kaj-morate-vedeti\/"},"modified":"2022-09-21T13:19:11","modified_gmt":"2022-09-21T11:19:11","slug":"kaj-morate-vedeti","status":"publish","type":"page","link":"https:\/\/www.bdesign-floors.com\/sl\/kaj-morate-vedeti\/","title":{"rendered":"Kaj morate vedeti"},"content":{"rendered":"<div id=\"bdesign2022_pageheader_block_62dfd623856fa\" class=\"bdesign2022_block bdesign2022_block--bdesign2022_pageheader\">\n    <div class=\"bdesign2022_block--wrapper\">\n                                    <div class=\"bdesign2022_ph-wrap is-single\">\n                    <div class=\"bdesign2022_ph-slide slidestyle-is-black orig-is-\u010drna active\">\n                        <div class=\"slide-image\">\n                            <img decoding=\"async\" class=\"img-fluid logo\" src=\"https:\/\/www.bdesign-floors.com\/wp-content\/uploads\/2022\/08\/wissenswertes-boden-b-design.jpg\" srcset=\"https:\/\/www.bdesign-floors.com\/wp-content\/uploads\/2022\/08\/wissenswertes-boden-b-design.jpg 1110w, https:\/\/www.bdesign-floors.com\/wp-content\/uploads\/2022\/08\/wissenswertes-boden-b-design-768x521.jpg 768w, https:\/\/www.bdesign-floors.com\/wp-content\/uploads\/2022\/08\/wissenswertes-boden-b-design-442x300.jpg 442w\">                        <\/div>\n                        <div class=\"slide-area\">\n                            <div class=\"slide-area-wrapper\">\n                                <h1>Zanimiva dejstva o tleh b!design<\/h1>\n                                <h6>\u017divite bolj zdravo &#8211; z oblikovanimi vinilnimi tlemi iz b!design<\/h6>\n                                                                                            <\/div>\n                            <div class=\"slide-image-mobile d-md-none\">\n                                <img decoding=\"async\" class=\"img-fluid logo\" src=\"https:\/\/www.bdesign-floors.com\/wp-content\/uploads\/2022\/08\/wissenswertes-boden-b-design.jpg\" srcset=\"https:\/\/www.bdesign-floors.com\/wp-content\/uploads\/2022\/08\/wissenswertes-boden-b-design.jpg 1110w, https:\/\/www.bdesign-floors.com\/wp-content\/uploads\/2022\/08\/wissenswertes-boden-b-design-768x521.jpg 768w, https:\/\/www.bdesign-floors.com\/wp-content\/uploads\/2022\/08\/wissenswertes-boden-b-design-442x300.jpg 442w\">                            <\/div>\n                        <\/div>\n                    <\/div>\n                <\/div>\n                        <\/div>\n<\/div>\n<div id=\"bdesign2022_headline_block_62e922710cc19\" class=\"bdesign2022_block bdesign2022_block--bdesign2022_headline\">\n    <div class=\"bdesign2022_block--wrapper\">\n        <div class=\"container my-4\">\n            \n                                    <h5 class=\"h5 text-start mt-5 mb-3\">Kaj morate vedeti<\/h5>\n                                                    <h2 class=\"h2 text-start mt-2 mb-4\">Tla z b!designom so osnova za brezskrbno \u017eivljenje<\/h2>\n                                \n                        <\/div>\n    <\/div>\n<\/div>\n<div id=\"bdesign2022_2columntext_block_62e923a916b97\" class=\"bdesign2022_block bdesign2022_block--bdesign2022_2columntext\">\n    <div class=\"bdesign2022_block--wrapper\">\n        <div class=\"container my-4\">\n            <div class=\"row align-items-start\">\n                <div class=\"col-12 col-xxl-4 offset-0 offset-xxl-2 my-3\">\n                    <p>Novih tal ne kupujete vsak dan, temve\u010d je to do\u017eivljenjski nakup. Zato se zavedamo, kako te\u017eko je izbrati pravo. Toda kako veste, katera je prava za vas? Pomagali vam bomo in vam posredovali nekaj koristnih informacij o tem, na kaj morate biti pozorni pri nakupu, \u010de vam je zelo pomembna kakovost, izdelava in vgradnja tal. Svetujemo vam, da izberete tla iz programa b!design,<\/p>\n                <\/div>\n                <div class=\"c0l-12 col-xxl-4 xxl-3 my-3\">\n                    <p>ki je izdelan iz velikega dele\u017ea naravnih materialov. Visokokakovostna vinilna tla ne vsebujejo PVC, PCB, dioksinov ali drugih kemi\u010dnih veziv, ki se lahko spro\u0161\u010dajo. Za vas to pomeni, da v vsakdanjem \u017eivljenju niste izpostavljeni onesna\u017eevalom. To je osnova, zaradi katere so na\u0161a tla tak\u0161na, kot so: naravna tla, ki so prijazna do alergikov in higieni\u010dna.<\/p>\n                <\/div>\n            <\/div>\n        <\/div>\n    <\/div>\n<\/div>\n<div id=\"bdesign2022_imagetext_block_62f63b3a5464c\" class=\"bdesign2022_block bdesign2022_block--bdesign2022_imagetext\">\n    <div class=\"bdesign2022_block--wrapper\">\n        <div class=\"container\">\n            <div class=\"row align-items-center align-items-xxl-start align-items-xxxl-center\">\n                <div class=\"col-12 col-xl-7 col-xxl-6 col-xxxl-4 col-type-is-imagetext col-count-is-1\"><h3>Pogosto zastavljena vpra\u0161anja<\/h3><p>Imate vpra\u0161anja o na\u0161ih izdelkih? Tukaj boste na\u0161li odgovore na pogosto zastavljena vpra\u0161anja o vinilnih tleh b!design design. Izvedite zdaj!<\/p>\n<a class=\"btn btn-bdesign2022 btn-pagelink\" href=\"https:\/\/www.bdesign-floors.com\/wissenswertes\/haeufig-gestellte-fragen\/\">Pogosto zastavljena vpra\u0161anja<\/a><\/div><div class=\"d-block d-md-block col-md-7 col-xl-4 col-xxl-5 col-xxxl-7 col-type-is-image col-count-is-2\"><img decoding=\"async\" class=\"img-fluid col-img\" src=\"https:\/\/www.bdesign-floors.com\/wp-content\/uploads\/2022\/08\/faq-boden-b-design.jpg\" srcset=\"https:\/\/www.bdesign-floors.com\/wp-content\/uploads\/2022\/08\/faq-boden-b-design.jpg 1110w, https:\/\/www.bdesign-floors.com\/wp-content\/uploads\/2022\/08\/faq-boden-b-design-768x510.jpg 768w, https:\/\/www.bdesign-floors.com\/wp-content\/uploads\/2022\/08\/faq-boden-b-design-452x300.jpg 452w\"><\/div>            <\/div>\n        <\/div>\n    <\/div>\n<\/div>\n<div id=\"bdesign2022_imagetext_block_62f63b855464d\" class=\"bdesign2022_block bdesign2022_block--bdesign2022_imagetext\">\n    <div class=\"bdesign2022_block--wrapper\">\n        <div class=\"container\">\n            <div class=\"row align-items-center align-items-xxl-start align-items-xxxl-center\">\n                <div class=\"d-block d-md-block col-md-7 col-xl-4 col-xxl-5 col-xxxl-7 col-type-is-image col-count-is-1\"><img decoding=\"async\" class=\"img-fluid col-img\" src=\"https:\/\/www.bdesign-floors.com\/wp-content\/uploads\/2022\/08\/sentinel-haus-zertifikat-vorteile-boden-b-design.jpg\" srcset=\"https:\/\/www.bdesign-floors.com\/wp-content\/uploads\/2022\/08\/sentinel-haus-zertifikat-vorteile-boden-b-design.jpg 1110w, https:\/\/www.bdesign-floors.com\/wp-content\/uploads\/2022\/08\/sentinel-haus-zertifikat-vorteile-boden-b-design-768x510.jpg 768w, https:\/\/www.bdesign-floors.com\/wp-content\/uploads\/2022\/08\/sentinel-haus-zertifikat-vorteile-boden-b-design-452x300.jpg 452w\"><\/div><div class=\"col-12 col-xl-7 col-xxl-6 col-xxxl-4 col-type-is-imagetext col-count-is-2\"><h3>Zdravo \u017eivljenje s partnerjem Sentinel Haus<\/h3><p>In\u0161titut Sentinel Haus Institut je vodilni na trgu in na podro\u010dju znanja o zdravju v stavbah ter objavlja le izdelke, ki so testirani na \u0161kodljive snovi. Zato smo ponosni, da se lahko \u0161tejemo za partnerja.<\/p>\n<a class=\"btn btn-bdesign2022 btn-pagelink\" href=\"https:\/\/www.bdesign-floors.com\/wissenswertes\/gesundes-wohnen\/\">Zdravo \u017eivljenje<\/a><\/div>            <\/div>\n        <\/div>\n    <\/div>\n<\/div>\n","protected":false},"excerpt":{"rendered":"","protected":false},"author":8,"featured_media":0,"parent":0,"menu_order":4,"comment_status":"closed","ping_status":"closed","template":"","meta":{"_acf_changed":false,"footnotes":""},"class_list":["post-13714","page","type-page","status-publish","hentry"],"acf":[],"yoast_head":"<!-- This site is optimized with the Yoast SEO plugin v24.2 - https:\/\/yoast.com\/wordpress\/plugins\/seo\/ -->\n<title>Kaj morate vedeti | b!design<\/title>\n<meta name=\"description\" content=\"V na\u0161ih vodnikih najdete vse, kar morate vedeti o talnih oblogah b!design, \u010di\u0161\u010denju, negi, namestitvi in \u0161e ve\u010d. Izvedite zdaj!\" \/>\n<meta name=\"robots\" content=\"index, follow, max-snippet:-1, max-image-preview:large, max-video-preview:-1\" \/>\n<link rel=\"canonical\" href=\"https:\/\/www.bdesign-floors.com\/sl\/kaj-morate-vedeti\/\" \/>\n<meta property=\"og:locale\" content=\"sl_SI\" \/>\n<meta property=\"og:type\" content=\"article\" \/>\n<meta property=\"og:title\" content=\"Kaj morate vedeti | b!design\" \/>\n<meta property=\"og:description\" content=\"V na\u0161ih vodnikih najdete vse, kar morate vedeti o talnih oblogah b!design, \u010di\u0161\u010denju, negi, namestitvi in \u0161e ve\u010d. Izvedite zdaj!\" \/>\n<meta property=\"og:url\" content=\"https:\/\/www.bdesign-floors.com\/sl\/kaj-morate-vedeti\/\" \/>\n<meta property=\"og:site_name\" content=\"b!design\" \/>\n<meta property=\"article:modified_time\" content=\"2022-09-21T11:19:11+00:00\" \/>\n<meta name=\"twitter:card\" content=\"summary_large_image\" \/>\n<script type=\"application\/ld+json\" class=\"yoast-schema-graph\">{\"@context\":\"https:\/\/schema.org\",\"@graph\":[{\"@type\":\"WebPage\",\"@id\":\"https:\/\/www.bdesign-floors.com\/sl\/kaj-morate-vedeti\/\",\"url\":\"https:\/\/www.bdesign-floors.com\/sl\/kaj-morate-vedeti\/\",\"name\":\"Kaj morate vedeti | b!design\",\"isPartOf\":{\"@id\":\"https:\/\/bdesign.wp.factory.blim-dev.com\/#website\"},\"datePublished\":\"2022-09-12T14:40:07+00:00\",\"dateModified\":\"2022-09-21T11:19:11+00:00\",\"description\":\"V na\u0161ih vodnikih najdete vse, kar morate vedeti o talnih oblogah b!design, \u010di\u0161\u010denju, negi, namestitvi in \u0161e ve\u010d. Izvedite zdaj!\",\"breadcrumb\":{\"@id\":\"https:\/\/www.bdesign-floors.com\/sl\/kaj-morate-vedeti\/#breadcrumb\"},\"inLanguage\":\"sl-SI\",\"potentialAction\":[{\"@type\":\"ReadAction\",\"target\":[\"https:\/\/www.bdesign-floors.com\/sl\/kaj-morate-vedeti\/\"]}]},{\"@type\":\"BreadcrumbList\",\"@id\":\"https:\/\/www.bdesign-floors.com\/sl\/kaj-morate-vedeti\/#breadcrumb\",\"itemListElement\":[{\"@type\":\"ListItem\",\"position\":1,\"name\":\"Home\",\"item\":\"https:\/\/www.bdesign-floors.com\/sl\/\"},{\"@type\":\"ListItem\",\"position\":2,\"name\":\"Kaj morate vedeti\"}]},{\"@type\":\"WebSite\",\"@id\":\"https:\/\/bdesign.wp.factory.blim-dev.com\/#website\",\"url\":\"https:\/\/bdesign.wp.factory.blim-dev.com\/\",\"name\":\"b!design\",\"description\":\"Just another WordPress site\",\"potentialAction\":[{\"@type\":\"SearchAction\",\"target\":{\"@type\":\"EntryPoint\",\"urlTemplate\":\"https:\/\/bdesign.wp.factory.blim-dev.com\/?s={search_term_string}\"},\"query-input\":{\"@type\":\"PropertyValueSpecification\",\"valueRequired\":true,\"valueName\":\"search_term_string\"}}],\"inLanguage\":\"sl-SI\"}]}<\/script>\n<!-- \/ Yoast SEO plugin. -->","yoast_head_json":{"title":"Kaj morate vedeti | b!design","description":"V na\u0161ih vodnikih najdete vse, kar morate vedeti o talnih oblogah b!design, \u010di\u0161\u010denju, negi, namestitvi in \u0161e ve\u010d. Izvedite zdaj!","robots":{"index":"index","follow":"follow","max-snippet":"max-snippet:-1","max-image-preview":"max-image-preview:large","max-video-preview":"max-video-preview:-1"},"canonical":"https:\/\/www.bdesign-floors.com\/sl\/kaj-morate-vedeti\/","og_locale":"sl_SI","og_type":"article","og_title":"Kaj morate vedeti | b!design","og_description":"V na\u0161ih vodnikih najdete vse, kar morate vedeti o talnih oblogah b!design, \u010di\u0161\u010denju, negi, namestitvi in \u0161e ve\u010d. Izvedite zdaj!","og_url":"https:\/\/www.bdesign-floors.com\/sl\/kaj-morate-vedeti\/","og_site_name":"b!design","article_modified_time":"2022-09-21T11:19:11+00:00","twitter_card":"summary_large_image","schema":{"@context":"https:\/\/schema.org","@graph":[{"@type":"WebPage","@id":"https:\/\/www.bdesign-floors.com\/sl\/kaj-morate-vedeti\/","url":"https:\/\/www.bdesign-floors.com\/sl\/kaj-morate-vedeti\/","name":"Kaj morate vedeti | b!design","isPartOf":{"@id":"https:\/\/bdesign.wp.factory.blim-dev.com\/#website"},"datePublished":"2022-09-12T14:40:07+00:00","dateModified":"2022-09-21T11:19:11+00:00","description":"V na\u0161ih vodnikih najdete vse, kar morate vedeti o talnih oblogah b!design, \u010di\u0161\u010denju, negi, namestitvi in \u0161e ve\u010d. Izvedite zdaj!","breadcrumb":{"@id":"https:\/\/www.bdesign-floors.com\/sl\/kaj-morate-vedeti\/#breadcrumb"},"inLanguage":"sl-SI","potentialAction":[{"@type":"ReadAction","target":["https:\/\/www.bdesign-floors.com\/sl\/kaj-morate-vedeti\/"]}]},{"@type":"BreadcrumbList","@id":"https:\/\/www.bdesign-floors.com\/sl\/kaj-morate-vedeti\/#breadcrumb","itemListElement":[{"@type":"ListItem","position":1,"name":"Home","item":"https:\/\/www.bdesign-floors.com\/sl\/"},{"@type":"ListItem","position":2,"name":"Kaj morate vedeti"}]},{"@type":"WebSite","@id":"https:\/\/bdesign.wp.factory.blim-dev.com\/#website","url":"https:\/\/bdesign.wp.factory.blim-dev.com\/","name":"b!design","description":"Just another WordPress site","potentialAction":[{"@type":"SearchAction","target":{"@type":"EntryPoint","urlTemplate":"https:\/\/bdesign.wp.factory.blim-dev.com\/?s={search_term_string}"},"query-input":{"@type":"PropertyValueSpecification","valueRequired":true,"valueName":"search_term_string"}}],"inLanguage":"sl-SI"}]}},"_links":{"self":[{"href":"https:\/\/www.bdesign-floors.com\/sl\/wp-json\/wp\/v2\/pages\/13714","targetHints":{"allow":["GET"]}}],"collection":[{"href":"https:\/\/www.bdesign-floors.com\/sl\/wp-json\/wp\/v2\/pages"}],"about":[{"href":"https:\/\/www.bdesign-floors.com\/sl\/wp-json\/wp\/v2\/types\/page"}],"author":[{"embeddable":true,"href":"https:\/\/www.bdesign-floors.com\/sl\/wp-json\/wp\/v2\/users\/8"}],"replies":[{"embeddable":true,"href":"https:\/\/www.bdesign-floors.com\/sl\/wp-json\/wp\/v2\/comments?post=13714"}],"version-history":[{"count":2,"href":"https:\/\/www.bdesign-floors.com\/sl\/wp-json\/wp\/v2\/pages\/13714\/revisions"}],"predecessor-version":[{"id":16494,"href":"https:\/\/www.bdesign-floors.com\/sl\/wp-json\/wp\/v2\/pages\/13714\/revisions\/16494"}],"wp:attachment":[{"href":"https:\/\/www.bdesign-floors.com\/sl\/wp-json\/wp\/v2\/media?parent=13714"}],"curies":[{"name":"wp","href":"https:\/\/api.w.org\/{rel}","templated":true}]}}