{"id":13940,"date":"2022-09-12T16:54:25","date_gmt":"2022-09-12T14:54:25","guid":{"rendered":"https:\/\/www.bdesign-floors.com\/odtis\/"},"modified":"2022-09-12T16:54:25","modified_gmt":"2022-09-12T14:54:25","slug":"odtis","status":"publish","type":"page","link":"https:\/\/www.bdesign-floors.com\/sl\/o-nas\/odtis\/","title":{"rendered":"Odtis"},"content":{"rendered":"<div id=\"bdesign2022_spacer_block_63061d222b814\" class=\"bdesign2022_block bdesign2022_block--bdesign2022_spacer\">\n    <div class=\"bdesign2022_block--wrapper\">\n        <div class=\"spacer\" style=\"height: 100px\"><\/div>\n    <\/div>\n<\/div>\n<div id=\"bdesign2022_customcontent_block_63061cc72b813\" class=\"bdesign2022_block bdesign2022_block--bdesign2022_customcontent\">\n    <div class=\"bdesign2022_block--wrapper\">\n        <div class=\"container\">\n            <div class=\"row\">\n                \n                    <div class=\"col-0 col-sm-2\"><\/div>\n                    <div class=\"col-12 col-sm-10 my-4\">\n                        <h1>Odtis<\/h1>\n<p><strong>Upravljavec teh spletnih strani je<\/strong><\/p>\n<p>BAUHAUS E-Business GmbH &amp; Co KG<br \/>\nGutenbergstra\u00dfe 21<br \/>\nD-68167 Mannheim<\/p>\n<p>Identifikacijska \u0161tevilka za DDV: DE 156673152<br \/>\nLokalno sodi\u0161\u010de v Mannheimu: HRA 3983<\/p>\n<p>Telefon: <a href=\"tel:8003905000\">+49 800 3905 000<\/a><br \/>\nE-naslov: <a href=\"mailto:service@bauhaus.info\">service@bauhaus.info<\/a><\/p>\n<h2>Osebno odgovorni partner<\/h2>\n<p>Werkhaus GmbH<br \/>\nSede\u017e: Mannheim<br \/>\nLokalno sodi\u0161\u010de Mannheim HRB 6426<br \/>\nDirektorja: Bernd Baus, Lutz Fiedler<\/p>\n<h2>Obvestilo o odgovornosti<\/h2>\n<p>Kljub skrbnemu nadzoru vsebine ne prevzemamo odgovornosti za vsebino zunanjih povezav. Za vsebino povezanih strani so odgovorni izklju\u010dno njihovi upravljavci.<\/p>\n<h2>Izjava o omejitvi odgovornosti<\/h2>\n<p>Za to\u010dnost vsebine ne jam\u010dimo. Prispevki temeljijo na virih, za katere menimo, da so vredni zaupanja. Zato za aktualnost, pravilnost in popolnost zagotovljenih informacij ni mogo\u010de prevzeti nobene odgovornosti ali jamstva.<br \/>\nZa komercialno uporabo in\/ali nadaljnjo distribucijo vsebine teh spletnih strani je potrebno pisno soglasje.<br \/>\nInformacije na na\u0161i spletni strani so skrbno zbrane v skladu s trenutnim stanjem znanosti in tehnologije. Raven znanja in izku\u0161enj se nenehno razvija. Zato pred kakr\u0161nim koli delom vedno preverite najnovej\u0161e stanje spletnega mesta. Zavedajte se, da moramo svojo odgovornost za informacije na teh straneh omejiti na namero, veliko malomarnost in kr\u0161itev bistvenih obveznosti. Pri opisani uporabi izdelka ni mogo\u010de upo\u0161tevati posebnih okoli\u0161\u010din posameznega primera. Zato preverite, ali so uporabljeni izdelki primerni za dolo\u010deno uporabo, ter vedno upo\u0161tevajte navodila za uporabo in informacije proizvajalca.<\/p>\n<h2>Slikovni krediti<\/h2>\n<p>\u00a9 Shutterstock<a href=\"https:\/\/www.shutterstock.com\/de\/\" target=\"_blank\" rel=\"noopener\">(shutterstock.com<\/a>)<\/p>\n                    <\/div>\n\n                                <\/div>\n        <\/div>\n    <\/div>\n<\/div>\n<div id=\"bdesign2022_spacer_block_63061d3a2b815\" class=\"bdesign2022_block bdesign2022_block--bdesign2022_spacer\">\n    <div class=\"bdesign2022_block--wrapper\">\n        <div class=\"spacer\" style=\"height: 100px\"><\/div>\n    <\/div>\n<\/div>\n","protected":false},"excerpt":{"rendered":"","protected":false},"author":8,"featured_media":0,"parent":13946,"menu_order":4,"comment_status":"closed","ping_status":"closed","template":"","meta":{"_acf_changed":false,"footnotes":""},"class_list":["post-13940","page","type-page","status-publish","hentry"],"acf":[],"yoast_head":"<!-- This site is optimized with the Yoast SEO plugin v24.2 - https:\/\/yoast.com\/wordpress\/plugins\/seo\/ -->\n<title>Odtis - b!design<\/title>\n<meta name=\"robots\" content=\"index, follow, max-snippet:-1, max-image-preview:large, max-video-preview:-1\" \/>\n<link rel=\"canonical\" href=\"https:\/\/www.bdesign-floors.com\/sl\/o-nas\/odtis\/\" \/>\n<meta property=\"og:locale\" content=\"sl_SI\" \/>\n<meta property=\"og:type\" content=\"article\" \/>\n<meta property=\"og:title\" content=\"Odtis - b!design\" \/>\n<meta property=\"og:url\" content=\"https:\/\/www.bdesign-floors.com\/sl\/o-nas\/odtis\/\" \/>\n<meta property=\"og:site_name\" content=\"b!design\" \/>\n<meta name=\"twitter:card\" content=\"summary_large_image\" \/>\n<script type=\"application\/ld+json\" class=\"yoast-schema-graph\">{\"@context\":\"https:\/\/schema.org\",\"@graph\":[{\"@type\":\"WebPage\",\"@id\":\"https:\/\/www.bdesign-floors.com\/sl\/o-nas\/odtis\/\",\"url\":\"https:\/\/www.bdesign-floors.com\/sl\/o-nas\/odtis\/\",\"name\":\"Odtis - b!design\",\"isPartOf\":{\"@id\":\"https:\/\/bdesign.wp.factory.blim-dev.com\/#website\"},\"datePublished\":\"2022-09-12T14:54:25+00:00\",\"dateModified\":\"2022-09-12T14:54:25+00:00\",\"breadcrumb\":{\"@id\":\"https:\/\/www.bdesign-floors.com\/sl\/o-nas\/odtis\/#breadcrumb\"},\"inLanguage\":\"sl-SI\",\"potentialAction\":[{\"@type\":\"ReadAction\",\"target\":[\"https:\/\/www.bdesign-floors.com\/sl\/o-nas\/odtis\/\"]}]},{\"@type\":\"BreadcrumbList\",\"@id\":\"https:\/\/www.bdesign-floors.com\/sl\/o-nas\/odtis\/#breadcrumb\",\"itemListElement\":[{\"@type\":\"ListItem\",\"position\":1,\"name\":\"Home\",\"item\":\"https:\/\/www.bdesign-floors.com\/sl\/\"},{\"@type\":\"ListItem\",\"position\":2,\"name\":\"Odtis\"}]},{\"@type\":\"WebSite\",\"@id\":\"https:\/\/bdesign.wp.factory.blim-dev.com\/#website\",\"url\":\"https:\/\/bdesign.wp.factory.blim-dev.com\/\",\"name\":\"b!design\",\"description\":\"Just another WordPress site\",\"potentialAction\":[{\"@type\":\"SearchAction\",\"target\":{\"@type\":\"EntryPoint\",\"urlTemplate\":\"https:\/\/bdesign.wp.factory.blim-dev.com\/?s={search_term_string}\"},\"query-input\":{\"@type\":\"PropertyValueSpecification\",\"valueRequired\":true,\"valueName\":\"search_term_string\"}}],\"inLanguage\":\"sl-SI\"}]}<\/script>\n<!-- \/ Yoast SEO plugin. -->","yoast_head_json":{"title":"Odtis - b!design","robots":{"index":"index","follow":"follow","max-snippet":"max-snippet:-1","max-image-preview":"max-image-preview:large","max-video-preview":"max-video-preview:-1"},"canonical":"https:\/\/www.bdesign-floors.com\/sl\/o-nas\/odtis\/","og_locale":"sl_SI","og_type":"article","og_title":"Odtis - b!design","og_url":"https:\/\/www.bdesign-floors.com\/sl\/o-nas\/odtis\/","og_site_name":"b!design","twitter_card":"summary_large_image","schema":{"@context":"https:\/\/schema.org","@graph":[{"@type":"WebPage","@id":"https:\/\/www.bdesign-floors.com\/sl\/o-nas\/odtis\/","url":"https:\/\/www.bdesign-floors.com\/sl\/o-nas\/odtis\/","name":"Odtis - b!design","isPartOf":{"@id":"https:\/\/bdesign.wp.factory.blim-dev.com\/#website"},"datePublished":"2022-09-12T14:54:25+00:00","dateModified":"2022-09-12T14:54:25+00:00","breadcrumb":{"@id":"https:\/\/www.bdesign-floors.com\/sl\/o-nas\/odtis\/#breadcrumb"},"inLanguage":"sl-SI","potentialAction":[{"@type":"ReadAction","target":["https:\/\/www.bdesign-floors.com\/sl\/o-nas\/odtis\/"]}]},{"@type":"BreadcrumbList","@id":"https:\/\/www.bdesign-floors.com\/sl\/o-nas\/odtis\/#breadcrumb","itemListElement":[{"@type":"ListItem","position":1,"name":"Home","item":"https:\/\/www.bdesign-floors.com\/sl\/"},{"@type":"ListItem","position":2,"name":"Odtis"}]},{"@type":"WebSite","@id":"https:\/\/bdesign.wp.factory.blim-dev.com\/#website","url":"https:\/\/bdesign.wp.factory.blim-dev.com\/","name":"b!design","description":"Just another WordPress site","potentialAction":[{"@type":"SearchAction","target":{"@type":"EntryPoint","urlTemplate":"https:\/\/bdesign.wp.factory.blim-dev.com\/?s={search_term_string}"},"query-input":{"@type":"PropertyValueSpecification","valueRequired":true,"valueName":"search_term_string"}}],"inLanguage":"sl-SI"}]}},"_links":{"self":[{"href":"https:\/\/www.bdesign-floors.com\/sl\/wp-json\/wp\/v2\/pages\/13940","targetHints":{"allow":["GET"]}}],"collection":[{"href":"https:\/\/www.bdesign-floors.com\/sl\/wp-json\/wp\/v2\/pages"}],"about":[{"href":"https:\/\/www.bdesign-floors.com\/sl\/wp-json\/wp\/v2\/types\/page"}],"author":[{"embeddable":true,"href":"https:\/\/www.bdesign-floors.com\/sl\/wp-json\/wp\/v2\/users\/8"}],"replies":[{"embeddable":true,"href":"https:\/\/www.bdesign-floors.com\/sl\/wp-json\/wp\/v2\/comments?post=13940"}],"version-history":[{"count":1,"href":"https:\/\/www.bdesign-floors.com\/sl\/wp-json\/wp\/v2\/pages\/13940\/revisions"}],"predecessor-version":[{"id":13942,"href":"https:\/\/www.bdesign-floors.com\/sl\/wp-json\/wp\/v2\/pages\/13940\/revisions\/13942"}],"up":[{"embeddable":true,"href":"https:\/\/www.bdesign-floors.com\/sl\/wp-json\/wp\/v2\/pages\/13946"}],"wp:attachment":[{"href":"https:\/\/www.bdesign-floors.com\/sl\/wp-json\/wp\/v2\/media?parent=13940"}],"curies":[{"name":"wp","href":"https:\/\/api.w.org\/{rel}","templated":true}]}}