{"id":13977,"date":"2022-09-12T17:00:48","date_gmt":"2022-09-12T15:00:48","guid":{"rendered":"https:\/\/www.bdesign-floors.com\/kaj-morate-vedeti\/zdravo-zivljenje\/"},"modified":"2022-09-12T17:00:51","modified_gmt":"2022-09-12T15:00:51","slug":"zdravo-zivljenje","status":"publish","type":"page","link":"https:\/\/www.bdesign-floors.com\/sl\/kaj-morate-vedeti\/zdravo-zivljenje\/","title":{"rendered":"Zdravo \u017eivljenje"},"content":{"rendered":"<div id=\"bdesign2022_pageheader_block_62dfd623856fa\" class=\"bdesign2022_block bdesign2022_block--bdesign2022_pageheader\">\n    <div class=\"bdesign2022_block--wrapper\">\n                                    <div class=\"bdesign2022_ph-wrap is-single\">\n                    <div class=\"bdesign2022_ph-slide slidestyle-is-black orig-is-\u010drna active\">\n                        <div class=\"slide-image\">\n                            <img decoding=\"async\" class=\"img-fluid logo\" src=\"https:\/\/www.bdesign-floors.com\/wp-content\/uploads\/2022\/08\/sentinel-haus-zertifikat-gesund-wohnen-b-design.jpg\" srcset=\"https:\/\/www.bdesign-floors.com\/wp-content\/uploads\/2022\/08\/sentinel-haus-zertifikat-gesund-wohnen-b-design.jpg 1110w, https:\/\/www.bdesign-floors.com\/wp-content\/uploads\/2022\/08\/sentinel-haus-zertifikat-gesund-wohnen-b-design-768x521.jpg 768w, https:\/\/www.bdesign-floors.com\/wp-content\/uploads\/2022\/08\/sentinel-haus-zertifikat-gesund-wohnen-b-design-442x300.jpg 442w\">                        <\/div>\n                        <div class=\"slide-area\">\n                            <div class=\"slide-area-wrapper\">\n                                <h1>Zdravo \u017eivljenje &#8211; certificirana nizka vsebnost onesna\u017eeval<\/h1>\n                                <h6>b!design se osredoto\u010da na trajnostno rabo surovin za dolgoro\u010dno zdravo okolje, kar je potrdil tudi in\u0161titut Sentinel Haus.<\/h6>\n                                                                                            <\/div>\n                            <div class=\"slide-image-mobile d-md-none\">\n                                <img decoding=\"async\" class=\"img-fluid logo\" src=\"https:\/\/www.bdesign-floors.com\/wp-content\/uploads\/2022\/08\/sentinel-haus-zertifikat-gesund-wohnen-b-design.jpg\" srcset=\"https:\/\/www.bdesign-floors.com\/wp-content\/uploads\/2022\/08\/sentinel-haus-zertifikat-gesund-wohnen-b-design.jpg 1110w, https:\/\/www.bdesign-floors.com\/wp-content\/uploads\/2022\/08\/sentinel-haus-zertifikat-gesund-wohnen-b-design-768x521.jpg 768w, https:\/\/www.bdesign-floors.com\/wp-content\/uploads\/2022\/08\/sentinel-haus-zertifikat-gesund-wohnen-b-design-442x300.jpg 442w\">                            <\/div>\n                        <\/div>\n                    <\/div>\n                <\/div>\n                        <\/div>\n<\/div>\n<div id=\"bdesign2022_headline_block_62ea833e526c0\" class=\"bdesign2022_block bdesign2022_block--bdesign2022_headline\">\n    <div class=\"bdesign2022_block--wrapper\">\n        <div class=\"container my-4\">\n            \n                                    <h5 class=\"h5 text-start mt-5 mb-3\">Priporo\u010da In\u0161titut Sentinel Haus<\/h5>\n                                                    <h2 class=\"h2 text-start mt-2 mb-4\">Hi\u0161a Sentinel: <br>Revidirano. Ocenjeno. Izdano.<\/h2>\n                                \n                        <\/div>\n    <\/div>\n<\/div>\n<div id=\"bdesign2022_2columntext_block_62ea8358526c1\" class=\"bdesign2022_block bdesign2022_block--bdesign2022_2columntext\">\n    <div class=\"bdesign2022_block--wrapper\">\n        <div class=\"container my-4\">\n            <div class=\"row align-items-start\">\n                <div class=\"col-12 col-xxl-4 offset-0 offset-xxl-2 my-3\">\n                    <p>Priznajmo si &#8211; vsi si \u017eelimo biti zdravi in \u017eiveti zdravo. Visoka vrednost osebne blaginje in blaginje lastne dru\u017eine je nesporna in se \u017ee leta nenehno pove\u010duje. Vendar pa mislimo predvsem na podro\u010dja prehrane, telesne pripravljenosti in dobrega po\u010dutja. Zakaj ne tla? Ravno tu pride do izraza b!design: Pridobite zdravo \u017eivljenje  oblikovati <a href=\"https:\/\/www.bdesign-floors.com\/sl\/?page_id=13354\">tla<\/a> v svoje \u0161tiri stene &#8211; in dihajte z lahkoto! Tla b!design so od na\u0161ega partnerja &#8211;<\/p>\n                <\/div>\n                <div class=\"c0l-12 col-xxl-4 xxl-3 my-3\">\n                    <p> <a href=\"https:\/\/www.sentinel-haus.de\/de\/suche?term=b!design+&amp;manufacturer%5B%5D=10819\" target=\"_blank\" rel=\"noopener\">Sentinel Haus Institut<\/a> &#8211; preizku\u0161en, ocenjen in odobren. In\u0161titut je vodilni na trgu in v znanju na podro\u010dju zdravja stavb. V obse\u017eni mre\u017ei so zbrane znanstvene ugotovitve o zdravju v zaprtih prostorih. Te se nato tr\u017eijo s prakti\u010dnim izvajanjem v vseh vrstah stavb. Tako ste lahko prepri\u010dani: Talne obloge, ki jih je testiral Sentinel Haus Institut, vsebujejo malo onesna\u017eeval in so zdrave za bivanje.<\/p>\n                <\/div>\n            <\/div>\n        <\/div>\n    <\/div>\n<\/div>\n<div id=\"bdesign2022_customcontent_block_63049aa17eb90\" class=\"bdesign2022_block bdesign2022_block--bdesign2022_customcontent\">\n    <div class=\"bdesign2022_block--wrapper\">\n        <div class=\"container\">\n            <div class=\"row\">\n                \n                <div class=\"col-12 col-sm-10\" style=\"margin:0 auto;text-align: center;\">\n                    <div class=\"container-centered\">\n                        <p><img loading=\"lazy\" decoding=\"async\" class=\"size-medium wp-image-3449 aligncenter\" src=\"https:\/\/www.bdesign-floors.com\/wp-content\/uploads\/2022\/09\/sentinel-haus-logo-444x300.png\" alt=\"\" width=\"444\" height=\"300\" srcset=\"https:\/\/www.bdesign-floors.com\/wp-content\/uploads\/2022\/09\/sentinel-haus-logo-444x300.png 444w, https:\/\/www.bdesign-floors.com\/wp-content\/uploads\/2022\/09\/sentinel-haus-logo-768x519.png 768w, https:\/\/www.bdesign-floors.com\/wp-content\/uploads\/2022\/09\/sentinel-haus-logo.png 1000w\" sizes=\"auto, (max-width: 444px) 100vw, 444px\" \/><\/p>\n                    <\/div>\n                <\/div>\n\n                            <\/div>\n        <\/div>\n    <\/div>\n<\/div>\n<div id=\"bdesign2022_switchstyle_block_630db52453892\" class=\"bdesign2022_style bdesign2022_style--bdesign2022_switchstyle\" data-switchstyle=\"black\">\n<div id=\"bdesign2022_customcontent_block_630ce0eb71a71\" class=\"bdesign2022_block bdesign2022_block--bdesign2022_customcontent\">\n    <div class=\"bdesign2022_block--wrapper\">\n        <div class=\"container\">\n            <div class=\"row\">\n                \n                <div class=\"col-12 col-sm-10\" style=\"margin:0 auto;text-align: center;\">\n                    <div class=\"container-centered\">\n                        <a class=\"btn btn-bdesign2022 btn-linkcta\" href=\"https:\/\/www.sentinel-haus.de\/de\/suche?term=b%21design\" target=\"_blank\">Zum Sentinel Haus Institut<\/a>                    <\/div>\n                <\/div>\n\n                            <\/div>\n        <\/div>\n    <\/div>\n<\/div>\n<\/div>\n","protected":false},"excerpt":{"rendered":"","protected":false},"author":8,"featured_media":0,"parent":13714,"menu_order":5,"comment_status":"closed","ping_status":"closed","template":"","meta":{"_acf_changed":false,"footnotes":""},"class_list":["post-13977","page","type-page","status-publish","hentry"],"acf":[],"yoast_head":"<!-- This site is optimized with the Yoast SEO plugin v24.2 - https:\/\/yoast.com\/wordpress\/plugins\/seo\/ -->\n<title>Zdravo \u017eivljenje | b!design<\/title>\n<meta name=\"description\" content=\"Sentinel Haus je vodilni na trgu in na podro\u010dju znanja o zdravju v zaprtih prostorih ter objavlja le izdelke, ki so testirani na \u0161kodljive snovi.\" \/>\n<meta name=\"robots\" content=\"index, follow, max-snippet:-1, max-image-preview:large, max-video-preview:-1\" \/>\n<link rel=\"canonical\" href=\"https:\/\/www.bdesign-floors.com\/sl\/kaj-morate-vedeti\/zdravo-zivljenje\/\" \/>\n<meta property=\"og:locale\" content=\"sl_SI\" \/>\n<meta property=\"og:type\" content=\"article\" \/>\n<meta property=\"og:title\" content=\"Zdravo \u017eivljenje | b!design\" \/>\n<meta property=\"og:description\" content=\"Sentinel Haus je vodilni na trgu in na podro\u010dju znanja o zdravju v zaprtih prostorih ter objavlja le izdelke, ki so testirani na \u0161kodljive snovi.\" \/>\n<meta property=\"og:url\" content=\"https:\/\/www.bdesign-floors.com\/sl\/kaj-morate-vedeti\/zdravo-zivljenje\/\" \/>\n<meta property=\"og:site_name\" content=\"b!design\" \/>\n<meta property=\"article:modified_time\" content=\"2022-09-12T15:00:51+00:00\" \/>\n<meta name=\"twitter:card\" content=\"summary_large_image\" \/>\n<script type=\"application\/ld+json\" class=\"yoast-schema-graph\">{\"@context\":\"https:\/\/schema.org\",\"@graph\":[{\"@type\":\"WebPage\",\"@id\":\"https:\/\/www.bdesign-floors.com\/sl\/kaj-morate-vedeti\/zdravo-zivljenje\/\",\"url\":\"https:\/\/www.bdesign-floors.com\/sl\/kaj-morate-vedeti\/zdravo-zivljenje\/\",\"name\":\"Zdravo \u017eivljenje | b!design\",\"isPartOf\":{\"@id\":\"https:\/\/bdesign.wp.factory.blim-dev.com\/#website\"},\"datePublished\":\"2022-09-12T15:00:48+00:00\",\"dateModified\":\"2022-09-12T15:00:51+00:00\",\"description\":\"Sentinel Haus je vodilni na trgu in na podro\u010dju znanja o zdravju v zaprtih prostorih ter objavlja le izdelke, ki so testirani na \u0161kodljive snovi.\",\"breadcrumb\":{\"@id\":\"https:\/\/www.bdesign-floors.com\/sl\/kaj-morate-vedeti\/zdravo-zivljenje\/#breadcrumb\"},\"inLanguage\":\"sl-SI\",\"potentialAction\":[{\"@type\":\"ReadAction\",\"target\":[\"https:\/\/www.bdesign-floors.com\/sl\/kaj-morate-vedeti\/zdravo-zivljenje\/\"]}]},{\"@type\":\"BreadcrumbList\",\"@id\":\"https:\/\/www.bdesign-floors.com\/sl\/kaj-morate-vedeti\/zdravo-zivljenje\/#breadcrumb\",\"itemListElement\":[{\"@type\":\"ListItem\",\"position\":1,\"name\":\"Home\",\"item\":\"https:\/\/www.bdesign-floors.com\/sl\/\"},{\"@type\":\"ListItem\",\"position\":2,\"name\":\"Kaj morate vedeti\",\"item\":\"https:\/\/bdesign.wp.factory.blim-dev.com\/sl\/kaj-morate-vedeti\/\"},{\"@type\":\"ListItem\",\"position\":3,\"name\":\"Zdravo \u017eivljenje\"}]},{\"@type\":\"WebSite\",\"@id\":\"https:\/\/bdesign.wp.factory.blim-dev.com\/#website\",\"url\":\"https:\/\/bdesign.wp.factory.blim-dev.com\/\",\"name\":\"b!design\",\"description\":\"Just another WordPress site\",\"potentialAction\":[{\"@type\":\"SearchAction\",\"target\":{\"@type\":\"EntryPoint\",\"urlTemplate\":\"https:\/\/bdesign.wp.factory.blim-dev.com\/?s={search_term_string}\"},\"query-input\":{\"@type\":\"PropertyValueSpecification\",\"valueRequired\":true,\"valueName\":\"search_term_string\"}}],\"inLanguage\":\"sl-SI\"}]}<\/script>\n<!-- \/ Yoast SEO plugin. -->","yoast_head_json":{"title":"Zdravo \u017eivljenje | b!design","description":"Sentinel Haus je vodilni na trgu in na podro\u010dju znanja o zdravju v zaprtih prostorih ter objavlja le izdelke, ki so testirani na \u0161kodljive snovi.","robots":{"index":"index","follow":"follow","max-snippet":"max-snippet:-1","max-image-preview":"max-image-preview:large","max-video-preview":"max-video-preview:-1"},"canonical":"https:\/\/www.bdesign-floors.com\/sl\/kaj-morate-vedeti\/zdravo-zivljenje\/","og_locale":"sl_SI","og_type":"article","og_title":"Zdravo \u017eivljenje | b!design","og_description":"Sentinel Haus je vodilni na trgu in na podro\u010dju znanja o zdravju v zaprtih prostorih ter objavlja le izdelke, ki so testirani na \u0161kodljive snovi.","og_url":"https:\/\/www.bdesign-floors.com\/sl\/kaj-morate-vedeti\/zdravo-zivljenje\/","og_site_name":"b!design","article_modified_time":"2022-09-12T15:00:51+00:00","twitter_card":"summary_large_image","schema":{"@context":"https:\/\/schema.org","@graph":[{"@type":"WebPage","@id":"https:\/\/www.bdesign-floors.com\/sl\/kaj-morate-vedeti\/zdravo-zivljenje\/","url":"https:\/\/www.bdesign-floors.com\/sl\/kaj-morate-vedeti\/zdravo-zivljenje\/","name":"Zdravo \u017eivljenje | b!design","isPartOf":{"@id":"https:\/\/bdesign.wp.factory.blim-dev.com\/#website"},"datePublished":"2022-09-12T15:00:48+00:00","dateModified":"2022-09-12T15:00:51+00:00","description":"Sentinel Haus je vodilni na trgu in na podro\u010dju znanja o zdravju v zaprtih prostorih ter objavlja le izdelke, ki so testirani na \u0161kodljive snovi.","breadcrumb":{"@id":"https:\/\/www.bdesign-floors.com\/sl\/kaj-morate-vedeti\/zdravo-zivljenje\/#breadcrumb"},"inLanguage":"sl-SI","potentialAction":[{"@type":"ReadAction","target":["https:\/\/www.bdesign-floors.com\/sl\/kaj-morate-vedeti\/zdravo-zivljenje\/"]}]},{"@type":"BreadcrumbList","@id":"https:\/\/www.bdesign-floors.com\/sl\/kaj-morate-vedeti\/zdravo-zivljenje\/#breadcrumb","itemListElement":[{"@type":"ListItem","position":1,"name":"Home","item":"https:\/\/www.bdesign-floors.com\/sl\/"},{"@type":"ListItem","position":2,"name":"Kaj morate vedeti","item":"https:\/\/bdesign.wp.factory.blim-dev.com\/sl\/kaj-morate-vedeti\/"},{"@type":"ListItem","position":3,"name":"Zdravo \u017eivljenje"}]},{"@type":"WebSite","@id":"https:\/\/bdesign.wp.factory.blim-dev.com\/#website","url":"https:\/\/bdesign.wp.factory.blim-dev.com\/","name":"b!design","description":"Just another WordPress site","potentialAction":[{"@type":"SearchAction","target":{"@type":"EntryPoint","urlTemplate":"https:\/\/bdesign.wp.factory.blim-dev.com\/?s={search_term_string}"},"query-input":{"@type":"PropertyValueSpecification","valueRequired":true,"valueName":"search_term_string"}}],"inLanguage":"sl-SI"}]}},"_links":{"self":[{"href":"https:\/\/www.bdesign-floors.com\/sl\/wp-json\/wp\/v2\/pages\/13977","targetHints":{"allow":["GET"]}}],"collection":[{"href":"https:\/\/www.bdesign-floors.com\/sl\/wp-json\/wp\/v2\/pages"}],"about":[{"href":"https:\/\/www.bdesign-floors.com\/sl\/wp-json\/wp\/v2\/types\/page"}],"author":[{"embeddable":true,"href":"https:\/\/www.bdesign-floors.com\/sl\/wp-json\/wp\/v2\/users\/8"}],"replies":[{"embeddable":true,"href":"https:\/\/www.bdesign-floors.com\/sl\/wp-json\/wp\/v2\/comments?post=13977"}],"version-history":[{"count":1,"href":"https:\/\/www.bdesign-floors.com\/sl\/wp-json\/wp\/v2\/pages\/13977\/revisions"}],"predecessor-version":[{"id":13979,"href":"https:\/\/www.bdesign-floors.com\/sl\/wp-json\/wp\/v2\/pages\/13977\/revisions\/13979"}],"up":[{"embeddable":true,"href":"https:\/\/www.bdesign-floors.com\/sl\/wp-json\/wp\/v2\/pages\/13714"}],"wp:attachment":[{"href":"https:\/\/www.bdesign-floors.com\/sl\/wp-json\/wp\/v2\/media?parent=13977"}],"curies":[{"name":"wp","href":"https:\/\/api.w.org\/{rel}","templated":true}]}}