{"id":14009,"date":"2022-09-12T17:18:42","date_gmt":"2022-09-12T15:18:42","guid":{"rendered":"https:\/\/www.bdesign-floors.com\/o-nas\/varstvo-podatkov\/"},"modified":"2022-10-17T10:49:33","modified_gmt":"2022-10-17T08:49:33","slug":"varstvo-podatkov","status":"publish","type":"page","link":"https:\/\/www.bdesign-floors.com\/sl\/o-nas\/varstvo-podatkov\/","title":{"rendered":"Varstvo podatkov"},"content":{"rendered":"<div id=\"bdesign2022_spacer_block_63061d222b814\" class=\"bdesign2022_block bdesign2022_block--bdesign2022_spacer\">\n    <div class=\"bdesign2022_block--wrapper\">\n        <div class=\"spacer\" style=\"height: 100px\"><\/div>\n    <\/div>\n<\/div>\n<div id=\"bdesign2022_customcontent_block_63061cc72b813\" class=\"bdesign2022_block bdesign2022_block--bdesign2022_customcontent\">\n    <div class=\"bdesign2022_block--wrapper\">\n        <div class=\"container\">\n            <div class=\"row\">\n                \n                    <div class=\"col-0 col-sm-2\"><\/div>\n                    <div class=\"col-12 col-sm-10 my-4\">\n                        <h1>Politika zasebnosti<\/h1>\n<p>Va\u0161a zasebnost nam je pomembna. \u017delimo, da se pri nas po\u010dutite varno. Zato mi in na\u0161a poobla\u0161\u010dena oseba za varstvo podatkov zagotavljamo skladnost s predpisi o varstvu podatkov, zlasti z evropsko uredbo o varstvu podatkov (DSGVO) in nem\u0161kim zveznim zakonom o varstvu podatkov (BDSG). V nadaljevanju vas \u017eelimo obvestiti o namenih obdelave va\u0161ih podatkov in o tem, kako lahko uveljavljate svoje pravice. Do izjave o varstvu podatkov lahko kadar koli dostopate prek zavihka &#8220;Varstvo podatkov&#8221; na dnu vsake strani.<\/p>\n<h4>Ime in kontaktni podatki odgovorne osebe<\/h4>\n<p>B! Oblikovanje je ponudba podjetja BAUHAUS. Storitve za stranke izvajajo dru\u017ebe BAUHAUS<a href=\"https:\/\/www.bauhaus.info\/gesellschaften\" target=\"_blank\" rel=\"noopener noreferrer\">(https:\/\/www.bauhaus.info\/gesellschaften)<\/a> na podlagi sporazuma o skupnih odgovornih osebah v smislu \u010dlena 26(2). 1 P. 1 SPLO\u0160NE UREDBE O VARSTVU PODATKOV. Osrednja kontaktna to\u010dka za poizvedbe strank ali posameznikov, na katere se nana\u0161ajo osebni podatki, v zvezi z varstvom podatkov je<\/p>\n<p><strong>BAUHAUS AG<\/strong><br \/>\nPodru\u017enica Mannheim<br \/>\nGutenbergstra\u00dfe 21<br \/>\n68167 Mannheim<br \/>\nNem\u010dija<br \/>\nTelefon: 0800 3905 000<br \/>\nE-naslov: <a href=\"mailto:datenschutz@bauhaus.info\">datenschutz@bauhaus.info<\/a>.<\/p>\n<p>BAUHAUS AG prevzema izpolnjevanje pravic posameznika, na katerega se nana\u0161ajo osebni podatki, v skladu z GDPR (glej spodaj pravice posameznika, na katerega se nana\u0161ajo osebni podatki).<br \/>\nDru\u017ebe BAUHAUS vsa vpra\u0161anja strank in tretjih oseb v zvezi z varstvom podatkov posredujejo dru\u017ebi BAUHAUS AG. Neposredne zahteve, naslovljene na poobla\u0161\u010denca za varstvo podatkov, ostanejo nespremenjene.  1 S. 1 DSGVO je na voljo na: <a href=\"https:\/\/www.bauhaus.info\/gemeinsam_verantwortliche\" target=\"_blank\" rel=\"noopener noreferrer\">www.bauhaus.info\/gemeinsam_verantwortliche<\/a>.<\/p>\n<h4>Kontaktni podatki poobla\u0161\u010dene osebe za varstvo podatkov<\/h4>\n<p>\u010ce imate kot posameznik, na katerega se nana\u0161ajo osebni podatki, vpra\u0161anja o ravnanju z va\u0161imi podatki v skladu z zakonom o varstvu podatkov, lahko vpra\u0161anja ali pomisleke postavite na dva na\u010dina:<\/p>\n<ul>\n<li>Za splo\u0161na vpra\u0161anja o varstvu podatkov in uveljavljanju pravic posameznikov, na katere se nana\u0161ajo osebni podatki, kot je zahteva za informacije, se obrnite na varstvo podatkov dru\u017ebe BAUHAUS na naslov: datenschutz@bauhaus.info; in<\/li>\n<li>Za posebna vpra\u0161anja se lahko kadar koli obrnete tudi neposredno na imenovano poobla\u0161\u010deno osebo za varstvo podatkov, in sicer na naslov: <a href=\"mailto:datenschutzbeauftragter@bauhaus.info.\">datenschutzbeauftragter@bauhaus.info<\/a>.<\/li>\n<\/ul>\n<h4>Namen in pravna podlaga obdelave podatkov<\/h4>\n<h6>Dnevni\u0161ke datoteke stre\u017enika<\/h6>\n<p>Ko obi\u0161\u010dete spletno stran www.bdesign-vinyl.de, spletni stre\u017enik to samodejno zabele\u017ei v tako imenovane dnevni\u0161ke datoteke stre\u017enika. Ti podatki vklju\u010dujejo uporabljeni brskalnik, operacijski sistem in \u010das dostopa. Ti podatki se uporabljajo samo za statisti\u010dno vrednotenje in iz varnostnih razlogov (npr. za razkrivanje zlorab ali goljufij) ter za delovanje spletnega mesta. Pravna podlaga za obdelavo podatkov je \u010dlen 6(2). 1 S. 1 lit. f) GDPR. Na\u0161 zakoniti interes je delovanje in predstavitev ter izbolj\u0161anje stabilnosti in funkcionalnosti na\u0161ega spletnega mesta.<\/p>\n<p>Posredovanje zgoraj navedenih osebnih podatkov ni niti zakonsko niti pogodbeno zahtevano. Vendar pa brez obdelave dnevni\u0161kih datotek stre\u017enika ni mogo\u010de zagotoviti storitev in funkcionalnosti na\u0161ega spletnega mesta. Poleg tega posamezne storitve morda ne bodo na voljo ali bodo omejene.<\/p>\n<h6>Uporaba pi\u0161kotkov<\/h6>\n<p>Pi\u0161kotki se shranijo v va\u0161 ra\u010dunalnik, ko uporabljate na\u0161e spletno mesto. Pi\u0161kotki so majhne besedilne datoteke, ki so shranjene na va\u0161em trdem disku, dodeljene brskalniku, ki ga uporabljate, in prek katerih se dolo\u010dene informacije posredujejo organu, ki je nastavil pi\u0161kotek.<\/p>\n<p>Pi\u0161kotki ne morejo zaganjati programov ali prena\u0161ati virusov v va\u0161 ra\u010dunalnik. Z njimi je celotna spletna ponudba bolj prijazna do uporabnika in u\u010dinkovitej\u0161a. Pi\u0161kotki se na tem spletnem mestu uporabljajo na primer za ocenjevanje vedenja obiskovalcev na spletnem mestu. Nastavitve brskalnika lahko prilagodite svojim \u017eeljam in na primer zavrnete sprejemanje pi\u0161kotkov tretjih oseb ali vseh pi\u0161kotkov. Upo\u0161tevajte, da morda ne boste mogli uporabljati vseh funkcij tega spletnega mesta.<\/p>\n<h6>Google Analytics<\/h6>\n<p>Uporabljamo Google Analytics, storitev spletne analitike, ki jo zagotavlja Google Ireland Limited, Gordon House, Barrow Street, Dublin 4, Irska (&#8220;Google&#8221;). Google uporablja pi\u0161kotke. Informacije o uporabi spletne ponudbe s strani uporabnika, ki jih ustvari pi\u0161kotek, se obi\u010dajno prenesejo na Googlov stre\u017enik v ZDA in se tam shranijo.<\/p>\n<p>Google je certificiran v okviru zasebnostnega \u0161\u010dita in s tem zagotavlja skladnost z evropsko zakonodajo o varstvu podatkov<a href=\"https:\/\/www.privacyshield.gov\/participant?id=a2zt000000001L5AAI&amp;status=Active\" target=\"_blank\" rel=\"noopener noreferrer\">(https:\/\/www.privacyshield.gov\/participant?id=a2zt000000001L5AAI&amp;status=Active)<\/a>.<\/p>\n<p>Google bo te podatke uporabil v na\u0161em imenu za ocenjevanje va\u0161e uporabe na\u0161ega spletnega mesta, pripravo poro\u010dil o dejavnostih na spletnem mestu za upravljavce spletnih mest in zagotavljanje drugih storitev, povezanih z dejavnostmi na spletnem mestu in uporabo interneta. Na podlagi obdelanih podatkov je mogo\u010de ustvariti psevdonimne uporabni\u0161ke profile. Obdelava podatkov temelji na va\u0161i privolitvi v skladu s \u010dlenom 6(1)(2). 1 S. 1 lit. a) GDPR. Svojo privolitev za to lahko kadar koli prekli\u010dete z u\u010dinkom za prihodnost. V nadaljevanju so opisane mo\u017enosti preklica, ki so vam na voljo v ta namen.<\/p>\n<p>Google Analytics uporabljamo samo z aktivirano anonimizacijo IP. To pomeni, da Google skraj\u0161a uporabnikov IP-naslov v dr\u017eavah \u010dlanicah Evropske unije ali drugih dr\u017eavah pogodbenicah Sporazuma o Evropskem gospodarskem prostoru. Le v izjemnih primerih se celoten naslov IP po\u0161lje na Googlov stre\u017enik v ZDA in se tam skraj\u0161a.<\/p>\n<p>Naslov IP, ki ga posreduje brskalnik uporabnika, se ne zdru\u017euje z drugimi Googlovimi podatki. Uporabniki lahko prepre\u010dijo shranjevanje pi\u0161kotkov z ustrezno nastavitvijo programske opreme brskalnika; uporabniki lahko prepre\u010dijo tudi zbiranje podatkov, ki jih ustvari pi\u0161kotek in so povezani z njihovo uporabo spletne ponudbe Googlu, ter obdelavo teh podatkov s strani Googla tako, da prenesejo in namestijo vti\u010dnik brskalnika, ki je na voljo na naslednji povezavi:  <a href=\"http:\/\/tools.google.com\/dlpage\/gaoptout?hl=de\" target=\"_blank\" rel=\"noopener noreferrer\">http:\/\/tools.google.com\/dlpage\/gaoptout?hl=de<\/a>.<\/p>\n<p>Ve\u010d informacij o Googlovi uporabi podatkov, nastavitvah in mo\u017enostih odjave najdete v Googlovem pravilniku o zasebnosti<a href=\"https:\/\/policies.google.com\/technologies\/ads\" target=\"_blank\" rel=\"noopener noreferrer\">(https:\/\/policies.google.com\/technologies\/ads)<\/a> in nastavitvah za prikazovanje Googlovih oglasov<a href=\"https:\/\/adssettings.google.com\/authenticated\" target=\"_blank\" rel=\"noopener noreferrer\">(https:\/\/adssettings.google.com\/authenticated<\/a>).<\/p>\n<p>Kot alternativo dodatku za brskalnik ali v brskalnikih na mobilnih napravah kliknite to povezavo, \u010de \u017eelite prepre\u010diti zbiranje podatkov s strani storitve Google Analytics na tem spletnem mestu v prihodnosti:<\/p>\n<h6>Odjava od analitike<\/h6>\n<p>S tem se v va\u0161o napravo namesti pi\u0161kotek za odjavo. \u010ce izbri\u0161ete pi\u0161kotke, morate ponovno klikniti to povezavo.<br \/>\nZagotavljanje zgoraj navedenih osebnih podatkov ni niti zakonsko niti pogodbeno zahtevano. Brez teh podatkov pa analiza, optimizacija in ekonomi\u010dno delovanje na\u0161e spletne ponudbe niso mogo\u010di.<\/p>\n<h6>Soglasje za pi\u0161kotke z Borlabs Cookie<\/h6>\n<p>Na\u0161e spletno mesto uporablja tehnologijo Borlabs Cookie za pridobivanje va\u0161ega soglasja za shranjevanje dolo\u010denih pi\u0161kotkov v va\u0161em brskalniku in dokumentiranje tega v skladu z zakonom o varstvu podatkov. Ponudnik te tehnologije je Borlabs &#8211; Benjamin A. Bornschein, Georg-Wilhelm-Str. 17, 21107 Hamburg (v nadaljnjem besedilu: Borlabs).<br \/>\nKo vstopite na na\u0161e spletno mesto, se v va\u0161 brskalnik shrani pi\u0161kotek Borlabs, ki shranjuje soglasja, ki ste jih dali, ali preklic teh soglasij. Ti podatki se ne delijo s ponudnikom pi\u0161kotkov Borlabs.<br \/>\nZbrani podatki bodo shranjeni, dokler od nas ne boste zahtevali njihovega izbrisa ali dokler sami ne izbri\u0161ete pi\u0161kotka Borlabs ali dokler ne preneha namen shranjevanja podatkov. Obvezni zakonsko dolo\u010deni roki hrambe ostanejo nespremenjeni. Podrobnosti o obdelavi podatkov o pi\u0161kotkih Borlabs Cookie so na voljo na spletni strani <a href=\"https:\/\/de.borlabs.io\/kb\/welche-daten-speichert-borlabs-cookie\/\">https:\/\/de.borlabs.io\/kb\/welche-daten-speichert-borlabs-cookie\/<\/a>.<br \/>\nUporaba tehnologije Borlabsove privolitve za pi\u0161kotke je namenjena pridobivanju zakonsko zahtevanih privolitev za uporabo pi\u0161kotkov. Pravna podlaga za to je \u010dlen 6(2). 1 S. 1 lit. c GDPR.<br \/>\n<span class=\"borlabs-cookie-open-dialog-preferences brlbs-cmpnt-container\" data-borlabs-cookie-title=\"Spreminjanje nastavitev pi\u0161kotkov\" data-borlabs-cookie-type=\"button\" ><\/span><\/p>\n<h6>YouTube<\/h6>\n<p>Na\u0161e spletno mesto uporablja ponudnika YouTube LLC , 901 Cherry Avenue, San Bruno, CA 94066, ZDA, ki ga zastopa Google Inc., 1600 Amphitheatre Parkway, Mountain View, CA 94043, ZDA, za vklju\u010devanje videoposnetkov. Ko prikli\u010dete stran z vdelanimi videoposnetki, se va\u0161 naslov IP obi\u010dajno \u017ee po\u0161lje YouTubu, v va\u0161 ra\u010dunalnik pa se namestijo pi\u0161kotki.<\/p>\n<p>Vendar smo svoje videoposnetke v YouTubu vgradili z raz\u0161irjenim na\u010dinom varovanja podatkov (v tem primeru YouTube \u0161e vedno kontaktira Googlovo storitev Double Klick, vendar se v skladu z Googlovim pravilnikom o zasebnosti osebni podatki v tem postopku ne vrednotijo). To pomeni, da YouTube ne shranjuje ve\u010d podatkov o obiskovalcih, razen \u010de si ogledajo videoposnetek. Ko kliknete na videoposnetek, se va\u0161 naslov IP prenese v YouTube in ta ugotovi, da ste si ogledali videoposnetek. \u010ce ste prijavljeni v YouTube, bodo te informacije prav tako dodeljene va\u0161emu uporabni\u0161kemu ra\u010dunu (to lahko prepre\u010dite tako, da se pred ogledom videoposnetka odjavite iz YouTuba).<\/p>\n<p>Za ve\u010d informacij o namenu in obsegu zbiranja in obdelave podatkov v YouTubu glejte njihov pravilnik o zasebnosti. Tam boste na\u0161li tudi dodatne informacije o svojih pravicah in mo\u017enostih nastavitev za za\u0161\u010dito zasebnosti: <a href=\"https:\/\/www.google.de\/intl\/de\/policies\/privacy\" target=\"_blank\" rel=\"noopener noreferrer\">https:\/\/www.google.de\/intl\/de\/policies\/privacy<\/a>. Google va\u0161e osebne podatke obdeluje tudi v ZDA in se je pridru\u017eil zasebnostnemu \u0161\u010ditu EU-ZDA, <a href=\"https:\/\/www.privacyshield.gov\/EU-US-Framework\" target=\"_blank\" rel=\"noopener noreferrer\">https:\/\/www.privacyshield.gov\/EU-US-Framework.&#8221;<\/a><\/p>\n<h6>Prejemniki osebnih podatkov<\/h6>\n<p>V skladu z zakonom bodo va\u0161i osebni podatki razkriti naslednjim podjetjem v EU:<br \/>\nDruga podjetja BAUHAUS<a href=\"https:\/\/www.bauhaus.info\/gesellschaften\" target=\"_blank\" rel=\"noopener noreferrer\">(https:\/\/www.bauhaus.info\/gesellschaften<\/a>) in njihovi obdelovalci naro\u010dil, \u010de je to potrebno, za nadaljnje posvetovanje, za sklenitev \u017eelenih pogodb ali za zagotavljanje druge storitve in obdelovalci naro\u010dil dru\u017ebe BAUHAUS AG za storitve IT in za upravljanje zaledja spletne strani.<\/p>\n<h6>Trajanje shranjevanja podatkov<\/h6>\n<p>Va\u0161e podatke hranimo toliko \u010dasa, kolikor zahteva zadevni namen:<\/p>\n<ul>\n<li>Dnevni\u0161ke datoteke stre\u017enika: 30 dni<\/li>\n<li>Pi\u0161kotek Google Analytics: 2 leti<\/li>\n<\/ul>\n<h4>Pravice posameznikov, na katere se nana\u0161ajo osebni podatki<\/h4>\n<p>Va\u0161e pravice kot posameznika, na katerega se nana\u0161ajo osebni podatki, podjetja BAUHAUS celovito zagotavljajo.<\/p>\n<h6>Umik privolitve<\/h6>\n<p>\u010ce ste privolili v obdelavo osebnih podatkov v okviru uporabe tega spletnega mesta, lahko to privolitev prekli\u010dete v skladu s \u010dlenom 7(2)(2). 3 DSGVO kadar koli. Preklic lahko po\u0161ljete po e-po\u0161ti na naslov <a href=\"mailto:datenschutz@bauhaus.info\" target=\"_blank\" rel=\"noopener noreferrer\">datenschutz@bauhaus.info<\/a> ali v pisni obliki na zgornji naslov. U\u010dinki preklica so omejeni na to, da se zadevni osebni podatki v prihodnosti ne bodo ve\u010d obdelovali. Tak\u0161en preklic torej vpliva na dopustnost obdelave va\u0161ih osebnih podatkov po tem, ko ste nam to izrazili. Upo\u0161tevajte, da v tem primeru obdelava zadevnih podatkov v prihodnosti morda ne bo ve\u010d mogo\u010da.<\/p>\n<h6>Pravica do ugovora obdelavi v skladu s \u010dlenom 6(2). 1 S. 1 lit. f) DSGVO<\/h6>\n<p>V skladu s \u010dlenom 21(2)(2). 1 str. 1 DSGVO pravico, da kadar koli ugovarjate obdelavi svojih osebnih podatkov na podlagi \u010dlena 6(1) DSGVO iz razlogov, ki izhajajo iz va\u0161ega posebnega polo\u017eaja. 1 S. 1 lit. f) DSGVO.<\/p>\n<p>\u010ce ugovarjate, va\u0161ih osebnih podatkov ne bomo ve\u010d obdelovali, razen \u010de lahko doka\u017eemo nujne zakonite razloge za obdelavo, ki prevladajo nad va\u0161imi interesi, pravicami in svobo\u0161\u010dinami, ali \u010de obdelava slu\u017ei uveljavljanju, izvajanju ali obrambi pravnih zahtevkov.<\/p>\n<h6>Druge pravice<\/h6>\n<p>V zvezi z obdelavo va\u0161ih osebnih podatkov imate naslednje dodatne pravice, \u010de so pri upravljavcu izpolnjeni ustrezni posebni pogoji:<\/p>\n<ul>\n<li>Pravica posameznika, na katerega se nana\u0161ajo osebni podatki, do dostopa, \u010dlen 15 Splo\u0161ne uredbe o varstvu podatkov;<\/li>\n<li>Pravica do popravka, \u010dlen 16 SUVP;<\/li>\n<li>Pravica do izbrisa, \u010dlen 17 DSGVO;<\/li>\n<li>Pravica do omejitve obdelave, \u010dlen 18 SUVP, in<\/li>\n<li>Pravica do prenosljivosti podatkov v skladu s \u010dlenom 20 DSGVO.<\/li>\n<li>Prav tako imate pravico vlo\u017eiti prito\u017ebo pri nadzornem organu, \u010de menite, da obdelava osebnih podatkov v zvezi z vami kr\u0161i GDPR.<\/li>\n<\/ul>\n<h6>Posodabljanje in spreminjanje<\/h6>\n<p>Pravilnik o zasebnosti je treba ob\u010dasno prilagoditi dejanskim okoli\u0161\u010dinam in pravnemu polo\u017eaju. Pred uporabo na\u0161e ponudbe preverite izjavo o varstvu podatkov, da boste seznanjeni z morebitnimi spremembami ali posodobitvami.<\/p>\n<p>Stojalo: 15.08.2019<\/p>\n                    <\/div>\n\n                                <\/div>\n        <\/div>\n    <\/div>\n<\/div>\n<div id=\"bdesign2022_spacer_block_630ccf3392a76\" class=\"bdesign2022_block bdesign2022_block--bdesign2022_spacer\">\n    <div class=\"bdesign2022_block--wrapper\">\n        <div class=\"spacer\" style=\"height: 100px\"><\/div>\n    <\/div>\n<\/div>\n","protected":false},"excerpt":{"rendered":"","protected":false},"author":8,"featured_media":0,"parent":13946,"menu_order":3,"comment_status":"closed","ping_status":"closed","template":"","meta":{"_acf_changed":false,"footnotes":""},"class_list":["post-14009","page","type-page","status-publish","hentry"],"acf":[],"yoast_head":"<!-- This site is optimized with the Yoast SEO plugin v24.2 - https:\/\/yoast.com\/wordpress\/plugins\/seo\/ -->\n<title>Zasebnost | b!design<\/title>\n<meta name=\"description\" content=\"Varstvo podatkov - v nadaljevanju vas obve\u0161\u010damo o zbiranju osebnih podatkov pri uporabi na\u0161ega spletnega mesta.\" \/>\n<meta name=\"robots\" content=\"index, follow, max-snippet:-1, max-image-preview:large, max-video-preview:-1\" \/>\n<link rel=\"canonical\" href=\"https:\/\/www.bdesign-floors.com\/sl\/o-nas\/varstvo-podatkov\/\" \/>\n<meta property=\"og:locale\" content=\"sl_SI\" \/>\n<meta property=\"og:type\" content=\"article\" \/>\n<meta property=\"og:title\" content=\"Zasebnost | b!design\" \/>\n<meta property=\"og:description\" content=\"Varstvo podatkov - v nadaljevanju vas obve\u0161\u010damo o zbiranju osebnih podatkov pri uporabi na\u0161ega spletnega mesta.\" \/>\n<meta property=\"og:url\" content=\"https:\/\/www.bdesign-floors.com\/sl\/o-nas\/varstvo-podatkov\/\" \/>\n<meta property=\"og:site_name\" content=\"b!design\" \/>\n<meta property=\"article:modified_time\" content=\"2022-10-17T08:49:33+00:00\" \/>\n<meta name=\"twitter:card\" content=\"summary_large_image\" \/>\n<script type=\"application\/ld+json\" class=\"yoast-schema-graph\">{\"@context\":\"https:\/\/schema.org\",\"@graph\":[{\"@type\":\"WebPage\",\"@id\":\"https:\/\/www.bdesign-floors.com\/sl\/o-nas\/varstvo-podatkov\/\",\"url\":\"https:\/\/www.bdesign-floors.com\/sl\/o-nas\/varstvo-podatkov\/\",\"name\":\"Zasebnost | b!design\",\"isPartOf\":{\"@id\":\"https:\/\/bdesign.wp.factory.blim-dev.com\/#website\"},\"datePublished\":\"2022-09-12T15:18:42+00:00\",\"dateModified\":\"2022-10-17T08:49:33+00:00\",\"description\":\"Varstvo podatkov - v nadaljevanju vas obve\u0161\u010damo o zbiranju osebnih podatkov pri uporabi na\u0161ega spletnega mesta.\",\"breadcrumb\":{\"@id\":\"https:\/\/www.bdesign-floors.com\/sl\/o-nas\/varstvo-podatkov\/#breadcrumb\"},\"inLanguage\":\"sl-SI\",\"potentialAction\":[{\"@type\":\"ReadAction\",\"target\":[\"https:\/\/www.bdesign-floors.com\/sl\/o-nas\/varstvo-podatkov\/\"]}]},{\"@type\":\"BreadcrumbList\",\"@id\":\"https:\/\/www.bdesign-floors.com\/sl\/o-nas\/varstvo-podatkov\/#breadcrumb\",\"itemListElement\":[{\"@type\":\"ListItem\",\"position\":1,\"name\":\"Home\",\"item\":\"https:\/\/www.bdesign-floors.com\/sl\/\"},{\"@type\":\"ListItem\",\"position\":2,\"name\":\"O nas\",\"item\":\"https:\/\/bdesign.wp.factory.blim-dev.com\/o-nas\/\"},{\"@type\":\"ListItem\",\"position\":3,\"name\":\"Varstvo podatkov\"}]},{\"@type\":\"WebSite\",\"@id\":\"https:\/\/bdesign.wp.factory.blim-dev.com\/#website\",\"url\":\"https:\/\/bdesign.wp.factory.blim-dev.com\/\",\"name\":\"b!design\",\"description\":\"Just another WordPress site\",\"potentialAction\":[{\"@type\":\"SearchAction\",\"target\":{\"@type\":\"EntryPoint\",\"urlTemplate\":\"https:\/\/bdesign.wp.factory.blim-dev.com\/?s={search_term_string}\"},\"query-input\":{\"@type\":\"PropertyValueSpecification\",\"valueRequired\":true,\"valueName\":\"search_term_string\"}}],\"inLanguage\":\"sl-SI\"}]}<\/script>\n<!-- \/ Yoast SEO plugin. -->","yoast_head_json":{"title":"Zasebnost | b!design","description":"Varstvo podatkov - v nadaljevanju vas obve\u0161\u010damo o zbiranju osebnih podatkov pri uporabi na\u0161ega spletnega mesta.","robots":{"index":"index","follow":"follow","max-snippet":"max-snippet:-1","max-image-preview":"max-image-preview:large","max-video-preview":"max-video-preview:-1"},"canonical":"https:\/\/www.bdesign-floors.com\/sl\/o-nas\/varstvo-podatkov\/","og_locale":"sl_SI","og_type":"article","og_title":"Zasebnost | b!design","og_description":"Varstvo podatkov - v nadaljevanju vas obve\u0161\u010damo o zbiranju osebnih podatkov pri uporabi na\u0161ega spletnega mesta.","og_url":"https:\/\/www.bdesign-floors.com\/sl\/o-nas\/varstvo-podatkov\/","og_site_name":"b!design","article_modified_time":"2022-10-17T08:49:33+00:00","twitter_card":"summary_large_image","schema":{"@context":"https:\/\/schema.org","@graph":[{"@type":"WebPage","@id":"https:\/\/www.bdesign-floors.com\/sl\/o-nas\/varstvo-podatkov\/","url":"https:\/\/www.bdesign-floors.com\/sl\/o-nas\/varstvo-podatkov\/","name":"Zasebnost | b!design","isPartOf":{"@id":"https:\/\/bdesign.wp.factory.blim-dev.com\/#website"},"datePublished":"2022-09-12T15:18:42+00:00","dateModified":"2022-10-17T08:49:33+00:00","description":"Varstvo podatkov - v nadaljevanju vas obve\u0161\u010damo o zbiranju osebnih podatkov pri uporabi na\u0161ega spletnega mesta.","breadcrumb":{"@id":"https:\/\/www.bdesign-floors.com\/sl\/o-nas\/varstvo-podatkov\/#breadcrumb"},"inLanguage":"sl-SI","potentialAction":[{"@type":"ReadAction","target":["https:\/\/www.bdesign-floors.com\/sl\/o-nas\/varstvo-podatkov\/"]}]},{"@type":"BreadcrumbList","@id":"https:\/\/www.bdesign-floors.com\/sl\/o-nas\/varstvo-podatkov\/#breadcrumb","itemListElement":[{"@type":"ListItem","position":1,"name":"Home","item":"https:\/\/www.bdesign-floors.com\/sl\/"},{"@type":"ListItem","position":2,"name":"O nas","item":"https:\/\/bdesign.wp.factory.blim-dev.com\/o-nas\/"},{"@type":"ListItem","position":3,"name":"Varstvo podatkov"}]},{"@type":"WebSite","@id":"https:\/\/bdesign.wp.factory.blim-dev.com\/#website","url":"https:\/\/bdesign.wp.factory.blim-dev.com\/","name":"b!design","description":"Just another WordPress site","potentialAction":[{"@type":"SearchAction","target":{"@type":"EntryPoint","urlTemplate":"https:\/\/bdesign.wp.factory.blim-dev.com\/?s={search_term_string}"},"query-input":{"@type":"PropertyValueSpecification","valueRequired":true,"valueName":"search_term_string"}}],"inLanguage":"sl-SI"}]}},"_links":{"self":[{"href":"https:\/\/www.bdesign-floors.com\/sl\/wp-json\/wp\/v2\/pages\/14009","targetHints":{"allow":["GET"]}}],"collection":[{"href":"https:\/\/www.bdesign-floors.com\/sl\/wp-json\/wp\/v2\/pages"}],"about":[{"href":"https:\/\/www.bdesign-floors.com\/sl\/wp-json\/wp\/v2\/types\/page"}],"author":[{"embeddable":true,"href":"https:\/\/www.bdesign-floors.com\/sl\/wp-json\/wp\/v2\/users\/8"}],"replies":[{"embeddable":true,"href":"https:\/\/www.bdesign-floors.com\/sl\/wp-json\/wp\/v2\/comments?post=14009"}],"version-history":[{"count":1,"href":"https:\/\/www.bdesign-floors.com\/sl\/wp-json\/wp\/v2\/pages\/14009\/revisions"}],"predecessor-version":[{"id":14010,"href":"https:\/\/www.bdesign-floors.com\/sl\/wp-json\/wp\/v2\/pages\/14009\/revisions\/14010"}],"up":[{"embeddable":true,"href":"https:\/\/www.bdesign-floors.com\/sl\/wp-json\/wp\/v2\/pages\/13946"}],"wp:attachment":[{"href":"https:\/\/www.bdesign-floors.com\/sl\/wp-json\/wp\/v2\/media?parent=14009"}],"curies":[{"name":"wp","href":"https:\/\/api.w.org\/{rel}","templated":true}]}}