{"id":14021,"date":"2022-09-12T17:19:50","date_gmt":"2022-09-12T15:19:50","guid":{"rendered":"https:\/\/www.bdesign-floors.com\/kje-kupiti\/"},"modified":"2022-09-21T13:13:34","modified_gmt":"2022-09-21T11:13:34","slug":"kje-kupiti","status":"publish","type":"page","link":"https:\/\/www.bdesign-floors.com\/sl\/kje-kupiti\/","title":{"rendered":"Kje kupiti"},"content":{"rendered":"<div id=\"bdesign2022_pageheader_block_62eb97d8ed6a9\" class=\"bdesign2022_block bdesign2022_block--bdesign2022_pageheader\">\n    <div class=\"bdesign2022_block--wrapper\">\n                                    <div class=\"bdesign2022_ph-wrap is-single\">\n                    <div class=\"bdesign2022_ph-slide slidestyle-is-black orig-is-\u010drna active\">\n                        <div class=\"slide-image\">\n                            <img decoding=\"async\" class=\"img-fluid logo\" src=\"https:\/\/www.bdesign-floors.com\/wp-content\/uploads\/2022\/08\/wo-kaufen-designboden-b-design.jpg\" srcset=\"https:\/\/www.bdesign-floors.com\/wp-content\/uploads\/2022\/08\/wo-kaufen-designboden-b-design.jpg 1110w, https:\/\/www.bdesign-floors.com\/wp-content\/uploads\/2022\/08\/wo-kaufen-designboden-b-design-768x521.jpg 768w, https:\/\/www.bdesign-floors.com\/wp-content\/uploads\/2022\/08\/wo-kaufen-designboden-b-design-442x300.jpg 442w\">                        <\/div>\n                        <div class=\"slide-area\">\n                            <div class=\"slide-area-wrapper\">\n                                <h1>nakup b!design<br>wo<\/h1>\n                                <h6>Poi\u0161\u010dite specializirani center BAUHAUS v svoji bli\u017eini ali naro\u010dite \u017eelena tla neposredno v spletni trgovini BAUHAUS.<\/h6>\n                                                                                            <\/div>\n                            <div class=\"slide-image-mobile d-md-none\">\n                                <img decoding=\"async\" class=\"img-fluid logo\" src=\"https:\/\/www.bdesign-floors.com\/wp-content\/uploads\/2022\/08\/wo-kaufen-designboden-b-design.jpg\" srcset=\"https:\/\/www.bdesign-floors.com\/wp-content\/uploads\/2022\/08\/wo-kaufen-designboden-b-design.jpg 1110w, https:\/\/www.bdesign-floors.com\/wp-content\/uploads\/2022\/08\/wo-kaufen-designboden-b-design-768x521.jpg 768w, https:\/\/www.bdesign-floors.com\/wp-content\/uploads\/2022\/08\/wo-kaufen-designboden-b-design-442x300.jpg 442w\">                            <\/div>\n                        <\/div>\n                    <\/div>\n                <\/div>\n                        <\/div>\n<\/div>\n<div id=\"bdesign2022_headline_block_62eb9882ed6aa\" class=\"bdesign2022_block bdesign2022_block--bdesign2022_headline\">\n    <div class=\"bdesign2022_block--wrapper\">\n        <div class=\"container my-4\">\n            \n                                    <h5 class=\"h5 text-start mt-5 mb-3\">Kje kupiti<\/h5>\n                                                    <h2 class=\"h1 text-start mt-2 mb-4\">b!design design vinilne talne obloge<br>je na voljo izklju\u010dno v podjetju BAUHAUS.<\/h2>\n                                \n                        <\/div>\n    <\/div>\n<\/div>\n<div id=\"bdesign2022_2columntext_block_62eb98a2ed6ab\" class=\"bdesign2022_block bdesign2022_block--bdesign2022_2columntext\">\n    <div class=\"bdesign2022_block--wrapper\">\n        <div class=\"container my-4\">\n            <div class=\"row align-items-start\">\n                <div class=\"col-12 col-xxl-4 offset-0 offset-xxl-2 my-3\">\n                    <p>Ste se zaljubili v eno od na\u0161ih oblikovalskih talnih oblog in vas zanima, kako jo najbolje prenesti v svoj dom? Pri\u0161li ste na pravo mesto! Blagovna znamka b!design je na voljo izklju\u010dno v trgovini BAUHAUS. Za vas to pomeni: poi\u0161\u010dite specializirani center BAUHAUS v svoji bli\u017eini in si zagotovite sanjsko nadstropje.<\/p>\n                <\/div>\n                <div class=\"c0l-12 col-xxl-4 xxl-3 my-3\">\n                    <p>Ali: Pokli\u010dite v spletno trgovino BAUHAUS, poi\u0161\u010dite svoj sanjski pod in ga udobno dostavite na dom. Ne glede na to, ali raje kupujete lokalno ali pa ste bolj spletni kupec &#8211; va\u0161 novi vinilni pod b!design design \u017ee \u010daka na vas!<\/p>\n                <\/div>\n            <\/div>\n        <\/div>\n    <\/div>\n<\/div>\n<div id=\"bdesign2022_imagetext_block_62eb98bded6ac\" class=\"bdesign2022_block bdesign2022_block--bdesign2022_imagetext\">\n    <div class=\"bdesign2022_block--wrapper\">\n        <div class=\"container\">\n            <div class=\"row align-items-center align-items-xxl-start align-items-xxxl-center\">\n                <div class=\"d-block d-md-block col-md-7 col-xl-4 col-xxl-5 col-xxxl-7 col-type-is-image col-count-is-1\"><img decoding=\"async\" class=\"img-fluid col-img\" src=\"https:\/\/www.bdesign-floors.com\/wp-content\/uploads\/2022\/08\/wo-kaufen-fachzentrum-b-design.jpg\" srcset=\"https:\/\/www.bdesign-floors.com\/wp-content\/uploads\/2022\/08\/wo-kaufen-fachzentrum-b-design.jpg 1110w, https:\/\/www.bdesign-floors.com\/wp-content\/uploads\/2022\/08\/wo-kaufen-fachzentrum-b-design-768x510.jpg 768w, https:\/\/www.bdesign-floors.com\/wp-content\/uploads\/2022\/08\/wo-kaufen-fachzentrum-b-design-452x300.jpg 452w\"><\/div><div class=\"col-12 col-xl-7 col-xxl-6 col-xxxl-4 col-type-is-imagetext col-count-is-2\"><h3>Neposredno v specializiranem centru BAUHAUS<\/h3><p>Z ve\u010d kot 150 specializiranimi centri BAUHAUS po vsej Nem\u010diji boste zagotovo na\u0161li enega v svoji bli\u017eini. Izkusite svoj novi pod neposredno na kraju samem, u\u017eivajte v prednosti, saj \u017ee veste, kako se po\u010duti, in prejmite osebni nasvet.<\/p>\n<a class=\"btn btn-bdesign2022 btn-pagelink\" href=\"https:\/\/www.bauhaus.info\/fachcentren\/fachcentrensuche\" target=\"_blank\">Iskanje specializiranega centra<\/a><\/div>            <\/div>\n        <\/div>\n    <\/div>\n<\/div>\n<div id=\"bdesign2022_imagetext_block_62eb98eaed6af\" class=\"bdesign2022_block bdesign2022_block--bdesign2022_imagetext\">\n    <div class=\"bdesign2022_block--wrapper\">\n        <div class=\"container\">\n            <div class=\"row align-items-center align-items-xxl-start align-items-xxxl-center\">\n                <div class=\"col-12 col-xl-7 col-xxl-6 col-xxxl-4 col-type-is-imagetext col-count-is-1\"><h3>b!design v spletni trgovini BAUHAUS<\/h3><p>Raje nakupujete prek spleta? Tudi to ni problem! Na\u0161a tla so na voljo v spletni trgovini Bauhaus. Preprosto izberite svojo najljub\u0161o in vse udobno naro\u010dite na domu. Nasvet: Z na\u0161im na\u010drtovalcem prostorov si lahko vnaprej ogledate, kako bo va\u0161 novi pod videti v va\u0161em domu.<\/p>\n<a class=\"btn btn-bdesign2022 btn-pagelink\" href=\"https:\/\/www.bauhaus.info\/vinylboden\/c\/10000479?q=%3Arelevance%3Abrands%3Ab!design\" target=\"_blank\">V spletno trgovino<\/a><\/div><div class=\"d-block d-md-block col-md-7 col-xl-4 col-xxl-5 col-xxxl-7 col-type-is-image col-count-is-2\"><img decoding=\"async\" class=\"img-fluid col-img\" src=\"https:\/\/www.bdesign-floors.com\/wp-content\/uploads\/2022\/08\/wo-kaufen-online-shop-b-design.jpg\" srcset=\"https:\/\/www.bdesign-floors.com\/wp-content\/uploads\/2022\/08\/wo-kaufen-online-shop-b-design.jpg 1110w, https:\/\/www.bdesign-floors.com\/wp-content\/uploads\/2022\/08\/wo-kaufen-online-shop-b-design-768x510.jpg 768w, https:\/\/www.bdesign-floors.com\/wp-content\/uploads\/2022\/08\/wo-kaufen-online-shop-b-design-452x300.jpg 452w\"><\/div>            <\/div>\n        <\/div>\n    <\/div>\n<\/div>\n<div id=\"bdesign2022_spacer_block_62eb9a2fb9748\" class=\"bdesign2022_block bdesign2022_block--bdesign2022_spacer\">\n    <div class=\"bdesign2022_block--wrapper\">\n        <div class=\"spacer\" style=\"height: 50px\"><\/div>\n    <\/div>\n<\/div>\n","protected":false},"excerpt":{"rendered":"","protected":false},"author":8,"featured_media":0,"parent":0,"menu_order":5,"comment_status":"closed","ping_status":"closed","template":"","meta":{"_acf_changed":false,"footnotes":""},"class_list":["post-14021","page","type-page","status-publish","hentry"],"acf":[],"yoast_head":"<!-- This site is optimized with the Yoast SEO plugin v24.2 - https:\/\/yoast.com\/wordpress\/plugins\/seo\/ -->\n<title>Kje kupiti | b!design<\/title>\n<meta name=\"description\" content=\"\u017delite izvedeti, kje lahko kupite vinilna tla b!design design? Tu boste na\u0161li vse informacije - tako za stacionarni kot spletni nakup.\" \/>\n<meta name=\"robots\" content=\"index, follow, max-snippet:-1, max-image-preview:large, max-video-preview:-1\" \/>\n<link rel=\"canonical\" href=\"https:\/\/www.bdesign-floors.com\/sl\/kje-kupiti\/\" \/>\n<meta property=\"og:locale\" content=\"sl_SI\" \/>\n<meta property=\"og:type\" content=\"article\" \/>\n<meta property=\"og:title\" content=\"Kje kupiti | b!design\" \/>\n<meta property=\"og:description\" content=\"\u017delite izvedeti, kje lahko kupite vinilna tla b!design design? Tu boste na\u0161li vse informacije - tako za stacionarni kot spletni nakup.\" \/>\n<meta property=\"og:url\" content=\"https:\/\/www.bdesign-floors.com\/sl\/kje-kupiti\/\" \/>\n<meta property=\"og:site_name\" content=\"b!design\" \/>\n<meta property=\"article:modified_time\" content=\"2022-09-21T11:13:34+00:00\" \/>\n<meta name=\"twitter:card\" content=\"summary_large_image\" \/>\n<script type=\"application\/ld+json\" class=\"yoast-schema-graph\">{\"@context\":\"https:\/\/schema.org\",\"@graph\":[{\"@type\":\"WebPage\",\"@id\":\"https:\/\/www.bdesign-floors.com\/sl\/kje-kupiti\/\",\"url\":\"https:\/\/www.bdesign-floors.com\/sl\/kje-kupiti\/\",\"name\":\"Kje kupiti | b!design\",\"isPartOf\":{\"@id\":\"https:\/\/bdesign.wp.factory.blim-dev.com\/#website\"},\"datePublished\":\"2022-09-12T15:19:50+00:00\",\"dateModified\":\"2022-09-21T11:13:34+00:00\",\"description\":\"\u017delite izvedeti, kje lahko kupite vinilna tla b!design design? Tu boste na\u0161li vse informacije - tako za stacionarni kot spletni nakup.\",\"breadcrumb\":{\"@id\":\"https:\/\/www.bdesign-floors.com\/sl\/kje-kupiti\/#breadcrumb\"},\"inLanguage\":\"sl-SI\",\"potentialAction\":[{\"@type\":\"ReadAction\",\"target\":[\"https:\/\/www.bdesign-floors.com\/sl\/kje-kupiti\/\"]}]},{\"@type\":\"BreadcrumbList\",\"@id\":\"https:\/\/www.bdesign-floors.com\/sl\/kje-kupiti\/#breadcrumb\",\"itemListElement\":[{\"@type\":\"ListItem\",\"position\":1,\"name\":\"Home\",\"item\":\"https:\/\/www.bdesign-floors.com\/sl\/\"},{\"@type\":\"ListItem\",\"position\":2,\"name\":\"Kje kupiti\"}]},{\"@type\":\"WebSite\",\"@id\":\"https:\/\/bdesign.wp.factory.blim-dev.com\/#website\",\"url\":\"https:\/\/bdesign.wp.factory.blim-dev.com\/\",\"name\":\"b!design\",\"description\":\"Just another WordPress site\",\"potentialAction\":[{\"@type\":\"SearchAction\",\"target\":{\"@type\":\"EntryPoint\",\"urlTemplate\":\"https:\/\/bdesign.wp.factory.blim-dev.com\/?s={search_term_string}\"},\"query-input\":{\"@type\":\"PropertyValueSpecification\",\"valueRequired\":true,\"valueName\":\"search_term_string\"}}],\"inLanguage\":\"sl-SI\"}]}<\/script>\n<!-- \/ Yoast SEO plugin. -->","yoast_head_json":{"title":"Kje kupiti | b!design","description":"\u017delite izvedeti, kje lahko kupite vinilna tla b!design design? Tu boste na\u0161li vse informacije - tako za stacionarni kot spletni nakup.","robots":{"index":"index","follow":"follow","max-snippet":"max-snippet:-1","max-image-preview":"max-image-preview:large","max-video-preview":"max-video-preview:-1"},"canonical":"https:\/\/www.bdesign-floors.com\/sl\/kje-kupiti\/","og_locale":"sl_SI","og_type":"article","og_title":"Kje kupiti | b!design","og_description":"\u017delite izvedeti, kje lahko kupite vinilna tla b!design design? Tu boste na\u0161li vse informacije - tako za stacionarni kot spletni nakup.","og_url":"https:\/\/www.bdesign-floors.com\/sl\/kje-kupiti\/","og_site_name":"b!design","article_modified_time":"2022-09-21T11:13:34+00:00","twitter_card":"summary_large_image","schema":{"@context":"https:\/\/schema.org","@graph":[{"@type":"WebPage","@id":"https:\/\/www.bdesign-floors.com\/sl\/kje-kupiti\/","url":"https:\/\/www.bdesign-floors.com\/sl\/kje-kupiti\/","name":"Kje kupiti | b!design","isPartOf":{"@id":"https:\/\/bdesign.wp.factory.blim-dev.com\/#website"},"datePublished":"2022-09-12T15:19:50+00:00","dateModified":"2022-09-21T11:13:34+00:00","description":"\u017delite izvedeti, kje lahko kupite vinilna tla b!design design? Tu boste na\u0161li vse informacije - tako za stacionarni kot spletni nakup.","breadcrumb":{"@id":"https:\/\/www.bdesign-floors.com\/sl\/kje-kupiti\/#breadcrumb"},"inLanguage":"sl-SI","potentialAction":[{"@type":"ReadAction","target":["https:\/\/www.bdesign-floors.com\/sl\/kje-kupiti\/"]}]},{"@type":"BreadcrumbList","@id":"https:\/\/www.bdesign-floors.com\/sl\/kje-kupiti\/#breadcrumb","itemListElement":[{"@type":"ListItem","position":1,"name":"Home","item":"https:\/\/www.bdesign-floors.com\/sl\/"},{"@type":"ListItem","position":2,"name":"Kje kupiti"}]},{"@type":"WebSite","@id":"https:\/\/bdesign.wp.factory.blim-dev.com\/#website","url":"https:\/\/bdesign.wp.factory.blim-dev.com\/","name":"b!design","description":"Just another WordPress site","potentialAction":[{"@type":"SearchAction","target":{"@type":"EntryPoint","urlTemplate":"https:\/\/bdesign.wp.factory.blim-dev.com\/?s={search_term_string}"},"query-input":{"@type":"PropertyValueSpecification","valueRequired":true,"valueName":"search_term_string"}}],"inLanguage":"sl-SI"}]}},"_links":{"self":[{"href":"https:\/\/www.bdesign-floors.com\/sl\/wp-json\/wp\/v2\/pages\/14021","targetHints":{"allow":["GET"]}}],"collection":[{"href":"https:\/\/www.bdesign-floors.com\/sl\/wp-json\/wp\/v2\/pages"}],"about":[{"href":"https:\/\/www.bdesign-floors.com\/sl\/wp-json\/wp\/v2\/types\/page"}],"author":[{"embeddable":true,"href":"https:\/\/www.bdesign-floors.com\/sl\/wp-json\/wp\/v2\/users\/8"}],"replies":[{"embeddable":true,"href":"https:\/\/www.bdesign-floors.com\/sl\/wp-json\/wp\/v2\/comments?post=14021"}],"version-history":[{"count":3,"href":"https:\/\/www.bdesign-floors.com\/sl\/wp-json\/wp\/v2\/pages\/14021\/revisions"}],"predecessor-version":[{"id":16470,"href":"https:\/\/www.bdesign-floors.com\/sl\/wp-json\/wp\/v2\/pages\/14021\/revisions\/16470"}],"wp:attachment":[{"href":"https:\/\/www.bdesign-floors.com\/sl\/wp-json\/wp\/v2\/media?parent=14021"}],"curies":[{"name":"wp","href":"https:\/\/api.w.org\/{rel}","templated":true}]}}