{"id":13728,"date":"2022-09-12T16:40:10","date_gmt":"2022-09-12T14:40:10","guid":{"rendered":"https:\/\/www.bdesign-floors.com\/saker-att-veta\/"},"modified":"2022-09-21T13:18:59","modified_gmt":"2022-09-21T11:18:59","slug":"saker-att-veta","status":"publish","type":"page","link":"https:\/\/www.bdesign-floors.com\/sv\/saker-att-veta\/","title":{"rendered":"Saker att veta"},"content":{"rendered":"<div id=\"bdesign2022_pageheader_block_62dfd623856fa\" class=\"bdesign2022_block bdesign2022_block--bdesign2022_pageheader\">\n    <div class=\"bdesign2022_block--wrapper\">\n                                    <div class=\"bdesign2022_ph-wrap is-single\">\n                    <div class=\"bdesign2022_ph-slide slidestyle-is-black orig-is-svart active\">\n                        <div class=\"slide-image\">\n                            <img decoding=\"async\" class=\"img-fluid logo\" src=\"https:\/\/www.bdesign-floors.com\/wp-content\/uploads\/2022\/08\/wissenswertes-boden-b-design.jpg\" srcset=\"https:\/\/www.bdesign-floors.com\/wp-content\/uploads\/2022\/08\/wissenswertes-boden-b-design.jpg 1110w, https:\/\/www.bdesign-floors.com\/wp-content\/uploads\/2022\/08\/wissenswertes-boden-b-design-768x521.jpg 768w, https:\/\/www.bdesign-floors.com\/wp-content\/uploads\/2022\/08\/wissenswertes-boden-b-design-442x300.jpg 442w\">                        <\/div>\n                        <div class=\"slide-area\">\n                            <div class=\"slide-area-wrapper\">\n                                <h1>Intressanta fakta om b!design-golv<\/h1>\n                                <h6>Lev h\u00e4lsosammare &#8211; med designvinylgolv fr\u00e5n b!design<\/h6>\n                                                                                            <\/div>\n                            <div class=\"slide-image-mobile d-md-none\">\n                                <img decoding=\"async\" class=\"img-fluid logo\" src=\"https:\/\/www.bdesign-floors.com\/wp-content\/uploads\/2022\/08\/wissenswertes-boden-b-design.jpg\" srcset=\"https:\/\/www.bdesign-floors.com\/wp-content\/uploads\/2022\/08\/wissenswertes-boden-b-design.jpg 1110w, https:\/\/www.bdesign-floors.com\/wp-content\/uploads\/2022\/08\/wissenswertes-boden-b-design-768x521.jpg 768w, https:\/\/www.bdesign-floors.com\/wp-content\/uploads\/2022\/08\/wissenswertes-boden-b-design-442x300.jpg 442w\">                            <\/div>\n                        <\/div>\n                    <\/div>\n                <\/div>\n                        <\/div>\n<\/div>\n<div id=\"bdesign2022_headline_block_62e922710cc19\" class=\"bdesign2022_block bdesign2022_block--bdesign2022_headline\">\n    <div class=\"bdesign2022_block--wrapper\">\n        <div class=\"container my-4\">\n            \n                                    <h5 class=\"h5 text-start mt-5 mb-3\">Saker att veta<\/h5>\n                                                    <h2 class=\"h2 text-start mt-2 mb-4\">De b!designade golven skapar en grund f\u00f6r ett bekymmersfritt liv.<\/h2>\n                                \n                        <\/div>\n    <\/div>\n<\/div>\n<div id=\"bdesign2022_2columntext_block_62e923a916b97\" class=\"bdesign2022_block bdesign2022_block--bdesign2022_2columntext\">\n    <div class=\"bdesign2022_block--wrapper\">\n        <div class=\"container my-4\">\n            <div class=\"row align-items-start\">\n                <div class=\"col-12 col-xxl-4 offset-0 offset-xxl-2 my-3\">\n                    <p>Man k\u00f6per inte ett nytt golv varje dag, det \u00e4r ett livstidsk\u00f6p. D\u00e4rf\u00f6r f\u00f6rst\u00e5r vi exakt hur sv\u00e5rt det \u00e4r att v\u00e4lja r\u00e4tt. Men hur vet du vilken som \u00e4r r\u00e4tt f\u00f6r dig? Vi hj\u00e4lper dig och ger dig nyttig information om vad du ska t\u00e4nka p\u00e5 n\u00e4r du k\u00f6per om du l\u00e4gger stor vikt vid golvets kvalitet, utf\u00f6rande och installation. Vi rekommenderar att du v\u00e4ljer ett golv fr\u00e5n b!design,<\/p>\n                <\/div>\n                <div class=\"c0l-12 col-xxl-4 xxl-3 my-3\">\n                    <p>som \u00e4r tillverkad av en stor andel naturmaterial. De h\u00f6gkvalitativa vinylgolven inneh\u00e5ller inte PVC, PCB, dioxiner eller andra kemiska bindemedel som kan avges. F\u00f6r dig inneb\u00e4r det att du inte uts\u00e4tts f\u00f6r f\u00f6roreningar i vardagen. Detta \u00e4r grunden som g\u00f6r v\u00e5ra golv till vad de \u00e4r: naturliga golv som \u00e4r allergiv\u00e4nliga och hygieniska.<\/p>\n                <\/div>\n            <\/div>\n        <\/div>\n    <\/div>\n<\/div>\n<div id=\"bdesign2022_imagetext_block_62f63b3a5464c\" class=\"bdesign2022_block bdesign2022_block--bdesign2022_imagetext\">\n    <div class=\"bdesign2022_block--wrapper\">\n        <div class=\"container\">\n            <div class=\"row align-items-center align-items-xxl-start align-items-xxxl-center\">\n                <div class=\"col-12 col-xl-7 col-xxl-6 col-xxxl-4 col-type-is-imagetext col-count-is-1\"><h3>Ofta st\u00e4llda fr\u00e5gor<\/h3><p>Har du fr\u00e5gor om v\u00e5ra produkter? H\u00e4r hittar du svar p\u00e5 vanliga fr\u00e5gor om b!design design vinylgolv. Ta reda p\u00e5 det nu!<\/p>\n<a class=\"btn btn-bdesign2022 btn-pagelink\" href=\"https:\/\/www.bdesign-floors.com\/wissenswertes\/haeufig-gestellte-fragen\/\">Ofta st\u00e4llda fr\u00e5gor<\/a><\/div><div class=\"d-block d-md-block col-md-7 col-xl-4 col-xxl-5 col-xxxl-7 col-type-is-image col-count-is-2\"><img decoding=\"async\" class=\"img-fluid col-img\" src=\"https:\/\/www.bdesign-floors.com\/wp-content\/uploads\/2022\/08\/faq-boden-b-design.jpg\" srcset=\"https:\/\/www.bdesign-floors.com\/wp-content\/uploads\/2022\/08\/faq-boden-b-design.jpg 1110w, https:\/\/www.bdesign-floors.com\/wp-content\/uploads\/2022\/08\/faq-boden-b-design-768x510.jpg 768w, https:\/\/www.bdesign-floors.com\/wp-content\/uploads\/2022\/08\/faq-boden-b-design-452x300.jpg 452w\"><\/div>            <\/div>\n        <\/div>\n    <\/div>\n<\/div>\n<div id=\"bdesign2022_imagetext_block_62f63b855464d\" class=\"bdesign2022_block bdesign2022_block--bdesign2022_imagetext\">\n    <div class=\"bdesign2022_block--wrapper\">\n        <div class=\"container\">\n            <div class=\"row align-items-center align-items-xxl-start align-items-xxxl-center\">\n                <div class=\"d-block d-md-block col-md-7 col-xl-4 col-xxl-5 col-xxxl-7 col-type-is-image col-count-is-1\"><img decoding=\"async\" class=\"img-fluid col-img\" src=\"https:\/\/www.bdesign-floors.com\/wp-content\/uploads\/2022\/08\/sentinel-haus-zertifikat-vorteile-boden-b-design.jpg\" srcset=\"https:\/\/www.bdesign-floors.com\/wp-content\/uploads\/2022\/08\/sentinel-haus-zertifikat-vorteile-boden-b-design.jpg 1110w, https:\/\/www.bdesign-floors.com\/wp-content\/uploads\/2022\/08\/sentinel-haus-zertifikat-vorteile-boden-b-design-768x510.jpg 768w, https:\/\/www.bdesign-floors.com\/wp-content\/uploads\/2022\/08\/sentinel-haus-zertifikat-vorteile-boden-b-design-452x300.jpg 452w\"><\/div><div class=\"col-12 col-xl-7 col-xxl-6 col-xxxl-4 col-type-is-imagetext col-count-is-2\"><h3>Ett h\u00e4lsosamt liv med Sentinel Haus som partner<\/h3><p>Sentinel Haus Institut \u00e4r marknads- och kunskapsledare f\u00f6r h\u00e4lsa i byggnader och publicerar endast produkter som testats med avseende p\u00e5 skadliga \u00e4mnen. D\u00e4rf\u00f6r \u00e4r vi stolta \u00f6ver att f\u00e5 vara en partner.<\/p>\n<a class=\"btn btn-bdesign2022 btn-pagelink\" href=\"https:\/\/www.bdesign-floors.com\/wissenswertes\/gesundes-wohnen\/\">H\u00e4lsosamt liv<\/a><\/div>            <\/div>\n        <\/div>\n    <\/div>\n<\/div>\n","protected":false},"excerpt":{"rendered":"","protected":false},"author":8,"featured_media":0,"parent":0,"menu_order":4,"comment_status":"closed","ping_status":"closed","template":"","meta":{"_acf_changed":false,"footnotes":""},"class_list":["post-13728","page","type-page","status-publish","hentry"],"acf":[],"yoast_head":"<!-- This site is optimized with the Yoast SEO plugin v24.2 - https:\/\/yoast.com\/wordpress\/plugins\/seo\/ -->\n<title>Saker att veta | b!design<\/title>\n<meta name=\"description\" content=\"Ta reda p\u00e5 allt du beh\u00f6ver veta om b!design-golvbel\u00e4ggningar, reng\u00f6ring, sk\u00f6tsel, installation och mycket mer i v\u00e5ra guider. Ta reda p\u00e5 det nu!\" \/>\n<meta name=\"robots\" content=\"index, follow, max-snippet:-1, max-image-preview:large, max-video-preview:-1\" \/>\n<link rel=\"canonical\" href=\"https:\/\/www.bdesign-floors.com\/sv\/saker-att-veta\/\" \/>\n<meta property=\"og:locale\" content=\"sv_SE\" \/>\n<meta property=\"og:type\" content=\"article\" \/>\n<meta property=\"og:title\" content=\"Saker att veta | b!design\" \/>\n<meta property=\"og:description\" content=\"Ta reda p\u00e5 allt du beh\u00f6ver veta om b!design-golvbel\u00e4ggningar, reng\u00f6ring, sk\u00f6tsel, installation och mycket mer i v\u00e5ra guider. Ta reda p\u00e5 det nu!\" \/>\n<meta property=\"og:url\" content=\"https:\/\/www.bdesign-floors.com\/sv\/saker-att-veta\/\" \/>\n<meta property=\"og:site_name\" content=\"b!design\" \/>\n<meta property=\"article:modified_time\" content=\"2022-09-21T11:18:59+00:00\" \/>\n<meta name=\"twitter:card\" content=\"summary_large_image\" \/>\n<script type=\"application\/ld+json\" class=\"yoast-schema-graph\">{\"@context\":\"https:\/\/schema.org\",\"@graph\":[{\"@type\":\"WebPage\",\"@id\":\"https:\/\/www.bdesign-floors.com\/sv\/saker-att-veta\/\",\"url\":\"https:\/\/www.bdesign-floors.com\/sv\/saker-att-veta\/\",\"name\":\"Saker att veta | b!design\",\"isPartOf\":{\"@id\":\"https:\/\/bdesign.wp.factory.blim-dev.com\/#website\"},\"datePublished\":\"2022-09-12T14:40:10+00:00\",\"dateModified\":\"2022-09-21T11:18:59+00:00\",\"description\":\"Ta reda p\u00e5 allt du beh\u00f6ver veta om b!design-golvbel\u00e4ggningar, reng\u00f6ring, sk\u00f6tsel, installation och mycket mer i v\u00e5ra guider. Ta reda p\u00e5 det nu!\",\"breadcrumb\":{\"@id\":\"https:\/\/www.bdesign-floors.com\/sv\/saker-att-veta\/#breadcrumb\"},\"inLanguage\":\"sv-SE\",\"potentialAction\":[{\"@type\":\"ReadAction\",\"target\":[\"https:\/\/www.bdesign-floors.com\/sv\/saker-att-veta\/\"]}]},{\"@type\":\"BreadcrumbList\",\"@id\":\"https:\/\/www.bdesign-floors.com\/sv\/saker-att-veta\/#breadcrumb\",\"itemListElement\":[{\"@type\":\"ListItem\",\"position\":1,\"name\":\"Home\",\"item\":\"https:\/\/www.bdesign-floors.com\/sv\/\"},{\"@type\":\"ListItem\",\"position\":2,\"name\":\"Saker att veta\"}]},{\"@type\":\"WebSite\",\"@id\":\"https:\/\/bdesign.wp.factory.blim-dev.com\/#website\",\"url\":\"https:\/\/bdesign.wp.factory.blim-dev.com\/\",\"name\":\"b!design\",\"description\":\"Just another WordPress site\",\"potentialAction\":[{\"@type\":\"SearchAction\",\"target\":{\"@type\":\"EntryPoint\",\"urlTemplate\":\"https:\/\/bdesign.wp.factory.blim-dev.com\/?s={search_term_string}\"},\"query-input\":{\"@type\":\"PropertyValueSpecification\",\"valueRequired\":true,\"valueName\":\"search_term_string\"}}],\"inLanguage\":\"sv-SE\"}]}<\/script>\n<!-- \/ Yoast SEO plugin. -->","yoast_head_json":{"title":"Saker att veta | b!design","description":"Ta reda p\u00e5 allt du beh\u00f6ver veta om b!design-golvbel\u00e4ggningar, reng\u00f6ring, sk\u00f6tsel, installation och mycket mer i v\u00e5ra guider. Ta reda p\u00e5 det nu!","robots":{"index":"index","follow":"follow","max-snippet":"max-snippet:-1","max-image-preview":"max-image-preview:large","max-video-preview":"max-video-preview:-1"},"canonical":"https:\/\/www.bdesign-floors.com\/sv\/saker-att-veta\/","og_locale":"sv_SE","og_type":"article","og_title":"Saker att veta | b!design","og_description":"Ta reda p\u00e5 allt du beh\u00f6ver veta om b!design-golvbel\u00e4ggningar, reng\u00f6ring, sk\u00f6tsel, installation och mycket mer i v\u00e5ra guider. Ta reda p\u00e5 det nu!","og_url":"https:\/\/www.bdesign-floors.com\/sv\/saker-att-veta\/","og_site_name":"b!design","article_modified_time":"2022-09-21T11:18:59+00:00","twitter_card":"summary_large_image","schema":{"@context":"https:\/\/schema.org","@graph":[{"@type":"WebPage","@id":"https:\/\/www.bdesign-floors.com\/sv\/saker-att-veta\/","url":"https:\/\/www.bdesign-floors.com\/sv\/saker-att-veta\/","name":"Saker att veta | b!design","isPartOf":{"@id":"https:\/\/bdesign.wp.factory.blim-dev.com\/#website"},"datePublished":"2022-09-12T14:40:10+00:00","dateModified":"2022-09-21T11:18:59+00:00","description":"Ta reda p\u00e5 allt du beh\u00f6ver veta om b!design-golvbel\u00e4ggningar, reng\u00f6ring, sk\u00f6tsel, installation och mycket mer i v\u00e5ra guider. Ta reda p\u00e5 det nu!","breadcrumb":{"@id":"https:\/\/www.bdesign-floors.com\/sv\/saker-att-veta\/#breadcrumb"},"inLanguage":"sv-SE","potentialAction":[{"@type":"ReadAction","target":["https:\/\/www.bdesign-floors.com\/sv\/saker-att-veta\/"]}]},{"@type":"BreadcrumbList","@id":"https:\/\/www.bdesign-floors.com\/sv\/saker-att-veta\/#breadcrumb","itemListElement":[{"@type":"ListItem","position":1,"name":"Home","item":"https:\/\/www.bdesign-floors.com\/sv\/"},{"@type":"ListItem","position":2,"name":"Saker att veta"}]},{"@type":"WebSite","@id":"https:\/\/bdesign.wp.factory.blim-dev.com\/#website","url":"https:\/\/bdesign.wp.factory.blim-dev.com\/","name":"b!design","description":"Just another WordPress site","potentialAction":[{"@type":"SearchAction","target":{"@type":"EntryPoint","urlTemplate":"https:\/\/bdesign.wp.factory.blim-dev.com\/?s={search_term_string}"},"query-input":{"@type":"PropertyValueSpecification","valueRequired":true,"valueName":"search_term_string"}}],"inLanguage":"sv-SE"}]}},"_links":{"self":[{"href":"https:\/\/www.bdesign-floors.com\/sv\/wp-json\/wp\/v2\/pages\/13728","targetHints":{"allow":["GET"]}}],"collection":[{"href":"https:\/\/www.bdesign-floors.com\/sv\/wp-json\/wp\/v2\/pages"}],"about":[{"href":"https:\/\/www.bdesign-floors.com\/sv\/wp-json\/wp\/v2\/types\/page"}],"author":[{"embeddable":true,"href":"https:\/\/www.bdesign-floors.com\/sv\/wp-json\/wp\/v2\/users\/8"}],"replies":[{"embeddable":true,"href":"https:\/\/www.bdesign-floors.com\/sv\/wp-json\/wp\/v2\/comments?post=13728"}],"version-history":[{"count":2,"href":"https:\/\/www.bdesign-floors.com\/sv\/wp-json\/wp\/v2\/pages\/13728\/revisions"}],"predecessor-version":[{"id":16499,"href":"https:\/\/www.bdesign-floors.com\/sv\/wp-json\/wp\/v2\/pages\/13728\/revisions\/16499"}],"wp:attachment":[{"href":"https:\/\/www.bdesign-floors.com\/sv\/wp-json\/wp\/v2\/media?parent=13728"}],"curies":[{"name":"wp","href":"https:\/\/api.w.org\/{rel}","templated":true}]}}