{"id":13832,"date":"2022-09-12T16:45:42","date_gmt":"2022-09-12T14:45:42","guid":{"rendered":"https:\/\/www.bdesign-floors.com\/var-kan-man-koepa\/"},"modified":"2022-09-21T13:12:04","modified_gmt":"2022-09-21T11:12:04","slug":"var-kan-man-koepa","status":"publish","type":"page","link":"https:\/\/www.bdesign-floors.com\/sv\/var-kan-man-koepa\/","title":{"rendered":"Var kan man k\u00f6pa"},"content":{"rendered":"<div id=\"bdesign2022_pageheader_block_62eb97d8ed6a9\" class=\"bdesign2022_block bdesign2022_block--bdesign2022_pageheader\">\n    <div class=\"bdesign2022_block--wrapper\">\n                                    <div class=\"bdesign2022_ph-wrap is-single\">\n                    <div class=\"bdesign2022_ph-slide slidestyle-is-black orig-is-svart active\">\n                        <div class=\"slide-image\">\n                            <img decoding=\"async\" class=\"img-fluid logo\" src=\"https:\/\/www.bdesign-floors.com\/wp-content\/uploads\/2022\/08\/wo-kaufen-designboden-b-design.jpg\" srcset=\"https:\/\/www.bdesign-floors.com\/wp-content\/uploads\/2022\/08\/wo-kaufen-designboden-b-design.jpg 1110w, https:\/\/www.bdesign-floors.com\/wp-content\/uploads\/2022\/08\/wo-kaufen-designboden-b-design-768x521.jpg 768w, https:\/\/www.bdesign-floors.com\/wp-content\/uploads\/2022\/08\/wo-kaufen-designboden-b-design-442x300.jpg 442w\">                        <\/div>\n                        <div class=\"slide-area\">\n                            <div class=\"slide-area-wrapper\">\n                                <h1>k\u00f6pa b!design<br>wo<\/h1>\n                                <h6>S\u00f6k efter ett BAUHAUS-specialistcenter n\u00e4ra dig eller best\u00e4ll ditt \u00f6nskade golv direkt fr\u00e5n BAUHAUS onlinebutik.<\/h6>\n                                                                                            <\/div>\n                            <div class=\"slide-image-mobile d-md-none\">\n                                <img decoding=\"async\" class=\"img-fluid logo\" src=\"https:\/\/www.bdesign-floors.com\/wp-content\/uploads\/2022\/08\/wo-kaufen-designboden-b-design.jpg\" srcset=\"https:\/\/www.bdesign-floors.com\/wp-content\/uploads\/2022\/08\/wo-kaufen-designboden-b-design.jpg 1110w, https:\/\/www.bdesign-floors.com\/wp-content\/uploads\/2022\/08\/wo-kaufen-designboden-b-design-768x521.jpg 768w, https:\/\/www.bdesign-floors.com\/wp-content\/uploads\/2022\/08\/wo-kaufen-designboden-b-design-442x300.jpg 442w\">                            <\/div>\n                        <\/div>\n                    <\/div>\n                <\/div>\n                        <\/div>\n<\/div>\n<div id=\"bdesign2022_headline_block_62eb9882ed6aa\" class=\"bdesign2022_block bdesign2022_block--bdesign2022_headline\">\n    <div class=\"bdesign2022_block--wrapper\">\n        <div class=\"container my-4\">\n            \n                                    <h5 class=\"h5 text-start mt-5 mb-3\">Var kan man k\u00f6pa<\/h5>\n                                                    <h2 class=\"h1 text-start mt-2 mb-4\">b!design design vinylgolv<br>finns endast hos BAUHAUS.<\/h2>\n                                \n                        <\/div>\n    <\/div>\n<\/div>\n<div id=\"bdesign2022_2columntext_block_62eb98a2ed6ab\" class=\"bdesign2022_block bdesign2022_block--bdesign2022_2columntext\">\n    <div class=\"bdesign2022_block--wrapper\">\n        <div class=\"container my-4\">\n            <div class=\"row align-items-start\">\n                <div class=\"col-12 col-xxl-4 offset-0 offset-xxl-2 my-3\">\n                    <p>Du har blivit f\u00f6r\u00e4lskad i ett av v\u00e5ra designgolv och vill nu veta hur du b\u00e4st f\u00e5r in golvet i ditt hem? Du har kommit till r\u00e4tt st\u00e4lle! Varum\u00e4rket b!design finns exklusivt p\u00e5 BAUHAUS. F\u00f6r dig betyder det: Hitta ett BAUHAUS-specialistcenter n\u00e4ra dig och s\u00e4kra ditt dr\u00f6mgolv.<\/p>\n                <\/div>\n                <div class=\"c0l-12 col-xxl-4 xxl-3 my-3\">\n                    <p>Eller: Ring till BAUHAUS online shop, hitta ditt dr\u00f6mgolv och f\u00e5 det bekv\u00e4mt levererat hem till dig. Oavsett om du f\u00f6redrar att handla lokalt eller om du \u00e4r mer intresserad av att handla p\u00e5 n\u00e4tet &#8211; ditt nya b!design designvinylgolv v\u00e4ntar redan p\u00e5 dig!<\/p>\n                <\/div>\n            <\/div>\n        <\/div>\n    <\/div>\n<\/div>\n<div id=\"bdesign2022_imagetext_block_62eb98bded6ac\" class=\"bdesign2022_block bdesign2022_block--bdesign2022_imagetext\">\n    <div class=\"bdesign2022_block--wrapper\">\n        <div class=\"container\">\n            <div class=\"row align-items-center align-items-xxl-start align-items-xxxl-center\">\n                <div class=\"d-block d-md-block col-md-7 col-xl-4 col-xxl-5 col-xxxl-7 col-type-is-image col-count-is-1\"><img decoding=\"async\" class=\"img-fluid col-img\" src=\"https:\/\/www.bdesign-floors.com\/wp-content\/uploads\/2022\/08\/wo-kaufen-fachzentrum-b-design.jpg\" srcset=\"https:\/\/www.bdesign-floors.com\/wp-content\/uploads\/2022\/08\/wo-kaufen-fachzentrum-b-design.jpg 1110w, https:\/\/www.bdesign-floors.com\/wp-content\/uploads\/2022\/08\/wo-kaufen-fachzentrum-b-design-768x510.jpg 768w, https:\/\/www.bdesign-floors.com\/wp-content\/uploads\/2022\/08\/wo-kaufen-fachzentrum-b-design-452x300.jpg 452w\"><\/div><div class=\"col-12 col-xl-7 col-xxl-6 col-xxxl-4 col-type-is-imagetext col-count-is-2\"><h3>Direkt i BAUHAUS specialistcenter<\/h3><p>Med \u00f6ver 150 BAUHAUS-specialistcenter i hela Tyskland hittar du s\u00e4kert ett n\u00e4ra dig. Upplev ditt nya golv direkt p\u00e5 plats, njut av f\u00f6rdelen med att redan veta hur det k\u00e4nns och f\u00e5 personlig r\u00e5dgivning.<\/p>\n<a class=\"btn btn-bdesign2022 btn-pagelink\" href=\"https:\/\/www.bauhaus.info\/fachcentren\/fachcentrensuche\" target=\"_blank\">S\u00f6kning av specialistcenter<\/a><\/div>            <\/div>\n        <\/div>\n    <\/div>\n<\/div>\n<div id=\"bdesign2022_imagetext_block_62eb98eaed6af\" class=\"bdesign2022_block bdesign2022_block--bdesign2022_imagetext\">\n    <div class=\"bdesign2022_block--wrapper\">\n        <div class=\"container\">\n            <div class=\"row align-items-center align-items-xxl-start align-items-xxxl-center\">\n                <div class=\"col-12 col-xl-7 col-xxl-6 col-xxxl-4 col-type-is-imagetext col-count-is-1\"><h3>b!design i BAUHAUS onlinebutik<\/h3><p>F\u00f6redrar du att handla p\u00e5 n\u00e4tet? Det \u00e4r inte heller n\u00e5got problem! V\u00e5ra golv finns tillg\u00e4ngliga i Bauhaus webbshop. V\u00e4lj bara din favorit och best\u00e4ll allt bekv\u00e4mt hemma. Tips: Med v\u00e5r rumsplanerare kan du i f\u00f6rv\u00e4g se hur ditt nya golv kommer att se ut i ditt hem.<\/p>\n<a class=\"btn btn-bdesign2022 btn-pagelink\" href=\"https:\/\/www.bauhaus.info\/vinylboden\/c\/10000479?q=%3Arelevance%3Abrands%3Ab!design\" target=\"_blank\">Till webbutiken<\/a><\/div><div class=\"d-block d-md-block col-md-7 col-xl-4 col-xxl-5 col-xxxl-7 col-type-is-image col-count-is-2\"><img decoding=\"async\" class=\"img-fluid col-img\" src=\"https:\/\/www.bdesign-floors.com\/wp-content\/uploads\/2022\/08\/wo-kaufen-online-shop-b-design.jpg\" srcset=\"https:\/\/www.bdesign-floors.com\/wp-content\/uploads\/2022\/08\/wo-kaufen-online-shop-b-design.jpg 1110w, https:\/\/www.bdesign-floors.com\/wp-content\/uploads\/2022\/08\/wo-kaufen-online-shop-b-design-768x510.jpg 768w, https:\/\/www.bdesign-floors.com\/wp-content\/uploads\/2022\/08\/wo-kaufen-online-shop-b-design-452x300.jpg 452w\"><\/div>            <\/div>\n        <\/div>\n    <\/div>\n<\/div>\n<div id=\"bdesign2022_spacer_block_62eb9a2fb9748\" class=\"bdesign2022_block bdesign2022_block--bdesign2022_spacer\">\n    <div class=\"bdesign2022_block--wrapper\">\n        <div class=\"spacer\" style=\"height: 50px\"><\/div>\n    <\/div>\n<\/div>\n","protected":false},"excerpt":{"rendered":"","protected":false},"author":8,"featured_media":0,"parent":0,"menu_order":5,"comment_status":"closed","ping_status":"closed","template":"","meta":{"_acf_changed":false,"footnotes":""},"class_list":["post-13832","page","type-page","status-publish","hentry"],"acf":[],"yoast_head":"<!-- This site is optimized with the Yoast SEO plugin v24.2 - https:\/\/yoast.com\/wordpress\/plugins\/seo\/ -->\n<title>K\u00f6pst\u00e4llen | b!design<\/title>\n<meta name=\"description\" content=\"Vill du veta var du kan k\u00f6pa b!design design vinylgolv? H\u00e4r hittar du all information - b\u00e5de om station\u00e4ra produkter och om k\u00f6p p\u00e5 n\u00e4tet.\" \/>\n<meta name=\"robots\" content=\"index, follow, max-snippet:-1, max-image-preview:large, max-video-preview:-1\" \/>\n<link rel=\"canonical\" href=\"https:\/\/www.bdesign-floors.com\/sv\/var-kan-man-koepa\/\" \/>\n<meta property=\"og:locale\" content=\"sv_SE\" \/>\n<meta property=\"og:type\" content=\"article\" \/>\n<meta property=\"og:title\" content=\"K\u00f6pst\u00e4llen | b!design\" \/>\n<meta property=\"og:description\" content=\"Vill du veta var du kan k\u00f6pa b!design design vinylgolv? H\u00e4r hittar du all information - b\u00e5de om station\u00e4ra produkter och om k\u00f6p p\u00e5 n\u00e4tet.\" \/>\n<meta property=\"og:url\" content=\"https:\/\/www.bdesign-floors.com\/sv\/var-kan-man-koepa\/\" \/>\n<meta property=\"og:site_name\" content=\"b!design\" \/>\n<meta property=\"article:modified_time\" content=\"2022-09-21T11:12:04+00:00\" \/>\n<meta name=\"twitter:card\" content=\"summary_large_image\" \/>\n<script type=\"application\/ld+json\" class=\"yoast-schema-graph\">{\"@context\":\"https:\/\/schema.org\",\"@graph\":[{\"@type\":\"WebPage\",\"@id\":\"https:\/\/www.bdesign-floors.com\/sv\/var-kan-man-koepa\/\",\"url\":\"https:\/\/www.bdesign-floors.com\/sv\/var-kan-man-koepa\/\",\"name\":\"K\u00f6pst\u00e4llen | b!design\",\"isPartOf\":{\"@id\":\"https:\/\/bdesign.wp.factory.blim-dev.com\/#website\"},\"datePublished\":\"2022-09-12T14:45:42+00:00\",\"dateModified\":\"2022-09-21T11:12:04+00:00\",\"description\":\"Vill du veta var du kan k\u00f6pa b!design design vinylgolv? H\u00e4r hittar du all information - b\u00e5de om station\u00e4ra produkter och om k\u00f6p p\u00e5 n\u00e4tet.\",\"breadcrumb\":{\"@id\":\"https:\/\/www.bdesign-floors.com\/sv\/var-kan-man-koepa\/#breadcrumb\"},\"inLanguage\":\"sv-SE\",\"potentialAction\":[{\"@type\":\"ReadAction\",\"target\":[\"https:\/\/www.bdesign-floors.com\/sv\/var-kan-man-koepa\/\"]}]},{\"@type\":\"BreadcrumbList\",\"@id\":\"https:\/\/www.bdesign-floors.com\/sv\/var-kan-man-koepa\/#breadcrumb\",\"itemListElement\":[{\"@type\":\"ListItem\",\"position\":1,\"name\":\"Home\",\"item\":\"https:\/\/www.bdesign-floors.com\/sv\/\"},{\"@type\":\"ListItem\",\"position\":2,\"name\":\"Var kan man k\u00f6pa\"}]},{\"@type\":\"WebSite\",\"@id\":\"https:\/\/bdesign.wp.factory.blim-dev.com\/#website\",\"url\":\"https:\/\/bdesign.wp.factory.blim-dev.com\/\",\"name\":\"b!design\",\"description\":\"Just another WordPress site\",\"potentialAction\":[{\"@type\":\"SearchAction\",\"target\":{\"@type\":\"EntryPoint\",\"urlTemplate\":\"https:\/\/bdesign.wp.factory.blim-dev.com\/?s={search_term_string}\"},\"query-input\":{\"@type\":\"PropertyValueSpecification\",\"valueRequired\":true,\"valueName\":\"search_term_string\"}}],\"inLanguage\":\"sv-SE\"}]}<\/script>\n<!-- \/ Yoast SEO plugin. -->","yoast_head_json":{"title":"K\u00f6pst\u00e4llen | b!design","description":"Vill du veta var du kan k\u00f6pa b!design design vinylgolv? H\u00e4r hittar du all information - b\u00e5de om station\u00e4ra produkter och om k\u00f6p p\u00e5 n\u00e4tet.","robots":{"index":"index","follow":"follow","max-snippet":"max-snippet:-1","max-image-preview":"max-image-preview:large","max-video-preview":"max-video-preview:-1"},"canonical":"https:\/\/www.bdesign-floors.com\/sv\/var-kan-man-koepa\/","og_locale":"sv_SE","og_type":"article","og_title":"K\u00f6pst\u00e4llen | b!design","og_description":"Vill du veta var du kan k\u00f6pa b!design design vinylgolv? H\u00e4r hittar du all information - b\u00e5de om station\u00e4ra produkter och om k\u00f6p p\u00e5 n\u00e4tet.","og_url":"https:\/\/www.bdesign-floors.com\/sv\/var-kan-man-koepa\/","og_site_name":"b!design","article_modified_time":"2022-09-21T11:12:04+00:00","twitter_card":"summary_large_image","schema":{"@context":"https:\/\/schema.org","@graph":[{"@type":"WebPage","@id":"https:\/\/www.bdesign-floors.com\/sv\/var-kan-man-koepa\/","url":"https:\/\/www.bdesign-floors.com\/sv\/var-kan-man-koepa\/","name":"K\u00f6pst\u00e4llen | b!design","isPartOf":{"@id":"https:\/\/bdesign.wp.factory.blim-dev.com\/#website"},"datePublished":"2022-09-12T14:45:42+00:00","dateModified":"2022-09-21T11:12:04+00:00","description":"Vill du veta var du kan k\u00f6pa b!design design vinylgolv? H\u00e4r hittar du all information - b\u00e5de om station\u00e4ra produkter och om k\u00f6p p\u00e5 n\u00e4tet.","breadcrumb":{"@id":"https:\/\/www.bdesign-floors.com\/sv\/var-kan-man-koepa\/#breadcrumb"},"inLanguage":"sv-SE","potentialAction":[{"@type":"ReadAction","target":["https:\/\/www.bdesign-floors.com\/sv\/var-kan-man-koepa\/"]}]},{"@type":"BreadcrumbList","@id":"https:\/\/www.bdesign-floors.com\/sv\/var-kan-man-koepa\/#breadcrumb","itemListElement":[{"@type":"ListItem","position":1,"name":"Home","item":"https:\/\/www.bdesign-floors.com\/sv\/"},{"@type":"ListItem","position":2,"name":"Var kan man k\u00f6pa"}]},{"@type":"WebSite","@id":"https:\/\/bdesign.wp.factory.blim-dev.com\/#website","url":"https:\/\/bdesign.wp.factory.blim-dev.com\/","name":"b!design","description":"Just another WordPress site","potentialAction":[{"@type":"SearchAction","target":{"@type":"EntryPoint","urlTemplate":"https:\/\/bdesign.wp.factory.blim-dev.com\/?s={search_term_string}"},"query-input":{"@type":"PropertyValueSpecification","valueRequired":true,"valueName":"search_term_string"}}],"inLanguage":"sv-SE"}]}},"_links":{"self":[{"href":"https:\/\/www.bdesign-floors.com\/sv\/wp-json\/wp\/v2\/pages\/13832","targetHints":{"allow":["GET"]}}],"collection":[{"href":"https:\/\/www.bdesign-floors.com\/sv\/wp-json\/wp\/v2\/pages"}],"about":[{"href":"https:\/\/www.bdesign-floors.com\/sv\/wp-json\/wp\/v2\/types\/page"}],"author":[{"embeddable":true,"href":"https:\/\/www.bdesign-floors.com\/sv\/wp-json\/wp\/v2\/users\/8"}],"replies":[{"embeddable":true,"href":"https:\/\/www.bdesign-floors.com\/sv\/wp-json\/wp\/v2\/comments?post=13832"}],"version-history":[{"count":3,"href":"https:\/\/www.bdesign-floors.com\/sv\/wp-json\/wp\/v2\/pages\/13832\/revisions"}],"predecessor-version":[{"id":16436,"href":"https:\/\/www.bdesign-floors.com\/sv\/wp-json\/wp\/v2\/pages\/13832\/revisions\/16436"}],"wp:attachment":[{"href":"https:\/\/www.bdesign-floors.com\/sv\/wp-json\/wp\/v2\/media?parent=13832"}],"curies":[{"name":"wp","href":"https:\/\/api.w.org\/{rel}","templated":true}]}}