{"id":13833,"date":"2022-09-12T16:45:43","date_gmt":"2022-09-12T14:45:43","guid":{"rendered":"https:\/\/www.bdesign-floors.com\/om-oss\/uppgiftsskydd\/"},"modified":"2022-10-17T10:49:33","modified_gmt":"2022-10-17T08:49:33","slug":"uppgiftsskydd","status":"publish","type":"page","link":"https:\/\/www.bdesign-floors.com\/sv\/om-oss\/uppgiftsskydd\/","title":{"rendered":"Uppgiftsskydd"},"content":{"rendered":"<div id=\"bdesign2022_spacer_block_63061d222b814\" class=\"bdesign2022_block bdesign2022_block--bdesign2022_spacer\">\n    <div class=\"bdesign2022_block--wrapper\">\n        <div class=\"spacer\" style=\"height: 100px\"><\/div>\n    <\/div>\n<\/div>\n<div id=\"bdesign2022_customcontent_block_63061cc72b813\" class=\"bdesign2022_block bdesign2022_block--bdesign2022_customcontent\">\n    <div class=\"bdesign2022_block--wrapper\">\n        <div class=\"container\">\n            <div class=\"row\">\n                \n                    <div class=\"col-0 col-sm-2\"><\/div>\n                    <div class=\"col-12 col-sm-10 my-4\">\n                        <h1>Integritetspolicy<\/h1>\n<p>Din integritet \u00e4r viktig f\u00f6r oss. Vi vill att du ska k\u00e4nna dig trygg hos oss. D\u00e4rf\u00f6r ser vi och v\u00e5rt dataskyddsombud till att dataskyddsbest\u00e4mmelserna f\u00f6ljs, s\u00e4rskilt den europeiska dataskyddsf\u00f6rordningen (DSGVO) och den tyska federala dataskyddslagen (BDSG). Nedan vill vi informera dig om de syften f\u00f6r vilka dina uppgifter behandlas och hur du kan ut\u00f6va dina r\u00e4ttigheter. Du kan n\u00e4r som helst f\u00e5 tillg\u00e5ng till dataskyddsdeklarationen via fliken &#8221;Dataskydd&#8221; l\u00e4ngst ner p\u00e5 varje sida.<\/p>\n<h4>Den ansvariga personens namn och kontaktuppgifter<\/h4>\n<p>B! Design \u00e4r ett erbjudande fr\u00e5n BAUHAUS. Kundtj\u00e4nst tillhandah\u00e5lls av BAUHAUS-f\u00f6retag<a href=\"https:\/\/www.bauhaus.info\/gesellschaften\" target=\"_blank\" rel=\"noopener noreferrer\">(https:\/\/www.bauhaus.info\/gesellschaften)<\/a> p\u00e5 grundval av ett avtal om gemensamt ansvariga personer i enlighet med artikel 26.2. 1 P. 1 GDPR. Den centrala kontaktpunkten f\u00f6r dataskyddsrelaterade f\u00f6rfr\u00e5gningar fr\u00e5n kunder eller registrerade personer \u00e4r f\u00f6ljande<\/p>\n<p><strong>BAUHAUS AG<\/strong><br \/>\nFilialen i Mannheim<br \/>\nGutenbergstra\u00dfe 21<br \/>\n68167 Mannheim<br \/>\nTyskland<br \/>\nTelefon: 0800 3905 000<br \/>\nE-post: <a href=\"mailto:datenschutz@bauhaus.info\">datenschutz@bauhaus.info.<\/a><\/p>\n<p>BAUHAUS AG tar p\u00e5 sig att uppfylla den registrerades r\u00e4ttigheter i enlighet med GDPR (se nedan r\u00e4ttigheter f\u00f6r den registrerade).<br \/>\nBAUHAUS-f\u00f6retagen vidarebefordrar alla f\u00f6rfr\u00e5gningar fr\u00e5n kunder och tredje parter om dataskydd till BAUHAUS AG. Direkta f\u00f6rfr\u00e5gningar till dataskyddsombudet f\u00f6rblir of\u00f6r\u00e4ndrade.  1 S. 1 DSGVO finns p\u00e5 f\u00f6ljande adress: <a href=\"https:\/\/www.bauhaus.info\/gemeinsam_verantwortliche\" target=\"_blank\" rel=\"noopener noreferrer\">www.bauhaus.info\/gemeinsam_verantwortliche<\/a>.<\/p>\n<h4>Kontaktuppgifter till dataskyddsombudet<\/h4>\n<p>Om du som registrerad har fr\u00e5gor om hanteringen av dina uppgifter enligt dataskyddslagstiftningen finns det tv\u00e5 s\u00e4tt f\u00f6r dig att st\u00e4lla dina fr\u00e5gor eller framf\u00f6ra dina synpunkter:<\/p>\n<ul>\n<li>F\u00f6r allm\u00e4nna fr\u00e5gor om dataskydd och ut\u00f6vandet av den registrerades r\u00e4ttigheter, t.ex. en beg\u00e4ran om information, v\u00e4nligen kontakta BAUHAUS dataskydd p\u00e5: datenschutz@bauhaus.info, och<\/li>\n<li>F\u00f6r specifika fr\u00e5gor \u00e4r du ocks\u00e5 v\u00e4lkommen att n\u00e4r som helst kontakta det utsedda dataskyddsombudet direkt p\u00e5 f\u00f6ljande adress: <a href=\"mailto:datenschutzbeauftragter@bauhaus.info.\">datenschutzbeauftragter@bauhaus.info<\/a>.<\/li>\n<\/ul>\n<h4>\u00c4ndam\u00e5l och r\u00e4ttslig grund f\u00f6r behandlingen av uppgifter<\/h4>\n<h6>Serverloggfiler<\/h6>\n<p>N\u00e4r du bes\u00f6ker www.bdesign-vinyl.de registrerar webbservern automatiskt detta i s\u00e5 kallade serverloggfiler. Dessa uppgifter omfattar den webbl\u00e4sare som anv\u00e4nds, operativsystem och \u00e5tkomsttid. Dessa uppgifter anv\u00e4nds endast f\u00f6r statistisk utv\u00e4rdering och av s\u00e4kerhetssk\u00e4l (t.ex. f\u00f6r att klarg\u00f6ra missbruk eller bedr\u00e4geri) och f\u00f6r att driva webbplatsen. Den r\u00e4ttsliga grunden f\u00f6r databehandlingen \u00e4r artikel 6.6. 1 S. 1 lit. f) GDPR. V\u00e5rt legitima intresse \u00e4r att driva och presentera samt f\u00f6rb\u00e4ttra stabiliteten och funktionaliteten p\u00e5 v\u00e5r webbplats.<\/p>\n<p>Det \u00e4r varken juridiskt eller avtalsm\u00e4ssigt n\u00f6dv\u00e4ndigt att du l\u00e4mnar de ovann\u00e4mnda personuppgifterna. Utan behandling av serverloggfiler kan vi dock inte garantera att v\u00e5r webbplats fungerar och fungerar. Dessutom kan det h\u00e4nda att enskilda tj\u00e4nster inte \u00e4r tillg\u00e4ngliga eller att de \u00e4r begr\u00e4nsade.<\/p>\n<h6>Anv\u00e4ndning av cookies<\/h6>\n<p>Cookies lagras p\u00e5 din dator n\u00e4r du anv\u00e4nder v\u00e5r webbplats. Cookies \u00e4r sm\u00e5 textfiler som lagras p\u00e5 din h\u00e5rddisk, tilldelas den webbl\u00e4sare du anv\u00e4nder och genom vilka viss information g\u00e5r till det organ som s\u00e4tter cookien.<\/p>\n<p>Cookies kan inte k\u00f6ra program eller \u00f6verf\u00f6ra virus till din dator. De bidrar till att g\u00f6ra internetutbudet som helhet mer anv\u00e4ndarv\u00e4nligt och effektivt. Cookies anv\u00e4nds p\u00e5 den h\u00e4r webbplatsen, till exempel f\u00f6r att utv\u00e4rdera bes\u00f6karnas beteende p\u00e5 webbplatsen. Du kan konfigurera inst\u00e4llningarna i din webbl\u00e4sare enligt dina \u00f6nskem\u00e5l och till exempel v\u00e4gra att acceptera cookies fr\u00e5n tredje part eller alla cookies. Observera att du d\u00e5 kanske inte kan anv\u00e4nda alla funktioner p\u00e5 webbplatsen.<\/p>\n<h6>Google Analytics<\/h6>\n<p>Vi anv\u00e4nder Google Analytics, en webbanalystj\u00e4nst som tillhandah\u00e5lls av Google Ireland Limited, Gordon House, Barrow Street, Dublin 4, Irland (&#8221;Google&#8221;). Google anv\u00e4nder cookies. Den information som genereras av cookien om anv\u00e4ndarens anv\u00e4ndning av onlineerbjudandet \u00f6verf\u00f6rs vanligtvis till en Google-server i USA och lagras d\u00e4r.<\/p>\n<p>Google \u00e4r certifierat enligt Privacy Shield och erbjuder d\u00e4rmed en garanti f\u00f6r att den europeiska dataskyddslagstiftningen f\u00f6ljs<a href=\"https:\/\/www.privacyshield.gov\/participant?id=a2zt000000001L5AAI&amp;status=Active\" target=\"_blank\" rel=\"noopener noreferrer\">(https:\/\/www.privacyshield.gov\/participant?id=a2zt000000001L5AAI&amp;status=Active<\/a>).<\/p>\n<p>Google kommer att anv\u00e4nda denna information f\u00f6r v\u00e5r r\u00e4kning i syfte att utv\u00e4rdera din anv\u00e4ndning av v\u00e5r webbplats, sammanst\u00e4lla rapporter om webbplatsaktivitet f\u00f6r webbplatsoperat\u00f6rer och tillhandah\u00e5lla andra tj\u00e4nster som r\u00f6r webbplatsaktivitet och internetanv\u00e4ndning. Pseudonyma anv\u00e4ndarprofiler kan skapas fr\u00e5n de bearbetade uppgifterna. Behandlingen av uppgifterna grundar sig p\u00e5 ditt samtycke i enlighet med artikel 6.6. 1 S. 1 lit. a) GDPR. Du kan n\u00e4r som helst \u00e5terkalla ditt samtycke till detta med verkan f\u00f6r framtiden. Nedan beskrivs de \u00e5terkallningsalternativ som du har tillg\u00e5ng till i detta syfte.<\/p>\n<p>Vi anv\u00e4nder endast Google Analytics med aktiverad IP-anonymisering. Detta inneb\u00e4r att anv\u00e4ndarens IP-adress f\u00f6rkortas av Google inom EU:s medlemsstater eller i andra avtalsslutande stater i avtalet om Europeiska ekonomiska samarbetsomr\u00e5det. Endast i undantagsfall \u00f6verf\u00f6rs den fullst\u00e4ndiga IP-adressen till en Google-server i USA och f\u00f6rkortas d\u00e4r.<\/p>\n<p>IP-adressen som \u00f6verf\u00f6rs av anv\u00e4ndarens webbl\u00e4sare sammanf\u00f6rs inte med andra uppgifter fr\u00e5n Google. Anv\u00e4ndarna kan f\u00f6rhindra lagring av cookies genom att st\u00e4lla in sin webbl\u00e4sarprogramvara i enlighet med detta; anv\u00e4ndarna kan ocks\u00e5 f\u00f6rhindra insamling av de uppgifter som genereras av cookien och som \u00e4r relaterade till deras anv\u00e4ndning av online-erbjudandet till Google samt behandling av dessa uppgifter av Google genom att ladda ner och installera webbl\u00e4sarpluginet som finns tillg\u00e4ngligt under f\u00f6ljande l\u00e4nk:  <a href=\"http:\/\/tools.google.com\/dlpage\/gaoptout?hl=de\" target=\"_blank\" rel=\"noopener noreferrer\">http:\/\/tools.google.com\/dlpage\/gaoptout?hl=de<\/a>.<\/p>\n<p>F\u00f6r mer information om Googles anv\u00e4ndning av data, inst\u00e4llningar och alternativ f\u00f6r avst\u00e4ngning, se Googles sekretesspolicy<a href=\"https:\/\/policies.google.com\/technologies\/ads\" target=\"_blank\" rel=\"noopener noreferrer\">(https:\/\/policies.google.com\/technologies\/ads)<\/a> och inst\u00e4llningarna f\u00f6r visning av annonser fr\u00e5n Google<a href=\"https:\/\/adssettings.google.com\/authenticated\" target=\"_blank\" rel=\"noopener noreferrer\">(https:\/\/adssettings.google.com\/authenticated)<\/a>.<\/p>\n<p>Som ett alternativ till webbl\u00e4sartill\u00e4gget eller i webbl\u00e4sare p\u00e5 mobila enheter kan du klicka p\u00e5 den h\u00e4r l\u00e4nken f\u00f6r att f\u00f6rhindra att Google Analytics samlar in uppgifter p\u00e5 den h\u00e4r webbplatsen i framtiden:<\/p>\n<h6>Analyser som avst\u00e5r fr\u00e5n att delta<\/h6>\n<p>Detta placerar en opt-out-cookie p\u00e5 din enhet. Om du raderar dina cookies m\u00e5ste du klicka p\u00e5 den h\u00e4r l\u00e4nken igen.<br \/>\nDet finns inget lagligt eller avtalsm\u00e4ssigt krav p\u00e5 att tillhandah\u00e5lla de ovann\u00e4mnda personuppgifterna. Utan dessa uppgifter \u00e4r det dock inte m\u00f6jligt att analysera, optimera och ekonomiskt driva v\u00e5rt onlineutbud.<\/p>\n<h6>Samtycke till cookies med Borlabs Cookie<\/h6>\n<p>V\u00e5r webbplats anv\u00e4nder Borlabs Cookie&#8217;s teknik f\u00f6r samtycke till cookies f\u00f6r att f\u00e5 ditt samtycke till att lagra vissa cookies i din webbl\u00e4sare och f\u00f6r att dokumentera detta i enlighet med dataskyddslagstiftningen. Leverant\u00f6ren av denna teknik \u00e4r Borlabs &#8211; Benjamin A. Bornschein, Georg-Wilhelm-Str. 17, 21107 Hamburg (nedan kallad Borlabs).<br \/>\nN\u00e4r du g\u00e5r in p\u00e5 v\u00e5r webbplats lagras en Borlabs-cookie i din webbl\u00e4sare, som lagrar de samtycken du har gett eller \u00e5terkallat dessa samtycken. Dessa uppgifter delas inte med Borlabs cookie-leverant\u00f6r.<br \/>\nDe insamlade uppgifterna sparas tills du ber oss att radera dem eller raderar Borlabs-cookien sj\u00e4lv, eller tills syftet med att lagra uppgifterna inte l\u00e4ngre \u00e4r till\u00e4mpligt. Obligatoriska lagstadgade lagringsperioder p\u00e5verkas inte. Mer information om behandlingen av uppgifter i Borlabs Cookie finns p\u00e5 <a href=\"https:\/\/de.borlabs.io\/kb\/welche-daten-speichert-borlabs-cookie\/\">https:\/\/de.borlabs.io\/kb\/welche-daten-speichert-borlabs-cookie\/<\/a>.<br \/>\nAnv\u00e4ndningen av Borlabs teknik f\u00f6r samtycke till cookies g\u00f6rs f\u00f6r att f\u00e5 de samtycken som kr\u00e4vs enligt lag f\u00f6r att anv\u00e4nda cookies. Den r\u00e4ttsliga grunden f\u00f6r detta \u00e4r artikel 6.6. 1 S. 1 lit. c GDPR.<br \/>\n<span class=\"borlabs-cookie-open-dialog-preferences brlbs-cmpnt-container\" data-borlabs-cookie-title=\"\u00c4ndra inst\u00e4llningar f\u00f6r cookies\" data-borlabs-cookie-type=\"button\" ><\/span><\/p>\n<h6>YouTube<\/h6>\n<p>V\u00e5r webbplats anv\u00e4nder leverant\u00f6ren YouTube LLC , 901 Cherry Avenue, San Bruno, CA 94066, USA, representerad av Google Inc., 1600 Amphitheatre Parkway, Mountain View, CA 94043, USA, f\u00f6r att integrera videor. N\u00e4r du \u00f6ppnar en sida med inb\u00e4ddade videor skickas din IP-adress normalt till YouTube och cookies installeras p\u00e5 din dator.<\/p>\n<p>Vi har dock b\u00e4ddat in v\u00e5ra YouTube-videor med det ut\u00f6kade dataskyddsl\u00e4get (i det h\u00e4r fallet kontaktar YouTube fortfarande Googles Double Klick-tj\u00e4nst, men enligt Googles sekretesspolicy utv\u00e4rderas inte personuppgifter i processen). Detta inneb\u00e4r att YouTube inte l\u00e4ngre lagrar information om bes\u00f6kare om de inte tittar p\u00e5 videon. N\u00e4r du klickar p\u00e5 videon \u00f6verf\u00f6rs din IP-adress till YouTube och YouTube f\u00e5r reda p\u00e5 att du har tittat p\u00e5 videon. Om du \u00e4r inloggad p\u00e5 YouTube kommer den h\u00e4r informationen ocks\u00e5 att tilldelas ditt anv\u00e4ndarkonto (du kan f\u00f6rhindra detta genom att logga ut fr\u00e5n YouTube innan du tittar p\u00e5 videon).<\/p>\n<p>F\u00f6r mer information om syftet och omfattningen av YouTubes insamling och behandling av uppgifter h\u00e4nvisar vi till deras sekretesspolicy. D\u00e4r hittar du ocks\u00e5 mer information om dina r\u00e4ttigheter och inst\u00e4llningsm\u00f6jligheter f\u00f6r att skydda din integritet: <a href=\"https:\/\/www.google.de\/intl\/de\/policies\/privacy\" target=\"_blank\" rel=\"noopener noreferrer\">https:\/\/www.google.de\/intl\/de\/policies\/privacy<\/a>. Google behandlar ocks\u00e5 dina personuppgifter i USA och har anslutit sig till EU-US Privacy Shield, <a href=\"https:\/\/www.privacyshield.gov\/EU-US-Framework\" target=\"_blank\" rel=\"noopener noreferrer\">https:\/\/www.privacyshield.gov\/EU-US-Framework.&#8221;<\/a><\/p>\n<h6>Mottagare av personuppgifterna<\/h6>\n<p>I enlighet med lagen kommer dina personuppgifter att l\u00e4mnas ut till f\u00f6ljande f\u00f6retag inom EU:<br \/>\nAndra BAUHAUS-f\u00f6retag<a href=\"https:\/\/www.bauhaus.info\/gesellschaften\" target=\"_blank\" rel=\"noopener noreferrer\">(https:\/\/www.bauhaus.info\/gesellschaften)<\/a> och deras orderbehandlare, vid behov, f\u00f6r ytterligare samr\u00e5d, f\u00f6r ing\u00e5ende av \u00f6nskade avtal eller f\u00f6r tillhandah\u00e5llande av en annan tj\u00e4nst och BAUHAUS AG:s orderbehandlare f\u00f6r IT-tj\u00e4nster och f\u00f6r administration av webbplatsens backend.<\/p>\n<h6>Lagringens varaktighet<\/h6>\n<p>Vi lagrar dina uppgifter s\u00e5 l\u00e4nge som \u00e4ndam\u00e5let kr\u00e4ver:<\/p>\n<ul>\n<li>Serverloggfiler: 30 dagar<\/li>\n<li>Google Analytics Cookie: 2 \u00e5r<\/li>\n<\/ul>\n<h4>De registrerades r\u00e4ttigheter<\/h4>\n<p>Dina r\u00e4ttigheter som registrerad person garanteras p\u00e5 ett omfattande s\u00e4tt av BAUHAUS-f\u00f6retagen.<\/p>\n<h6>\u00c5terkallande av samtycke<\/h6>\n<p>Om du har gett ditt samtycke till behandlingen av personuppgifter i samband med anv\u00e4ndningen av denna webbplats kan du \u00e5terkalla detta samtycke i enlighet med artikel 7.1 i den h\u00e4r f\u00f6rordningen. 3 DSGVO n\u00e4r som helst. \u00c5terkallelsen kan skickas via e-post till <a href=\"mailto:datenschutz@bauhaus.info\" target=\"_blank\" rel=\"noopener noreferrer\">datenschutz@bauhaus.info<\/a> eller skriftligen till ovanst\u00e5ende adress. Effekterna av \u00e5terkallelsen \u00e4r begr\u00e4nsade till att de ber\u00f6rda personuppgifterna inte l\u00e4ngre kommer att behandlas i framtiden. En s\u00e5dan \u00e5terkallelse p\u00e5verkar d\u00e4rf\u00f6r till\u00e5tligheten av behandlingen av dina personuppgifter efter att du har meddelat oss detta. Observera att det i detta fall kan vara om\u00f6jligt att behandla uppgifterna i framtiden.<\/p>\n<h6>R\u00e4tt att inv\u00e4nda mot behandling enligt artikel 6.6. 1 S. 1 lit. f) DSGVO<\/h6>\n<p>I enlighet med artikel 21.2.1 i den europeiska konventionen om skydd f\u00f6r de m\u00e4nskliga r\u00e4ttigheterna och de grundl\u00e4ggande friheterna (artikel 21.2.2). 1 p. 1 DSGVO r\u00e4tten att n\u00e4r som helst inv\u00e4nda mot behandlingen av dina personuppgifter p\u00e5 grundval av artikel 6.1 DSGVO av sk\u00e4l som beror p\u00e5 din s\u00e4rskilda situation. 1 S. 1 lit. f) DSGVO.<\/p>\n<p>Om du g\u00f6r inv\u00e4ndningar kommer vi inte l\u00e4ngre att behandla dina personuppgifter om vi inte kan p\u00e5visa tvingande legitima sk\u00e4l f\u00f6r behandlingen som v\u00e4ger tyngre \u00e4n dina intressen, r\u00e4ttigheter och friheter, eller om behandlingen tj\u00e4nar till att h\u00e4vda, ut\u00f6va eller f\u00f6rsvara r\u00e4ttsliga anspr\u00e5k.<\/p>\n<h6>Andra r\u00e4ttigheter<\/h6>\n<p>Du har f\u00f6ljande ytterligare r\u00e4ttigheter n\u00e4r det g\u00e4ller dina personuppgifter som behandlas om respektive s\u00e4rskilda villkor \u00e4r uppfyllda gentemot den personuppgiftsansvarige:<\/p>\n<ul>\n<li>Den registrerades r\u00e4tt till tillg\u00e5ng, artikel 15 i GDPR;<\/li>\n<li>R\u00e4tt till r\u00e4ttelse, artikel 16 i GDPR;<\/li>\n<li>R\u00e4tt till radering, artikel 17 i DSGVO;<\/li>\n<li>R\u00e4tt till begr\u00e4nsning av behandling, artikel 18 i GDPR, och<\/li>\n<li>R\u00e4tt till dataportabilitet enligt artikel 20 i DSGVO.<\/li>\n<li>Du har ocks\u00e5 r\u00e4tt att l\u00e4mna in ett klagom\u00e5l till en tillsynsmyndighet om du anser att behandlingen av dina personuppgifter strider mot GDPR.<\/li>\n<\/ul>\n<h6>Uppdatering och \u00e4ndring<\/h6>\n<p>Integritetspolicyn m\u00e5ste anpassas fr\u00e5n tid till annan till de faktiska omst\u00e4ndigheterna och till den r\u00e4ttsliga situationen. Kontrollera dataskyddsdeklarationen innan du anv\u00e4nder v\u00e5rt erbjudande f\u00f6r att vara uppdaterad om eventuella \u00e4ndringar eller uppdateringar.<\/p>\n<p>Stand: 15.08.2019<\/p>\n                    <\/div>\n\n                                <\/div>\n        <\/div>\n    <\/div>\n<\/div>\n<div id=\"bdesign2022_spacer_block_630ccf3392a76\" class=\"bdesign2022_block bdesign2022_block--bdesign2022_spacer\">\n    <div class=\"bdesign2022_block--wrapper\">\n        <div class=\"spacer\" style=\"height: 100px\"><\/div>\n    <\/div>\n<\/div>\n","protected":false},"excerpt":{"rendered":"","protected":false},"author":8,"featured_media":0,"parent":13814,"menu_order":3,"comment_status":"closed","ping_status":"closed","template":"","meta":{"_acf_changed":false,"footnotes":""},"class_list":["post-13833","page","type-page","status-publish","hentry"],"acf":[],"yoast_head":"<!-- This site is optimized with the Yoast SEO plugin v24.2 - https:\/\/yoast.com\/wordpress\/plugins\/seo\/ -->\n<title>Integritet | b!design<\/title>\n<meta name=\"description\" content=\"Dataskydd - nedan informerar vi dig om hur vi samlar in personuppgifter n\u00e4r du anv\u00e4nder v\u00e5r webbplats.\" \/>\n<meta name=\"robots\" content=\"index, follow, max-snippet:-1, max-image-preview:large, max-video-preview:-1\" \/>\n<link rel=\"canonical\" href=\"https:\/\/www.bdesign-floors.com\/sv\/om-oss\/uppgiftsskydd\/\" \/>\n<meta property=\"og:locale\" content=\"sv_SE\" \/>\n<meta property=\"og:type\" content=\"article\" \/>\n<meta property=\"og:title\" content=\"Integritet | b!design\" \/>\n<meta property=\"og:description\" content=\"Dataskydd - nedan informerar vi dig om hur vi samlar in personuppgifter n\u00e4r du anv\u00e4nder v\u00e5r webbplats.\" \/>\n<meta property=\"og:url\" content=\"https:\/\/www.bdesign-floors.com\/sv\/om-oss\/uppgiftsskydd\/\" \/>\n<meta property=\"og:site_name\" content=\"b!design\" \/>\n<meta property=\"article:modified_time\" content=\"2022-10-17T08:49:33+00:00\" \/>\n<meta name=\"twitter:card\" content=\"summary_large_image\" \/>\n<script type=\"application\/ld+json\" class=\"yoast-schema-graph\">{\"@context\":\"https:\/\/schema.org\",\"@graph\":[{\"@type\":\"WebPage\",\"@id\":\"https:\/\/www.bdesign-floors.com\/sv\/om-oss\/uppgiftsskydd\/\",\"url\":\"https:\/\/www.bdesign-floors.com\/sv\/om-oss\/uppgiftsskydd\/\",\"name\":\"Integritet | b!design\",\"isPartOf\":{\"@id\":\"https:\/\/bdesign.wp.factory.blim-dev.com\/#website\"},\"datePublished\":\"2022-09-12T14:45:43+00:00\",\"dateModified\":\"2022-10-17T08:49:33+00:00\",\"description\":\"Dataskydd - nedan informerar vi dig om hur vi samlar in personuppgifter n\u00e4r du anv\u00e4nder v\u00e5r webbplats.\",\"breadcrumb\":{\"@id\":\"https:\/\/www.bdesign-floors.com\/sv\/om-oss\/uppgiftsskydd\/#breadcrumb\"},\"inLanguage\":\"sv-SE\",\"potentialAction\":[{\"@type\":\"ReadAction\",\"target\":[\"https:\/\/www.bdesign-floors.com\/sv\/om-oss\/uppgiftsskydd\/\"]}]},{\"@type\":\"BreadcrumbList\",\"@id\":\"https:\/\/www.bdesign-floors.com\/sv\/om-oss\/uppgiftsskydd\/#breadcrumb\",\"itemListElement\":[{\"@type\":\"ListItem\",\"position\":1,\"name\":\"Home\",\"item\":\"https:\/\/www.bdesign-floors.com\/sv\/\"},{\"@type\":\"ListItem\",\"position\":2,\"name\":\"Om oss\",\"item\":\"https:\/\/bdesign.wp.factory.blim-dev.com\/om-oss\/\"},{\"@type\":\"ListItem\",\"position\":3,\"name\":\"Uppgiftsskydd\"}]},{\"@type\":\"WebSite\",\"@id\":\"https:\/\/bdesign.wp.factory.blim-dev.com\/#website\",\"url\":\"https:\/\/bdesign.wp.factory.blim-dev.com\/\",\"name\":\"b!design\",\"description\":\"Just another WordPress site\",\"potentialAction\":[{\"@type\":\"SearchAction\",\"target\":{\"@type\":\"EntryPoint\",\"urlTemplate\":\"https:\/\/bdesign.wp.factory.blim-dev.com\/?s={search_term_string}\"},\"query-input\":{\"@type\":\"PropertyValueSpecification\",\"valueRequired\":true,\"valueName\":\"search_term_string\"}}],\"inLanguage\":\"sv-SE\"}]}<\/script>\n<!-- \/ Yoast SEO plugin. -->","yoast_head_json":{"title":"Integritet | b!design","description":"Dataskydd - nedan informerar vi dig om hur vi samlar in personuppgifter n\u00e4r du anv\u00e4nder v\u00e5r webbplats.","robots":{"index":"index","follow":"follow","max-snippet":"max-snippet:-1","max-image-preview":"max-image-preview:large","max-video-preview":"max-video-preview:-1"},"canonical":"https:\/\/www.bdesign-floors.com\/sv\/om-oss\/uppgiftsskydd\/","og_locale":"sv_SE","og_type":"article","og_title":"Integritet | b!design","og_description":"Dataskydd - nedan informerar vi dig om hur vi samlar in personuppgifter n\u00e4r du anv\u00e4nder v\u00e5r webbplats.","og_url":"https:\/\/www.bdesign-floors.com\/sv\/om-oss\/uppgiftsskydd\/","og_site_name":"b!design","article_modified_time":"2022-10-17T08:49:33+00:00","twitter_card":"summary_large_image","schema":{"@context":"https:\/\/schema.org","@graph":[{"@type":"WebPage","@id":"https:\/\/www.bdesign-floors.com\/sv\/om-oss\/uppgiftsskydd\/","url":"https:\/\/www.bdesign-floors.com\/sv\/om-oss\/uppgiftsskydd\/","name":"Integritet | b!design","isPartOf":{"@id":"https:\/\/bdesign.wp.factory.blim-dev.com\/#website"},"datePublished":"2022-09-12T14:45:43+00:00","dateModified":"2022-10-17T08:49:33+00:00","description":"Dataskydd - nedan informerar vi dig om hur vi samlar in personuppgifter n\u00e4r du anv\u00e4nder v\u00e5r webbplats.","breadcrumb":{"@id":"https:\/\/www.bdesign-floors.com\/sv\/om-oss\/uppgiftsskydd\/#breadcrumb"},"inLanguage":"sv-SE","potentialAction":[{"@type":"ReadAction","target":["https:\/\/www.bdesign-floors.com\/sv\/om-oss\/uppgiftsskydd\/"]}]},{"@type":"BreadcrumbList","@id":"https:\/\/www.bdesign-floors.com\/sv\/om-oss\/uppgiftsskydd\/#breadcrumb","itemListElement":[{"@type":"ListItem","position":1,"name":"Home","item":"https:\/\/www.bdesign-floors.com\/sv\/"},{"@type":"ListItem","position":2,"name":"Om oss","item":"https:\/\/bdesign.wp.factory.blim-dev.com\/om-oss\/"},{"@type":"ListItem","position":3,"name":"Uppgiftsskydd"}]},{"@type":"WebSite","@id":"https:\/\/bdesign.wp.factory.blim-dev.com\/#website","url":"https:\/\/bdesign.wp.factory.blim-dev.com\/","name":"b!design","description":"Just another WordPress site","potentialAction":[{"@type":"SearchAction","target":{"@type":"EntryPoint","urlTemplate":"https:\/\/bdesign.wp.factory.blim-dev.com\/?s={search_term_string}"},"query-input":{"@type":"PropertyValueSpecification","valueRequired":true,"valueName":"search_term_string"}}],"inLanguage":"sv-SE"}]}},"_links":{"self":[{"href":"https:\/\/www.bdesign-floors.com\/sv\/wp-json\/wp\/v2\/pages\/13833","targetHints":{"allow":["GET"]}}],"collection":[{"href":"https:\/\/www.bdesign-floors.com\/sv\/wp-json\/wp\/v2\/pages"}],"about":[{"href":"https:\/\/www.bdesign-floors.com\/sv\/wp-json\/wp\/v2\/types\/page"}],"author":[{"embeddable":true,"href":"https:\/\/www.bdesign-floors.com\/sv\/wp-json\/wp\/v2\/users\/8"}],"replies":[{"embeddable":true,"href":"https:\/\/www.bdesign-floors.com\/sv\/wp-json\/wp\/v2\/comments?post=13833"}],"version-history":[{"count":1,"href":"https:\/\/www.bdesign-floors.com\/sv\/wp-json\/wp\/v2\/pages\/13833\/revisions"}],"predecessor-version":[{"id":13835,"href":"https:\/\/www.bdesign-floors.com\/sv\/wp-json\/wp\/v2\/pages\/13833\/revisions\/13835"}],"up":[{"embeddable":true,"href":"https:\/\/www.bdesign-floors.com\/sv\/wp-json\/wp\/v2\/pages\/13814"}],"wp:attachment":[{"href":"https:\/\/www.bdesign-floors.com\/sv\/wp-json\/wp\/v2\/media?parent=13833"}],"curies":[{"name":"wp","href":"https:\/\/api.w.org\/{rel}","templated":true}]}}