{"id":13685,"date":"2022-09-12T16:37:10","date_gmt":"2022-09-12T14:37:10","guid":{"rendered":"https:\/\/www.bdesign-floors.com\/aksesuarlar-bakim\/"},"modified":"2022-09-13T16:57:47","modified_gmt":"2022-09-13T14:57:47","slug":"aksesuarlar-bakim","status":"publish","type":"page","link":"https:\/\/www.bdesign-floors.com\/tr\/aksesuarlar-bakim\/","title":{"rendered":"Aksesuarlar &amp; Bak\u0131m"},"content":{"rendered":"<div id=\"bdesign2022_pageheader_block_62dfd623856fa\" class=\"bdesign2022_block bdesign2022_block--bdesign2022_pageheader\">\n    <div class=\"bdesign2022_block--wrapper\">\n                                    <div class=\"bdesign2022_ph-wrap is-single\">\n                    <div class=\"bdesign2022_ph-slide slidestyle-is-black orig-is-siyah active\">\n                        <div class=\"slide-image\">\n                            <img decoding=\"async\" class=\"img-fluid logo\" src=\"https:\/\/www.bdesign-floors.com\/wp-content\/uploads\/2022\/09\/zubehoer-pflege-boden-b-design.jpg\" srcset=\"https:\/\/www.bdesign-floors.com\/wp-content\/uploads\/2022\/09\/zubehoer-pflege-boden-b-design.jpg 1110w, https:\/\/www.bdesign-floors.com\/wp-content\/uploads\/2022\/09\/zubehoer-pflege-boden-b-design-768x521.jpg 768w, https:\/\/www.bdesign-floors.com\/wp-content\/uploads\/2022\/09\/zubehoer-pflege-boden-b-design-442x300.jpg 442w\">                        <\/div>\n                        <div class=\"slide-area\">\n                            <div class=\"slide-area-wrapper\">\n                                <h1>Hayalinizdeki zemin i\u00e7in koruma ve bak\u0131m<\/h1>\n                                <h6>Burada, zeminlerinizi etkili bir \u015fekilde temizleyebilece\u011finiz ve koruyabilece\u011finiz y\u00fcksek kaliteli aksesuarlar ve do\u011fru bak\u0131m\u0131 bulacaks\u0131n\u0131z.<\/h6>\n                                                                                            <\/div>\n                            <div class=\"slide-image-mobile d-md-none\">\n                                <img decoding=\"async\" class=\"img-fluid logo\" src=\"https:\/\/www.bdesign-floors.com\/wp-content\/uploads\/2022\/09\/zubehoer-pflege-boden-b-design.jpg\" srcset=\"https:\/\/www.bdesign-floors.com\/wp-content\/uploads\/2022\/09\/zubehoer-pflege-boden-b-design.jpg 1110w, https:\/\/www.bdesign-floors.com\/wp-content\/uploads\/2022\/09\/zubehoer-pflege-boden-b-design-768x521.jpg 768w, https:\/\/www.bdesign-floors.com\/wp-content\/uploads\/2022\/09\/zubehoer-pflege-boden-b-design-442x300.jpg 442w\">                            <\/div>\n                        <\/div>\n                    <\/div>\n                <\/div>\n                        <\/div>\n<\/div>\n\n\n<div id=\"bdesign2022_headline_block_62ea833e526c0\" class=\"bdesign2022_block bdesign2022_block--bdesign2022_headline\">\n    <div class=\"bdesign2022_block--wrapper\">\n        <div class=\"container my-4\">\n            \n                                    <h5 class=\"h5 metin-ba\u015flang\u0131\u00e7 mt-5 mb-3\">Aksesuarlar &amp; Bak\u0131m<\/h5>\n                                                    <h2 class=\"h2 metin-ba\u015flang\u0131\u00e7 mt-2 mb-4\">Kurulum i\u00e7in bak\u0131m ve aksesuarlar<\/h2>\n                                \n                        <\/div>\n    <\/div>\n<\/div>\n\n\n<div id=\"bdesign2022_2columntext_block_62ea8358526c1\" class=\"bdesign2022_block bdesign2022_block--bdesign2022_2columntext\">\n    <div class=\"bdesign2022_block--wrapper\">\n        <div class=\"container my-4\">\n            <div class=\"row align-items-start\">\n                <div class=\"col-12 col-xxl-4 offset-0 offset-xxl-2 my-3\">\n                    <p>\u0130ster altl\u0131k paspas\u0131, ister s\u00fcp\u00fcrgelik veya temizleyici olsun &#8211; burada tasar\u0131m zemininiz i\u00e7in neyin iyi oldu\u011funu bulacaks\u0131n\u0131z. Bu \u015fekilde yaln\u0131zca daha \u00e7ekici bir g\u00f6r\u00fcn\u00fcm elde etmekle kalmaz, ayn\u0131 zamanda zemininizin de\u011ferini de uzun vadede koruyabilirsiniz. Bireysel ihtiya\u00e7lar\u0131n\u0131za ba\u011fl\u0131 olarak, y\u00fcksek kaliteli \u00fcr\u00fcnler aras\u0131ndan se\u00e7im yapabilirsiniz<\/p>\n                <\/div>\n                <div class=\"c0l-12 col-xxl-4 xxl-3 my-3\">\n                    <p>altl\u0131klar ve \u00f6zel temizleyiciler. Temel bak\u0131m i\u00e7in temel temizleyici, zemininizin do\u011fal korunmas\u0131 i\u00e7in paspas bak\u0131m\u0131 ve zeminlerinizi korumak i\u00e7in tazeleyici \u00fcr\u00fcnlerimizden birini se\u00e7ebilirsiniz. b!design&#8217;\u0131n aksesuar ve bak\u0131m \u00fcr\u00fcnlerini \u015fimdi ke\u015ffedin.<\/p>\n                <\/div>\n            <\/div>\n        <\/div>\n    <\/div>\n<\/div>\n\n\n<div id=\"bdesign2022_imagetext_block_62e799efe8da2\" class=\"bdesign2022_block bdesign2022_block--bdesign2022_imagetext\">\n    <div class=\"bdesign2022_block--wrapper\">\n        <div class=\"container\">\n            <div class=\"row align-items-center align-items-xxl-start align-items-xxxl-center\">\n                <div class=\"d-block d-md-block col-md-7 col-xl-4 col-xxl-5 col-xxxl-7 col-type-is-image col-count-is-1\"><img decoding=\"async\" class=\"img-fluid col-img\" src=\"https:\/\/www.bdesign-floors.com\/wp-content\/uploads\/2022\/09\/unterlagsmatte-zubehoer-pflege-boden-b-design.jpg\" srcset=\"https:\/\/www.bdesign-floors.com\/wp-content\/uploads\/2022\/09\/unterlagsmatte-zubehoer-pflege-boden-b-design.jpg 1110w, https:\/\/www.bdesign-floors.com\/wp-content\/uploads\/2022\/09\/unterlagsmatte-zubehoer-pflege-boden-b-design-768x510.jpg 768w, https:\/\/www.bdesign-floors.com\/wp-content\/uploads\/2022\/09\/unterlagsmatte-zubehoer-pflege-boden-b-design-452x300.jpg 452w\"><\/div><div class=\"col-12 col-xl-7 col-xxl-6 col-xxxl-4 col-type-is-imagetext col-count-is-2\"><h3>Neden b!design altl\u0131k paspas\u0131?<\/h3><p>B!design altl\u0131k paspas\u0131 m\u00fckemmel uzun vadeli stabiliteye ve y\u00fcksek bas\u0131n\u00e7 dayan\u0131m\u0131na sahiptir. Bu, klik ba\u011flant\u0131s\u0131n\u0131 y\u00fcksek y\u00fckler alt\u0131nda hasara veya mafsal olu\u015fumuna kar\u015f\u0131 korur. Y\u00fczen d\u00f6\u015feme tahtalar\u0131 m\u0131? \u0130\u015fe de yar\u0131yor! Altl\u0131k paspas\u0131, s\u0131cakl\u0131k de\u011fi\u015fimlerini engellemeden telafi eder. Sesi azalt\u0131r, b\u00f6ylece alt\u0131n\u0131zdaki kom\u015fular i\u00e7in g\u00fcr\u00fclt\u00fc azal\u0131r ve odalar\u0131n\u0131zda y\u00fcr\u00fcme g\u00fcr\u00fclt\u00fcs\u00fc azal\u0131r.<\/p>\n<p>Kimse so\u011fuk bir zemin istemez. Bu nedenle paspas, \u0131s\u0131 enerjisinin zeminden ak\u0131p gitmesini de engeller. Ve altl\u0131k mat\u0131m\u0131z sayesinde k\u00fcflenme konusunda da endi\u015felenmenize gerek yok, \u00e7\u00fcnk\u00fc havan\u0131n do\u011frudan nem bariyerinin \u00fczerinde dola\u015fmas\u0131na izin veriyor.<\/p>\n<\/div>            <\/div>\n        <\/div>\n    <\/div>\n<\/div>\n\n\n<div id=\"bdesign2022_imagetext_block_62e79a3be8da5\" class=\"bdesign2022_block bdesign2022_block--bdesign2022_imagetext\">\n    <div class=\"bdesign2022_block--wrapper\">\n        <div class=\"container\">\n            <div class=\"row align-items-center align-items-xxl-start align-items-xxxl-center\">\n                <div class=\"col-12 col-xl-7 col-xxl-6 col-xxxl-4 col-type-is-imagetext col-count-is-1\"><h3>Klik ba\u011flant\u0131l\u0131 vinil zeminler i\u00e7in darbe blo\u011fu<\/h3><p>Bu k\u0131lavuz blo\u011fu, Clic ba\u011flant\u0131l\u0131 b!design tasar\u0131m zemin kaplamalar\u0131 i\u00e7in \u00f6zel olarak geli\u015ftirilmi\u015ftir. \u00dcniversal olarak kullan\u0131labilir, montaj s\u0131ras\u0131nda kenar\u0131 korur ve m\u00fckemmel bir montaj\u0131 destekler. Beyaz plastikten yap\u0131lm\u0131\u015f blo\u011fun kullan\u0131m\u0131 kolayd\u0131r ve kusursuz ve uzun \u00f6m\u00fcrl\u00fc bir kurulum elde etmenize yard\u0131mc\u0131 olur.<\/p>\n<\/div><div class=\"d-block d-md-block col-md-7 col-xl-4 col-xxl-5 col-xxxl-7 col-type-is-image col-count-is-2\"><img decoding=\"async\" class=\"img-fluid col-img\" src=\"https:\/\/www.bdesign-floors.com\/wp-content\/uploads\/2022\/09\/schlagklotz-zubehoer-pflege-boden-b-design.jpg\" srcset=\"https:\/\/www.bdesign-floors.com\/wp-content\/uploads\/2022\/09\/schlagklotz-zubehoer-pflege-boden-b-design.jpg 1110w, https:\/\/www.bdesign-floors.com\/wp-content\/uploads\/2022\/09\/schlagklotz-zubehoer-pflege-boden-b-design-768x510.jpg 768w, https:\/\/www.bdesign-floors.com\/wp-content\/uploads\/2022\/09\/schlagklotz-zubehoer-pflege-boden-b-design-452x300.jpg 452w\"><\/div>            <\/div>\n        <\/div>\n    <\/div>\n<\/div>\n\n\n<div id=\"bdesign2022_imagetext_block_63186497b5d1a\" class=\"bdesign2022_block bdesign2022_block--bdesign2022_imagetext\">\n    <div class=\"bdesign2022_block--wrapper\">\n        <div class=\"container\">\n            <div class=\"row align-items-center align-items-xxl-start align-items-xxxl-center\">\n                <div class=\"d-block d-md-block col-md-7 col-xl-4 col-xxl-5 col-xxxl-7 col-type-is-image col-count-is-1\"><img decoding=\"async\" class=\"img-fluid col-img\" src=\"https:\/\/www.bdesign-floors.com\/wp-content\/uploads\/2022\/09\/scratchfix-zubehoer-pflege-boden-b-design.jpg\" srcset=\"https:\/\/www.bdesign-floors.com\/wp-content\/uploads\/2022\/09\/scratchfix-zubehoer-pflege-boden-b-design.jpg 1110w, https:\/\/www.bdesign-floors.com\/wp-content\/uploads\/2022\/09\/scratchfix-zubehoer-pflege-boden-b-design-768x510.jpg 768w, https:\/\/www.bdesign-floors.com\/wp-content\/uploads\/2022\/09\/scratchfix-zubehoer-pflege-boden-b-design-452x300.jpg 452w\"><\/div><div class=\"col-12 col-xl-7 col-xxl-6 col-xxxl-4 col-type-is-imagetext col-count-is-2\"><h3>Dr.Schutz Onar\u0131m Seti: ScratchFix<\/h3><p>Zemininizde birka\u00e7 kullan\u0131m izi var m\u0131? Sorun de\u011fil: Dr. Schutz&#8217;un Scratchfix-Floor-Repair-Set&#8217;i, tasar\u0131m zeminlerdeki ve di\u011fer esnek zemin kaplamalar\u0131ndaki \u00e7iziklerin ve beyaz \u00e7atlaklar\u0131n k\u0131smen onar\u0131lmas\u0131 i\u00e7in ideal \u00e7\u00f6z\u00fcmd\u00fcr. Daha ince y\u00fczey \u00e7iziklerini onarmak i\u00e7in PU Onar\u0131m Spreyi ve daha derin \u00e7izikleri onarmak i\u00e7in PU Onar\u0131m Kalemi i\u00e7erir. Ayr\u0131ca i\u015fleme talimatlar\u0131yla birlikte eksiksiz bir aksesuar paketi i\u00e7erir. Hepsi modern tasar\u0131m zeminlerle optimum parlakl\u0131k seviyesinde uyumludur.<\/p>\n<\/div>            <\/div>\n        <\/div>\n    <\/div>\n<\/div>\n\n\n<div id=\"bdesign2022_imagetext_block_631985a118e97\" class=\"bdesign2022_block bdesign2022_block--bdesign2022_imagetext\">\n    <div class=\"bdesign2022_block--wrapper\">\n        <div class=\"container\">\n            <div class=\"row align-items-center align-items-xxl-start align-items-xxxl-center\">\n                <div class=\"col-12 col-xl-7 col-xxl-6 col-xxxl-4 col-type-is-imagetext col-count-is-1\"><h3>Bak\u0131m: Temel temizleyiciden tazeleyiciye<\/h3><p>\u00dc\u00e7 bak\u0131m \u00fcr\u00fcn\u00fcm\u00fczle, zemininiz k\u0131sa s\u00fcrede yeniden taze ve parlak g\u00f6r\u00fcnecektir: Tazeleyici, paspas bak\u0131m\u0131 ve temel temizleyicimizi ke\u015ffedin.<\/p>\n<\/div><div class=\"d-block d-md-block col-md-7 col-xl-4 col-xxl-5 col-xxxl-7 col-type-is-image col-count-is-2\"><img decoding=\"async\" class=\"img-fluid col-img\" src=\"https:\/\/www.bdesign-floors.com\/wp-content\/uploads\/2022\/09\/pflegemittel-zubehoer-pflege-boden-b-design.jpg\" srcset=\"https:\/\/www.bdesign-floors.com\/wp-content\/uploads\/2022\/09\/pflegemittel-zubehoer-pflege-boden-b-design.jpg 1110w, https:\/\/www.bdesign-floors.com\/wp-content\/uploads\/2022\/09\/pflegemittel-zubehoer-pflege-boden-b-design-768x510.jpg 768w, https:\/\/www.bdesign-floors.com\/wp-content\/uploads\/2022\/09\/pflegemittel-zubehoer-pflege-boden-b-design-452x300.jpg 452w\"><\/div>            <\/div>\n        <\/div>\n    <\/div>\n<\/div>\n","protected":false},"excerpt":{"rendered":"","protected":false},"author":8,"featured_media":0,"parent":0,"menu_order":3,"comment_status":"closed","ping_status":"closed","template":"","meta":{"_acf_changed":false,"footnotes":""},"class_list":["post-13685","page","type-page","status-publish","hentry"],"acf":[],"yoast_head":"<!-- This site is optimized with the Yoast SEO plugin v24.2 - https:\/\/yoast.com\/wordpress\/plugins\/seo\/ -->\n<title>Aksesuarlar ve bak\u0131m | b!design<\/title>\n<meta name=\"description\" content=\"Yeni zemininiz i\u00e7in do\u011fru temizlik ve bak\u0131m \u00fcr\u00fcnlerini de b!design&#039;da bulabilirsiniz. Y\u00fcksek kaliteli aksesuar se\u00e7eneklerimizi \u015fimdi ke\u015ffedin!\" \/>\n<meta name=\"robots\" content=\"index, follow, max-snippet:-1, max-image-preview:large, max-video-preview:-1\" \/>\n<link rel=\"canonical\" href=\"https:\/\/www.bdesign-floors.com\/tr\/aksesuarlar-bakim\/\" \/>\n<meta property=\"og:locale\" content=\"tr_TR\" \/>\n<meta property=\"og:type\" content=\"article\" \/>\n<meta property=\"og:title\" content=\"Aksesuarlar ve bak\u0131m | b!design\" \/>\n<meta property=\"og:description\" content=\"Yeni zemininiz i\u00e7in do\u011fru temizlik ve bak\u0131m \u00fcr\u00fcnlerini de b!design&#039;da bulabilirsiniz. Y\u00fcksek kaliteli aksesuar se\u00e7eneklerimizi \u015fimdi ke\u015ffedin!\" \/>\n<meta property=\"og:url\" content=\"https:\/\/www.bdesign-floors.com\/tr\/aksesuarlar-bakim\/\" \/>\n<meta property=\"og:site_name\" content=\"b!design\" \/>\n<meta property=\"article:modified_time\" content=\"2022-09-13T14:57:47+00:00\" \/>\n<meta name=\"twitter:card\" content=\"summary_large_image\" \/>\n<script type=\"application\/ld+json\" class=\"yoast-schema-graph\">{\"@context\":\"https:\/\/schema.org\",\"@graph\":[{\"@type\":\"WebPage\",\"@id\":\"https:\/\/www.bdesign-floors.com\/tr\/aksesuarlar-bakim\/\",\"url\":\"https:\/\/www.bdesign-floors.com\/tr\/aksesuarlar-bakim\/\",\"name\":\"Aksesuarlar ve bak\u0131m | b!design\",\"isPartOf\":{\"@id\":\"https:\/\/bdesign.wp.factory.blim-dev.com\/#website\"},\"datePublished\":\"2022-09-12T14:37:10+00:00\",\"dateModified\":\"2022-09-13T14:57:47+00:00\",\"description\":\"Yeni zemininiz i\u00e7in do\u011fru temizlik ve bak\u0131m \u00fcr\u00fcnlerini de b!design'da bulabilirsiniz. Y\u00fcksek kaliteli aksesuar se\u00e7eneklerimizi \u015fimdi ke\u015ffedin!\",\"breadcrumb\":{\"@id\":\"https:\/\/www.bdesign-floors.com\/tr\/aksesuarlar-bakim\/#breadcrumb\"},\"inLanguage\":\"tr\",\"potentialAction\":[{\"@type\":\"ReadAction\",\"target\":[\"https:\/\/www.bdesign-floors.com\/tr\/aksesuarlar-bakim\/\"]}]},{\"@type\":\"BreadcrumbList\",\"@id\":\"https:\/\/www.bdesign-floors.com\/tr\/aksesuarlar-bakim\/#breadcrumb\",\"itemListElement\":[{\"@type\":\"ListItem\",\"position\":1,\"name\":\"Home\",\"item\":\"https:\/\/www.bdesign-floors.com\/tr\/\"},{\"@type\":\"ListItem\",\"position\":2,\"name\":\"Aksesuarlar &amp; Bak\u0131m\"}]},{\"@type\":\"WebSite\",\"@id\":\"https:\/\/bdesign.wp.factory.blim-dev.com\/#website\",\"url\":\"https:\/\/bdesign.wp.factory.blim-dev.com\/\",\"name\":\"b!design\",\"description\":\"Just another WordPress site\",\"potentialAction\":[{\"@type\":\"SearchAction\",\"target\":{\"@type\":\"EntryPoint\",\"urlTemplate\":\"https:\/\/bdesign.wp.factory.blim-dev.com\/?s={search_term_string}\"},\"query-input\":{\"@type\":\"PropertyValueSpecification\",\"valueRequired\":true,\"valueName\":\"search_term_string\"}}],\"inLanguage\":\"tr\"}]}<\/script>\n<!-- \/ Yoast SEO plugin. -->","yoast_head_json":{"title":"Aksesuarlar ve bak\u0131m | b!design","description":"Yeni zemininiz i\u00e7in do\u011fru temizlik ve bak\u0131m \u00fcr\u00fcnlerini de b!design'da bulabilirsiniz. Y\u00fcksek kaliteli aksesuar se\u00e7eneklerimizi \u015fimdi ke\u015ffedin!","robots":{"index":"index","follow":"follow","max-snippet":"max-snippet:-1","max-image-preview":"max-image-preview:large","max-video-preview":"max-video-preview:-1"},"canonical":"https:\/\/www.bdesign-floors.com\/tr\/aksesuarlar-bakim\/","og_locale":"tr_TR","og_type":"article","og_title":"Aksesuarlar ve bak\u0131m | b!design","og_description":"Yeni zemininiz i\u00e7in do\u011fru temizlik ve bak\u0131m \u00fcr\u00fcnlerini de b!design'da bulabilirsiniz. Y\u00fcksek kaliteli aksesuar se\u00e7eneklerimizi \u015fimdi ke\u015ffedin!","og_url":"https:\/\/www.bdesign-floors.com\/tr\/aksesuarlar-bakim\/","og_site_name":"b!design","article_modified_time":"2022-09-13T14:57:47+00:00","twitter_card":"summary_large_image","schema":{"@context":"https:\/\/schema.org","@graph":[{"@type":"WebPage","@id":"https:\/\/www.bdesign-floors.com\/tr\/aksesuarlar-bakim\/","url":"https:\/\/www.bdesign-floors.com\/tr\/aksesuarlar-bakim\/","name":"Aksesuarlar ve bak\u0131m | b!design","isPartOf":{"@id":"https:\/\/bdesign.wp.factory.blim-dev.com\/#website"},"datePublished":"2022-09-12T14:37:10+00:00","dateModified":"2022-09-13T14:57:47+00:00","description":"Yeni zemininiz i\u00e7in do\u011fru temizlik ve bak\u0131m \u00fcr\u00fcnlerini de b!design'da bulabilirsiniz. Y\u00fcksek kaliteli aksesuar se\u00e7eneklerimizi \u015fimdi ke\u015ffedin!","breadcrumb":{"@id":"https:\/\/www.bdesign-floors.com\/tr\/aksesuarlar-bakim\/#breadcrumb"},"inLanguage":"tr","potentialAction":[{"@type":"ReadAction","target":["https:\/\/www.bdesign-floors.com\/tr\/aksesuarlar-bakim\/"]}]},{"@type":"BreadcrumbList","@id":"https:\/\/www.bdesign-floors.com\/tr\/aksesuarlar-bakim\/#breadcrumb","itemListElement":[{"@type":"ListItem","position":1,"name":"Home","item":"https:\/\/www.bdesign-floors.com\/tr\/"},{"@type":"ListItem","position":2,"name":"Aksesuarlar &amp; Bak\u0131m"}]},{"@type":"WebSite","@id":"https:\/\/bdesign.wp.factory.blim-dev.com\/#website","url":"https:\/\/bdesign.wp.factory.blim-dev.com\/","name":"b!design","description":"Just another WordPress site","potentialAction":[{"@type":"SearchAction","target":{"@type":"EntryPoint","urlTemplate":"https:\/\/bdesign.wp.factory.blim-dev.com\/?s={search_term_string}"},"query-input":{"@type":"PropertyValueSpecification","valueRequired":true,"valueName":"search_term_string"}}],"inLanguage":"tr"}]}},"_links":{"self":[{"href":"https:\/\/www.bdesign-floors.com\/tr\/wp-json\/wp\/v2\/pages\/13685","targetHints":{"allow":["GET"]}}],"collection":[{"href":"https:\/\/www.bdesign-floors.com\/tr\/wp-json\/wp\/v2\/pages"}],"about":[{"href":"https:\/\/www.bdesign-floors.com\/tr\/wp-json\/wp\/v2\/types\/page"}],"author":[{"embeddable":true,"href":"https:\/\/www.bdesign-floors.com\/tr\/wp-json\/wp\/v2\/users\/8"}],"replies":[{"embeddable":true,"href":"https:\/\/www.bdesign-floors.com\/tr\/wp-json\/wp\/v2\/comments?post=13685"}],"version-history":[{"count":3,"href":"https:\/\/www.bdesign-floors.com\/tr\/wp-json\/wp\/v2\/pages\/13685\/revisions"}],"predecessor-version":[{"id":15639,"href":"https:\/\/www.bdesign-floors.com\/tr\/wp-json\/wp\/v2\/pages\/13685\/revisions\/15639"}],"wp:attachment":[{"href":"https:\/\/www.bdesign-floors.com\/tr\/wp-json\/wp\/v2\/media?parent=13685"}],"curies":[{"name":"wp","href":"https:\/\/api.w.org\/{rel}","templated":true}]}}