{"id":13708,"date":"2022-09-12T16:40:05","date_gmt":"2022-09-12T14:40:05","guid":{"rendered":"https:\/\/www.bdesign-floors.com\/bilinmesi-gerekenler\/"},"modified":"2022-09-21T13:18:59","modified_gmt":"2022-09-21T11:18:59","slug":"bilinmesi-gerekenler","status":"publish","type":"page","link":"https:\/\/www.bdesign-floors.com\/tr\/bilinmesi-gerekenler\/","title":{"rendered":"Bilinmesi gerekenler"},"content":{"rendered":"<div id=\"bdesign2022_pageheader_block_62dfd623856fa\" class=\"bdesign2022_block bdesign2022_block--bdesign2022_pageheader\">\n    <div class=\"bdesign2022_block--wrapper\">\n                                    <div class=\"bdesign2022_ph-wrap is-single\">\n                    <div class=\"bdesign2022_ph-slide slidestyle-is-black orig-is-siyah active\">\n                        <div class=\"slide-image\">\n                            <img decoding=\"async\" class=\"img-fluid logo\" src=\"https:\/\/www.bdesign-floors.com\/wp-content\/uploads\/2022\/08\/wissenswertes-boden-b-design.jpg\" srcset=\"https:\/\/www.bdesign-floors.com\/wp-content\/uploads\/2022\/08\/wissenswertes-boden-b-design.jpg 1110w, https:\/\/www.bdesign-floors.com\/wp-content\/uploads\/2022\/08\/wissenswertes-boden-b-design-768x521.jpg 768w, https:\/\/www.bdesign-floors.com\/wp-content\/uploads\/2022\/08\/wissenswertes-boden-b-design-442x300.jpg 442w\">                        <\/div>\n                        <div class=\"slide-area\">\n                            <div class=\"slide-area-wrapper\">\n                                <h1>B!design zeminleri hakk\u0131nda ilgin\u00e7 ger\u00e7ekler<\/h1>\n                                <h6>Daha sa\u011fl\u0131kl\u0131 ya\u015fay\u0131n &#8211; b!design&#8217;\u0131n tasar\u0131m vinil zeminleri ile<\/h6>\n                                                                                            <\/div>\n                            <div class=\"slide-image-mobile d-md-none\">\n                                <img decoding=\"async\" class=\"img-fluid logo\" src=\"https:\/\/www.bdesign-floors.com\/wp-content\/uploads\/2022\/08\/wissenswertes-boden-b-design.jpg\" srcset=\"https:\/\/www.bdesign-floors.com\/wp-content\/uploads\/2022\/08\/wissenswertes-boden-b-design.jpg 1110w, https:\/\/www.bdesign-floors.com\/wp-content\/uploads\/2022\/08\/wissenswertes-boden-b-design-768x521.jpg 768w, https:\/\/www.bdesign-floors.com\/wp-content\/uploads\/2022\/08\/wissenswertes-boden-b-design-442x300.jpg 442w\">                            <\/div>\n                        <\/div>\n                    <\/div>\n                <\/div>\n                        <\/div>\n<\/div>\n<div id=\"bdesign2022_headline_block_62e922710cc19\" class=\"bdesign2022_block bdesign2022_block--bdesign2022_headline\">\n    <div class=\"bdesign2022_block--wrapper\">\n        <div class=\"container my-4\">\n            \n                                    <h5 class=\"h5 metin-ba\u015flang\u0131\u00e7 mt-5 mb-3\">Bilinmesi gerekenler<\/h5>\n                                                    <h2 class=\"h2 metin-ba\u015flang\u0131\u00e7 mt-2 mb-4\">B!design zeminler kayg\u0131s\u0131z bir ya\u015fam i\u00e7in temel olu\u015fturuyor<\/h2>\n                                \n                        <\/div>\n    <\/div>\n<\/div>\n<div id=\"bdesign2022_2columntext_block_62e923a916b97\" class=\"bdesign2022_block bdesign2022_block--bdesign2022_2columntext\">\n    <div class=\"bdesign2022_block--wrapper\">\n        <div class=\"container my-4\">\n            <div class=\"row align-items-start\">\n                <div class=\"col-12 col-xxl-4 offset-0 offset-xxl-2 my-3\">\n                    <p>Her g\u00fcn yeni bir zemin sat\u0131n almazs\u0131n\u0131z, bu \u00f6m\u00fcr boyu s\u00fcrecek bir al\u0131md\u0131r. Bu nedenle do\u011fru olan\u0131 se\u00e7menin ne kadar zor oldu\u011funu \u00e7ok iyi anl\u0131yoruz. Ama hangisinin sizin i\u00e7in do\u011fru oldu\u011funu nas\u0131l bileceksiniz? Zeminin kalitesine, i\u015f\u00e7ili\u011fine ve montaj\u0131na b\u00fcy\u00fck \u00f6nem veriyorsan\u0131z, sat\u0131n al\u0131rken nelere dikkat etmeniz gerekti\u011fi konusunda size yard\u0131mc\u0131 olacak ve baz\u0131 yararl\u0131 bilgiler verece\u011fiz. B!design&#8217;dan bir zemin se\u00e7menizi tavsiye ederiz,<\/p>\n                <\/div>\n                <div class=\"c0l-12 col-xxl-4 xxl-3 my-3\">\n                    <p>y\u00fcksek oranda do\u011fal malzemelerden yap\u0131lm\u0131\u015ft\u0131r. Y\u00fcksek kaliteli vinil zeminler PVC, PCB, dioksin veya yay\u0131labilen di\u011fer kimyasal ba\u011flay\u0131c\u0131lar\u0131 i\u00e7ermez. Bu sizin i\u00e7in \u015fu anlama geliyor: g\u00fcnl\u00fck ya\u015famda kirleticilere maruz kalmamak. Zeminlerimizi zemin yapan temel budur: alerji dostu ve hijyenik do\u011fal zeminler.<\/p>\n                <\/div>\n            <\/div>\n        <\/div>\n    <\/div>\n<\/div>\n<div id=\"bdesign2022_imagetext_block_62f63b3a5464c\" class=\"bdesign2022_block bdesign2022_block--bdesign2022_imagetext\">\n    <div class=\"bdesign2022_block--wrapper\">\n        <div class=\"container\">\n            <div class=\"row align-items-center align-items-xxl-start align-items-xxxl-center\">\n                <div class=\"col-12 col-xl-7 col-xxl-6 col-xxxl-4 col-type-is-imagetext col-count-is-1\"><h3>S\u0131k\u00e7a sorulan sorular<\/h3><p>\u00dcr\u00fcnlerimiz hakk\u0131nda sorular\u0131n\u0131z m\u0131 var? Burada b!design tasar\u0131m vinil zeminler hakk\u0131nda s\u0131k\u00e7a sorulan sorular\u0131n yan\u0131tlar\u0131n\u0131 bulacaks\u0131n\u0131z. \u015eimdi \u00f6\u011frenin!<\/p>\n<a class=\"btn btn-bdesign2022 btn-pagelink\" href=\"https:\/\/www.bdesign-floors.com\/wissenswertes\/haeufig-gestellte-fragen\/\">S\u0131k\u00e7a sorulan sorular<\/a><\/div><div class=\"d-block d-md-block col-md-7 col-xl-4 col-xxl-5 col-xxxl-7 col-type-is-image col-count-is-2\"><img decoding=\"async\" class=\"img-fluid col-img\" src=\"https:\/\/www.bdesign-floors.com\/wp-content\/uploads\/2022\/08\/faq-boden-b-design.jpg\" srcset=\"https:\/\/www.bdesign-floors.com\/wp-content\/uploads\/2022\/08\/faq-boden-b-design.jpg 1110w, https:\/\/www.bdesign-floors.com\/wp-content\/uploads\/2022\/08\/faq-boden-b-design-768x510.jpg 768w, https:\/\/www.bdesign-floors.com\/wp-content\/uploads\/2022\/08\/faq-boden-b-design-452x300.jpg 452w\"><\/div>            <\/div>\n        <\/div>\n    <\/div>\n<\/div>\n<div id=\"bdesign2022_imagetext_block_62f63b855464d\" class=\"bdesign2022_block bdesign2022_block--bdesign2022_imagetext\">\n    <div class=\"bdesign2022_block--wrapper\">\n        <div class=\"container\">\n            <div class=\"row align-items-center align-items-xxl-start align-items-xxxl-center\">\n                <div class=\"d-block d-md-block col-md-7 col-xl-4 col-xxl-5 col-xxxl-7 col-type-is-image col-count-is-1\"><img decoding=\"async\" class=\"img-fluid col-img\" src=\"https:\/\/www.bdesign-floors.com\/wp-content\/uploads\/2022\/08\/sentinel-haus-zertifikat-vorteile-boden-b-design.jpg\" srcset=\"https:\/\/www.bdesign-floors.com\/wp-content\/uploads\/2022\/08\/sentinel-haus-zertifikat-vorteile-boden-b-design.jpg 1110w, https:\/\/www.bdesign-floors.com\/wp-content\/uploads\/2022\/08\/sentinel-haus-zertifikat-vorteile-boden-b-design-768x510.jpg 768w, https:\/\/www.bdesign-floors.com\/wp-content\/uploads\/2022\/08\/sentinel-haus-zertifikat-vorteile-boden-b-design-452x300.jpg 452w\"><\/div><div class=\"col-12 col-xl-7 col-xxl-6 col-xxxl-4 col-type-is-imagetext col-count-is-2\"><h3>Sentinel Haus ile ortak olarak sa\u011fl\u0131kl\u0131 ya\u015fam<\/h3><p>Sentinel Haus Institut, binalarda sa\u011fl\u0131k konusunda pazar ve bilgi lideridir ve yaln\u0131zca zararl\u0131 maddeler a\u00e7\u0131s\u0131ndan test edilmi\u015f \u00fcr\u00fcnleri yay\u0131nlamaktad\u0131r. Bu nedenle kendimizi orta\u011f\u0131m\u0131z olarak g\u00f6rmekten gurur duyuyoruz.<\/p>\n<a class=\"btn btn-bdesign2022 btn-pagelink\" href=\"https:\/\/www.bdesign-floors.com\/wissenswertes\/gesundes-wohnen\/\">Sa\u011fl\u0131kl\u0131 ya\u015fam<\/a><\/div>            <\/div>\n        <\/div>\n    <\/div>\n<\/div>\n","protected":false},"excerpt":{"rendered":"","protected":false},"author":8,"featured_media":0,"parent":0,"menu_order":4,"comment_status":"closed","ping_status":"closed","template":"","meta":{"_acf_changed":false,"footnotes":""},"class_list":["post-13708","page","type-page","status-publish","hentry"],"acf":[],"yoast_head":"<!-- This site is optimized with the Yoast SEO plugin v24.2 - https:\/\/yoast.com\/wordpress\/plugins\/seo\/ -->\n<title>Bilmeniz gerekenler | b!design<\/title>\n<meta name=\"description\" content=\"b!design zemin kaplamalar\u0131, temizlik, bak\u0131m, kurulum ve daha fazlas\u0131 hakk\u0131nda bilmeniz gereken her \u015feyi k\u0131lavuzlar\u0131m\u0131zda bulabilirsiniz. \u015eimdi \u00f6\u011frenin!\" \/>\n<meta name=\"robots\" content=\"index, follow, max-snippet:-1, max-image-preview:large, max-video-preview:-1\" \/>\n<link rel=\"canonical\" href=\"https:\/\/www.bdesign-floors.com\/tr\/bilinmesi-gerekenler\/\" \/>\n<meta property=\"og:locale\" content=\"tr_TR\" \/>\n<meta property=\"og:type\" content=\"article\" \/>\n<meta property=\"og:title\" content=\"Bilmeniz gerekenler | b!design\" \/>\n<meta property=\"og:description\" content=\"b!design zemin kaplamalar\u0131, temizlik, bak\u0131m, kurulum ve daha fazlas\u0131 hakk\u0131nda bilmeniz gereken her \u015feyi k\u0131lavuzlar\u0131m\u0131zda bulabilirsiniz. \u015eimdi \u00f6\u011frenin!\" \/>\n<meta property=\"og:url\" content=\"https:\/\/www.bdesign-floors.com\/tr\/bilinmesi-gerekenler\/\" \/>\n<meta property=\"og:site_name\" content=\"b!design\" \/>\n<meta property=\"article:modified_time\" content=\"2022-09-21T11:18:59+00:00\" \/>\n<meta name=\"twitter:card\" content=\"summary_large_image\" \/>\n<script type=\"application\/ld+json\" class=\"yoast-schema-graph\">{\"@context\":\"https:\/\/schema.org\",\"@graph\":[{\"@type\":\"WebPage\",\"@id\":\"https:\/\/www.bdesign-floors.com\/tr\/bilinmesi-gerekenler\/\",\"url\":\"https:\/\/www.bdesign-floors.com\/tr\/bilinmesi-gerekenler\/\",\"name\":\"Bilmeniz gerekenler | b!design\",\"isPartOf\":{\"@id\":\"https:\/\/bdesign.wp.factory.blim-dev.com\/#website\"},\"datePublished\":\"2022-09-12T14:40:05+00:00\",\"dateModified\":\"2022-09-21T11:18:59+00:00\",\"description\":\"b!design zemin kaplamalar\u0131, temizlik, bak\u0131m, kurulum ve daha fazlas\u0131 hakk\u0131nda bilmeniz gereken her \u015feyi k\u0131lavuzlar\u0131m\u0131zda bulabilirsiniz. \u015eimdi \u00f6\u011frenin!\",\"breadcrumb\":{\"@id\":\"https:\/\/www.bdesign-floors.com\/tr\/bilinmesi-gerekenler\/#breadcrumb\"},\"inLanguage\":\"tr\",\"potentialAction\":[{\"@type\":\"ReadAction\",\"target\":[\"https:\/\/www.bdesign-floors.com\/tr\/bilinmesi-gerekenler\/\"]}]},{\"@type\":\"BreadcrumbList\",\"@id\":\"https:\/\/www.bdesign-floors.com\/tr\/bilinmesi-gerekenler\/#breadcrumb\",\"itemListElement\":[{\"@type\":\"ListItem\",\"position\":1,\"name\":\"Home\",\"item\":\"https:\/\/www.bdesign-floors.com\/tr\/\"},{\"@type\":\"ListItem\",\"position\":2,\"name\":\"Bilinmesi gerekenler\"}]},{\"@type\":\"WebSite\",\"@id\":\"https:\/\/bdesign.wp.factory.blim-dev.com\/#website\",\"url\":\"https:\/\/bdesign.wp.factory.blim-dev.com\/\",\"name\":\"b!design\",\"description\":\"Just another WordPress site\",\"potentialAction\":[{\"@type\":\"SearchAction\",\"target\":{\"@type\":\"EntryPoint\",\"urlTemplate\":\"https:\/\/bdesign.wp.factory.blim-dev.com\/?s={search_term_string}\"},\"query-input\":{\"@type\":\"PropertyValueSpecification\",\"valueRequired\":true,\"valueName\":\"search_term_string\"}}],\"inLanguage\":\"tr\"}]}<\/script>\n<!-- \/ Yoast SEO plugin. -->","yoast_head_json":{"title":"Bilmeniz gerekenler | b!design","description":"b!design zemin kaplamalar\u0131, temizlik, bak\u0131m, kurulum ve daha fazlas\u0131 hakk\u0131nda bilmeniz gereken her \u015feyi k\u0131lavuzlar\u0131m\u0131zda bulabilirsiniz. \u015eimdi \u00f6\u011frenin!","robots":{"index":"index","follow":"follow","max-snippet":"max-snippet:-1","max-image-preview":"max-image-preview:large","max-video-preview":"max-video-preview:-1"},"canonical":"https:\/\/www.bdesign-floors.com\/tr\/bilinmesi-gerekenler\/","og_locale":"tr_TR","og_type":"article","og_title":"Bilmeniz gerekenler | b!design","og_description":"b!design zemin kaplamalar\u0131, temizlik, bak\u0131m, kurulum ve daha fazlas\u0131 hakk\u0131nda bilmeniz gereken her \u015feyi k\u0131lavuzlar\u0131m\u0131zda bulabilirsiniz. \u015eimdi \u00f6\u011frenin!","og_url":"https:\/\/www.bdesign-floors.com\/tr\/bilinmesi-gerekenler\/","og_site_name":"b!design","article_modified_time":"2022-09-21T11:18:59+00:00","twitter_card":"summary_large_image","schema":{"@context":"https:\/\/schema.org","@graph":[{"@type":"WebPage","@id":"https:\/\/www.bdesign-floors.com\/tr\/bilinmesi-gerekenler\/","url":"https:\/\/www.bdesign-floors.com\/tr\/bilinmesi-gerekenler\/","name":"Bilmeniz gerekenler | b!design","isPartOf":{"@id":"https:\/\/bdesign.wp.factory.blim-dev.com\/#website"},"datePublished":"2022-09-12T14:40:05+00:00","dateModified":"2022-09-21T11:18:59+00:00","description":"b!design zemin kaplamalar\u0131, temizlik, bak\u0131m, kurulum ve daha fazlas\u0131 hakk\u0131nda bilmeniz gereken her \u015feyi k\u0131lavuzlar\u0131m\u0131zda bulabilirsiniz. \u015eimdi \u00f6\u011frenin!","breadcrumb":{"@id":"https:\/\/www.bdesign-floors.com\/tr\/bilinmesi-gerekenler\/#breadcrumb"},"inLanguage":"tr","potentialAction":[{"@type":"ReadAction","target":["https:\/\/www.bdesign-floors.com\/tr\/bilinmesi-gerekenler\/"]}]},{"@type":"BreadcrumbList","@id":"https:\/\/www.bdesign-floors.com\/tr\/bilinmesi-gerekenler\/#breadcrumb","itemListElement":[{"@type":"ListItem","position":1,"name":"Home","item":"https:\/\/www.bdesign-floors.com\/tr\/"},{"@type":"ListItem","position":2,"name":"Bilinmesi gerekenler"}]},{"@type":"WebSite","@id":"https:\/\/bdesign.wp.factory.blim-dev.com\/#website","url":"https:\/\/bdesign.wp.factory.blim-dev.com\/","name":"b!design","description":"Just another WordPress site","potentialAction":[{"@type":"SearchAction","target":{"@type":"EntryPoint","urlTemplate":"https:\/\/bdesign.wp.factory.blim-dev.com\/?s={search_term_string}"},"query-input":{"@type":"PropertyValueSpecification","valueRequired":true,"valueName":"search_term_string"}}],"inLanguage":"tr"}]}},"_links":{"self":[{"href":"https:\/\/www.bdesign-floors.com\/tr\/wp-json\/wp\/v2\/pages\/13708","targetHints":{"allow":["GET"]}}],"collection":[{"href":"https:\/\/www.bdesign-floors.com\/tr\/wp-json\/wp\/v2\/pages"}],"about":[{"href":"https:\/\/www.bdesign-floors.com\/tr\/wp-json\/wp\/v2\/types\/page"}],"author":[{"embeddable":true,"href":"https:\/\/www.bdesign-floors.com\/tr\/wp-json\/wp\/v2\/users\/8"}],"replies":[{"embeddable":true,"href":"https:\/\/www.bdesign-floors.com\/tr\/wp-json\/wp\/v2\/comments?post=13708"}],"version-history":[{"count":2,"href":"https:\/\/www.bdesign-floors.com\/tr\/wp-json\/wp\/v2\/pages\/13708\/revisions"}],"predecessor-version":[{"id":16504,"href":"https:\/\/www.bdesign-floors.com\/tr\/wp-json\/wp\/v2\/pages\/13708\/revisions\/16504"}],"wp:attachment":[{"href":"https:\/\/www.bdesign-floors.com\/tr\/wp-json\/wp\/v2\/media?parent=13708"}],"curies":[{"name":"wp","href":"https:\/\/api.w.org\/{rel}","templated":true}]}}