{"id":13799,"date":"2022-09-12T16:45:39","date_gmt":"2022-09-12T14:45:39","guid":{"rendered":"https:\/\/www.bdesign-floors.com\/mekansal-planlayici\/"},"modified":"2022-09-12T16:45:43","modified_gmt":"2022-09-12T14:45:43","slug":"mekansal-planlayici","status":"publish","type":"page","link":"https:\/\/www.bdesign-floors.com\/tr\/ilham-kaynagi\/mekansal-planlayici\/","title":{"rendered":"Mek\u00e2nsal planlay\u0131c\u0131"},"content":{"rendered":"<div id=\"bdesign2022_pageheader_block_62dfd623856fa\" class=\"bdesign2022_block bdesign2022_block--bdesign2022_pageheader\">\n    <div class=\"bdesign2022_block--wrapper\">\n                                    <div class=\"bdesign2022_ph-wrap is-single\">\n                    <div class=\"bdesign2022_ph-slide slidestyle-is-black orig-is-siyah active\">\n                        <div class=\"slide-image\">\n                            <img decoding=\"async\" class=\"img-fluid logo\" src=\"https:\/\/www.bdesign-floors.com\/wp-content\/uploads\/2022\/08\/LVT-designboden-b-design.jpg\" srcset=\"https:\/\/www.bdesign-floors.com\/wp-content\/uploads\/2022\/08\/LVT-designboden-b-design.jpg 1110w, https:\/\/www.bdesign-floors.com\/wp-content\/uploads\/2022\/08\/LVT-designboden-b-design-768x521.jpg 768w, https:\/\/www.bdesign-floors.com\/wp-content\/uploads\/2022\/08\/LVT-designboden-b-design-442x300.jpg 442w\">                        <\/div>\n                        <div class=\"slide-area\">\n                            <div class=\"slide-area-wrapper\">\n                                <h1>Pratik b!design oda planlay\u0131c\u0131s\u0131<\/h1>\n                                <h6>Oda planlay\u0131c\u0131m\u0131zla, hayalinizdeki zeminin evinizde nas\u0131l g\u00f6r\u00fcnece\u011fini kolayca g\u00f6rebilirsiniz &#8211; sat\u0131n almadan \u00f6nce bile.<\/h6>\n                                                                                            <\/div>\n                            <div class=\"slide-image-mobile d-md-none\">\n                                <img decoding=\"async\" class=\"img-fluid logo\" src=\"https:\/\/www.bdesign-floors.com\/wp-content\/uploads\/2022\/08\/LVT-designboden-b-design.jpg\" srcset=\"https:\/\/www.bdesign-floors.com\/wp-content\/uploads\/2022\/08\/LVT-designboden-b-design.jpg 1110w, https:\/\/www.bdesign-floors.com\/wp-content\/uploads\/2022\/08\/LVT-designboden-b-design-768x521.jpg 768w, https:\/\/www.bdesign-floors.com\/wp-content\/uploads\/2022\/08\/LVT-designboden-b-design-442x300.jpg 442w\">                            <\/div>\n                        <\/div>\n                    <\/div>\n                <\/div>\n                        <\/div>\n<\/div>\n","protected":false},"excerpt":{"rendered":"","protected":false},"author":8,"featured_media":0,"parent":13817,"menu_order":1,"comment_status":"closed","ping_status":"closed","template":"","meta":{"_acf_changed":false,"footnotes":""},"class_list":["post-13799","page","type-page","status-publish","hentry"],"acf":[],"yoast_head":"<!-- This site is optimized with the Yoast SEO plugin v24.2 - https:\/\/yoast.com\/wordpress\/plugins\/seo\/ -->\n<title>Oda planlay\u0131c\u0131s\u0131 | b!design<\/title>\n<meta name=\"description\" content=\"Zemin kaplamalar\u0131 i\u00e7in b!design online oda planlay\u0131c\u0131s\u0131 ile odan\u0131z\u0131 tasarlay\u0131n ve farkl\u0131 zeminlerin mekansal etkilerini test edin.\" \/>\n<meta name=\"robots\" content=\"index, follow, max-snippet:-1, max-image-preview:large, max-video-preview:-1\" \/>\n<link rel=\"canonical\" href=\"https:\/\/www.bdesign-floors.com\/tr\/ilham-kaynagi\/mekansal-planlayici\/\" \/>\n<meta property=\"og:locale\" content=\"tr_TR\" \/>\n<meta property=\"og:type\" content=\"article\" \/>\n<meta property=\"og:title\" content=\"Oda planlay\u0131c\u0131s\u0131 | b!design\" \/>\n<meta property=\"og:description\" content=\"Zemin kaplamalar\u0131 i\u00e7in b!design online oda planlay\u0131c\u0131s\u0131 ile odan\u0131z\u0131 tasarlay\u0131n ve farkl\u0131 zeminlerin mekansal etkilerini test edin.\" \/>\n<meta property=\"og:url\" content=\"https:\/\/www.bdesign-floors.com\/tr\/ilham-kaynagi\/mekansal-planlayici\/\" \/>\n<meta property=\"og:site_name\" content=\"b!design\" \/>\n<meta property=\"article:modified_time\" content=\"2022-09-12T14:45:43+00:00\" \/>\n<meta name=\"twitter:card\" content=\"summary_large_image\" \/>\n<script type=\"application\/ld+json\" class=\"yoast-schema-graph\">{\"@context\":\"https:\/\/schema.org\",\"@graph\":[{\"@type\":\"WebPage\",\"@id\":\"https:\/\/www.bdesign-floors.com\/tr\/ilham-kaynagi\/mekansal-planlayici\/\",\"url\":\"https:\/\/www.bdesign-floors.com\/tr\/ilham-kaynagi\/mekansal-planlayici\/\",\"name\":\"Oda planlay\u0131c\u0131s\u0131 | b!design\",\"isPartOf\":{\"@id\":\"https:\/\/bdesign.wp.factory.blim-dev.com\/#website\"},\"datePublished\":\"2022-09-12T14:45:39+00:00\",\"dateModified\":\"2022-09-12T14:45:43+00:00\",\"description\":\"Zemin kaplamalar\u0131 i\u00e7in b!design online oda planlay\u0131c\u0131s\u0131 ile odan\u0131z\u0131 tasarlay\u0131n ve farkl\u0131 zeminlerin mekansal etkilerini test edin.\",\"breadcrumb\":{\"@id\":\"https:\/\/www.bdesign-floors.com\/tr\/ilham-kaynagi\/mekansal-planlayici\/#breadcrumb\"},\"inLanguage\":\"tr\",\"potentialAction\":[{\"@type\":\"ReadAction\",\"target\":[\"https:\/\/www.bdesign-floors.com\/tr\/ilham-kaynagi\/mekansal-planlayici\/\"]}]},{\"@type\":\"BreadcrumbList\",\"@id\":\"https:\/\/www.bdesign-floors.com\/tr\/ilham-kaynagi\/mekansal-planlayici\/#breadcrumb\",\"itemListElement\":[{\"@type\":\"ListItem\",\"position\":1,\"name\":\"Home\",\"item\":\"https:\/\/www.bdesign-floors.com\/tr\/\"},{\"@type\":\"ListItem\",\"position\":2,\"name\":\"Mek\u00e2nsal planlay\u0131c\u0131\"}]},{\"@type\":\"WebSite\",\"@id\":\"https:\/\/bdesign.wp.factory.blim-dev.com\/#website\",\"url\":\"https:\/\/bdesign.wp.factory.blim-dev.com\/\",\"name\":\"b!design\",\"description\":\"Just another WordPress site\",\"potentialAction\":[{\"@type\":\"SearchAction\",\"target\":{\"@type\":\"EntryPoint\",\"urlTemplate\":\"https:\/\/bdesign.wp.factory.blim-dev.com\/?s={search_term_string}\"},\"query-input\":{\"@type\":\"PropertyValueSpecification\",\"valueRequired\":true,\"valueName\":\"search_term_string\"}}],\"inLanguage\":\"tr\"}]}<\/script>\n<!-- \/ Yoast SEO plugin. -->","yoast_head_json":{"title":"Oda planlay\u0131c\u0131s\u0131 | b!design","description":"Zemin kaplamalar\u0131 i\u00e7in b!design online oda planlay\u0131c\u0131s\u0131 ile odan\u0131z\u0131 tasarlay\u0131n ve farkl\u0131 zeminlerin mekansal etkilerini test edin.","robots":{"index":"index","follow":"follow","max-snippet":"max-snippet:-1","max-image-preview":"max-image-preview:large","max-video-preview":"max-video-preview:-1"},"canonical":"https:\/\/www.bdesign-floors.com\/tr\/ilham-kaynagi\/mekansal-planlayici\/","og_locale":"tr_TR","og_type":"article","og_title":"Oda planlay\u0131c\u0131s\u0131 | b!design","og_description":"Zemin kaplamalar\u0131 i\u00e7in b!design online oda planlay\u0131c\u0131s\u0131 ile odan\u0131z\u0131 tasarlay\u0131n ve farkl\u0131 zeminlerin mekansal etkilerini test edin.","og_url":"https:\/\/www.bdesign-floors.com\/tr\/ilham-kaynagi\/mekansal-planlayici\/","og_site_name":"b!design","article_modified_time":"2022-09-12T14:45:43+00:00","twitter_card":"summary_large_image","schema":{"@context":"https:\/\/schema.org","@graph":[{"@type":"WebPage","@id":"https:\/\/www.bdesign-floors.com\/tr\/ilham-kaynagi\/mekansal-planlayici\/","url":"https:\/\/www.bdesign-floors.com\/tr\/ilham-kaynagi\/mekansal-planlayici\/","name":"Oda planlay\u0131c\u0131s\u0131 | b!design","isPartOf":{"@id":"https:\/\/bdesign.wp.factory.blim-dev.com\/#website"},"datePublished":"2022-09-12T14:45:39+00:00","dateModified":"2022-09-12T14:45:43+00:00","description":"Zemin kaplamalar\u0131 i\u00e7in b!design online oda planlay\u0131c\u0131s\u0131 ile odan\u0131z\u0131 tasarlay\u0131n ve farkl\u0131 zeminlerin mekansal etkilerini test edin.","breadcrumb":{"@id":"https:\/\/www.bdesign-floors.com\/tr\/ilham-kaynagi\/mekansal-planlayici\/#breadcrumb"},"inLanguage":"tr","potentialAction":[{"@type":"ReadAction","target":["https:\/\/www.bdesign-floors.com\/tr\/ilham-kaynagi\/mekansal-planlayici\/"]}]},{"@type":"BreadcrumbList","@id":"https:\/\/www.bdesign-floors.com\/tr\/ilham-kaynagi\/mekansal-planlayici\/#breadcrumb","itemListElement":[{"@type":"ListItem","position":1,"name":"Home","item":"https:\/\/www.bdesign-floors.com\/tr\/"},{"@type":"ListItem","position":2,"name":"Mek\u00e2nsal planlay\u0131c\u0131"}]},{"@type":"WebSite","@id":"https:\/\/bdesign.wp.factory.blim-dev.com\/#website","url":"https:\/\/bdesign.wp.factory.blim-dev.com\/","name":"b!design","description":"Just another WordPress site","potentialAction":[{"@type":"SearchAction","target":{"@type":"EntryPoint","urlTemplate":"https:\/\/bdesign.wp.factory.blim-dev.com\/?s={search_term_string}"},"query-input":{"@type":"PropertyValueSpecification","valueRequired":true,"valueName":"search_term_string"}}],"inLanguage":"tr"}]}},"_links":{"self":[{"href":"https:\/\/www.bdesign-floors.com\/tr\/wp-json\/wp\/v2\/pages\/13799","targetHints":{"allow":["GET"]}}],"collection":[{"href":"https:\/\/www.bdesign-floors.com\/tr\/wp-json\/wp\/v2\/pages"}],"about":[{"href":"https:\/\/www.bdesign-floors.com\/tr\/wp-json\/wp\/v2\/types\/page"}],"author":[{"embeddable":true,"href":"https:\/\/www.bdesign-floors.com\/tr\/wp-json\/wp\/v2\/users\/8"}],"replies":[{"embeddable":true,"href":"https:\/\/www.bdesign-floors.com\/tr\/wp-json\/wp\/v2\/comments?post=13799"}],"version-history":[{"count":1,"href":"https:\/\/www.bdesign-floors.com\/tr\/wp-json\/wp\/v2\/pages\/13799\/revisions"}],"predecessor-version":[{"id":13802,"href":"https:\/\/www.bdesign-floors.com\/tr\/wp-json\/wp\/v2\/pages\/13799\/revisions\/13802"}],"up":[{"embeddable":true,"href":"https:\/\/www.bdesign-floors.com\/tr\/wp-json\/wp\/v2\/pages\/13817"}],"wp:attachment":[{"href":"https:\/\/www.bdesign-floors.com\/tr\/wp-json\/wp\/v2\/media?parent=13799"}],"curies":[{"name":"wp","href":"https:\/\/api.w.org\/{rel}","templated":true}]}}