{"id":13800,"date":"2022-09-12T16:45:39","date_gmt":"2022-09-12T14:45:39","guid":{"rendered":"https:\/\/www.bdesign-floors.com\/bilinmesi-gerekenler\/saglikli-yasam\/"},"modified":"2022-09-12T16:45:44","modified_gmt":"2022-09-12T14:45:44","slug":"saglikli-yasam","status":"publish","type":"page","link":"https:\/\/www.bdesign-floors.com\/tr\/bilinmesi-gerekenler\/saglikli-yasam\/","title":{"rendered":"Sa\u011fl\u0131kl\u0131 ya\u015fam"},"content":{"rendered":"<div id=\"bdesign2022_pageheader_block_62dfd623856fa\" class=\"bdesign2022_block bdesign2022_block--bdesign2022_pageheader\">\n    <div class=\"bdesign2022_block--wrapper\">\n                                    <div class=\"bdesign2022_ph-wrap is-single\">\n                    <div class=\"bdesign2022_ph-slide slidestyle-is-black orig-is-siyah active\">\n                        <div class=\"slide-image\">\n                            <img decoding=\"async\" class=\"img-fluid logo\" src=\"https:\/\/www.bdesign-floors.com\/wp-content\/uploads\/2022\/08\/sentinel-haus-zertifikat-gesund-wohnen-b-design.jpg\" srcset=\"https:\/\/www.bdesign-floors.com\/wp-content\/uploads\/2022\/08\/sentinel-haus-zertifikat-gesund-wohnen-b-design.jpg 1110w, https:\/\/www.bdesign-floors.com\/wp-content\/uploads\/2022\/08\/sentinel-haus-zertifikat-gesund-wohnen-b-design-768x521.jpg 768w, https:\/\/www.bdesign-floors.com\/wp-content\/uploads\/2022\/08\/sentinel-haus-zertifikat-gesund-wohnen-b-design-442x300.jpg 442w\">                        <\/div>\n                        <div class=\"slide-area\">\n                            <div class=\"slide-area-wrapper\">\n                                <h1>Sa\u011fl\u0131kl\u0131 ya\u015fam &#8211; sertifikal\u0131 d\u00fc\u015f\u00fck kirletici<\/h1>\n                                <h6>b!design, Sentinel Haus Enstit\u00fcs\u00fc taraf\u0131ndan da onayland\u0131\u011f\u0131 \u00fczere, uzun vadede sa\u011fl\u0131kl\u0131 bir \u00e7evre i\u00e7in hammaddelerin s\u00fcrd\u00fcr\u00fclebilir kullan\u0131m\u0131na odaklanmaktad\u0131r.<\/h6>\n                                                                                            <\/div>\n                            <div class=\"slide-image-mobile d-md-none\">\n                                <img decoding=\"async\" class=\"img-fluid logo\" src=\"https:\/\/www.bdesign-floors.com\/wp-content\/uploads\/2022\/08\/sentinel-haus-zertifikat-gesund-wohnen-b-design.jpg\" srcset=\"https:\/\/www.bdesign-floors.com\/wp-content\/uploads\/2022\/08\/sentinel-haus-zertifikat-gesund-wohnen-b-design.jpg 1110w, https:\/\/www.bdesign-floors.com\/wp-content\/uploads\/2022\/08\/sentinel-haus-zertifikat-gesund-wohnen-b-design-768x521.jpg 768w, https:\/\/www.bdesign-floors.com\/wp-content\/uploads\/2022\/08\/sentinel-haus-zertifikat-gesund-wohnen-b-design-442x300.jpg 442w\">                            <\/div>\n                        <\/div>\n                    <\/div>\n                <\/div>\n                        <\/div>\n<\/div>\n<div id=\"bdesign2022_headline_block_62ea833e526c0\" class=\"bdesign2022_block bdesign2022_block--bdesign2022_headline\">\n    <div class=\"bdesign2022_block--wrapper\">\n        <div class=\"container my-4\">\n            \n                                    <h5 class=\"h5 metin-ba\u015flang\u0131\u00e7 mt-5 mb-3\">Sentinel Haus Enstit\u00fcs\u00fc taraf\u0131ndan tavsiye edilmi\u015ftir<\/h5>\n                                                    <h2 class=\"h2 metin-ba\u015flang\u0131\u00e7 mt-2 mb-4\">Sentinel House: <br>Denetlendi. Oyland\u0131. \u00c7\u0131kt\u0131.<\/h2>\n                                \n                        <\/div>\n    <\/div>\n<\/div>\n<div id=\"bdesign2022_2columntext_block_62ea8358526c1\" class=\"bdesign2022_block bdesign2022_block--bdesign2022_2columntext\">\n    <div class=\"bdesign2022_block--wrapper\">\n        <div class=\"container my-4\">\n            <div class=\"row align-items-start\">\n                <div class=\"col-12 col-xxl-4 offset-0 offset-xxl-2 my-3\">\n                    <p>Kabul edelim ki hepimiz sa\u011fl\u0131kl\u0131 olmak ve sa\u011fl\u0131kl\u0131 ya\u015famak istiyoruz. Ki\u015fisel refah\u0131n ve ki\u015finin kendi ailesinin refah\u0131n\u0131n y\u00fcksek de\u011feri tart\u0131\u015f\u0131lmazd\u0131r ve y\u0131llard\u0131r s\u00fcrekli olarak artmaktad\u0131r. Ancak biz \u00f6ncelikle beslenme, fitness ve wellness alanlar\u0131n\u0131 d\u00fc\u015f\u00fcn\u00fcyoruz. Neden zeminler de\u011fil? \u0130\u015fte tam da bu noktada b!design devreye giriyor: Sa\u011fl\u0131kl\u0131 ya\u015fam  d\u00f6rt duvar\u0131n\u0131za <a href=\"https:\/\/www.bdesign-floors.com\/tr\/?page_id=13340\">zemin<\/a> tasarlay\u0131n &#8211; ve rahat bir nefes al\u0131n! b!design zeminler orta\u011f\u0131m\u0131zdan &#8211;<\/p>\n                <\/div>\n                <div class=\"c0l-12 col-xxl-4 xxl-3 my-3\">\n                    <p> <a href=\"https:\/\/www.sentinel-haus.de\/de\/suche?term=b!design+&amp;manufacturer%5B%5D=10819\" target=\"_blank\" rel=\"noopener\">Sentinel Haus Institut<\/a> &#8211; test edilmi\u015f, de\u011ferlendirilmi\u015f ve onaylanm\u0131\u015ft\u0131r. Enstit\u00fc, bina sa\u011fl\u0131\u011f\u0131 alan\u0131nda pazar ve bilgi lideridir. Ve i\u00e7 mekan sa\u011fl\u0131\u011f\u0131na ili\u015fkin bilimsel bulgular\u0131 kapsaml\u0131 bir a\u011fda derliyor. Bunlar daha sonra her t\u00fcrl\u00fc binada pratik uygulama yoluyla pazarlanmaktad\u0131r. Yani emin olabilirsin: Sentinel Haus Institut taraf\u0131ndan test edilen zemin kaplamalar\u0131 kirletici madde bak\u0131m\u0131ndan d\u00fc\u015f\u00fckt\u00fcr ve birlikte ya\u015famak i\u00e7in sa\u011fl\u0131kl\u0131d\u0131r.<\/p>\n                <\/div>\n            <\/div>\n        <\/div>\n    <\/div>\n<\/div>\n<div id=\"bdesign2022_customcontent_block_63049aa17eb90\" class=\"bdesign2022_block bdesign2022_block--bdesign2022_customcontent\">\n    <div class=\"bdesign2022_block--wrapper\">\n        <div class=\"container\">\n            <div class=\"row\">\n                \n                <div class=\"col-12 col-sm-10\" style=\"margin:0 auto;text-align: center;\">\n                    <div class=\"container-centered\">\n                        <p><img loading=\"lazy\" decoding=\"async\" class=\"size-medium wp-image-3449 aligncenter\" src=\"https:\/\/www.bdesign-floors.com\/wp-content\/uploads\/2022\/09\/sentinel-haus-logo-444x300.png\" alt=\"\" width=\"444\" height=\"300\" srcset=\"https:\/\/www.bdesign-floors.com\/wp-content\/uploads\/2022\/09\/sentinel-haus-logo-444x300.png 444w, https:\/\/www.bdesign-floors.com\/wp-content\/uploads\/2022\/09\/sentinel-haus-logo-768x519.png 768w, https:\/\/www.bdesign-floors.com\/wp-content\/uploads\/2022\/09\/sentinel-haus-logo.png 1000w\" sizes=\"auto, (max-width: 444px) 100vw, 444px\" \/><\/p>\n                    <\/div>\n                <\/div>\n\n                            <\/div>\n        <\/div>\n    <\/div>\n<\/div>\n<div id=\"bdesign2022_switchstyle_block_630db52453892\" class=\"bdesign2022_style bdesign2022_style--bdesign2022_switchstyle\" data-switchstyle=\"black\">\n<div id=\"bdesign2022_customcontent_block_630ce0eb71a71\" class=\"bdesign2022_block bdesign2022_block--bdesign2022_customcontent\">\n    <div class=\"bdesign2022_block--wrapper\">\n        <div class=\"container\">\n            <div class=\"row\">\n                \n                <div class=\"col-12 col-sm-10\" style=\"margin:0 auto;text-align: center;\">\n                    <div class=\"container-centered\">\n                        <a class=\"btn btn-bdesign2022 btn-linkcta\" href=\"https:\/\/www.sentinel-haus.de\/de\/suche?term=b%21design\" target=\"_blank\">Zum Sentinel Haus Institut<\/a>                    <\/div>\n                <\/div>\n\n                            <\/div>\n        <\/div>\n    <\/div>\n<\/div>\n<\/div>\n","protected":false},"excerpt":{"rendered":"","protected":false},"author":8,"featured_media":0,"parent":13708,"menu_order":5,"comment_status":"closed","ping_status":"closed","template":"","meta":{"_acf_changed":false,"footnotes":""},"class_list":["post-13800","page","type-page","status-publish","hentry"],"acf":[],"yoast_head":"<!-- This site is optimized with the Yoast SEO plugin v24.2 - https:\/\/yoast.com\/wordpress\/plugins\/seo\/ -->\n<title>Sa\u011fl\u0131kl\u0131 Ya\u015fam | b!design<\/title>\n<meta name=\"description\" content=\"Sentinel Haus, i\u00e7 mekan sa\u011fl\u0131\u011f\u0131 konusunda pazar ve bilgi lideridir ve yaln\u0131zca zararl\u0131 maddeler a\u00e7\u0131s\u0131ndan test edilmi\u015f \u00fcr\u00fcnleri yay\u0131nlar.\" \/>\n<meta name=\"robots\" content=\"index, follow, max-snippet:-1, max-image-preview:large, max-video-preview:-1\" \/>\n<link rel=\"canonical\" href=\"https:\/\/www.bdesign-floors.com\/tr\/bilinmesi-gerekenler\/saglikli-yasam\/\" \/>\n<meta property=\"og:locale\" content=\"tr_TR\" \/>\n<meta property=\"og:type\" content=\"article\" \/>\n<meta property=\"og:title\" content=\"Sa\u011fl\u0131kl\u0131 Ya\u015fam | b!design\" \/>\n<meta property=\"og:description\" content=\"Sentinel Haus, i\u00e7 mekan sa\u011fl\u0131\u011f\u0131 konusunda pazar ve bilgi lideridir ve yaln\u0131zca zararl\u0131 maddeler a\u00e7\u0131s\u0131ndan test edilmi\u015f \u00fcr\u00fcnleri yay\u0131nlar.\" \/>\n<meta property=\"og:url\" content=\"https:\/\/www.bdesign-floors.com\/tr\/bilinmesi-gerekenler\/saglikli-yasam\/\" \/>\n<meta property=\"og:site_name\" content=\"b!design\" \/>\n<meta property=\"article:modified_time\" content=\"2022-09-12T14:45:44+00:00\" \/>\n<meta name=\"twitter:card\" content=\"summary_large_image\" \/>\n<script type=\"application\/ld+json\" class=\"yoast-schema-graph\">{\"@context\":\"https:\/\/schema.org\",\"@graph\":[{\"@type\":\"WebPage\",\"@id\":\"https:\/\/www.bdesign-floors.com\/tr\/bilinmesi-gerekenler\/saglikli-yasam\/\",\"url\":\"https:\/\/www.bdesign-floors.com\/tr\/bilinmesi-gerekenler\/saglikli-yasam\/\",\"name\":\"Sa\u011fl\u0131kl\u0131 Ya\u015fam | b!design\",\"isPartOf\":{\"@id\":\"https:\/\/bdesign.wp.factory.blim-dev.com\/#website\"},\"datePublished\":\"2022-09-12T14:45:39+00:00\",\"dateModified\":\"2022-09-12T14:45:44+00:00\",\"description\":\"Sentinel Haus, i\u00e7 mekan sa\u011fl\u0131\u011f\u0131 konusunda pazar ve bilgi lideridir ve yaln\u0131zca zararl\u0131 maddeler a\u00e7\u0131s\u0131ndan test edilmi\u015f \u00fcr\u00fcnleri yay\u0131nlar.\",\"breadcrumb\":{\"@id\":\"https:\/\/www.bdesign-floors.com\/tr\/bilinmesi-gerekenler\/saglikli-yasam\/#breadcrumb\"},\"inLanguage\":\"tr\",\"potentialAction\":[{\"@type\":\"ReadAction\",\"target\":[\"https:\/\/www.bdesign-floors.com\/tr\/bilinmesi-gerekenler\/saglikli-yasam\/\"]}]},{\"@type\":\"BreadcrumbList\",\"@id\":\"https:\/\/www.bdesign-floors.com\/tr\/bilinmesi-gerekenler\/saglikli-yasam\/#breadcrumb\",\"itemListElement\":[{\"@type\":\"ListItem\",\"position\":1,\"name\":\"Home\",\"item\":\"https:\/\/www.bdesign-floors.com\/tr\/\"},{\"@type\":\"ListItem\",\"position\":2,\"name\":\"Bilinmesi gerekenler\",\"item\":\"https:\/\/bdesign.wp.factory.blim-dev.com\/tr\/bilinmesi-gerekenler\/\"},{\"@type\":\"ListItem\",\"position\":3,\"name\":\"Sa\u011fl\u0131kl\u0131 ya\u015fam\"}]},{\"@type\":\"WebSite\",\"@id\":\"https:\/\/bdesign.wp.factory.blim-dev.com\/#website\",\"url\":\"https:\/\/bdesign.wp.factory.blim-dev.com\/\",\"name\":\"b!design\",\"description\":\"Just another WordPress site\",\"potentialAction\":[{\"@type\":\"SearchAction\",\"target\":{\"@type\":\"EntryPoint\",\"urlTemplate\":\"https:\/\/bdesign.wp.factory.blim-dev.com\/?s={search_term_string}\"},\"query-input\":{\"@type\":\"PropertyValueSpecification\",\"valueRequired\":true,\"valueName\":\"search_term_string\"}}],\"inLanguage\":\"tr\"}]}<\/script>\n<!-- \/ Yoast SEO plugin. -->","yoast_head_json":{"title":"Sa\u011fl\u0131kl\u0131 Ya\u015fam | b!design","description":"Sentinel Haus, i\u00e7 mekan sa\u011fl\u0131\u011f\u0131 konusunda pazar ve bilgi lideridir ve yaln\u0131zca zararl\u0131 maddeler a\u00e7\u0131s\u0131ndan test edilmi\u015f \u00fcr\u00fcnleri yay\u0131nlar.","robots":{"index":"index","follow":"follow","max-snippet":"max-snippet:-1","max-image-preview":"max-image-preview:large","max-video-preview":"max-video-preview:-1"},"canonical":"https:\/\/www.bdesign-floors.com\/tr\/bilinmesi-gerekenler\/saglikli-yasam\/","og_locale":"tr_TR","og_type":"article","og_title":"Sa\u011fl\u0131kl\u0131 Ya\u015fam | b!design","og_description":"Sentinel Haus, i\u00e7 mekan sa\u011fl\u0131\u011f\u0131 konusunda pazar ve bilgi lideridir ve yaln\u0131zca zararl\u0131 maddeler a\u00e7\u0131s\u0131ndan test edilmi\u015f \u00fcr\u00fcnleri yay\u0131nlar.","og_url":"https:\/\/www.bdesign-floors.com\/tr\/bilinmesi-gerekenler\/saglikli-yasam\/","og_site_name":"b!design","article_modified_time":"2022-09-12T14:45:44+00:00","twitter_card":"summary_large_image","schema":{"@context":"https:\/\/schema.org","@graph":[{"@type":"WebPage","@id":"https:\/\/www.bdesign-floors.com\/tr\/bilinmesi-gerekenler\/saglikli-yasam\/","url":"https:\/\/www.bdesign-floors.com\/tr\/bilinmesi-gerekenler\/saglikli-yasam\/","name":"Sa\u011fl\u0131kl\u0131 Ya\u015fam | b!design","isPartOf":{"@id":"https:\/\/bdesign.wp.factory.blim-dev.com\/#website"},"datePublished":"2022-09-12T14:45:39+00:00","dateModified":"2022-09-12T14:45:44+00:00","description":"Sentinel Haus, i\u00e7 mekan sa\u011fl\u0131\u011f\u0131 konusunda pazar ve bilgi lideridir ve yaln\u0131zca zararl\u0131 maddeler a\u00e7\u0131s\u0131ndan test edilmi\u015f \u00fcr\u00fcnleri yay\u0131nlar.","breadcrumb":{"@id":"https:\/\/www.bdesign-floors.com\/tr\/bilinmesi-gerekenler\/saglikli-yasam\/#breadcrumb"},"inLanguage":"tr","potentialAction":[{"@type":"ReadAction","target":["https:\/\/www.bdesign-floors.com\/tr\/bilinmesi-gerekenler\/saglikli-yasam\/"]}]},{"@type":"BreadcrumbList","@id":"https:\/\/www.bdesign-floors.com\/tr\/bilinmesi-gerekenler\/saglikli-yasam\/#breadcrumb","itemListElement":[{"@type":"ListItem","position":1,"name":"Home","item":"https:\/\/www.bdesign-floors.com\/tr\/"},{"@type":"ListItem","position":2,"name":"Bilinmesi gerekenler","item":"https:\/\/bdesign.wp.factory.blim-dev.com\/tr\/bilinmesi-gerekenler\/"},{"@type":"ListItem","position":3,"name":"Sa\u011fl\u0131kl\u0131 ya\u015fam"}]},{"@type":"WebSite","@id":"https:\/\/bdesign.wp.factory.blim-dev.com\/#website","url":"https:\/\/bdesign.wp.factory.blim-dev.com\/","name":"b!design","description":"Just another WordPress site","potentialAction":[{"@type":"SearchAction","target":{"@type":"EntryPoint","urlTemplate":"https:\/\/bdesign.wp.factory.blim-dev.com\/?s={search_term_string}"},"query-input":{"@type":"PropertyValueSpecification","valueRequired":true,"valueName":"search_term_string"}}],"inLanguage":"tr"}]}},"_links":{"self":[{"href":"https:\/\/www.bdesign-floors.com\/tr\/wp-json\/wp\/v2\/pages\/13800","targetHints":{"allow":["GET"]}}],"collection":[{"href":"https:\/\/www.bdesign-floors.com\/tr\/wp-json\/wp\/v2\/pages"}],"about":[{"href":"https:\/\/www.bdesign-floors.com\/tr\/wp-json\/wp\/v2\/types\/page"}],"author":[{"embeddable":true,"href":"https:\/\/www.bdesign-floors.com\/tr\/wp-json\/wp\/v2\/users\/8"}],"replies":[{"embeddable":true,"href":"https:\/\/www.bdesign-floors.com\/tr\/wp-json\/wp\/v2\/comments?post=13800"}],"version-history":[{"count":1,"href":"https:\/\/www.bdesign-floors.com\/tr\/wp-json\/wp\/v2\/pages\/13800\/revisions"}],"predecessor-version":[{"id":13804,"href":"https:\/\/www.bdesign-floors.com\/tr\/wp-json\/wp\/v2\/pages\/13800\/revisions\/13804"}],"up":[{"embeddable":true,"href":"https:\/\/www.bdesign-floors.com\/tr\/wp-json\/wp\/v2\/pages\/13708"}],"wp:attachment":[{"href":"https:\/\/www.bdesign-floors.com\/tr\/wp-json\/wp\/v2\/media?parent=13800"}],"curies":[{"name":"wp","href":"https:\/\/api.w.org\/{rel}","templated":true}]}}