{"id":13805,"date":"2022-09-12T16:45:40","date_gmt":"2022-09-12T14:45:40","guid":{"rendered":"https:\/\/www.bdesign-floors.com\/kuenye\/"},"modified":"2022-09-12T16:45:42","modified_gmt":"2022-09-12T14:45:42","slug":"kuenye","status":"publish","type":"page","link":"https:\/\/www.bdesign-floors.com\/tr\/hakkimizda\/kuenye\/","title":{"rendered":"K\u00fcnye"},"content":{"rendered":"<div id=\"bdesign2022_spacer_block_63061d222b814\" class=\"bdesign2022_block bdesign2022_block--bdesign2022_spacer\">\n    <div class=\"bdesign2022_block--wrapper\">\n        <div class=\"spacer\" style=\"height: 100px\"><\/div>\n    <\/div>\n<\/div>\n<div id=\"bdesign2022_customcontent_block_63061cc72b813\" class=\"bdesign2022_block bdesign2022_block--bdesign2022_customcontent\">\n    <div class=\"bdesign2022_block--wrapper\">\n        <div class=\"container\">\n            <div class=\"row\">\n                \n                    <div class=\"col-0 col-sm-2\"><\/div>\n                    <div class=\"col-12 col-sm-10 my-4\">\n                        <h1>K\u00fcnye<\/h1>\n<p><strong>Bu internet sayfalar\u0131n\u0131n i\u015fletmecisi<\/strong><\/p>\n<p>BAUHAUS E-Business GmbH &amp; Co KG<br \/>\nGutenbergstra\u00dfe 21<br \/>\nD-68167 Mannheim<\/p>\n<p>KDV Kimlik No: DE 156673152<br \/>\nMannheim Yerel Mahkemesi: HRA 3983<\/p>\n<p>Telefon: <a href=\"tel:8003905000\">+49 800 3905 000<\/a><br \/>\nE-posta: <a href=\"mailto:service@bauhaus.info\">service@bauhaus.info<\/a><\/p>\n<h2>\u015eahsen sorumlu ortak<\/h2>\n<p>Werkhaus GmbH<br \/>\nKoltuk: Mannheim<br \/>\nMannheim Yerel Mahkemesi HRB 6426<br \/>\nGenel M\u00fcd\u00fcrler: Bernd Baus, Lutz Fiedler<\/p>\n<h2>Sorumluluk bildirimi<\/h2>\n<p>\u0130\u00e7eri\u011fin dikkatli bir \u015fekilde kontrol edilmesine ra\u011fmen, harici ba\u011flant\u0131lar\u0131n i\u00e7eri\u011fi i\u00e7in hi\u00e7bir sorumluluk kabul etmiyoruz. Ba\u011flant\u0131 verilen sayfalar\u0131n operat\u00f6rleri i\u00e7eriklerinden tek ba\u015f\u0131na sorumludur.<\/p>\n<h2>Sorumluluk Reddi<\/h2>\n<p>\u0130\u00e7eriklerden herhangi birinin do\u011frulu\u011funu garanti etmiyoruz. Katk\u0131lar, g\u00fcvenilir oldu\u011funu d\u00fc\u015f\u00fcnd\u00fc\u011f\u00fcm\u00fcz kaynaklara dayanmaktad\u0131r. Bu nedenle, sa\u011flanan bilgilerin g\u00fcncelli\u011fi, do\u011frulu\u011fu ve eksiksizli\u011fi konusunda hi\u00e7bir sorumluluk veya garanti kabul edilemez.<br \/>\nBu \u0130nternet sayfalar\u0131n\u0131n i\u00e7eri\u011finin ticari kullan\u0131m\u0131 ve\/veya daha fazla da\u011f\u0131t\u0131m\u0131 i\u00e7in yaz\u0131l\u0131 izin al\u0131nmas\u0131 gerekmektedir.<br \/>\nWeb sitemizdeki bilgiler \u00f6zenle ve bilim ve teknolojinin g\u00fcncel durumuna uygun olarak derlenmi\u015ftir. Bilgi ve deneyim d\u00fczeyi her zaman geli\u015fmektedir. Bu nedenle, l\u00fctfen herhangi bir \u00e7al\u0131\u015fma yapmadan \u00f6nce web sitesinin son durumunu her zaman kontrol etti\u011finizden emin olun. L\u00fctfen bu sayfalardaki bilgilerle ilgili sorumlulu\u011fumuzu kas\u0131t, a\u011f\u0131r ihmal ve temel y\u00fck\u00fcml\u00fcl\u00fcklerin ihlali ile s\u0131n\u0131rland\u0131rmam\u0131z gerekti\u011fini anlay\u0131n. A\u00e7\u0131klanan \u00fcr\u00fcn uygulamalar\u0131, bireysel durumun \u00f6zel ko\u015fullar\u0131n\u0131 dikkate alamaz. Bu nedenle, kullan\u0131lan \u00fcr\u00fcnlerin belirli bir uygulamaya uygunlu\u011funu kontrol edin ve her zaman kullan\u0131m talimatlar\u0131n\u0131 ve \u00fcreticinin bilgilerini dikkate al\u0131n.<\/p>\n<h2>Resim kredileri<\/h2>\n<p>\u00a9 Shutterstock<a href=\"https:\/\/www.shutterstock.com\/de\/\" target=\"_blank\" rel=\"noopener\">(shutterstock.com<\/a>)<\/p>\n                    <\/div>\n\n                                <\/div>\n        <\/div>\n    <\/div>\n<\/div>\n<div id=\"bdesign2022_spacer_block_63061d3a2b815\" class=\"bdesign2022_block bdesign2022_block--bdesign2022_spacer\">\n    <div class=\"bdesign2022_block--wrapper\">\n        <div class=\"spacer\" style=\"height: 100px\"><\/div>\n    <\/div>\n<\/div>\n","protected":false},"excerpt":{"rendered":"","protected":false},"author":8,"featured_media":0,"parent":13822,"menu_order":4,"comment_status":"closed","ping_status":"closed","template":"","meta":{"_acf_changed":false,"footnotes":""},"class_list":["post-13805","page","type-page","status-publish","hentry"],"acf":[],"yoast_head":"<!-- This site is optimized with the Yoast SEO plugin v24.2 - https:\/\/yoast.com\/wordpress\/plugins\/seo\/ -->\n<title>K\u00fcnye - b!design<\/title>\n<meta name=\"robots\" content=\"index, follow, max-snippet:-1, max-image-preview:large, max-video-preview:-1\" \/>\n<link rel=\"canonical\" href=\"https:\/\/www.bdesign-floors.com\/tr\/hakkimizda\/kuenye\/\" \/>\n<meta property=\"og:locale\" content=\"tr_TR\" \/>\n<meta property=\"og:type\" content=\"article\" \/>\n<meta property=\"og:title\" content=\"K\u00fcnye - b!design\" \/>\n<meta property=\"og:url\" content=\"https:\/\/www.bdesign-floors.com\/tr\/hakkimizda\/kuenye\/\" \/>\n<meta property=\"og:site_name\" content=\"b!design\" \/>\n<meta property=\"article:modified_time\" content=\"2022-09-12T14:45:42+00:00\" \/>\n<meta name=\"twitter:card\" content=\"summary_large_image\" \/>\n<script type=\"application\/ld+json\" class=\"yoast-schema-graph\">{\"@context\":\"https:\/\/schema.org\",\"@graph\":[{\"@type\":\"WebPage\",\"@id\":\"https:\/\/www.bdesign-floors.com\/tr\/hakkimizda\/kuenye\/\",\"url\":\"https:\/\/www.bdesign-floors.com\/tr\/hakkimizda\/kuenye\/\",\"name\":\"K\u00fcnye - b!design\",\"isPartOf\":{\"@id\":\"https:\/\/bdesign.wp.factory.blim-dev.com\/#website\"},\"datePublished\":\"2022-09-12T14:45:40+00:00\",\"dateModified\":\"2022-09-12T14:45:42+00:00\",\"breadcrumb\":{\"@id\":\"https:\/\/www.bdesign-floors.com\/tr\/hakkimizda\/kuenye\/#breadcrumb\"},\"inLanguage\":\"tr\",\"potentialAction\":[{\"@type\":\"ReadAction\",\"target\":[\"https:\/\/www.bdesign-floors.com\/tr\/hakkimizda\/kuenye\/\"]}]},{\"@type\":\"BreadcrumbList\",\"@id\":\"https:\/\/www.bdesign-floors.com\/tr\/hakkimizda\/kuenye\/#breadcrumb\",\"itemListElement\":[{\"@type\":\"ListItem\",\"position\":1,\"name\":\"Home\",\"item\":\"https:\/\/www.bdesign-floors.com\/tr\/\"},{\"@type\":\"ListItem\",\"position\":2,\"name\":\"K\u00fcnye\"}]},{\"@type\":\"WebSite\",\"@id\":\"https:\/\/bdesign.wp.factory.blim-dev.com\/#website\",\"url\":\"https:\/\/bdesign.wp.factory.blim-dev.com\/\",\"name\":\"b!design\",\"description\":\"Just another WordPress site\",\"potentialAction\":[{\"@type\":\"SearchAction\",\"target\":{\"@type\":\"EntryPoint\",\"urlTemplate\":\"https:\/\/bdesign.wp.factory.blim-dev.com\/?s={search_term_string}\"},\"query-input\":{\"@type\":\"PropertyValueSpecification\",\"valueRequired\":true,\"valueName\":\"search_term_string\"}}],\"inLanguage\":\"tr\"}]}<\/script>\n<!-- \/ Yoast SEO plugin. -->","yoast_head_json":{"title":"K\u00fcnye - b!design","robots":{"index":"index","follow":"follow","max-snippet":"max-snippet:-1","max-image-preview":"max-image-preview:large","max-video-preview":"max-video-preview:-1"},"canonical":"https:\/\/www.bdesign-floors.com\/tr\/hakkimizda\/kuenye\/","og_locale":"tr_TR","og_type":"article","og_title":"K\u00fcnye - b!design","og_url":"https:\/\/www.bdesign-floors.com\/tr\/hakkimizda\/kuenye\/","og_site_name":"b!design","article_modified_time":"2022-09-12T14:45:42+00:00","twitter_card":"summary_large_image","schema":{"@context":"https:\/\/schema.org","@graph":[{"@type":"WebPage","@id":"https:\/\/www.bdesign-floors.com\/tr\/hakkimizda\/kuenye\/","url":"https:\/\/www.bdesign-floors.com\/tr\/hakkimizda\/kuenye\/","name":"K\u00fcnye - b!design","isPartOf":{"@id":"https:\/\/bdesign.wp.factory.blim-dev.com\/#website"},"datePublished":"2022-09-12T14:45:40+00:00","dateModified":"2022-09-12T14:45:42+00:00","breadcrumb":{"@id":"https:\/\/www.bdesign-floors.com\/tr\/hakkimizda\/kuenye\/#breadcrumb"},"inLanguage":"tr","potentialAction":[{"@type":"ReadAction","target":["https:\/\/www.bdesign-floors.com\/tr\/hakkimizda\/kuenye\/"]}]},{"@type":"BreadcrumbList","@id":"https:\/\/www.bdesign-floors.com\/tr\/hakkimizda\/kuenye\/#breadcrumb","itemListElement":[{"@type":"ListItem","position":1,"name":"Home","item":"https:\/\/www.bdesign-floors.com\/tr\/"},{"@type":"ListItem","position":2,"name":"K\u00fcnye"}]},{"@type":"WebSite","@id":"https:\/\/bdesign.wp.factory.blim-dev.com\/#website","url":"https:\/\/bdesign.wp.factory.blim-dev.com\/","name":"b!design","description":"Just another WordPress site","potentialAction":[{"@type":"SearchAction","target":{"@type":"EntryPoint","urlTemplate":"https:\/\/bdesign.wp.factory.blim-dev.com\/?s={search_term_string}"},"query-input":{"@type":"PropertyValueSpecification","valueRequired":true,"valueName":"search_term_string"}}],"inLanguage":"tr"}]}},"_links":{"self":[{"href":"https:\/\/www.bdesign-floors.com\/tr\/wp-json\/wp\/v2\/pages\/13805","targetHints":{"allow":["GET"]}}],"collection":[{"href":"https:\/\/www.bdesign-floors.com\/tr\/wp-json\/wp\/v2\/pages"}],"about":[{"href":"https:\/\/www.bdesign-floors.com\/tr\/wp-json\/wp\/v2\/types\/page"}],"author":[{"embeddable":true,"href":"https:\/\/www.bdesign-floors.com\/tr\/wp-json\/wp\/v2\/users\/8"}],"replies":[{"embeddable":true,"href":"https:\/\/www.bdesign-floors.com\/tr\/wp-json\/wp\/v2\/comments?post=13805"}],"version-history":[{"count":1,"href":"https:\/\/www.bdesign-floors.com\/tr\/wp-json\/wp\/v2\/pages\/13805\/revisions"}],"predecessor-version":[{"id":13806,"href":"https:\/\/www.bdesign-floors.com\/tr\/wp-json\/wp\/v2\/pages\/13805\/revisions\/13806"}],"up":[{"embeddable":true,"href":"https:\/\/www.bdesign-floors.com\/tr\/wp-json\/wp\/v2\/pages\/13822"}],"wp:attachment":[{"href":"https:\/\/www.bdesign-floors.com\/tr\/wp-json\/wp\/v2\/media?parent=13805"}],"curies":[{"name":"wp","href":"https:\/\/api.w.org\/{rel}","templated":true}]}}